{"id":99,"date":"2017-10-13T15:53:08","date_gmt":"2017-10-13T15:53:08","guid":{"rendered":"http:\/\/nero-luce.com?product=cono-luminoso-bifacciale-art-0750bn"},"modified":"2026-01-20T15:57:44","modified_gmt":"2026-01-20T15:57:44","slug":"cono-luminoso-bifacciale-0750-bn","status":"publish","type":"product","link":"https:\/\/nero-luce.com\/it\/prodotti\/coni-e-coppe-pubblicitari\/coni-e-coppe-luminosi\/cono-luminoso-bifacciale-0750-bn\/","title":{"rendered":"Cono luminoso bifacciale &#8211; Art.0750\/BN"},"content":{"rendered":"","protected":false},"excerpt":{"rendered":"<p>Cono luminoso a filo neon, sagomato e bifacciale.<\/p>\n<p>L&#8217;utilizzo del filo neon rende questo cono estremamente visibile anche a notevole distanza. La luce che emana possiede una brillantezza ineguagliabile. Le vivaci decorazioni con pellicole adesive colorate garantiscono la massima visibilit\u00e0 anche durante il giorno.<br \/>\nIl telaio \u00e8 realizzato interamente in alluminio verniciato per essere robusto ma leggero e perch\u00e8 non produce ruggine.<br \/>\nViene fornito completo di staffe regolabili in lunghezza, per il fissaggio a muro.<\/p>\n<p>Misure: L.700 x H.1200 mm<\/p>\n","protected":false},"featured_media":7741,"comment_status":"closed","ping_status":"closed","template":"","meta":[],"product_cat":[35,34],"product_tag":[],"yoast_head":"<!-- This site is optimized with the Yoast SEO plugin v20.2.1 - https:\/\/yoast.com\/wordpress\/plugins\/seo\/ -->\n<title>Cono luminoso bifacciale - Art.0750\/BN - Neroluce<\/title>\n<meta name=\"robots\" content=\"index, follow, max-snippet:-1, max-image-preview:large, max-video-preview:-1\" \/>\n<link rel=\"canonical\" href=\"https:\/\/nero-luce.com\/it\/prodotti\/coni-e-coppe-pubblicitari\/coni-e-coppe-luminosi\/cono-luminoso-bifacciale-0750-bn\/\" \/>\n<meta property=\"og:locale\" content=\"it_IT\" \/>\n<meta property=\"og:type\" content=\"article\" \/>\n<meta property=\"og:title\" content=\"Cono luminoso bifacciale - Art.0750\/BN - Neroluce\" \/>\n<meta property=\"og:description\" content=\"Cono luminoso a filo neon, sagomato e bifacciale.  L&#039;utilizzo del filo neon rende questo cono estremamente visibile anche a notevole distanza. La luce che emana possiede una brillantezza ineguagliabile. Le vivaci decorazioni con pellicole adesive colorate garantiscono la massima visibilit\u00e0 anche durante il giorno. Il telaio \u00e8 realizzato interamente in alluminio verniciato per essere robusto ma leggero e perch\u00e8 non produce ruggine. Viene fornito completo di staffe regolabili in lunghezza, per il fissaggio a muro.  Misure: L.700 x H.1200 mm\" \/>\n<meta property=\"og:url\" content=\"https:\/\/nero-luce.com\/it\/prodotti\/coni-e-coppe-pubblicitari\/coni-e-coppe-luminosi\/cono-luminoso-bifacciale-0750-bn\/\" \/>\n<meta property=\"og:site_name\" content=\"Neroluce\" \/>\n<meta property=\"article:modified_time\" content=\"2026-01-20T15:57:44+00:00\" \/>\n<meta property=\"og:image\" content=\"https:\/\/nero-luce.com\/wp-content\/uploads\/2017\/10\/cono-luminoso-0750-bn.jpg\" \/>\n\t<meta property=\"og:image:width\" content=\"675\" \/>\n\t<meta property=\"og:image:height\" content=\"900\" \/>\n\t<meta property=\"og:image:type\" content=\"image\/jpeg\" \/>\n<meta name=\"twitter:card\" content=\"summary_large_image\" \/>\n<script type=\"application\/ld+json\" class=\"yoast-schema-graph\">{\"@context\":\"https:\/\/schema.org\",\"@graph\":[{\"@type\":\"WebPage\",\"@id\":\"https:\/\/nero-luce.com\/it\/prodotti\/coni-e-coppe-pubblicitari\/coni-e-coppe-luminosi\/cono-luminoso-bifacciale-0750-bn\/\",\"url\":\"https:\/\/nero-luce.com\/it\/prodotti\/coni-e-coppe-pubblicitari\/coni-e-coppe-luminosi\/cono-luminoso-bifacciale-0750-bn\/\",\"name\":\"Cono luminoso bifacciale - Art.0750\/BN - Neroluce\",\"isPartOf\":{\"@id\":\"https:\/\/nero-luce.com\/it\/#website\"},\"datePublished\":\"2017-10-13T15:53:08+00:00\",\"dateModified\":\"2026-01-20T15:57:44+00:00\",\"breadcrumb\":{\"@id\":\"https:\/\/nero-luce.com\/it\/prodotti\/coni-e-coppe-pubblicitari\/coni-e-coppe-luminosi\/cono-luminoso-bifacciale-0750-bn\/#breadcrumb\"},\"inLanguage\":\"it-IT\",\"potentialAction\":[{\"@type\":\"ReadAction\",\"target\":[\"https:\/\/nero-luce.com\/it\/prodotti\/coni-e-coppe-pubblicitari\/coni-e-coppe-luminosi\/cono-luminoso-bifacciale-0750-bn\/\"]}]},{\"@type\":\"BreadcrumbList\",\"@id\":\"https:\/\/nero-luce.com\/it\/prodotti\/coni-e-coppe-pubblicitari\/coni-e-coppe-luminosi\/cono-luminoso-bifacciale-0750-bn\/#breadcrumb\",\"itemListElement\":[{\"@type\":\"ListItem\",\"position\":1,\"name\":\"Home\",\"item\":\"https:\/\/nero-luce.com\/it\/\"},{\"@type\":\"ListItem\",\"position\":2,\"name\":\"Prodotti\",\"item\":\"https:\/\/nero-luce.com\/it\/prodotti\/\"},{\"@type\":\"ListItem\",\"position\":3,\"name\":\"Cono luminoso bifacciale &#8211; Art.0750\/BN\"}]},{\"@type\":\"WebSite\",\"@id\":\"https:\/\/nero-luce.com\/it\/#website\",\"url\":\"https:\/\/nero-luce.com\/it\/\",\"name\":\"Neroluce\",\"description\":\"Insegne e accessori per gelaterie\",\"potentialAction\":[{\"@type\":\"SearchAction\",\"target\":{\"@type\":\"EntryPoint\",\"urlTemplate\":\"https:\/\/nero-luce.com\/it\/?s={search_term_string}\"},\"query-input\":\"required name=search_term_string\"}],\"inLanguage\":\"it-IT\"}]}<\/script>\n<!-- \/ Yoast SEO plugin. -->","yoast_head_json":{"title":"Cono luminoso bifacciale - Art.0750\/BN - Neroluce","robots":{"index":"index","follow":"follow","max-snippet":"max-snippet:-1","max-image-preview":"max-image-preview:large","max-video-preview":"max-video-preview:-1"},"canonical":"https:\/\/nero-luce.com\/it\/prodotti\/coni-e-coppe-pubblicitari\/coni-e-coppe-luminosi\/cono-luminoso-bifacciale-0750-bn\/","og_locale":"it_IT","og_type":"article","og_title":"Cono luminoso bifacciale - Art.0750\/BN - Neroluce","og_description":"Cono luminoso a filo neon, sagomato e bifacciale.  L'utilizzo del filo neon rende questo cono estremamente visibile anche a notevole distanza. La luce che emana possiede una brillantezza ineguagliabile. Le vivaci decorazioni con pellicole adesive colorate garantiscono la massima visibilit\u00e0 anche durante il giorno. Il telaio \u00e8 realizzato interamente in alluminio verniciato per essere robusto ma leggero e perch\u00e8 non produce ruggine. Viene fornito completo di staffe regolabili in lunghezza, per il fissaggio a muro.  Misure: L.700 x H.1200 mm","og_url":"https:\/\/nero-luce.com\/it\/prodotti\/coni-e-coppe-pubblicitari\/coni-e-coppe-luminosi\/cono-luminoso-bifacciale-0750-bn\/","og_site_name":"Neroluce","article_modified_time":"2026-01-20T15:57:44+00:00","og_image":[{"width":675,"height":900,"url":"https:\/\/nero-luce.com\/wp-content\/uploads\/2017\/10\/cono-luminoso-0750-bn.jpg","type":"image\/jpeg"}],"twitter_card":"summary_large_image","schema":{"@context":"https:\/\/schema.org","@graph":[{"@type":"WebPage","@id":"https:\/\/nero-luce.com\/it\/prodotti\/coni-e-coppe-pubblicitari\/coni-e-coppe-luminosi\/cono-luminoso-bifacciale-0750-bn\/","url":"https:\/\/nero-luce.com\/it\/prodotti\/coni-e-coppe-pubblicitari\/coni-e-coppe-luminosi\/cono-luminoso-bifacciale-0750-bn\/","name":"Cono luminoso bifacciale - Art.0750\/BN - Neroluce","isPartOf":{"@id":"https:\/\/nero-luce.com\/it\/#website"},"datePublished":"2017-10-13T15:53:08+00:00","dateModified":"2026-01-20T15:57:44+00:00","breadcrumb":{"@id":"https:\/\/nero-luce.com\/it\/prodotti\/coni-e-coppe-pubblicitari\/coni-e-coppe-luminosi\/cono-luminoso-bifacciale-0750-bn\/#breadcrumb"},"inLanguage":"it-IT","potentialAction":[{"@type":"ReadAction","target":["https:\/\/nero-luce.com\/it\/prodotti\/coni-e-coppe-pubblicitari\/coni-e-coppe-luminosi\/cono-luminoso-bifacciale-0750-bn\/"]}]},{"@type":"BreadcrumbList","@id":"https:\/\/nero-luce.com\/it\/prodotti\/coni-e-coppe-pubblicitari\/coni-e-coppe-luminosi\/cono-luminoso-bifacciale-0750-bn\/#breadcrumb","itemListElement":[{"@type":"ListItem","position":1,"name":"Home","item":"https:\/\/nero-luce.com\/it\/"},{"@type":"ListItem","position":2,"name":"Prodotti","item":"https:\/\/nero-luce.com\/it\/prodotti\/"},{"@type":"ListItem","position":3,"name":"Cono luminoso bifacciale &#8211; Art.0750\/BN"}]},{"@type":"WebSite","@id":"https:\/\/nero-luce.com\/it\/#website","url":"https:\/\/nero-luce.com\/it\/","name":"Neroluce","description":"Insegne e accessori per gelaterie","potentialAction":[{"@type":"SearchAction","target":{"@type":"EntryPoint","urlTemplate":"https:\/\/nero-luce.com\/it\/?s={search_term_string}"},"query-input":"required name=search_term_string"}],"inLanguage":"it-IT"}]}},"acf":[],"_links":{"self":[{"href":"https:\/\/nero-luce.com\/it\/wp-json\/wp\/v2\/product\/99"}],"collection":[{"href":"https:\/\/nero-luce.com\/it\/wp-json\/wp\/v2\/product"}],"about":[{"href":"https:\/\/nero-luce.com\/it\/wp-json\/wp\/v2\/types\/product"}],"replies":[{"embeddable":true,"href":"https:\/\/nero-luce.com\/it\/wp-json\/wp\/v2\/comments?post=99"}],"wp:featuredmedia":[{"embeddable":true,"href":"https:\/\/nero-luce.com\/it\/wp-json\/wp\/v2\/media\/7741"}],"wp:attachment":[{"href":"https:\/\/nero-luce.com\/it\/wp-json\/wp\/v2\/media?parent=99"}],"wp:term":[{"taxonomy":"product_cat","embeddable":true,"href":"https:\/\/nero-luce.com\/it\/wp-json\/wp\/v2\/product_cat?post=99"},{"taxonomy":"product_tag","embeddable":true,"href":"https:\/\/nero-luce.com\/it\/wp-json\/wp\/v2\/product_tag?post=99"}],"curies":[{"name":"wp","href":"https:\/\/api.w.org\/{rel}","templated":true}]}}