{"id":43,"date":"2017-10-13T15:52:58","date_gmt":"2017-10-13T15:52:58","guid":{"rendered":"http:\/\/nero-luce.com?product=portaconi-art-0899cr"},"modified":"2026-01-02T15:27:25","modified_gmt":"2026-01-02T15:27:25","slug":"portaconi-riscaldato-0899-cr","status":"publish","type":"product","link":"https:\/\/nero-luce.com\/it\/prodotti\/accessori\/portaconi\/portaconi-riscaldato-0899-cr\/","title":{"rendered":"Portaconi riscaldato &#8211; Art.0899\/CR"},"content":{"rendered":"","protected":false},"excerpt":{"rendered":"<p>Portaconi in plexiglas trasparente con decorazione luminosa e coperchio mobile.<br \/>\n\u00c8 provvisto di impianto riscaldante dedicato e antina di chiusura per mantenere i Vostri coni sempre fragranti e croccanti anche in presenza di ambienti eccessivamente umidi.<br \/>\nEstremamente utile per chi opera in zone di laghi, mare o comunque dove l\u2019 umidit\u00e0 \u00e8 particolarmente insistente.<br \/>\n\u00c8 dotato di 8 fori per coni standard.<br \/>\nViene fornito completo di 1 contenitore multiuso a 2 scomparti (per cucchiaini, cialde, granelle, decori, etc.)<br \/>\nI ripiani sono facilmente asportabili per agevolare le operazioni di pulizia e possono essere posizionati su 2 altezze diverse.<\/p>\n<p>Misure: 270x210xH.600 mm<\/p>\n","protected":false},"featured_media":6720,"comment_status":"closed","ping_status":"closed","template":"","meta":[],"product_cat":[20],"product_tag":[],"yoast_head":"<!-- This site is optimized with the Yoast SEO plugin v20.2.1 - https:\/\/yoast.com\/wordpress\/plugins\/seo\/ -->\n<title>Portaconi riscaldato - Art.0899\/CR - Neroluce<\/title>\n<meta name=\"robots\" content=\"index, follow, max-snippet:-1, max-image-preview:large, max-video-preview:-1\" \/>\n<link rel=\"canonical\" href=\"https:\/\/nero-luce.com\/it\/prodotti\/accessori\/portaconi\/portaconi-riscaldato-0899-cr\/\" \/>\n<meta property=\"og:locale\" content=\"it_IT\" \/>\n<meta property=\"og:type\" content=\"article\" \/>\n<meta property=\"og:title\" content=\"Portaconi riscaldato - Art.0899\/CR - Neroluce\" \/>\n<meta property=\"og:description\" content=\"Portaconi in plexiglas trasparente con decorazione luminosa e coperchio mobile. \u00c8 provvisto di impianto riscaldante dedicato e antina di chiusura per mantenere i Vostri coni sempre fragranti e croccanti anche in presenza di ambienti eccessivamente umidi. Estremamente utile per chi opera in zone di laghi, mare o comunque dove l\u2019 umidit\u00e0 \u00e8 particolarmente insistente. \u00c8 dotato di 8 fori per coni standard. Viene fornito completo di 1 contenitore multiuso a 2 scomparti (per cucchiaini, cialde, granelle, decori, etc.) I ripiani sono facilmente asportabili per agevolare le operazioni di pulizia e possono essere posizionati su 2 altezze diverse.  Misure: 270x210xH.600 mm\" \/>\n<meta property=\"og:url\" content=\"https:\/\/nero-luce.com\/it\/prodotti\/accessori\/portaconi\/portaconi-riscaldato-0899-cr\/\" \/>\n<meta property=\"og:site_name\" content=\"Neroluce\" \/>\n<meta property=\"article:modified_time\" content=\"2026-01-02T15:27:25+00:00\" \/>\n<meta property=\"og:image\" content=\"https:\/\/nero-luce.com\/wp-content\/uploads\/2017\/10\/portaconi-riscaldato-0899-cr.jpg\" \/>\n\t<meta property=\"og:image:width\" content=\"675\" \/>\n\t<meta property=\"og:image:height\" content=\"900\" \/>\n\t<meta property=\"og:image:type\" content=\"image\/jpeg\" \/>\n<meta name=\"twitter:card\" content=\"summary_large_image\" \/>\n<script type=\"application\/ld+json\" class=\"yoast-schema-graph\">{\"@context\":\"https:\/\/schema.org\",\"@graph\":[{\"@type\":\"WebPage\",\"@id\":\"https:\/\/nero-luce.com\/it\/prodotti\/accessori\/portaconi\/portaconi-riscaldato-0899-cr\/\",\"url\":\"https:\/\/nero-luce.com\/it\/prodotti\/accessori\/portaconi\/portaconi-riscaldato-0899-cr\/\",\"name\":\"Portaconi riscaldato - Art.0899\/CR - Neroluce\",\"isPartOf\":{\"@id\":\"https:\/\/nero-luce.com\/it\/#website\"},\"datePublished\":\"2017-10-13T15:52:58+00:00\",\"dateModified\":\"2026-01-02T15:27:25+00:00\",\"breadcrumb\":{\"@id\":\"https:\/\/nero-luce.com\/it\/prodotti\/accessori\/portaconi\/portaconi-riscaldato-0899-cr\/#breadcrumb\"},\"inLanguage\":\"it-IT\",\"potentialAction\":[{\"@type\":\"ReadAction\",\"target\":[\"https:\/\/nero-luce.com\/it\/prodotti\/accessori\/portaconi\/portaconi-riscaldato-0899-cr\/\"]}]},{\"@type\":\"BreadcrumbList\",\"@id\":\"https:\/\/nero-luce.com\/it\/prodotti\/accessori\/portaconi\/portaconi-riscaldato-0899-cr\/#breadcrumb\",\"itemListElement\":[{\"@type\":\"ListItem\",\"position\":1,\"name\":\"Home\",\"item\":\"https:\/\/nero-luce.com\/it\/\"},{\"@type\":\"ListItem\",\"position\":2,\"name\":\"Prodotti\",\"item\":\"https:\/\/nero-luce.com\/it\/prodotti\/\"},{\"@type\":\"ListItem\",\"position\":3,\"name\":\"Portaconi riscaldato &#8211; Art.0899\/CR\"}]},{\"@type\":\"WebSite\",\"@id\":\"https:\/\/nero-luce.com\/it\/#website\",\"url\":\"https:\/\/nero-luce.com\/it\/\",\"name\":\"Neroluce\",\"description\":\"Insegne e accessori per gelaterie\",\"potentialAction\":[{\"@type\":\"SearchAction\",\"target\":{\"@type\":\"EntryPoint\",\"urlTemplate\":\"https:\/\/nero-luce.com\/it\/?s={search_term_string}\"},\"query-input\":\"required name=search_term_string\"}],\"inLanguage\":\"it-IT\"}]}<\/script>\n<!-- \/ Yoast SEO plugin. -->","yoast_head_json":{"title":"Portaconi riscaldato - Art.0899\/CR - Neroluce","robots":{"index":"index","follow":"follow","max-snippet":"max-snippet:-1","max-image-preview":"max-image-preview:large","max-video-preview":"max-video-preview:-1"},"canonical":"https:\/\/nero-luce.com\/it\/prodotti\/accessori\/portaconi\/portaconi-riscaldato-0899-cr\/","og_locale":"it_IT","og_type":"article","og_title":"Portaconi riscaldato - Art.0899\/CR - Neroluce","og_description":"Portaconi in plexiglas trasparente con decorazione luminosa e coperchio mobile. \u00c8 provvisto di impianto riscaldante dedicato e antina di chiusura per mantenere i Vostri coni sempre fragranti e croccanti anche in presenza di ambienti eccessivamente umidi. Estremamente utile per chi opera in zone di laghi, mare o comunque dove l\u2019 umidit\u00e0 \u00e8 particolarmente insistente. \u00c8 dotato di 8 fori per coni standard. Viene fornito completo di 1 contenitore multiuso a 2 scomparti (per cucchiaini, cialde, granelle, decori, etc.) I ripiani sono facilmente asportabili per agevolare le operazioni di pulizia e possono essere posizionati su 2 altezze diverse.  Misure: 270x210xH.600 mm","og_url":"https:\/\/nero-luce.com\/it\/prodotti\/accessori\/portaconi\/portaconi-riscaldato-0899-cr\/","og_site_name":"Neroluce","article_modified_time":"2026-01-02T15:27:25+00:00","og_image":[{"width":675,"height":900,"url":"https:\/\/nero-luce.com\/wp-content\/uploads\/2017\/10\/portaconi-riscaldato-0899-cr.jpg","type":"image\/jpeg"}],"twitter_card":"summary_large_image","schema":{"@context":"https:\/\/schema.org","@graph":[{"@type":"WebPage","@id":"https:\/\/nero-luce.com\/it\/prodotti\/accessori\/portaconi\/portaconi-riscaldato-0899-cr\/","url":"https:\/\/nero-luce.com\/it\/prodotti\/accessori\/portaconi\/portaconi-riscaldato-0899-cr\/","name":"Portaconi riscaldato - Art.0899\/CR - Neroluce","isPartOf":{"@id":"https:\/\/nero-luce.com\/it\/#website"},"datePublished":"2017-10-13T15:52:58+00:00","dateModified":"2026-01-02T15:27:25+00:00","breadcrumb":{"@id":"https:\/\/nero-luce.com\/it\/prodotti\/accessori\/portaconi\/portaconi-riscaldato-0899-cr\/#breadcrumb"},"inLanguage":"it-IT","potentialAction":[{"@type":"ReadAction","target":["https:\/\/nero-luce.com\/it\/prodotti\/accessori\/portaconi\/portaconi-riscaldato-0899-cr\/"]}]},{"@type":"BreadcrumbList","@id":"https:\/\/nero-luce.com\/it\/prodotti\/accessori\/portaconi\/portaconi-riscaldato-0899-cr\/#breadcrumb","itemListElement":[{"@type":"ListItem","position":1,"name":"Home","item":"https:\/\/nero-luce.com\/it\/"},{"@type":"ListItem","position":2,"name":"Prodotti","item":"https:\/\/nero-luce.com\/it\/prodotti\/"},{"@type":"ListItem","position":3,"name":"Portaconi riscaldato &#8211; Art.0899\/CR"}]},{"@type":"WebSite","@id":"https:\/\/nero-luce.com\/it\/#website","url":"https:\/\/nero-luce.com\/it\/","name":"Neroluce","description":"Insegne e accessori per gelaterie","potentialAction":[{"@type":"SearchAction","target":{"@type":"EntryPoint","urlTemplate":"https:\/\/nero-luce.com\/it\/?s={search_term_string}"},"query-input":"required name=search_term_string"}],"inLanguage":"it-IT"}]}},"acf":[],"_links":{"self":[{"href":"https:\/\/nero-luce.com\/it\/wp-json\/wp\/v2\/product\/43"}],"collection":[{"href":"https:\/\/nero-luce.com\/it\/wp-json\/wp\/v2\/product"}],"about":[{"href":"https:\/\/nero-luce.com\/it\/wp-json\/wp\/v2\/types\/product"}],"replies":[{"embeddable":true,"href":"https:\/\/nero-luce.com\/it\/wp-json\/wp\/v2\/comments?post=43"}],"wp:featuredmedia":[{"embeddable":true,"href":"https:\/\/nero-luce.com\/it\/wp-json\/wp\/v2\/media\/6720"}],"wp:attachment":[{"href":"https:\/\/nero-luce.com\/it\/wp-json\/wp\/v2\/media?parent=43"}],"wp:term":[{"taxonomy":"product_cat","embeddable":true,"href":"https:\/\/nero-luce.com\/it\/wp-json\/wp\/v2\/product_cat?post=43"},{"taxonomy":"product_tag","embeddable":true,"href":"https:\/\/nero-luce.com\/it\/wp-json\/wp\/v2\/product_tag?post=43"}],"curies":[{"name":"wp","href":"https:\/\/api.w.org\/{rel}","templated":true}]}}