{"id":320,"date":"2017-10-13T15:53:56","date_gmt":"2017-10-13T15:53:56","guid":{"rendered":"http:\/\/nero-luce.com?product=portaconi-art-0901lr"},"modified":"2026-01-02T14:40:14","modified_gmt":"2026-01-02T14:40:14","slug":"portaconi-riscaldato-0901-lr","status":"publish","type":"product","link":"https:\/\/nero-luce.com\/it\/prodotti\/accessori\/portaconi\/portaconi-riscaldato-0901-lr\/","title":{"rendered":"Portaconi riscaldato &#8211; Art. 0901\/LR"},"content":{"rendered":"","protected":false},"excerpt":{"rendered":"<p>Portaconi riscaldato in plexiglas trasparente con frontale bombato completo di decorazione luminosa con prezzario e lastrine mobili per l&#8217; esposizione dei gusti: ricordateVi di comunicarci via mail la Vostra lista di gusti perch\u00e8 le lastrine vengono realizzate appositamente per Voi.<br \/>\nIl portaconi \u00e8 provvisto di coperchio mobile e, insieme all\u2019impianto riscaldante, \u00e8 dotato anche di 2 antine di chiusura per mantenere i Vostri coni sempre fragranti e croccanti, soprattutto negli ambienti particolarmente umidi.<br \/>\nEstremamente utile per chi opera in zone di laghi, mare o comunque dove c\u2019\u00e8 tanta umidit\u00e0.<br \/>\n\u00c8 dotato di 15 fori per coni standard e 2 fori per coni maxi.<br \/>\nI ripiani sono facilmente asportabili per agevolare le operazioni di pulizia e possono essere posizionati su 2 altezze diverse.<\/p>\n<p>Misure: 460x290xH600mm<\/p>\n","protected":false},"featured_media":7384,"comment_status":"closed","ping_status":"closed","template":"","meta":[],"product_cat":[20],"product_tag":[],"yoast_head":"<!-- This site is optimized with the Yoast SEO plugin v20.2.1 - https:\/\/yoast.com\/wordpress\/plugins\/seo\/ -->\n<title>Portaconi riscaldato - Art. 0901\/LR - Neroluce<\/title>\n<meta name=\"robots\" content=\"index, follow, max-snippet:-1, max-image-preview:large, max-video-preview:-1\" \/>\n<link rel=\"canonical\" href=\"https:\/\/nero-luce.com\/it\/prodotti\/accessori\/portaconi\/portaconi-riscaldato-0901-lr\/\" \/>\n<meta property=\"og:locale\" content=\"it_IT\" \/>\n<meta property=\"og:type\" content=\"article\" \/>\n<meta property=\"og:title\" content=\"Portaconi riscaldato - Art. 0901\/LR - Neroluce\" \/>\n<meta property=\"og:description\" content=\"Portaconi riscaldato in plexiglas trasparente con frontale bombato completo di decorazione luminosa con prezzario e lastrine mobili per l&#039; esposizione dei gusti: ricordateVi di comunicarci via mail la Vostra lista di gusti perch\u00e8 le lastrine vengono realizzate appositamente per Voi. Il portaconi \u00e8 provvisto di coperchio mobile e, insieme all\u2019impianto riscaldante, \u00e8 dotato anche di 2 antine di chiusura per mantenere i Vostri coni sempre fragranti e croccanti, soprattutto negli ambienti particolarmente umidi. Estremamente utile per chi opera in zone di laghi, mare o comunque dove c\u2019\u00e8 tanta umidit\u00e0. \u00c8 dotato di 15 fori per coni standard e 2 fori per coni maxi. I ripiani sono facilmente asportabili per agevolare le operazioni di pulizia e possono essere posizionati su 2 altezze diverse.  Misure: 460x290xH600mm\" \/>\n<meta property=\"og:url\" content=\"https:\/\/nero-luce.com\/it\/prodotti\/accessori\/portaconi\/portaconi-riscaldato-0901-lr\/\" \/>\n<meta property=\"og:site_name\" content=\"Neroluce\" \/>\n<meta property=\"article:modified_time\" content=\"2026-01-02T14:40:14+00:00\" \/>\n<meta property=\"og:image\" content=\"https:\/\/nero-luce.com\/wp-content\/uploads\/2017\/10\/portaconi-0901-lr.jpg\" \/>\n\t<meta property=\"og:image:width\" content=\"675\" \/>\n\t<meta property=\"og:image:height\" content=\"900\" \/>\n\t<meta property=\"og:image:type\" content=\"image\/jpeg\" \/>\n<meta name=\"twitter:card\" content=\"summary_large_image\" \/>\n<script type=\"application\/ld+json\" class=\"yoast-schema-graph\">{\"@context\":\"https:\/\/schema.org\",\"@graph\":[{\"@type\":\"WebPage\",\"@id\":\"https:\/\/nero-luce.com\/it\/prodotti\/accessori\/portaconi\/portaconi-riscaldato-0901-lr\/\",\"url\":\"https:\/\/nero-luce.com\/it\/prodotti\/accessori\/portaconi\/portaconi-riscaldato-0901-lr\/\",\"name\":\"Portaconi riscaldato - Art. 0901\/LR - Neroluce\",\"isPartOf\":{\"@id\":\"https:\/\/nero-luce.com\/it\/#website\"},\"datePublished\":\"2017-10-13T15:53:56+00:00\",\"dateModified\":\"2026-01-02T14:40:14+00:00\",\"breadcrumb\":{\"@id\":\"https:\/\/nero-luce.com\/it\/prodotti\/accessori\/portaconi\/portaconi-riscaldato-0901-lr\/#breadcrumb\"},\"inLanguage\":\"it-IT\",\"potentialAction\":[{\"@type\":\"ReadAction\",\"target\":[\"https:\/\/nero-luce.com\/it\/prodotti\/accessori\/portaconi\/portaconi-riscaldato-0901-lr\/\"]}]},{\"@type\":\"BreadcrumbList\",\"@id\":\"https:\/\/nero-luce.com\/it\/prodotti\/accessori\/portaconi\/portaconi-riscaldato-0901-lr\/#breadcrumb\",\"itemListElement\":[{\"@type\":\"ListItem\",\"position\":1,\"name\":\"Home\",\"item\":\"https:\/\/nero-luce.com\/it\/\"},{\"@type\":\"ListItem\",\"position\":2,\"name\":\"Prodotti\",\"item\":\"https:\/\/nero-luce.com\/it\/prodotti\/\"},{\"@type\":\"ListItem\",\"position\":3,\"name\":\"Portaconi riscaldato &#8211; Art. 0901\/LR\"}]},{\"@type\":\"WebSite\",\"@id\":\"https:\/\/nero-luce.com\/it\/#website\",\"url\":\"https:\/\/nero-luce.com\/it\/\",\"name\":\"Neroluce\",\"description\":\"Insegne e accessori per gelaterie\",\"potentialAction\":[{\"@type\":\"SearchAction\",\"target\":{\"@type\":\"EntryPoint\",\"urlTemplate\":\"https:\/\/nero-luce.com\/it\/?s={search_term_string}\"},\"query-input\":\"required name=search_term_string\"}],\"inLanguage\":\"it-IT\"}]}<\/script>\n<!-- \/ Yoast SEO plugin. -->","yoast_head_json":{"title":"Portaconi riscaldato - Art. 0901\/LR - Neroluce","robots":{"index":"index","follow":"follow","max-snippet":"max-snippet:-1","max-image-preview":"max-image-preview:large","max-video-preview":"max-video-preview:-1"},"canonical":"https:\/\/nero-luce.com\/it\/prodotti\/accessori\/portaconi\/portaconi-riscaldato-0901-lr\/","og_locale":"it_IT","og_type":"article","og_title":"Portaconi riscaldato - Art. 0901\/LR - Neroluce","og_description":"Portaconi riscaldato in plexiglas trasparente con frontale bombato completo di decorazione luminosa con prezzario e lastrine mobili per l' esposizione dei gusti: ricordateVi di comunicarci via mail la Vostra lista di gusti perch\u00e8 le lastrine vengono realizzate appositamente per Voi. Il portaconi \u00e8 provvisto di coperchio mobile e, insieme all\u2019impianto riscaldante, \u00e8 dotato anche di 2 antine di chiusura per mantenere i Vostri coni sempre fragranti e croccanti, soprattutto negli ambienti particolarmente umidi. Estremamente utile per chi opera in zone di laghi, mare o comunque dove c\u2019\u00e8 tanta umidit\u00e0. \u00c8 dotato di 15 fori per coni standard e 2 fori per coni maxi. I ripiani sono facilmente asportabili per agevolare le operazioni di pulizia e possono essere posizionati su 2 altezze diverse.  Misure: 460x290xH600mm","og_url":"https:\/\/nero-luce.com\/it\/prodotti\/accessori\/portaconi\/portaconi-riscaldato-0901-lr\/","og_site_name":"Neroluce","article_modified_time":"2026-01-02T14:40:14+00:00","og_image":[{"width":675,"height":900,"url":"https:\/\/nero-luce.com\/wp-content\/uploads\/2017\/10\/portaconi-0901-lr.jpg","type":"image\/jpeg"}],"twitter_card":"summary_large_image","schema":{"@context":"https:\/\/schema.org","@graph":[{"@type":"WebPage","@id":"https:\/\/nero-luce.com\/it\/prodotti\/accessori\/portaconi\/portaconi-riscaldato-0901-lr\/","url":"https:\/\/nero-luce.com\/it\/prodotti\/accessori\/portaconi\/portaconi-riscaldato-0901-lr\/","name":"Portaconi riscaldato - Art. 0901\/LR - Neroluce","isPartOf":{"@id":"https:\/\/nero-luce.com\/it\/#website"},"datePublished":"2017-10-13T15:53:56+00:00","dateModified":"2026-01-02T14:40:14+00:00","breadcrumb":{"@id":"https:\/\/nero-luce.com\/it\/prodotti\/accessori\/portaconi\/portaconi-riscaldato-0901-lr\/#breadcrumb"},"inLanguage":"it-IT","potentialAction":[{"@type":"ReadAction","target":["https:\/\/nero-luce.com\/it\/prodotti\/accessori\/portaconi\/portaconi-riscaldato-0901-lr\/"]}]},{"@type":"BreadcrumbList","@id":"https:\/\/nero-luce.com\/it\/prodotti\/accessori\/portaconi\/portaconi-riscaldato-0901-lr\/#breadcrumb","itemListElement":[{"@type":"ListItem","position":1,"name":"Home","item":"https:\/\/nero-luce.com\/it\/"},{"@type":"ListItem","position":2,"name":"Prodotti","item":"https:\/\/nero-luce.com\/it\/prodotti\/"},{"@type":"ListItem","position":3,"name":"Portaconi riscaldato &#8211; Art. 0901\/LR"}]},{"@type":"WebSite","@id":"https:\/\/nero-luce.com\/it\/#website","url":"https:\/\/nero-luce.com\/it\/","name":"Neroluce","description":"Insegne e accessori per gelaterie","potentialAction":[{"@type":"SearchAction","target":{"@type":"EntryPoint","urlTemplate":"https:\/\/nero-luce.com\/it\/?s={search_term_string}"},"query-input":"required name=search_term_string"}],"inLanguage":"it-IT"}]}},"acf":[],"_links":{"self":[{"href":"https:\/\/nero-luce.com\/it\/wp-json\/wp\/v2\/product\/320"}],"collection":[{"href":"https:\/\/nero-luce.com\/it\/wp-json\/wp\/v2\/product"}],"about":[{"href":"https:\/\/nero-luce.com\/it\/wp-json\/wp\/v2\/types\/product"}],"replies":[{"embeddable":true,"href":"https:\/\/nero-luce.com\/it\/wp-json\/wp\/v2\/comments?post=320"}],"wp:featuredmedia":[{"embeddable":true,"href":"https:\/\/nero-luce.com\/it\/wp-json\/wp\/v2\/media\/7384"}],"wp:attachment":[{"href":"https:\/\/nero-luce.com\/it\/wp-json\/wp\/v2\/media?parent=320"}],"wp:term":[{"taxonomy":"product_cat","embeddable":true,"href":"https:\/\/nero-luce.com\/it\/wp-json\/wp\/v2\/product_cat?post=320"},{"taxonomy":"product_tag","embeddable":true,"href":"https:\/\/nero-luce.com\/it\/wp-json\/wp\/v2\/product_tag?post=320"}],"curies":[{"name":"wp","href":"https:\/\/api.w.org\/{rel}","templated":true}]}}