{"id":283,"date":"2017-10-13T15:53:51","date_gmt":"2017-10-13T15:53:51","guid":{"rendered":"http:\/\/nero-luce.com?product=portaconi-art-0901l1"},"modified":"2026-01-02T14:42:27","modified_gmt":"2026-01-02T14:42:27","slug":"portaconi-0901-1l","status":"publish","type":"product","link":"https:\/\/nero-luce.com\/it\/prodotti\/accessori\/portaconi\/portaconi-0901-1l\/","title":{"rendered":"Portaconi &#8211; Art. 0901\/1L"},"content":{"rendered":"","protected":false},"excerpt":{"rendered":"<p>Portaconi in plexiglas trasparente con frontale bombato, completo di decorazione luminosa con prezzario e lastrine mobili per l&#8217; esposizione dei gusti: ricordateVi di comunicarci via mail la Vostra lista di gusti perch\u00e8 le lastrine vengono realizzate appositamente per Voi.<br \/>\nIl portaconi \u00e8 provvisto di coperchio mobile.<br \/>\n\u00c8 dotato di 21 fori per coni standard.<br \/>\nI ripiani sono facilmente asportabili per agevolare le operazioni di pulizia e possono essere posizionati su 2 altezze diverse.<\/p>\n<p>Misure: 460x290xH600mm<\/p>\n","protected":false},"featured_media":7572,"comment_status":"closed","ping_status":"closed","template":"","meta":[],"product_cat":[20],"product_tag":[],"yoast_head":"<!-- This site is optimized with the Yoast SEO plugin v20.2.1 - https:\/\/yoast.com\/wordpress\/plugins\/seo\/ -->\n<title>Portaconi - Art. 0901\/1L - Neroluce<\/title>\n<meta name=\"robots\" content=\"index, follow, max-snippet:-1, max-image-preview:large, max-video-preview:-1\" \/>\n<link rel=\"canonical\" href=\"https:\/\/nero-luce.com\/it\/prodotti\/accessori\/portaconi\/portaconi-0901-1l\/\" \/>\n<meta property=\"og:locale\" content=\"it_IT\" \/>\n<meta property=\"og:type\" content=\"article\" \/>\n<meta property=\"og:title\" content=\"Portaconi - Art. 0901\/1L - Neroluce\" \/>\n<meta property=\"og:description\" content=\"Portaconi in plexiglas trasparente con frontale bombato, completo di decorazione luminosa con prezzario e lastrine mobili per l&#039; esposizione dei gusti: ricordateVi di comunicarci via mail la Vostra lista di gusti perch\u00e8 le lastrine vengono realizzate appositamente per Voi. Il portaconi \u00e8 provvisto di coperchio mobile. \u00c8 dotato di 21 fori per coni standard. I ripiani sono facilmente asportabili per agevolare le operazioni di pulizia e possono essere posizionati su 2 altezze diverse.  Misure: 460x290xH600mm\" \/>\n<meta property=\"og:url\" content=\"https:\/\/nero-luce.com\/it\/prodotti\/accessori\/portaconi\/portaconi-0901-1l\/\" \/>\n<meta property=\"og:site_name\" content=\"Neroluce\" \/>\n<meta property=\"article:modified_time\" content=\"2026-01-02T14:42:27+00:00\" \/>\n<meta property=\"og:image\" content=\"https:\/\/nero-luce.com\/wp-content\/uploads\/2017\/10\/portaconi-0901-l1.jpg\" \/>\n\t<meta property=\"og:image:width\" content=\"675\" \/>\n\t<meta property=\"og:image:height\" content=\"900\" \/>\n\t<meta property=\"og:image:type\" content=\"image\/jpeg\" \/>\n<meta name=\"twitter:card\" content=\"summary_large_image\" \/>\n<script type=\"application\/ld+json\" class=\"yoast-schema-graph\">{\"@context\":\"https:\/\/schema.org\",\"@graph\":[{\"@type\":\"WebPage\",\"@id\":\"https:\/\/nero-luce.com\/it\/prodotti\/accessori\/portaconi\/portaconi-0901-1l\/\",\"url\":\"https:\/\/nero-luce.com\/it\/prodotti\/accessori\/portaconi\/portaconi-0901-1l\/\",\"name\":\"Portaconi - Art. 0901\/1L - Neroluce\",\"isPartOf\":{\"@id\":\"https:\/\/nero-luce.com\/it\/#website\"},\"datePublished\":\"2017-10-13T15:53:51+00:00\",\"dateModified\":\"2026-01-02T14:42:27+00:00\",\"breadcrumb\":{\"@id\":\"https:\/\/nero-luce.com\/it\/prodotti\/accessori\/portaconi\/portaconi-0901-1l\/#breadcrumb\"},\"inLanguage\":\"it-IT\",\"potentialAction\":[{\"@type\":\"ReadAction\",\"target\":[\"https:\/\/nero-luce.com\/it\/prodotti\/accessori\/portaconi\/portaconi-0901-1l\/\"]}]},{\"@type\":\"BreadcrumbList\",\"@id\":\"https:\/\/nero-luce.com\/it\/prodotti\/accessori\/portaconi\/portaconi-0901-1l\/#breadcrumb\",\"itemListElement\":[{\"@type\":\"ListItem\",\"position\":1,\"name\":\"Home\",\"item\":\"https:\/\/nero-luce.com\/it\/\"},{\"@type\":\"ListItem\",\"position\":2,\"name\":\"Prodotti\",\"item\":\"https:\/\/nero-luce.com\/it\/prodotti\/\"},{\"@type\":\"ListItem\",\"position\":3,\"name\":\"Portaconi &#8211; Art. 0901\/1L\"}]},{\"@type\":\"WebSite\",\"@id\":\"https:\/\/nero-luce.com\/it\/#website\",\"url\":\"https:\/\/nero-luce.com\/it\/\",\"name\":\"Neroluce\",\"description\":\"Insegne e accessori per gelaterie\",\"potentialAction\":[{\"@type\":\"SearchAction\",\"target\":{\"@type\":\"EntryPoint\",\"urlTemplate\":\"https:\/\/nero-luce.com\/it\/?s={search_term_string}\"},\"query-input\":\"required name=search_term_string\"}],\"inLanguage\":\"it-IT\"}]}<\/script>\n<!-- \/ Yoast SEO plugin. -->","yoast_head_json":{"title":"Portaconi - Art. 0901\/1L - Neroluce","robots":{"index":"index","follow":"follow","max-snippet":"max-snippet:-1","max-image-preview":"max-image-preview:large","max-video-preview":"max-video-preview:-1"},"canonical":"https:\/\/nero-luce.com\/it\/prodotti\/accessori\/portaconi\/portaconi-0901-1l\/","og_locale":"it_IT","og_type":"article","og_title":"Portaconi - Art. 0901\/1L - Neroluce","og_description":"Portaconi in plexiglas trasparente con frontale bombato, completo di decorazione luminosa con prezzario e lastrine mobili per l' esposizione dei gusti: ricordateVi di comunicarci via mail la Vostra lista di gusti perch\u00e8 le lastrine vengono realizzate appositamente per Voi. Il portaconi \u00e8 provvisto di coperchio mobile. \u00c8 dotato di 21 fori per coni standard. I ripiani sono facilmente asportabili per agevolare le operazioni di pulizia e possono essere posizionati su 2 altezze diverse.  Misure: 460x290xH600mm","og_url":"https:\/\/nero-luce.com\/it\/prodotti\/accessori\/portaconi\/portaconi-0901-1l\/","og_site_name":"Neroluce","article_modified_time":"2026-01-02T14:42:27+00:00","og_image":[{"width":675,"height":900,"url":"https:\/\/nero-luce.com\/wp-content\/uploads\/2017\/10\/portaconi-0901-l1.jpg","type":"image\/jpeg"}],"twitter_card":"summary_large_image","schema":{"@context":"https:\/\/schema.org","@graph":[{"@type":"WebPage","@id":"https:\/\/nero-luce.com\/it\/prodotti\/accessori\/portaconi\/portaconi-0901-1l\/","url":"https:\/\/nero-luce.com\/it\/prodotti\/accessori\/portaconi\/portaconi-0901-1l\/","name":"Portaconi - Art. 0901\/1L - Neroluce","isPartOf":{"@id":"https:\/\/nero-luce.com\/it\/#website"},"datePublished":"2017-10-13T15:53:51+00:00","dateModified":"2026-01-02T14:42:27+00:00","breadcrumb":{"@id":"https:\/\/nero-luce.com\/it\/prodotti\/accessori\/portaconi\/portaconi-0901-1l\/#breadcrumb"},"inLanguage":"it-IT","potentialAction":[{"@type":"ReadAction","target":["https:\/\/nero-luce.com\/it\/prodotti\/accessori\/portaconi\/portaconi-0901-1l\/"]}]},{"@type":"BreadcrumbList","@id":"https:\/\/nero-luce.com\/it\/prodotti\/accessori\/portaconi\/portaconi-0901-1l\/#breadcrumb","itemListElement":[{"@type":"ListItem","position":1,"name":"Home","item":"https:\/\/nero-luce.com\/it\/"},{"@type":"ListItem","position":2,"name":"Prodotti","item":"https:\/\/nero-luce.com\/it\/prodotti\/"},{"@type":"ListItem","position":3,"name":"Portaconi &#8211; Art. 0901\/1L"}]},{"@type":"WebSite","@id":"https:\/\/nero-luce.com\/it\/#website","url":"https:\/\/nero-luce.com\/it\/","name":"Neroluce","description":"Insegne e accessori per gelaterie","potentialAction":[{"@type":"SearchAction","target":{"@type":"EntryPoint","urlTemplate":"https:\/\/nero-luce.com\/it\/?s={search_term_string}"},"query-input":"required name=search_term_string"}],"inLanguage":"it-IT"}]}},"acf":[],"_links":{"self":[{"href":"https:\/\/nero-luce.com\/it\/wp-json\/wp\/v2\/product\/283"}],"collection":[{"href":"https:\/\/nero-luce.com\/it\/wp-json\/wp\/v2\/product"}],"about":[{"href":"https:\/\/nero-luce.com\/it\/wp-json\/wp\/v2\/types\/product"}],"replies":[{"embeddable":true,"href":"https:\/\/nero-luce.com\/it\/wp-json\/wp\/v2\/comments?post=283"}],"wp:featuredmedia":[{"embeddable":true,"href":"https:\/\/nero-luce.com\/it\/wp-json\/wp\/v2\/media\/7572"}],"wp:attachment":[{"href":"https:\/\/nero-luce.com\/it\/wp-json\/wp\/v2\/media?parent=283"}],"wp:term":[{"taxonomy":"product_cat","embeddable":true,"href":"https:\/\/nero-luce.com\/it\/wp-json\/wp\/v2\/product_cat?post=283"},{"taxonomy":"product_tag","embeddable":true,"href":"https:\/\/nero-luce.com\/it\/wp-json\/wp\/v2\/product_tag?post=283"}],"curies":[{"name":"wp","href":"https:\/\/api.w.org\/{rel}","templated":true}]}}