{"id":274,"date":"2017-10-13T15:53:46","date_gmt":"2017-10-13T15:53:46","guid":{"rendered":"http:\/\/nero-luce.com?product=portaconi-art-09511"},"modified":"2026-01-02T14:44:49","modified_gmt":"2026-01-02T14:44:49","slug":"portaconi-0951-1","status":"publish","type":"product","link":"https:\/\/nero-luce.com\/it\/prodotti\/accessori\/portaconi\/portaconi-0951-1\/","title":{"rendered":"Portaconi cilindrico &#8211; Art. 0951\/1"},"content":{"rendered":"","protected":false},"excerpt":{"rendered":"<p>Portaconi cilindrico in plexiglas trasparente con 6 settori da 3 fori cadauno (tot. 18 fori per coni standard) e antina di chiusura scorrevole.<br \/>\nI divisori interni sono facilmente asportabili. Il tubo centrale \u00e8 in solido alluminio satinato.<br \/>\nLa pulizia \u00e8 estremamente semplice in quanto \u00e8 l\u2019unico portaconi completamente smontabile senza bisogno di alcun attrezzo.<\/p>\n<p>Misure: \u00d8315xH600 mm<\/p>\n","protected":false},"featured_media":6477,"comment_status":"closed","ping_status":"closed","template":"","meta":[],"product_cat":[20],"product_tag":[],"yoast_head":"<!-- This site is optimized with the Yoast SEO plugin v20.2.1 - https:\/\/yoast.com\/wordpress\/plugins\/seo\/ -->\n<title>Portaconi cilindrico - Art. 0951\/1 - Neroluce<\/title>\n<meta name=\"robots\" content=\"index, follow, max-snippet:-1, max-image-preview:large, max-video-preview:-1\" \/>\n<link rel=\"canonical\" href=\"https:\/\/nero-luce.com\/it\/prodotti\/accessori\/portaconi\/portaconi-0951-1\/\" \/>\n<meta property=\"og:locale\" content=\"it_IT\" \/>\n<meta property=\"og:type\" content=\"article\" \/>\n<meta property=\"og:title\" content=\"Portaconi cilindrico - Art. 0951\/1 - Neroluce\" \/>\n<meta property=\"og:description\" content=\"Portaconi cilindrico in plexiglas trasparente con 6 settori da 3 fori cadauno (tot. 18 fori per coni standard) e antina di chiusura scorrevole. I divisori interni sono facilmente asportabili. Il tubo centrale \u00e8 in solido alluminio satinato. La pulizia \u00e8 estremamente semplice in quanto \u00e8 l\u2019unico portaconi completamente smontabile senza bisogno di alcun attrezzo.  Misure: \u00d8315xH600 mm\" \/>\n<meta property=\"og:url\" content=\"https:\/\/nero-luce.com\/it\/prodotti\/accessori\/portaconi\/portaconi-0951-1\/\" \/>\n<meta property=\"og:site_name\" content=\"Neroluce\" \/>\n<meta property=\"article:modified_time\" content=\"2026-01-02T14:44:49+00:00\" \/>\n<meta property=\"og:image\" content=\"https:\/\/nero-luce.com\/wp-content\/uploads\/2017\/10\/portaconi-0951-1-1.jpg\" \/>\n\t<meta property=\"og:image:width\" content=\"675\" \/>\n\t<meta property=\"og:image:height\" content=\"900\" \/>\n\t<meta property=\"og:image:type\" content=\"image\/jpeg\" \/>\n<meta name=\"twitter:card\" content=\"summary_large_image\" \/>\n<script type=\"application\/ld+json\" class=\"yoast-schema-graph\">{\"@context\":\"https:\/\/schema.org\",\"@graph\":[{\"@type\":\"WebPage\",\"@id\":\"https:\/\/nero-luce.com\/it\/prodotti\/accessori\/portaconi\/portaconi-0951-1\/\",\"url\":\"https:\/\/nero-luce.com\/it\/prodotti\/accessori\/portaconi\/portaconi-0951-1\/\",\"name\":\"Portaconi cilindrico - Art. 0951\/1 - Neroluce\",\"isPartOf\":{\"@id\":\"https:\/\/nero-luce.com\/it\/#website\"},\"datePublished\":\"2017-10-13T15:53:46+00:00\",\"dateModified\":\"2026-01-02T14:44:49+00:00\",\"breadcrumb\":{\"@id\":\"https:\/\/nero-luce.com\/it\/prodotti\/accessori\/portaconi\/portaconi-0951-1\/#breadcrumb\"},\"inLanguage\":\"it-IT\",\"potentialAction\":[{\"@type\":\"ReadAction\",\"target\":[\"https:\/\/nero-luce.com\/it\/prodotti\/accessori\/portaconi\/portaconi-0951-1\/\"]}]},{\"@type\":\"BreadcrumbList\",\"@id\":\"https:\/\/nero-luce.com\/it\/prodotti\/accessori\/portaconi\/portaconi-0951-1\/#breadcrumb\",\"itemListElement\":[{\"@type\":\"ListItem\",\"position\":1,\"name\":\"Home\",\"item\":\"https:\/\/nero-luce.com\/it\/\"},{\"@type\":\"ListItem\",\"position\":2,\"name\":\"Prodotti\",\"item\":\"https:\/\/nero-luce.com\/it\/prodotti\/\"},{\"@type\":\"ListItem\",\"position\":3,\"name\":\"Portaconi cilindrico &#8211; Art. 0951\/1\"}]},{\"@type\":\"WebSite\",\"@id\":\"https:\/\/nero-luce.com\/it\/#website\",\"url\":\"https:\/\/nero-luce.com\/it\/\",\"name\":\"Neroluce\",\"description\":\"Insegne e accessori per gelaterie\",\"potentialAction\":[{\"@type\":\"SearchAction\",\"target\":{\"@type\":\"EntryPoint\",\"urlTemplate\":\"https:\/\/nero-luce.com\/it\/?s={search_term_string}\"},\"query-input\":\"required name=search_term_string\"}],\"inLanguage\":\"it-IT\"}]}<\/script>\n<!-- \/ Yoast SEO plugin. -->","yoast_head_json":{"title":"Portaconi cilindrico - Art. 0951\/1 - Neroluce","robots":{"index":"index","follow":"follow","max-snippet":"max-snippet:-1","max-image-preview":"max-image-preview:large","max-video-preview":"max-video-preview:-1"},"canonical":"https:\/\/nero-luce.com\/it\/prodotti\/accessori\/portaconi\/portaconi-0951-1\/","og_locale":"it_IT","og_type":"article","og_title":"Portaconi cilindrico - Art. 0951\/1 - Neroluce","og_description":"Portaconi cilindrico in plexiglas trasparente con 6 settori da 3 fori cadauno (tot. 18 fori per coni standard) e antina di chiusura scorrevole. I divisori interni sono facilmente asportabili. Il tubo centrale \u00e8 in solido alluminio satinato. La pulizia \u00e8 estremamente semplice in quanto \u00e8 l\u2019unico portaconi completamente smontabile senza bisogno di alcun attrezzo.  Misure: \u00d8315xH600 mm","og_url":"https:\/\/nero-luce.com\/it\/prodotti\/accessori\/portaconi\/portaconi-0951-1\/","og_site_name":"Neroluce","article_modified_time":"2026-01-02T14:44:49+00:00","og_image":[{"width":675,"height":900,"url":"https:\/\/nero-luce.com\/wp-content\/uploads\/2017\/10\/portaconi-0951-1-1.jpg","type":"image\/jpeg"}],"twitter_card":"summary_large_image","schema":{"@context":"https:\/\/schema.org","@graph":[{"@type":"WebPage","@id":"https:\/\/nero-luce.com\/it\/prodotti\/accessori\/portaconi\/portaconi-0951-1\/","url":"https:\/\/nero-luce.com\/it\/prodotti\/accessori\/portaconi\/portaconi-0951-1\/","name":"Portaconi cilindrico - Art. 0951\/1 - Neroluce","isPartOf":{"@id":"https:\/\/nero-luce.com\/it\/#website"},"datePublished":"2017-10-13T15:53:46+00:00","dateModified":"2026-01-02T14:44:49+00:00","breadcrumb":{"@id":"https:\/\/nero-luce.com\/it\/prodotti\/accessori\/portaconi\/portaconi-0951-1\/#breadcrumb"},"inLanguage":"it-IT","potentialAction":[{"@type":"ReadAction","target":["https:\/\/nero-luce.com\/it\/prodotti\/accessori\/portaconi\/portaconi-0951-1\/"]}]},{"@type":"BreadcrumbList","@id":"https:\/\/nero-luce.com\/it\/prodotti\/accessori\/portaconi\/portaconi-0951-1\/#breadcrumb","itemListElement":[{"@type":"ListItem","position":1,"name":"Home","item":"https:\/\/nero-luce.com\/it\/"},{"@type":"ListItem","position":2,"name":"Prodotti","item":"https:\/\/nero-luce.com\/it\/prodotti\/"},{"@type":"ListItem","position":3,"name":"Portaconi cilindrico &#8211; Art. 0951\/1"}]},{"@type":"WebSite","@id":"https:\/\/nero-luce.com\/it\/#website","url":"https:\/\/nero-luce.com\/it\/","name":"Neroluce","description":"Insegne e accessori per gelaterie","potentialAction":[{"@type":"SearchAction","target":{"@type":"EntryPoint","urlTemplate":"https:\/\/nero-luce.com\/it\/?s={search_term_string}"},"query-input":"required name=search_term_string"}],"inLanguage":"it-IT"}]}},"acf":[],"_links":{"self":[{"href":"https:\/\/nero-luce.com\/it\/wp-json\/wp\/v2\/product\/274"}],"collection":[{"href":"https:\/\/nero-luce.com\/it\/wp-json\/wp\/v2\/product"}],"about":[{"href":"https:\/\/nero-luce.com\/it\/wp-json\/wp\/v2\/types\/product"}],"replies":[{"embeddable":true,"href":"https:\/\/nero-luce.com\/it\/wp-json\/wp\/v2\/comments?post=274"}],"wp:featuredmedia":[{"embeddable":true,"href":"https:\/\/nero-luce.com\/it\/wp-json\/wp\/v2\/media\/6477"}],"wp:attachment":[{"href":"https:\/\/nero-luce.com\/it\/wp-json\/wp\/v2\/media?parent=274"}],"wp:term":[{"taxonomy":"product_cat","embeddable":true,"href":"https:\/\/nero-luce.com\/it\/wp-json\/wp\/v2\/product_cat?post=274"},{"taxonomy":"product_tag","embeddable":true,"href":"https:\/\/nero-luce.com\/it\/wp-json\/wp\/v2\/product_tag?post=274"}],"curies":[{"name":"wp","href":"https:\/\/api.w.org\/{rel}","templated":true}]}}