{"id":229,"date":"2017-10-13T15:53:38","date_gmt":"2017-10-13T15:53:38","guid":{"rendered":"http:\/\/nero-luce.com?product=tazzina-di-caffe-luminosa-con-led-a-vista-art-0720"},"modified":"2025-12-29T13:24:04","modified_gmt":"2025-12-29T13:24:04","slug":"tazzina-di-caffe-led-a-vista-0720","status":"publish","type":"product","link":"https:\/\/nero-luce.com\/it\/prodotti\/led-a-vista\/tazzina-di-caffe-led-a-vista-0720\/","title":{"rendered":"Tazzina di caff\u00e8 LED a vista &#8211; Art.0720"},"content":{"rendered":"","protected":false},"excerpt":{"rendered":"<p>Tazzina di caff\u00e8 luminosa con LED a vista, sagomata e bifacciale.<\/p>\n<p>Questa tazzina di caff\u00e8 rappresenta una novit\u00e0 assoluta nell&#8217;impiego dei LED. Utilizziamo infatti dei LED singoli colorati, con dimensioni e luminosit\u00e0 superiori alla norma, per \u201cdisegnare\u201d il contorno e le forme del cono sfruttando la luce diretta di questi eccezionali LED. Ogni singolo LED \u00e8 protetto da una membrana in silicone per l&#8217;esposizione all&#8217;esterno. La brillantezza di questi LED Vi sorprender\u00e0 anche se li guardate da notevole distanza.<br \/>\nLe 2 facce accoppiate sono realizzate in PVC da 20mm (materiale adatto per un uso esterno) decorate con pellicole adesive colorate in modo da garantire la massima visibilit\u00e0 anche durante il giorno.<br \/>\nLa staffa per il fissaggio a muro, inclusa nella fornitura, \u00e8 realizzata interamente in acciaio inox.<\/p>\n<p>Misure: L.1020 x H.1200 mm<\/p>\n","protected":false},"featured_media":7699,"comment_status":"closed","ping_status":"closed","template":"","meta":[],"product_cat":[29],"product_tag":[],"yoast_head":"<!-- This site is optimized with the Yoast SEO plugin v20.2.1 - https:\/\/yoast.com\/wordpress\/plugins\/seo\/ -->\n<title>Tazzina di caff\u00e8 LED a vista - Art.0720 - Neroluce<\/title>\n<meta name=\"robots\" content=\"index, follow, max-snippet:-1, max-image-preview:large, max-video-preview:-1\" \/>\n<link rel=\"canonical\" href=\"https:\/\/nero-luce.com\/it\/prodotti\/led-a-vista\/tazzina-di-caffe-led-a-vista-0720\/\" \/>\n<meta property=\"og:locale\" content=\"it_IT\" \/>\n<meta property=\"og:type\" content=\"article\" \/>\n<meta property=\"og:title\" content=\"Tazzina di caff\u00e8 LED a vista - Art.0720 - Neroluce\" \/>\n<meta property=\"og:description\" content=\"Tazzina di caff\u00e8 luminosa con LED a vista, sagomata e bifacciale.  Questa tazzina di caff\u00e8 rappresenta una novit\u00e0 assoluta nell&#039;impiego dei LED. Utilizziamo infatti dei LED singoli colorati, con dimensioni e luminosit\u00e0 superiori alla norma, per \u201cdisegnare\u201d il contorno e le forme del cono sfruttando la luce diretta di questi eccezionali LED. Ogni singolo LED \u00e8 protetto da una membrana in silicone per l&#039;esposizione all&#039;esterno. La brillantezza di questi LED Vi sorprender\u00e0 anche se li guardate da notevole distanza. Le 2 facce accoppiate sono realizzate in PVC da 20mm (materiale adatto per un uso esterno) decorate con pellicole adesive colorate in modo da garantire la massima visibilit\u00e0 anche durante il giorno. La staffa per il fissaggio a muro, inclusa nella fornitura, \u00e8 realizzata interamente in acciaio inox.  Misure: L.1020 x H.1200 mm\" \/>\n<meta property=\"og:url\" content=\"https:\/\/nero-luce.com\/it\/prodotti\/led-a-vista\/tazzina-di-caffe-led-a-vista-0720\/\" \/>\n<meta property=\"og:site_name\" content=\"Neroluce\" \/>\n<meta property=\"article:modified_time\" content=\"2025-12-29T13:24:04+00:00\" \/>\n<meta property=\"og:image\" content=\"https:\/\/nero-luce.com\/wp-content\/uploads\/2017\/10\/led-a-vista-tazzina-caffe-0720.jpg\" \/>\n\t<meta property=\"og:image:width\" content=\"675\" \/>\n\t<meta property=\"og:image:height\" content=\"900\" \/>\n\t<meta property=\"og:image:type\" content=\"image\/jpeg\" \/>\n<meta name=\"twitter:card\" content=\"summary_large_image\" \/>\n<script type=\"application\/ld+json\" class=\"yoast-schema-graph\">{\"@context\":\"https:\/\/schema.org\",\"@graph\":[{\"@type\":\"WebPage\",\"@id\":\"https:\/\/nero-luce.com\/it\/prodotti\/led-a-vista\/tazzina-di-caffe-led-a-vista-0720\/\",\"url\":\"https:\/\/nero-luce.com\/it\/prodotti\/led-a-vista\/tazzina-di-caffe-led-a-vista-0720\/\",\"name\":\"Tazzina di caff\u00e8 LED a vista - Art.0720 - Neroluce\",\"isPartOf\":{\"@id\":\"https:\/\/nero-luce.com\/it\/#website\"},\"datePublished\":\"2017-10-13T15:53:38+00:00\",\"dateModified\":\"2025-12-29T13:24:04+00:00\",\"breadcrumb\":{\"@id\":\"https:\/\/nero-luce.com\/it\/prodotti\/led-a-vista\/tazzina-di-caffe-led-a-vista-0720\/#breadcrumb\"},\"inLanguage\":\"it-IT\",\"potentialAction\":[{\"@type\":\"ReadAction\",\"target\":[\"https:\/\/nero-luce.com\/it\/prodotti\/led-a-vista\/tazzina-di-caffe-led-a-vista-0720\/\"]}]},{\"@type\":\"BreadcrumbList\",\"@id\":\"https:\/\/nero-luce.com\/it\/prodotti\/led-a-vista\/tazzina-di-caffe-led-a-vista-0720\/#breadcrumb\",\"itemListElement\":[{\"@type\":\"ListItem\",\"position\":1,\"name\":\"Home\",\"item\":\"https:\/\/nero-luce.com\/it\/\"},{\"@type\":\"ListItem\",\"position\":2,\"name\":\"Prodotti\",\"item\":\"https:\/\/nero-luce.com\/it\/prodotti\/\"},{\"@type\":\"ListItem\",\"position\":3,\"name\":\"Tazzina di caff\u00e8 LED a vista &#8211; Art.0720\"}]},{\"@type\":\"WebSite\",\"@id\":\"https:\/\/nero-luce.com\/it\/#website\",\"url\":\"https:\/\/nero-luce.com\/it\/\",\"name\":\"Neroluce\",\"description\":\"Insegne e accessori per gelaterie\",\"potentialAction\":[{\"@type\":\"SearchAction\",\"target\":{\"@type\":\"EntryPoint\",\"urlTemplate\":\"https:\/\/nero-luce.com\/it\/?s={search_term_string}\"},\"query-input\":\"required name=search_term_string\"}],\"inLanguage\":\"it-IT\"}]}<\/script>\n<!-- \/ Yoast SEO plugin. -->","yoast_head_json":{"title":"Tazzina di caff\u00e8 LED a vista - Art.0720 - Neroluce","robots":{"index":"index","follow":"follow","max-snippet":"max-snippet:-1","max-image-preview":"max-image-preview:large","max-video-preview":"max-video-preview:-1"},"canonical":"https:\/\/nero-luce.com\/it\/prodotti\/led-a-vista\/tazzina-di-caffe-led-a-vista-0720\/","og_locale":"it_IT","og_type":"article","og_title":"Tazzina di caff\u00e8 LED a vista - Art.0720 - Neroluce","og_description":"Tazzina di caff\u00e8 luminosa con LED a vista, sagomata e bifacciale.  Questa tazzina di caff\u00e8 rappresenta una novit\u00e0 assoluta nell'impiego dei LED. Utilizziamo infatti dei LED singoli colorati, con dimensioni e luminosit\u00e0 superiori alla norma, per \u201cdisegnare\u201d il contorno e le forme del cono sfruttando la luce diretta di questi eccezionali LED. Ogni singolo LED \u00e8 protetto da una membrana in silicone per l'esposizione all'esterno. La brillantezza di questi LED Vi sorprender\u00e0 anche se li guardate da notevole distanza. Le 2 facce accoppiate sono realizzate in PVC da 20mm (materiale adatto per un uso esterno) decorate con pellicole adesive colorate in modo da garantire la massima visibilit\u00e0 anche durante il giorno. La staffa per il fissaggio a muro, inclusa nella fornitura, \u00e8 realizzata interamente in acciaio inox.  Misure: L.1020 x H.1200 mm","og_url":"https:\/\/nero-luce.com\/it\/prodotti\/led-a-vista\/tazzina-di-caffe-led-a-vista-0720\/","og_site_name":"Neroluce","article_modified_time":"2025-12-29T13:24:04+00:00","og_image":[{"width":675,"height":900,"url":"https:\/\/nero-luce.com\/wp-content\/uploads\/2017\/10\/led-a-vista-tazzina-caffe-0720.jpg","type":"image\/jpeg"}],"twitter_card":"summary_large_image","schema":{"@context":"https:\/\/schema.org","@graph":[{"@type":"WebPage","@id":"https:\/\/nero-luce.com\/it\/prodotti\/led-a-vista\/tazzina-di-caffe-led-a-vista-0720\/","url":"https:\/\/nero-luce.com\/it\/prodotti\/led-a-vista\/tazzina-di-caffe-led-a-vista-0720\/","name":"Tazzina di caff\u00e8 LED a vista - Art.0720 - Neroluce","isPartOf":{"@id":"https:\/\/nero-luce.com\/it\/#website"},"datePublished":"2017-10-13T15:53:38+00:00","dateModified":"2025-12-29T13:24:04+00:00","breadcrumb":{"@id":"https:\/\/nero-luce.com\/it\/prodotti\/led-a-vista\/tazzina-di-caffe-led-a-vista-0720\/#breadcrumb"},"inLanguage":"it-IT","potentialAction":[{"@type":"ReadAction","target":["https:\/\/nero-luce.com\/it\/prodotti\/led-a-vista\/tazzina-di-caffe-led-a-vista-0720\/"]}]},{"@type":"BreadcrumbList","@id":"https:\/\/nero-luce.com\/it\/prodotti\/led-a-vista\/tazzina-di-caffe-led-a-vista-0720\/#breadcrumb","itemListElement":[{"@type":"ListItem","position":1,"name":"Home","item":"https:\/\/nero-luce.com\/it\/"},{"@type":"ListItem","position":2,"name":"Prodotti","item":"https:\/\/nero-luce.com\/it\/prodotti\/"},{"@type":"ListItem","position":3,"name":"Tazzina di caff\u00e8 LED a vista &#8211; Art.0720"}]},{"@type":"WebSite","@id":"https:\/\/nero-luce.com\/it\/#website","url":"https:\/\/nero-luce.com\/it\/","name":"Neroluce","description":"Insegne e accessori per gelaterie","potentialAction":[{"@type":"SearchAction","target":{"@type":"EntryPoint","urlTemplate":"https:\/\/nero-luce.com\/it\/?s={search_term_string}"},"query-input":"required name=search_term_string"}],"inLanguage":"it-IT"}]}},"acf":[],"_links":{"self":[{"href":"https:\/\/nero-luce.com\/it\/wp-json\/wp\/v2\/product\/229"}],"collection":[{"href":"https:\/\/nero-luce.com\/it\/wp-json\/wp\/v2\/product"}],"about":[{"href":"https:\/\/nero-luce.com\/it\/wp-json\/wp\/v2\/types\/product"}],"replies":[{"embeddable":true,"href":"https:\/\/nero-luce.com\/it\/wp-json\/wp\/v2\/comments?post=229"}],"wp:featuredmedia":[{"embeddable":true,"href":"https:\/\/nero-luce.com\/it\/wp-json\/wp\/v2\/media\/7699"}],"wp:attachment":[{"href":"https:\/\/nero-luce.com\/it\/wp-json\/wp\/v2\/media?parent=229"}],"wp:term":[{"taxonomy":"product_cat","embeddable":true,"href":"https:\/\/nero-luce.com\/it\/wp-json\/wp\/v2\/product_cat?post=229"},{"taxonomy":"product_tag","embeddable":true,"href":"https:\/\/nero-luce.com\/it\/wp-json\/wp\/v2\/product_tag?post=229"}],"curies":[{"name":"wp","href":"https:\/\/api.w.org\/{rel}","templated":true}]}}