{"id":201,"date":"2017-10-13T15:53:29","date_gmt":"2017-10-13T15:53:29","guid":{"rendered":"http:\/\/nero-luce.com?product=portaconi-art-0951r1"},"modified":"2026-01-02T15:01:08","modified_gmt":"2026-01-02T15:01:08","slug":"portaconi-riscaldato-0951-r1","status":"publish","type":"product","link":"https:\/\/nero-luce.com\/it\/prodotti\/accessori\/portaconi\/portaconi-riscaldato-0951-r1\/","title":{"rendered":"Portaconi riscaldato &#8211; Art.0951\/R1"},"content":{"rendered":"","protected":false},"excerpt":{"rendered":"<p>Portaconi cilindrico in plexiglas trasparente con impianto riscaldante dedicato: i coni saranno sempre fragranti e croccanti anche in presenza di ambienti eccessivamente umidi.<br \/>\nEstremamente utile per chi opera in zone di laghi, mare o comunque dove l\u2019 umidit\u00e0 \u00e8 particolarmente insistente.<br \/>\nQuesto portaconi \u00e8 dotato di 6 settori da 3 fori cadauno (tot. 18 fori per coni standard) e antina di chiusura scorrevole. I divisori interni sono in plexiglas rosso flu\u00f2 e possono essere asportati con un semplice gesto. L\u2019 elegante tubo centrale \u00e8 in alluminio satinato con incorporato l\u2019 impianto termico per una ottimale distribuzione del calore. Anche la pulizia del portaconi \u00e8 estremamente semplice in quanto \u00e8 l\u2019 unico portaconi completamente smontabile senza bisogno di alcun attrezzo.<\/p>\n<p><span style=\"line-height: 1.5em\">Misure: <span style=\"line-height: 1.5em\">\u00d8315xH.600 mm<\/span><\/span><\/p>\n","protected":false},"featured_media":6481,"comment_status":"closed","ping_status":"closed","template":"","meta":[],"product_cat":[20],"product_tag":[],"yoast_head":"<!-- This site is optimized with the Yoast SEO plugin v20.2.1 - https:\/\/yoast.com\/wordpress\/plugins\/seo\/ -->\n<title>Portaconi riscaldato - Art.0951\/R1 - Neroluce<\/title>\n<meta name=\"robots\" content=\"index, follow, max-snippet:-1, max-image-preview:large, max-video-preview:-1\" \/>\n<link rel=\"canonical\" href=\"https:\/\/nero-luce.com\/it\/prodotti\/accessori\/portaconi\/portaconi-riscaldato-0951-r1\/\" \/>\n<meta property=\"og:locale\" content=\"it_IT\" \/>\n<meta property=\"og:type\" content=\"article\" \/>\n<meta property=\"og:title\" content=\"Portaconi riscaldato - Art.0951\/R1 - Neroluce\" \/>\n<meta property=\"og:description\" content=\"Portaconi cilindrico in plexiglas trasparente con impianto riscaldante dedicato: i coni saranno sempre fragranti e croccanti anche in presenza di ambienti eccessivamente umidi. Estremamente utile per chi opera in zone di laghi, mare o comunque dove l\u2019 umidit\u00e0 \u00e8 particolarmente insistente. Questo portaconi \u00e8 dotato di 6 settori da 3 fori cadauno (tot. 18 fori per coni standard) e antina di chiusura scorrevole. I divisori interni sono in plexiglas rosso flu\u00f2 e possono essere asportati con un semplice gesto. L\u2019 elegante tubo centrale \u00e8 in alluminio satinato con incorporato l\u2019 impianto termico per una ottimale distribuzione del calore. Anche la pulizia del portaconi \u00e8 estremamente semplice in quanto \u00e8 l\u2019 unico portaconi completamente smontabile senza bisogno di alcun attrezzo.  Misure: \u00d8315xH.600 mm\" \/>\n<meta property=\"og:url\" content=\"https:\/\/nero-luce.com\/it\/prodotti\/accessori\/portaconi\/portaconi-riscaldato-0951-r1\/\" \/>\n<meta property=\"og:site_name\" content=\"Neroluce\" \/>\n<meta property=\"article:modified_time\" content=\"2026-01-02T15:01:08+00:00\" \/>\n<meta property=\"og:image\" content=\"https:\/\/nero-luce.com\/wp-content\/uploads\/2017\/10\/portaconi-riscaldato-0951-r1-1.jpg\" \/>\n\t<meta property=\"og:image:width\" content=\"675\" \/>\n\t<meta property=\"og:image:height\" content=\"900\" \/>\n\t<meta property=\"og:image:type\" content=\"image\/jpeg\" \/>\n<meta name=\"twitter:card\" content=\"summary_large_image\" \/>\n<script type=\"application\/ld+json\" class=\"yoast-schema-graph\">{\"@context\":\"https:\/\/schema.org\",\"@graph\":[{\"@type\":\"WebPage\",\"@id\":\"https:\/\/nero-luce.com\/it\/prodotti\/accessori\/portaconi\/portaconi-riscaldato-0951-r1\/\",\"url\":\"https:\/\/nero-luce.com\/it\/prodotti\/accessori\/portaconi\/portaconi-riscaldato-0951-r1\/\",\"name\":\"Portaconi riscaldato - Art.0951\/R1 - Neroluce\",\"isPartOf\":{\"@id\":\"https:\/\/nero-luce.com\/it\/#website\"},\"datePublished\":\"2017-10-13T15:53:29+00:00\",\"dateModified\":\"2026-01-02T15:01:08+00:00\",\"breadcrumb\":{\"@id\":\"https:\/\/nero-luce.com\/it\/prodotti\/accessori\/portaconi\/portaconi-riscaldato-0951-r1\/#breadcrumb\"},\"inLanguage\":\"it-IT\",\"potentialAction\":[{\"@type\":\"ReadAction\",\"target\":[\"https:\/\/nero-luce.com\/it\/prodotti\/accessori\/portaconi\/portaconi-riscaldato-0951-r1\/\"]}]},{\"@type\":\"BreadcrumbList\",\"@id\":\"https:\/\/nero-luce.com\/it\/prodotti\/accessori\/portaconi\/portaconi-riscaldato-0951-r1\/#breadcrumb\",\"itemListElement\":[{\"@type\":\"ListItem\",\"position\":1,\"name\":\"Home\",\"item\":\"https:\/\/nero-luce.com\/it\/\"},{\"@type\":\"ListItem\",\"position\":2,\"name\":\"Prodotti\",\"item\":\"https:\/\/nero-luce.com\/it\/prodotti\/\"},{\"@type\":\"ListItem\",\"position\":3,\"name\":\"Portaconi riscaldato &#8211; Art.0951\/R1\"}]},{\"@type\":\"WebSite\",\"@id\":\"https:\/\/nero-luce.com\/it\/#website\",\"url\":\"https:\/\/nero-luce.com\/it\/\",\"name\":\"Neroluce\",\"description\":\"Insegne e accessori per gelaterie\",\"potentialAction\":[{\"@type\":\"SearchAction\",\"target\":{\"@type\":\"EntryPoint\",\"urlTemplate\":\"https:\/\/nero-luce.com\/it\/?s={search_term_string}\"},\"query-input\":\"required name=search_term_string\"}],\"inLanguage\":\"it-IT\"}]}<\/script>\n<!-- \/ Yoast SEO plugin. -->","yoast_head_json":{"title":"Portaconi riscaldato - Art.0951\/R1 - Neroluce","robots":{"index":"index","follow":"follow","max-snippet":"max-snippet:-1","max-image-preview":"max-image-preview:large","max-video-preview":"max-video-preview:-1"},"canonical":"https:\/\/nero-luce.com\/it\/prodotti\/accessori\/portaconi\/portaconi-riscaldato-0951-r1\/","og_locale":"it_IT","og_type":"article","og_title":"Portaconi riscaldato - Art.0951\/R1 - Neroluce","og_description":"Portaconi cilindrico in plexiglas trasparente con impianto riscaldante dedicato: i coni saranno sempre fragranti e croccanti anche in presenza di ambienti eccessivamente umidi. Estremamente utile per chi opera in zone di laghi, mare o comunque dove l\u2019 umidit\u00e0 \u00e8 particolarmente insistente. Questo portaconi \u00e8 dotato di 6 settori da 3 fori cadauno (tot. 18 fori per coni standard) e antina di chiusura scorrevole. I divisori interni sono in plexiglas rosso flu\u00f2 e possono essere asportati con un semplice gesto. L\u2019 elegante tubo centrale \u00e8 in alluminio satinato con incorporato l\u2019 impianto termico per una ottimale distribuzione del calore. Anche la pulizia del portaconi \u00e8 estremamente semplice in quanto \u00e8 l\u2019 unico portaconi completamente smontabile senza bisogno di alcun attrezzo.  Misure: \u00d8315xH.600 mm","og_url":"https:\/\/nero-luce.com\/it\/prodotti\/accessori\/portaconi\/portaconi-riscaldato-0951-r1\/","og_site_name":"Neroluce","article_modified_time":"2026-01-02T15:01:08+00:00","og_image":[{"width":675,"height":900,"url":"https:\/\/nero-luce.com\/wp-content\/uploads\/2017\/10\/portaconi-riscaldato-0951-r1-1.jpg","type":"image\/jpeg"}],"twitter_card":"summary_large_image","schema":{"@context":"https:\/\/schema.org","@graph":[{"@type":"WebPage","@id":"https:\/\/nero-luce.com\/it\/prodotti\/accessori\/portaconi\/portaconi-riscaldato-0951-r1\/","url":"https:\/\/nero-luce.com\/it\/prodotti\/accessori\/portaconi\/portaconi-riscaldato-0951-r1\/","name":"Portaconi riscaldato - Art.0951\/R1 - Neroluce","isPartOf":{"@id":"https:\/\/nero-luce.com\/it\/#website"},"datePublished":"2017-10-13T15:53:29+00:00","dateModified":"2026-01-02T15:01:08+00:00","breadcrumb":{"@id":"https:\/\/nero-luce.com\/it\/prodotti\/accessori\/portaconi\/portaconi-riscaldato-0951-r1\/#breadcrumb"},"inLanguage":"it-IT","potentialAction":[{"@type":"ReadAction","target":["https:\/\/nero-luce.com\/it\/prodotti\/accessori\/portaconi\/portaconi-riscaldato-0951-r1\/"]}]},{"@type":"BreadcrumbList","@id":"https:\/\/nero-luce.com\/it\/prodotti\/accessori\/portaconi\/portaconi-riscaldato-0951-r1\/#breadcrumb","itemListElement":[{"@type":"ListItem","position":1,"name":"Home","item":"https:\/\/nero-luce.com\/it\/"},{"@type":"ListItem","position":2,"name":"Prodotti","item":"https:\/\/nero-luce.com\/it\/prodotti\/"},{"@type":"ListItem","position":3,"name":"Portaconi riscaldato &#8211; Art.0951\/R1"}]},{"@type":"WebSite","@id":"https:\/\/nero-luce.com\/it\/#website","url":"https:\/\/nero-luce.com\/it\/","name":"Neroluce","description":"Insegne e accessori per gelaterie","potentialAction":[{"@type":"SearchAction","target":{"@type":"EntryPoint","urlTemplate":"https:\/\/nero-luce.com\/it\/?s={search_term_string}"},"query-input":"required name=search_term_string"}],"inLanguage":"it-IT"}]}},"acf":[],"_links":{"self":[{"href":"https:\/\/nero-luce.com\/it\/wp-json\/wp\/v2\/product\/201"}],"collection":[{"href":"https:\/\/nero-luce.com\/it\/wp-json\/wp\/v2\/product"}],"about":[{"href":"https:\/\/nero-luce.com\/it\/wp-json\/wp\/v2\/types\/product"}],"replies":[{"embeddable":true,"href":"https:\/\/nero-luce.com\/it\/wp-json\/wp\/v2\/comments?post=201"}],"wp:featuredmedia":[{"embeddable":true,"href":"https:\/\/nero-luce.com\/it\/wp-json\/wp\/v2\/media\/6481"}],"wp:attachment":[{"href":"https:\/\/nero-luce.com\/it\/wp-json\/wp\/v2\/media?parent=201"}],"wp:term":[{"taxonomy":"product_cat","embeddable":true,"href":"https:\/\/nero-luce.com\/it\/wp-json\/wp\/v2\/product_cat?post=201"},{"taxonomy":"product_tag","embeddable":true,"href":"https:\/\/nero-luce.com\/it\/wp-json\/wp\/v2\/product_tag?post=201"}],"curies":[{"name":"wp","href":"https:\/\/api.w.org\/{rel}","templated":true}]}}