{"id":14413,"date":"2024-02-13T16:20:43","date_gmt":"2024-02-13T16:20:43","guid":{"rendered":"https:\/\/nero-luce.com\/?post_type=product&#038;p=14413"},"modified":"2024-02-13T16:57:54","modified_gmt":"2024-02-13T16:57:54","slug":"tazzina-di-caffe-baby-flex-led-art-0555-1fl","status":"publish","type":"product","link":"https:\/\/nero-luce.com\/it\/prodotti\/accessori\/baby-led\/tazzina-di-caffe-baby-flex-led-art-0555-1fl\/","title":{"rendered":"Tazzina di caff\u00e8 baby FLEX LED &#8211; Art.0555\/1FL"},"content":{"rendered":"","protected":false},"excerpt":{"rendered":"<p>Tazzina di caff\u00e8 luminosa monofacciale, sagomata, con FLEX LED.<\/p>\n<p>Questa tazzina di caff\u00e8 rappresenta una novit\u00e0 assoluta nell&#8217;impiego dei FLEX LED. Siamo infatti riusciti ad utilizzare delle particolari strisce di LED colorati per \u201cdisegnare\u201d il contorno e le forme della tazzina di caff\u00e8 sfruttando la straordinaria brillantezza luminosa di questi eccezionali FLEX LED. Ogni striscia di FLEX LED \u00e8 protetta da una membrana in silicone contro la polvere ed eventuali spruzzi.<br \/>\nLa base d&#8217;appoggio inclusa nella fornitura e le dimensioni ridotte di questa tazzina di caff\u00e8 lo rendono un oggetto posizionabile in qualunque posto, ma con un altissimo impatto visivo.<br \/>\nNon pu\u00f2 mancare nella Vostra gelateria.<\/p>\n<p>Misure: H=370 mm<\/p>\n","protected":false},"featured_media":14490,"comment_status":"closed","ping_status":"closed","template":"","meta":[],"product_cat":[30],"product_tag":[],"yoast_head":"<!-- This site is optimized with the Yoast SEO plugin v20.2.1 - https:\/\/yoast.com\/wordpress\/plugins\/seo\/ -->\n<title>Tazzina di caff\u00e8 baby FLEX LED - Art.0555\/1FL - Neroluce<\/title>\n<meta name=\"robots\" content=\"index, follow, max-snippet:-1, max-image-preview:large, max-video-preview:-1\" \/>\n<link rel=\"canonical\" href=\"https:\/\/nero-luce.com\/it\/prodotti\/accessori\/baby-led\/tazzina-di-caffe-baby-flex-led-art-0555-1fl\/\" \/>\n<meta property=\"og:locale\" content=\"it_IT\" \/>\n<meta property=\"og:type\" content=\"article\" \/>\n<meta property=\"og:title\" content=\"Tazzina di caff\u00e8 baby FLEX LED - Art.0555\/1FL - Neroluce\" \/>\n<meta property=\"og:description\" content=\"Tazzina di caff\u00e8 luminosa monofacciale, sagomata, con FLEX LED.  Questa tazzina di caff\u00e8 rappresenta una novit\u00e0 assoluta nell&#039;impiego dei FLEX LED. Siamo infatti riusciti ad utilizzare delle particolari strisce di LED colorati per \u201cdisegnare\u201d il contorno e le forme della tazzina di caff\u00e8 sfruttando la straordinaria brillantezza luminosa di questi eccezionali FLEX LED. Ogni striscia di FLEX LED \u00e8 protetta da una membrana in silicone contro la polvere ed eventuali spruzzi. La base d&#039;appoggio inclusa nella fornitura e le dimensioni ridotte di questa tazzina di caff\u00e8 lo rendono un oggetto posizionabile in qualunque posto, ma con un altissimo impatto visivo. Non pu\u00f2 mancare nella Vostra gelateria.  Misure: H=370 mm\" \/>\n<meta property=\"og:url\" content=\"https:\/\/nero-luce.com\/it\/prodotti\/accessori\/baby-led\/tazzina-di-caffe-baby-flex-led-art-0555-1fl\/\" \/>\n<meta property=\"og:site_name\" content=\"Neroluce\" \/>\n<meta property=\"article:modified_time\" content=\"2024-02-13T16:57:54+00:00\" \/>\n<meta property=\"og:image\" content=\"https:\/\/nero-luce.com\/wp-content\/uploads\/2024\/02\/5551FL_tazzina-rossa.jpg\" \/>\n\t<meta property=\"og:image:width\" content=\"1424\" \/>\n\t<meta property=\"og:image:height\" content=\"2144\" \/>\n\t<meta property=\"og:image:type\" content=\"image\/jpeg\" \/>\n<meta name=\"twitter:card\" content=\"summary_large_image\" \/>\n<script type=\"application\/ld+json\" class=\"yoast-schema-graph\">{\"@context\":\"https:\/\/schema.org\",\"@graph\":[{\"@type\":\"WebPage\",\"@id\":\"https:\/\/nero-luce.com\/it\/prodotti\/accessori\/baby-led\/tazzina-di-caffe-baby-flex-led-art-0555-1fl\/\",\"url\":\"https:\/\/nero-luce.com\/it\/prodotti\/accessori\/baby-led\/tazzina-di-caffe-baby-flex-led-art-0555-1fl\/\",\"name\":\"Tazzina di caff\u00e8 baby FLEX LED - Art.0555\/1FL - Neroluce\",\"isPartOf\":{\"@id\":\"https:\/\/nero-luce.com\/it\/#website\"},\"datePublished\":\"2024-02-13T16:20:43+00:00\",\"dateModified\":\"2024-02-13T16:57:54+00:00\",\"breadcrumb\":{\"@id\":\"https:\/\/nero-luce.com\/it\/prodotti\/accessori\/baby-led\/tazzina-di-caffe-baby-flex-led-art-0555-1fl\/#breadcrumb\"},\"inLanguage\":\"it-IT\",\"potentialAction\":[{\"@type\":\"ReadAction\",\"target\":[\"https:\/\/nero-luce.com\/it\/prodotti\/accessori\/baby-led\/tazzina-di-caffe-baby-flex-led-art-0555-1fl\/\"]}]},{\"@type\":\"BreadcrumbList\",\"@id\":\"https:\/\/nero-luce.com\/it\/prodotti\/accessori\/baby-led\/tazzina-di-caffe-baby-flex-led-art-0555-1fl\/#breadcrumb\",\"itemListElement\":[{\"@type\":\"ListItem\",\"position\":1,\"name\":\"Home\",\"item\":\"https:\/\/nero-luce.com\/it\/\"},{\"@type\":\"ListItem\",\"position\":2,\"name\":\"Prodotti\",\"item\":\"https:\/\/nero-luce.com\/it\/prodotti\/\"},{\"@type\":\"ListItem\",\"position\":3,\"name\":\"Tazzina di caff\u00e8 baby FLEX LED &#8211; Art.0555\/1FL\"}]},{\"@type\":\"WebSite\",\"@id\":\"https:\/\/nero-luce.com\/it\/#website\",\"url\":\"https:\/\/nero-luce.com\/it\/\",\"name\":\"Neroluce\",\"description\":\"Insegne e accessori per gelaterie\",\"potentialAction\":[{\"@type\":\"SearchAction\",\"target\":{\"@type\":\"EntryPoint\",\"urlTemplate\":\"https:\/\/nero-luce.com\/it\/?s={search_term_string}\"},\"query-input\":\"required name=search_term_string\"}],\"inLanguage\":\"it-IT\"}]}<\/script>\n<!-- \/ Yoast SEO plugin. -->","yoast_head_json":{"title":"Tazzina di caff\u00e8 baby FLEX LED - Art.0555\/1FL - Neroluce","robots":{"index":"index","follow":"follow","max-snippet":"max-snippet:-1","max-image-preview":"max-image-preview:large","max-video-preview":"max-video-preview:-1"},"canonical":"https:\/\/nero-luce.com\/it\/prodotti\/accessori\/baby-led\/tazzina-di-caffe-baby-flex-led-art-0555-1fl\/","og_locale":"it_IT","og_type":"article","og_title":"Tazzina di caff\u00e8 baby FLEX LED - Art.0555\/1FL - Neroluce","og_description":"Tazzina di caff\u00e8 luminosa monofacciale, sagomata, con FLEX LED.  Questa tazzina di caff\u00e8 rappresenta una novit\u00e0 assoluta nell'impiego dei FLEX LED. Siamo infatti riusciti ad utilizzare delle particolari strisce di LED colorati per \u201cdisegnare\u201d il contorno e le forme della tazzina di caff\u00e8 sfruttando la straordinaria brillantezza luminosa di questi eccezionali FLEX LED. Ogni striscia di FLEX LED \u00e8 protetta da una membrana in silicone contro la polvere ed eventuali spruzzi. La base d'appoggio inclusa nella fornitura e le dimensioni ridotte di questa tazzina di caff\u00e8 lo rendono un oggetto posizionabile in qualunque posto, ma con un altissimo impatto visivo. Non pu\u00f2 mancare nella Vostra gelateria.  Misure: H=370 mm","og_url":"https:\/\/nero-luce.com\/it\/prodotti\/accessori\/baby-led\/tazzina-di-caffe-baby-flex-led-art-0555-1fl\/","og_site_name":"Neroluce","article_modified_time":"2024-02-13T16:57:54+00:00","og_image":[{"width":1424,"height":2144,"url":"https:\/\/nero-luce.com\/wp-content\/uploads\/2024\/02\/5551FL_tazzina-rossa.jpg","type":"image\/jpeg"}],"twitter_card":"summary_large_image","schema":{"@context":"https:\/\/schema.org","@graph":[{"@type":"WebPage","@id":"https:\/\/nero-luce.com\/it\/prodotti\/accessori\/baby-led\/tazzina-di-caffe-baby-flex-led-art-0555-1fl\/","url":"https:\/\/nero-luce.com\/it\/prodotti\/accessori\/baby-led\/tazzina-di-caffe-baby-flex-led-art-0555-1fl\/","name":"Tazzina di caff\u00e8 baby FLEX LED - Art.0555\/1FL - Neroluce","isPartOf":{"@id":"https:\/\/nero-luce.com\/it\/#website"},"datePublished":"2024-02-13T16:20:43+00:00","dateModified":"2024-02-13T16:57:54+00:00","breadcrumb":{"@id":"https:\/\/nero-luce.com\/it\/prodotti\/accessori\/baby-led\/tazzina-di-caffe-baby-flex-led-art-0555-1fl\/#breadcrumb"},"inLanguage":"it-IT","potentialAction":[{"@type":"ReadAction","target":["https:\/\/nero-luce.com\/it\/prodotti\/accessori\/baby-led\/tazzina-di-caffe-baby-flex-led-art-0555-1fl\/"]}]},{"@type":"BreadcrumbList","@id":"https:\/\/nero-luce.com\/it\/prodotti\/accessori\/baby-led\/tazzina-di-caffe-baby-flex-led-art-0555-1fl\/#breadcrumb","itemListElement":[{"@type":"ListItem","position":1,"name":"Home","item":"https:\/\/nero-luce.com\/it\/"},{"@type":"ListItem","position":2,"name":"Prodotti","item":"https:\/\/nero-luce.com\/it\/prodotti\/"},{"@type":"ListItem","position":3,"name":"Tazzina di caff\u00e8 baby FLEX LED &#8211; Art.0555\/1FL"}]},{"@type":"WebSite","@id":"https:\/\/nero-luce.com\/it\/#website","url":"https:\/\/nero-luce.com\/it\/","name":"Neroluce","description":"Insegne e accessori per gelaterie","potentialAction":[{"@type":"SearchAction","target":{"@type":"EntryPoint","urlTemplate":"https:\/\/nero-luce.com\/it\/?s={search_term_string}"},"query-input":"required name=search_term_string"}],"inLanguage":"it-IT"}]}},"acf":[],"_links":{"self":[{"href":"https:\/\/nero-luce.com\/it\/wp-json\/wp\/v2\/product\/14413"}],"collection":[{"href":"https:\/\/nero-luce.com\/it\/wp-json\/wp\/v2\/product"}],"about":[{"href":"https:\/\/nero-luce.com\/it\/wp-json\/wp\/v2\/types\/product"}],"replies":[{"embeddable":true,"href":"https:\/\/nero-luce.com\/it\/wp-json\/wp\/v2\/comments?post=14413"}],"wp:featuredmedia":[{"embeddable":true,"href":"https:\/\/nero-luce.com\/it\/wp-json\/wp\/v2\/media\/14490"}],"wp:attachment":[{"href":"https:\/\/nero-luce.com\/it\/wp-json\/wp\/v2\/media?parent=14413"}],"wp:term":[{"taxonomy":"product_cat","embeddable":true,"href":"https:\/\/nero-luce.com\/it\/wp-json\/wp\/v2\/product_cat?post=14413"},{"taxonomy":"product_tag","embeddable":true,"href":"https:\/\/nero-luce.com\/it\/wp-json\/wp\/v2\/product_tag?post=14413"}],"curies":[{"name":"wp","href":"https:\/\/api.w.org\/{rel}","templated":true}]}}