{"id":105,"date":"2017-10-13T15:53:13","date_gmt":"2017-10-13T15:53:13","guid":{"rendered":"http:\/\/nero-luce.com?product=posterprezzario-art-03551"},"modified":"2026-01-20T14:30:41","modified_gmt":"2026-01-20T14:30:41","slug":"prezzario-0355-1","status":"publish","type":"product","link":"https:\/\/nero-luce.com\/it\/prodotti\/accessori\/prezzari\/prezzario-0355-1\/","title":{"rendered":"Prezzario &#8211; Art.0355\/1"},"content":{"rendered":"","protected":false},"excerpt":{"rendered":"<p>Prezzario\/cartello estremamente attraente e vivace.<br \/>\nIndispensabile per l&#8217;esposizione dei prezzi di coni, coppette e panna \u00e8 un prezzario che non pu\u00f2 mancare in nessuna gelateria.<br \/>\nSono inclusi abbondanti numeri adesivi per comporre i vari prezzi.<br \/>\nPu\u00f2 essere scelto nel colore desiderato fra quelli disponibili.<\/p>\n<p>Misure: 550&#215;550 mm<\/p>\n","protected":false},"featured_media":5648,"comment_status":"closed","ping_status":"closed","template":"","meta":[],"product_cat":[21],"product_tag":[],"yoast_head":"<!-- This site is optimized with the Yoast SEO plugin v20.2.1 - https:\/\/yoast.com\/wordpress\/plugins\/seo\/ -->\n<title>Prezzario - Art.0355\/1 - Neroluce<\/title>\n<meta name=\"robots\" content=\"index, follow, max-snippet:-1, max-image-preview:large, max-video-preview:-1\" \/>\n<link rel=\"canonical\" href=\"https:\/\/nero-luce.com\/it\/prodotti\/accessori\/prezzari\/prezzario-0355-1\/\" \/>\n<meta property=\"og:locale\" content=\"it_IT\" \/>\n<meta property=\"og:type\" content=\"article\" \/>\n<meta property=\"og:title\" content=\"Prezzario - Art.0355\/1 - Neroluce\" \/>\n<meta property=\"og:description\" content=\"Prezzario\/cartello estremamente attraente e vivace. Indispensabile per l&#039;esposizione dei prezzi di coni, coppette e panna \u00e8 un prezzario che non pu\u00f2 mancare in nessuna gelateria. Sono inclusi abbondanti numeri adesivi per comporre i vari prezzi. Pu\u00f2 essere scelto nel colore desiderato fra quelli disponibili.  Misure: 550x550 mm\" \/>\n<meta property=\"og:url\" content=\"https:\/\/nero-luce.com\/it\/prodotti\/accessori\/prezzari\/prezzario-0355-1\/\" \/>\n<meta property=\"og:site_name\" content=\"Neroluce\" \/>\n<meta property=\"article:modified_time\" content=\"2026-01-20T14:30:41+00:00\" \/>\n<meta property=\"og:image\" content=\"https:\/\/nero-luce.com\/wp-content\/uploads\/2017\/10\/prezzario-0355-1.jpg\" \/>\n\t<meta property=\"og:image:width\" content=\"675\" \/>\n\t<meta property=\"og:image:height\" content=\"900\" \/>\n\t<meta property=\"og:image:type\" content=\"image\/jpeg\" \/>\n<meta name=\"twitter:card\" content=\"summary_large_image\" \/>\n<script type=\"application\/ld+json\" class=\"yoast-schema-graph\">{\"@context\":\"https:\/\/schema.org\",\"@graph\":[{\"@type\":\"WebPage\",\"@id\":\"https:\/\/nero-luce.com\/it\/prodotti\/accessori\/prezzari\/prezzario-0355-1\/\",\"url\":\"https:\/\/nero-luce.com\/it\/prodotti\/accessori\/prezzari\/prezzario-0355-1\/\",\"name\":\"Prezzario - Art.0355\/1 - Neroluce\",\"isPartOf\":{\"@id\":\"https:\/\/nero-luce.com\/it\/#website\"},\"datePublished\":\"2017-10-13T15:53:13+00:00\",\"dateModified\":\"2026-01-20T14:30:41+00:00\",\"breadcrumb\":{\"@id\":\"https:\/\/nero-luce.com\/it\/prodotti\/accessori\/prezzari\/prezzario-0355-1\/#breadcrumb\"},\"inLanguage\":\"it-IT\",\"potentialAction\":[{\"@type\":\"ReadAction\",\"target\":[\"https:\/\/nero-luce.com\/it\/prodotti\/accessori\/prezzari\/prezzario-0355-1\/\"]}]},{\"@type\":\"BreadcrumbList\",\"@id\":\"https:\/\/nero-luce.com\/it\/prodotti\/accessori\/prezzari\/prezzario-0355-1\/#breadcrumb\",\"itemListElement\":[{\"@type\":\"ListItem\",\"position\":1,\"name\":\"Home\",\"item\":\"https:\/\/nero-luce.com\/it\/\"},{\"@type\":\"ListItem\",\"position\":2,\"name\":\"Prodotti\",\"item\":\"https:\/\/nero-luce.com\/it\/prodotti\/\"},{\"@type\":\"ListItem\",\"position\":3,\"name\":\"Prezzario &#8211; Art.0355\/1\"}]},{\"@type\":\"WebSite\",\"@id\":\"https:\/\/nero-luce.com\/it\/#website\",\"url\":\"https:\/\/nero-luce.com\/it\/\",\"name\":\"Neroluce\",\"description\":\"Insegne e accessori per gelaterie\",\"potentialAction\":[{\"@type\":\"SearchAction\",\"target\":{\"@type\":\"EntryPoint\",\"urlTemplate\":\"https:\/\/nero-luce.com\/it\/?s={search_term_string}\"},\"query-input\":\"required name=search_term_string\"}],\"inLanguage\":\"it-IT\"}]}<\/script>\n<!-- \/ Yoast SEO plugin. -->","yoast_head_json":{"title":"Prezzario - Art.0355\/1 - Neroluce","robots":{"index":"index","follow":"follow","max-snippet":"max-snippet:-1","max-image-preview":"max-image-preview:large","max-video-preview":"max-video-preview:-1"},"canonical":"https:\/\/nero-luce.com\/it\/prodotti\/accessori\/prezzari\/prezzario-0355-1\/","og_locale":"it_IT","og_type":"article","og_title":"Prezzario - Art.0355\/1 - Neroluce","og_description":"Prezzario\/cartello estremamente attraente e vivace. Indispensabile per l'esposizione dei prezzi di coni, coppette e panna \u00e8 un prezzario che non pu\u00f2 mancare in nessuna gelateria. Sono inclusi abbondanti numeri adesivi per comporre i vari prezzi. Pu\u00f2 essere scelto nel colore desiderato fra quelli disponibili.  Misure: 550x550 mm","og_url":"https:\/\/nero-luce.com\/it\/prodotti\/accessori\/prezzari\/prezzario-0355-1\/","og_site_name":"Neroluce","article_modified_time":"2026-01-20T14:30:41+00:00","og_image":[{"width":675,"height":900,"url":"https:\/\/nero-luce.com\/wp-content\/uploads\/2017\/10\/prezzario-0355-1.jpg","type":"image\/jpeg"}],"twitter_card":"summary_large_image","schema":{"@context":"https:\/\/schema.org","@graph":[{"@type":"WebPage","@id":"https:\/\/nero-luce.com\/it\/prodotti\/accessori\/prezzari\/prezzario-0355-1\/","url":"https:\/\/nero-luce.com\/it\/prodotti\/accessori\/prezzari\/prezzario-0355-1\/","name":"Prezzario - Art.0355\/1 - Neroluce","isPartOf":{"@id":"https:\/\/nero-luce.com\/it\/#website"},"datePublished":"2017-10-13T15:53:13+00:00","dateModified":"2026-01-20T14:30:41+00:00","breadcrumb":{"@id":"https:\/\/nero-luce.com\/it\/prodotti\/accessori\/prezzari\/prezzario-0355-1\/#breadcrumb"},"inLanguage":"it-IT","potentialAction":[{"@type":"ReadAction","target":["https:\/\/nero-luce.com\/it\/prodotti\/accessori\/prezzari\/prezzario-0355-1\/"]}]},{"@type":"BreadcrumbList","@id":"https:\/\/nero-luce.com\/it\/prodotti\/accessori\/prezzari\/prezzario-0355-1\/#breadcrumb","itemListElement":[{"@type":"ListItem","position":1,"name":"Home","item":"https:\/\/nero-luce.com\/it\/"},{"@type":"ListItem","position":2,"name":"Prodotti","item":"https:\/\/nero-luce.com\/it\/prodotti\/"},{"@type":"ListItem","position":3,"name":"Prezzario &#8211; Art.0355\/1"}]},{"@type":"WebSite","@id":"https:\/\/nero-luce.com\/it\/#website","url":"https:\/\/nero-luce.com\/it\/","name":"Neroluce","description":"Insegne e accessori per gelaterie","potentialAction":[{"@type":"SearchAction","target":{"@type":"EntryPoint","urlTemplate":"https:\/\/nero-luce.com\/it\/?s={search_term_string}"},"query-input":"required name=search_term_string"}],"inLanguage":"it-IT"}]}},"acf":[],"_links":{"self":[{"href":"https:\/\/nero-luce.com\/it\/wp-json\/wp\/v2\/product\/105"}],"collection":[{"href":"https:\/\/nero-luce.com\/it\/wp-json\/wp\/v2\/product"}],"about":[{"href":"https:\/\/nero-luce.com\/it\/wp-json\/wp\/v2\/types\/product"}],"replies":[{"embeddable":true,"href":"https:\/\/nero-luce.com\/it\/wp-json\/wp\/v2\/comments?post=105"}],"wp:featuredmedia":[{"embeddable":true,"href":"https:\/\/nero-luce.com\/it\/wp-json\/wp\/v2\/media\/5648"}],"wp:attachment":[{"href":"https:\/\/nero-luce.com\/it\/wp-json\/wp\/v2\/media?parent=105"}],"wp:term":[{"taxonomy":"product_cat","embeddable":true,"href":"https:\/\/nero-luce.com\/it\/wp-json\/wp\/v2\/product_cat?post=105"},{"taxonomy":"product_tag","embeddable":true,"href":"https:\/\/nero-luce.com\/it\/wp-json\/wp\/v2\/product_tag?post=105"}],"curies":[{"name":"wp","href":"https:\/\/api.w.org\/{rel}","templated":true}]}}