{"id":9028,"date":"2017-10-13T15:53:08","date_gmt":"2017-10-13T15:53:08","guid":{"rendered":"https:\/\/nero-luce.com\/prodotto\/porte-cones-chauffe-0951-r\/"},"modified":"2017-10-13T15:53:08","modified_gmt":"2017-10-13T15:53:08","slug":"porte-cones-chauffe-0951-r","status":"publish","type":"product","link":"https:\/\/nero-luce.com\/fr\/prodotti\/accessoires-et-complements\/porte-cones\/porte-cones-chauffe-0951-r\/","title":{"rendered":"Porte-c\u00f4nes chauff\u00e9 &#8211; Art.0951\/R"},"content":{"rendered":"","protected":false},"excerpt":{"rendered":"<p>Porte-c\u00f4nes cylindrique en plexiglas transparent avec une installation chauffante d\u00e9di\u00e9e: vos c\u00f4nes seront toujours parfum\u00e9s et croquants, m\u00eame en pr\u00e9sence d&rsquo;humidit\u00e9.<br \/>\nExtr\u00eamement utile pour ceux qui travaillent pr\u00e8s des lacs, de la mer ou en lieux o\u00f9 l&rsquo;humidit\u00e9 est tr\u00e8s persistante.<br \/>\nCe porte-c\u00f4nes est muni de 6 secteurs \u00e0 3 trous chacun (tot. 18 trous pour c\u00f4nes standard) et volet de fermeture coulissant. Les s\u00e9parateurs int\u00e9rieurs sont en plexiglas transparent et ils peuvent \u00eatre enlev\u00e9s d&rsquo;un seul geste.<br \/>\nL&rsquo;\u00e9l\u00e9gant tuyau central est en aluminium satin\u00e9 avec l&rsquo;installation thermique int\u00e9gr\u00e9e pour une distribution optimale de la chaleur. Le nettoyage est extr\u00eamement simple puisqu&rsquo;il est le seul porte-c\u00f4nes compl\u00e8tement d\u00e9montable sans aucun outil.<\/p>\n<p>Dimensions: \u00d8315xH.600 mm<\/p>\n","protected":false},"featured_media":6488,"comment_status":"closed","ping_status":"closed","template":"","meta":[],"product_cat":[309],"product_tag":[],"yoast_head":"<!-- This site is optimized with the Yoast SEO plugin v20.2.1 - https:\/\/yoast.com\/wordpress\/plugins\/seo\/ -->\n<title>Porte-c\u00f4nes chauff\u00e9 - Art.0951\/R - Neroluce<\/title>\n<meta name=\"robots\" content=\"index, follow, max-snippet:-1, max-image-preview:large, max-video-preview:-1\" \/>\n<link rel=\"canonical\" href=\"https:\/\/nero-luce.com\/fr\/prodotti\/accessoires-et-complements\/porte-cones\/porte-cones-chauffe-0951-r\/\" \/>\n<meta property=\"og:locale\" content=\"fr_FR\" \/>\n<meta property=\"og:type\" content=\"article\" \/>\n<meta property=\"og:title\" content=\"Porte-c\u00f4nes chauff\u00e9 - Art.0951\/R - Neroluce\" \/>\n<meta property=\"og:description\" content=\"Porte-c\u00f4nes cylindrique en plexiglas transparent avec une installation chauffante d\u00e9di\u00e9e: vos c\u00f4nes seront toujours parfum\u00e9s et croquants, m\u00eame en pr\u00e9sence d&#039;humidit\u00e9. Extr\u00eamement utile pour ceux qui travaillent pr\u00e8s des lacs, de la mer ou en lieux o\u00f9 l&#039;humidit\u00e9 est tr\u00e8s persistante. Ce porte-c\u00f4nes est muni de 6 secteurs \u00e0 3 trous chacun (tot. 18 trous pour c\u00f4nes standard) et volet de fermeture coulissant. Les s\u00e9parateurs int\u00e9rieurs sont en plexiglas transparent et ils peuvent \u00eatre enlev\u00e9s d&#039;un seul geste. L&#039;\u00e9l\u00e9gant tuyau central est en aluminium satin\u00e9 avec l&#039;installation thermique int\u00e9gr\u00e9e pour une distribution optimale de la chaleur. Le nettoyage est extr\u00eamement simple puisqu&#039;il est le seul porte-c\u00f4nes compl\u00e8tement d\u00e9montable sans aucun outil.  Dimensions: \u00d8315xH.600 mm\" \/>\n<meta property=\"og:url\" content=\"https:\/\/nero-luce.com\/fr\/prodotti\/accessoires-et-complements\/porte-cones\/porte-cones-chauffe-0951-r\/\" \/>\n<meta property=\"og:site_name\" content=\"Neroluce\" \/>\n<meta property=\"og:image\" content=\"https:\/\/nero-luce.com\/wp-content\/uploads\/2017\/10\/portaconi-riscaldato-0951-r-1.jpg\" \/>\n\t<meta property=\"og:image:width\" content=\"675\" \/>\n\t<meta property=\"og:image:height\" content=\"900\" \/>\n\t<meta property=\"og:image:type\" content=\"image\/jpeg\" \/>\n<meta name=\"twitter:card\" content=\"summary_large_image\" \/>\n<script type=\"application\/ld+json\" class=\"yoast-schema-graph\">{\"@context\":\"https:\/\/schema.org\",\"@graph\":[{\"@type\":\"WebPage\",\"@id\":\"https:\/\/nero-luce.com\/fr\/prodotti\/accessoires-et-complements\/porte-cones\/porte-cones-chauffe-0951-r\/\",\"url\":\"https:\/\/nero-luce.com\/fr\/prodotti\/accessoires-et-complements\/porte-cones\/porte-cones-chauffe-0951-r\/\",\"name\":\"Porte-c\u00f4nes chauff\u00e9 - Art.0951\/R - Neroluce\",\"isPartOf\":{\"@id\":\"https:\/\/nero-luce.com\/it\/#website\"},\"datePublished\":\"2017-10-13T15:53:08+00:00\",\"dateModified\":\"2017-10-13T15:53:08+00:00\",\"breadcrumb\":{\"@id\":\"https:\/\/nero-luce.com\/fr\/prodotti\/accessoires-et-complements\/porte-cones\/porte-cones-chauffe-0951-r\/#breadcrumb\"},\"inLanguage\":\"fr-FR\",\"potentialAction\":[{\"@type\":\"ReadAction\",\"target\":[\"https:\/\/nero-luce.com\/fr\/prodotti\/accessoires-et-complements\/porte-cones\/porte-cones-chauffe-0951-r\/\"]}]},{\"@type\":\"BreadcrumbList\",\"@id\":\"https:\/\/nero-luce.com\/fr\/prodotti\/accessoires-et-complements\/porte-cones\/porte-cones-chauffe-0951-r\/#breadcrumb\",\"itemListElement\":[{\"@type\":\"ListItem\",\"position\":1,\"name\":\"Home\",\"item\":\"https:\/\/nero-luce.com\/fr\/\"},{\"@type\":\"ListItem\",\"position\":2,\"name\":\"Produits\",\"item\":\"https:\/\/nero-luce.com\/fr\/produits\/\"},{\"@type\":\"ListItem\",\"position\":3,\"name\":\"Porte-c\u00f4nes chauff\u00e9 &#8211; Art.0951\/R\"}]},{\"@type\":\"WebSite\",\"@id\":\"https:\/\/nero-luce.com\/it\/#website\",\"url\":\"https:\/\/nero-luce.com\/it\/\",\"name\":\"Neroluce\",\"description\":\"Insegne e accessori per gelaterie\",\"potentialAction\":[{\"@type\":\"SearchAction\",\"target\":{\"@type\":\"EntryPoint\",\"urlTemplate\":\"https:\/\/nero-luce.com\/it\/?s={search_term_string}\"},\"query-input\":\"required name=search_term_string\"}],\"inLanguage\":\"fr-FR\"}]}<\/script>\n<!-- \/ Yoast SEO plugin. -->","yoast_head_json":{"title":"Porte-c\u00f4nes chauff\u00e9 - Art.0951\/R - Neroluce","robots":{"index":"index","follow":"follow","max-snippet":"max-snippet:-1","max-image-preview":"max-image-preview:large","max-video-preview":"max-video-preview:-1"},"canonical":"https:\/\/nero-luce.com\/fr\/prodotti\/accessoires-et-complements\/porte-cones\/porte-cones-chauffe-0951-r\/","og_locale":"fr_FR","og_type":"article","og_title":"Porte-c\u00f4nes chauff\u00e9 - Art.0951\/R - Neroluce","og_description":"Porte-c\u00f4nes cylindrique en plexiglas transparent avec une installation chauffante d\u00e9di\u00e9e: vos c\u00f4nes seront toujours parfum\u00e9s et croquants, m\u00eame en pr\u00e9sence d'humidit\u00e9. Extr\u00eamement utile pour ceux qui travaillent pr\u00e8s des lacs, de la mer ou en lieux o\u00f9 l'humidit\u00e9 est tr\u00e8s persistante. Ce porte-c\u00f4nes est muni de 6 secteurs \u00e0 3 trous chacun (tot. 18 trous pour c\u00f4nes standard) et volet de fermeture coulissant. Les s\u00e9parateurs int\u00e9rieurs sont en plexiglas transparent et ils peuvent \u00eatre enlev\u00e9s d'un seul geste. L'\u00e9l\u00e9gant tuyau central est en aluminium satin\u00e9 avec l'installation thermique int\u00e9gr\u00e9e pour une distribution optimale de la chaleur. Le nettoyage est extr\u00eamement simple puisqu'il est le seul porte-c\u00f4nes compl\u00e8tement d\u00e9montable sans aucun outil.  Dimensions: \u00d8315xH.600 mm","og_url":"https:\/\/nero-luce.com\/fr\/prodotti\/accessoires-et-complements\/porte-cones\/porte-cones-chauffe-0951-r\/","og_site_name":"Neroluce","og_image":[{"width":675,"height":900,"url":"https:\/\/nero-luce.com\/wp-content\/uploads\/2017\/10\/portaconi-riscaldato-0951-r-1.jpg","type":"image\/jpeg"}],"twitter_card":"summary_large_image","schema":{"@context":"https:\/\/schema.org","@graph":[{"@type":"WebPage","@id":"https:\/\/nero-luce.com\/fr\/prodotti\/accessoires-et-complements\/porte-cones\/porte-cones-chauffe-0951-r\/","url":"https:\/\/nero-luce.com\/fr\/prodotti\/accessoires-et-complements\/porte-cones\/porte-cones-chauffe-0951-r\/","name":"Porte-c\u00f4nes chauff\u00e9 - Art.0951\/R - Neroluce","isPartOf":{"@id":"https:\/\/nero-luce.com\/it\/#website"},"datePublished":"2017-10-13T15:53:08+00:00","dateModified":"2017-10-13T15:53:08+00:00","breadcrumb":{"@id":"https:\/\/nero-luce.com\/fr\/prodotti\/accessoires-et-complements\/porte-cones\/porte-cones-chauffe-0951-r\/#breadcrumb"},"inLanguage":"fr-FR","potentialAction":[{"@type":"ReadAction","target":["https:\/\/nero-luce.com\/fr\/prodotti\/accessoires-et-complements\/porte-cones\/porte-cones-chauffe-0951-r\/"]}]},{"@type":"BreadcrumbList","@id":"https:\/\/nero-luce.com\/fr\/prodotti\/accessoires-et-complements\/porte-cones\/porte-cones-chauffe-0951-r\/#breadcrumb","itemListElement":[{"@type":"ListItem","position":1,"name":"Home","item":"https:\/\/nero-luce.com\/fr\/"},{"@type":"ListItem","position":2,"name":"Produits","item":"https:\/\/nero-luce.com\/fr\/produits\/"},{"@type":"ListItem","position":3,"name":"Porte-c\u00f4nes chauff\u00e9 &#8211; Art.0951\/R"}]},{"@type":"WebSite","@id":"https:\/\/nero-luce.com\/it\/#website","url":"https:\/\/nero-luce.com\/it\/","name":"Neroluce","description":"Insegne e accessori per gelaterie","potentialAction":[{"@type":"SearchAction","target":{"@type":"EntryPoint","urlTemplate":"https:\/\/nero-luce.com\/it\/?s={search_term_string}"},"query-input":"required name=search_term_string"}],"inLanguage":"fr-FR"}]}},"acf":[],"_links":{"self":[{"href":"https:\/\/nero-luce.com\/fr\/wp-json\/wp\/v2\/product\/9028"}],"collection":[{"href":"https:\/\/nero-luce.com\/fr\/wp-json\/wp\/v2\/product"}],"about":[{"href":"https:\/\/nero-luce.com\/fr\/wp-json\/wp\/v2\/types\/product"}],"replies":[{"embeddable":true,"href":"https:\/\/nero-luce.com\/fr\/wp-json\/wp\/v2\/comments?post=9028"}],"wp:featuredmedia":[{"embeddable":true,"href":"https:\/\/nero-luce.com\/fr\/wp-json\/wp\/v2\/media\/6488"}],"wp:attachment":[{"href":"https:\/\/nero-luce.com\/fr\/wp-json\/wp\/v2\/media?parent=9028"}],"wp:term":[{"taxonomy":"product_cat","embeddable":true,"href":"https:\/\/nero-luce.com\/fr\/wp-json\/wp\/v2\/product_cat?post=9028"},{"taxonomy":"product_tag","embeddable":true,"href":"https:\/\/nero-luce.com\/fr\/wp-json\/wp\/v2\/product_tag?post=9028"}],"curies":[{"name":"wp","href":"https:\/\/api.w.org\/{rel}","templated":true}]}}