{"id":9015,"date":"2017-10-13T15:53:13","date_gmt":"2017-10-13T15:53:13","guid":{"rendered":"https:\/\/nero-luce.com\/prodotto\/porte-cones-chauffe-0898-r\/"},"modified":"2017-10-13T15:53:13","modified_gmt":"2017-10-13T15:53:13","slug":"porte-cones-chauffe-0898-r","status":"publish","type":"product","link":"https:\/\/nero-luce.com\/fr\/prodotti\/accessoires-et-complements\/porte-cones\/porte-cones-chauffe-0898-r\/","title":{"rendered":"Porte-c\u00f4nes chauff\u00e9 &#8211; Art.0898\/R"},"content":{"rendered":"","protected":false},"excerpt":{"rendered":"<p>Porte-c\u00f4nes en plexiglas transparent avec couvercle amovible.<br \/>\nIl est \u00e9quip\u00e9 avec une installation chauffante d\u00e9di\u00e9e et d&rsquo;un petit volet de fermeture pour garder vos c\u00f4nes toujours parfum\u00e9s et croquants, m\u00eame en pr\u00e9sence d&rsquo;humidit\u00e9.<br \/>\nExtr\u00eamement utile pour ceux qui travaillent pr\u00e8s des lacs, de la mer ou en lieux o\u00f9 l&rsquo;humidit\u00e9 est tr\u00e8s persistante.<br \/>\nIl est muni de 12 trous pour c\u00f4nes standard.<br \/>\nLes \u00e9tag\u00e8res sont ais\u00e9ment amovibles pour faciliter le nettoyage et elles peuvent \u00eatre positionn\u00e9es sur 2 niveaux diff\u00e9rents.<\/p>\n<p>Dimensions: 270x210xH.600 mm<\/p>\n","protected":false},"featured_media":6631,"comment_status":"closed","ping_status":"closed","template":"","meta":[],"product_cat":[309],"product_tag":[],"yoast_head":"<!-- This site is optimized with the Yoast SEO plugin v20.2.1 - https:\/\/yoast.com\/wordpress\/plugins\/seo\/ -->\n<title>Porte-c\u00f4nes chauff\u00e9 - Art.0898\/R - Neroluce<\/title>\n<meta name=\"robots\" content=\"index, follow, max-snippet:-1, max-image-preview:large, max-video-preview:-1\" \/>\n<link rel=\"canonical\" href=\"https:\/\/nero-luce.com\/fr\/prodotti\/accessoires-et-complements\/porte-cones\/porte-cones-chauffe-0898-r\/\" \/>\n<meta property=\"og:locale\" content=\"fr_FR\" \/>\n<meta property=\"og:type\" content=\"article\" \/>\n<meta property=\"og:title\" content=\"Porte-c\u00f4nes chauff\u00e9 - Art.0898\/R - Neroluce\" \/>\n<meta property=\"og:description\" content=\"Porte-c\u00f4nes en plexiglas transparent avec couvercle amovible. Il est \u00e9quip\u00e9 avec une installation chauffante d\u00e9di\u00e9e et d&#039;un petit volet de fermeture pour garder vos c\u00f4nes toujours parfum\u00e9s et croquants, m\u00eame en pr\u00e9sence d&#039;humidit\u00e9. Extr\u00eamement utile pour ceux qui travaillent pr\u00e8s des lacs, de la mer ou en lieux o\u00f9 l&#039;humidit\u00e9 est tr\u00e8s persistante. Il est muni de 12 trous pour c\u00f4nes standard. Les \u00e9tag\u00e8res sont ais\u00e9ment amovibles pour faciliter le nettoyage et elles peuvent \u00eatre positionn\u00e9es sur 2 niveaux diff\u00e9rents.  Dimensions: 270x210xH.600 mm\" \/>\n<meta property=\"og:url\" content=\"https:\/\/nero-luce.com\/fr\/prodotti\/accessoires-et-complements\/porte-cones\/porte-cones-chauffe-0898-r\/\" \/>\n<meta property=\"og:site_name\" content=\"Neroluce\" \/>\n<meta property=\"og:image\" content=\"https:\/\/nero-luce.com\/wp-content\/uploads\/2017\/10\/portaconi-riscaldato-0898-r.jpg\" \/>\n\t<meta property=\"og:image:width\" content=\"675\" \/>\n\t<meta property=\"og:image:height\" content=\"900\" \/>\n\t<meta property=\"og:image:type\" content=\"image\/jpeg\" \/>\n<meta name=\"twitter:card\" content=\"summary_large_image\" \/>\n<script type=\"application\/ld+json\" class=\"yoast-schema-graph\">{\"@context\":\"https:\/\/schema.org\",\"@graph\":[{\"@type\":\"WebPage\",\"@id\":\"https:\/\/nero-luce.com\/fr\/prodotti\/accessoires-et-complements\/porte-cones\/porte-cones-chauffe-0898-r\/\",\"url\":\"https:\/\/nero-luce.com\/fr\/prodotti\/accessoires-et-complements\/porte-cones\/porte-cones-chauffe-0898-r\/\",\"name\":\"Porte-c\u00f4nes chauff\u00e9 - Art.0898\/R - Neroluce\",\"isPartOf\":{\"@id\":\"https:\/\/nero-luce.com\/it\/#website\"},\"datePublished\":\"2017-10-13T15:53:13+00:00\",\"dateModified\":\"2017-10-13T15:53:13+00:00\",\"breadcrumb\":{\"@id\":\"https:\/\/nero-luce.com\/fr\/prodotti\/accessoires-et-complements\/porte-cones\/porte-cones-chauffe-0898-r\/#breadcrumb\"},\"inLanguage\":\"fr-FR\",\"potentialAction\":[{\"@type\":\"ReadAction\",\"target\":[\"https:\/\/nero-luce.com\/fr\/prodotti\/accessoires-et-complements\/porte-cones\/porte-cones-chauffe-0898-r\/\"]}]},{\"@type\":\"BreadcrumbList\",\"@id\":\"https:\/\/nero-luce.com\/fr\/prodotti\/accessoires-et-complements\/porte-cones\/porte-cones-chauffe-0898-r\/#breadcrumb\",\"itemListElement\":[{\"@type\":\"ListItem\",\"position\":1,\"name\":\"Home\",\"item\":\"https:\/\/nero-luce.com\/fr\/\"},{\"@type\":\"ListItem\",\"position\":2,\"name\":\"Produits\",\"item\":\"https:\/\/nero-luce.com\/fr\/produits\/\"},{\"@type\":\"ListItem\",\"position\":3,\"name\":\"Porte-c\u00f4nes chauff\u00e9 &#8211; Art.0898\/R\"}]},{\"@type\":\"WebSite\",\"@id\":\"https:\/\/nero-luce.com\/it\/#website\",\"url\":\"https:\/\/nero-luce.com\/it\/\",\"name\":\"Neroluce\",\"description\":\"Insegne e accessori per gelaterie\",\"potentialAction\":[{\"@type\":\"SearchAction\",\"target\":{\"@type\":\"EntryPoint\",\"urlTemplate\":\"https:\/\/nero-luce.com\/it\/?s={search_term_string}\"},\"query-input\":\"required name=search_term_string\"}],\"inLanguage\":\"fr-FR\"}]}<\/script>\n<!-- \/ Yoast SEO plugin. -->","yoast_head_json":{"title":"Porte-c\u00f4nes chauff\u00e9 - Art.0898\/R - Neroluce","robots":{"index":"index","follow":"follow","max-snippet":"max-snippet:-1","max-image-preview":"max-image-preview:large","max-video-preview":"max-video-preview:-1"},"canonical":"https:\/\/nero-luce.com\/fr\/prodotti\/accessoires-et-complements\/porte-cones\/porte-cones-chauffe-0898-r\/","og_locale":"fr_FR","og_type":"article","og_title":"Porte-c\u00f4nes chauff\u00e9 - Art.0898\/R - Neroluce","og_description":"Porte-c\u00f4nes en plexiglas transparent avec couvercle amovible. Il est \u00e9quip\u00e9 avec une installation chauffante d\u00e9di\u00e9e et d'un petit volet de fermeture pour garder vos c\u00f4nes toujours parfum\u00e9s et croquants, m\u00eame en pr\u00e9sence d'humidit\u00e9. Extr\u00eamement utile pour ceux qui travaillent pr\u00e8s des lacs, de la mer ou en lieux o\u00f9 l'humidit\u00e9 est tr\u00e8s persistante. Il est muni de 12 trous pour c\u00f4nes standard. Les \u00e9tag\u00e8res sont ais\u00e9ment amovibles pour faciliter le nettoyage et elles peuvent \u00eatre positionn\u00e9es sur 2 niveaux diff\u00e9rents.  Dimensions: 270x210xH.600 mm","og_url":"https:\/\/nero-luce.com\/fr\/prodotti\/accessoires-et-complements\/porte-cones\/porte-cones-chauffe-0898-r\/","og_site_name":"Neroluce","og_image":[{"width":675,"height":900,"url":"https:\/\/nero-luce.com\/wp-content\/uploads\/2017\/10\/portaconi-riscaldato-0898-r.jpg","type":"image\/jpeg"}],"twitter_card":"summary_large_image","schema":{"@context":"https:\/\/schema.org","@graph":[{"@type":"WebPage","@id":"https:\/\/nero-luce.com\/fr\/prodotti\/accessoires-et-complements\/porte-cones\/porte-cones-chauffe-0898-r\/","url":"https:\/\/nero-luce.com\/fr\/prodotti\/accessoires-et-complements\/porte-cones\/porte-cones-chauffe-0898-r\/","name":"Porte-c\u00f4nes chauff\u00e9 - Art.0898\/R - Neroluce","isPartOf":{"@id":"https:\/\/nero-luce.com\/it\/#website"},"datePublished":"2017-10-13T15:53:13+00:00","dateModified":"2017-10-13T15:53:13+00:00","breadcrumb":{"@id":"https:\/\/nero-luce.com\/fr\/prodotti\/accessoires-et-complements\/porte-cones\/porte-cones-chauffe-0898-r\/#breadcrumb"},"inLanguage":"fr-FR","potentialAction":[{"@type":"ReadAction","target":["https:\/\/nero-luce.com\/fr\/prodotti\/accessoires-et-complements\/porte-cones\/porte-cones-chauffe-0898-r\/"]}]},{"@type":"BreadcrumbList","@id":"https:\/\/nero-luce.com\/fr\/prodotti\/accessoires-et-complements\/porte-cones\/porte-cones-chauffe-0898-r\/#breadcrumb","itemListElement":[{"@type":"ListItem","position":1,"name":"Home","item":"https:\/\/nero-luce.com\/fr\/"},{"@type":"ListItem","position":2,"name":"Produits","item":"https:\/\/nero-luce.com\/fr\/produits\/"},{"@type":"ListItem","position":3,"name":"Porte-c\u00f4nes chauff\u00e9 &#8211; Art.0898\/R"}]},{"@type":"WebSite","@id":"https:\/\/nero-luce.com\/it\/#website","url":"https:\/\/nero-luce.com\/it\/","name":"Neroluce","description":"Insegne e accessori per gelaterie","potentialAction":[{"@type":"SearchAction","target":{"@type":"EntryPoint","urlTemplate":"https:\/\/nero-luce.com\/it\/?s={search_term_string}"},"query-input":"required name=search_term_string"}],"inLanguage":"fr-FR"}]}},"acf":[],"_links":{"self":[{"href":"https:\/\/nero-luce.com\/fr\/wp-json\/wp\/v2\/product\/9015"}],"collection":[{"href":"https:\/\/nero-luce.com\/fr\/wp-json\/wp\/v2\/product"}],"about":[{"href":"https:\/\/nero-luce.com\/fr\/wp-json\/wp\/v2\/types\/product"}],"replies":[{"embeddable":true,"href":"https:\/\/nero-luce.com\/fr\/wp-json\/wp\/v2\/comments?post=9015"}],"wp:featuredmedia":[{"embeddable":true,"href":"https:\/\/nero-luce.com\/fr\/wp-json\/wp\/v2\/media\/6631"}],"wp:attachment":[{"href":"https:\/\/nero-luce.com\/fr\/wp-json\/wp\/v2\/media?parent=9015"}],"wp:term":[{"taxonomy":"product_cat","embeddable":true,"href":"https:\/\/nero-luce.com\/fr\/wp-json\/wp\/v2\/product_cat?post=9015"},{"taxonomy":"product_tag","embeddable":true,"href":"https:\/\/nero-luce.com\/fr\/wp-json\/wp\/v2\/product_tag?post=9015"}],"curies":[{"name":"wp","href":"https:\/\/api.w.org\/{rel}","templated":true}]}}