{"id":8962,"date":"2017-10-13T15:53:34","date_gmt":"2017-10-13T15:53:34","guid":{"rendered":"https:\/\/nero-luce.com\/prodotto\/cone-lumineux-double-face-0751-bn\/"},"modified":"2017-10-13T15:53:34","modified_gmt":"2017-10-13T15:53:34","slug":"cone-lumineux-double-face-0751-bn","status":"publish","type":"product","link":"https:\/\/nero-luce.com\/fr\/prodotti\/cones-et-coupes-publicitaires\/cone-lumineux-double-face-0751-bn\/","title":{"rendered":"C\u00f4ne lumineux double face &#8211; Art.0751\/BN"},"content":{"rendered":"","protected":false},"excerpt":{"rendered":"<p>C\u00f4ne lumineux \u00e0 fil n\u00e9on, model\u00e9 et double face.<br \/>\nL&rsquo;utilisation du fil n\u00e9on rend ce c\u00f4ne extr\u00eamement visible m\u00eame \u00e0 une grande distance. La lumi\u00e8re qu&rsquo;il diffuse poss\u00e8de une brillance in\u00e9galable.<br \/>\nLes d\u00e9corations vives avec des pellicules adh\u00e9sives color\u00e9es garantissent la meilleure visibilit\u00e9 aussi pendant le jour.<br \/>\nLe ch\u00e2ssis est r\u00e9alis\u00e9 enti\u00e8rement en aluminium verni pour \u00eatre solide mais l\u00e9ger et parce qu&rsquo;il ne produit pas de rouille.<br \/>\nIl est fourni complet, avec des fixations r\u00e9glables en longueur, pour le fixer au mur.<\/p>\n<p>Dimensions: L.520 x  H.900 mm<\/p>\n","protected":false},"featured_media":7739,"comment_status":"closed","ping_status":"closed","template":"","meta":[],"product_cat":[306,304],"product_tag":[],"yoast_head":"<!-- This site is optimized with the Yoast SEO plugin v20.2.1 - https:\/\/yoast.com\/wordpress\/plugins\/seo\/ -->\n<title>C\u00f4ne lumineux double face - Art.0751\/BN - Neroluce<\/title>\n<meta name=\"robots\" content=\"index, follow, max-snippet:-1, max-image-preview:large, max-video-preview:-1\" \/>\n<link rel=\"canonical\" href=\"https:\/\/nero-luce.com\/fr\/prodotti\/cones-et-coupes-publicitaires\/cone-lumineux-double-face-0751-bn\/\" \/>\n<meta property=\"og:locale\" content=\"fr_FR\" \/>\n<meta property=\"og:type\" content=\"article\" \/>\n<meta property=\"og:title\" content=\"C\u00f4ne lumineux double face - Art.0751\/BN - Neroluce\" \/>\n<meta property=\"og:description\" content=\"C\u00f4ne lumineux \u00e0 fil n\u00e9on, model\u00e9 et double face. L&#039;utilisation du fil n\u00e9on rend ce c\u00f4ne extr\u00eamement visible m\u00eame \u00e0 une grande distance. La lumi\u00e8re qu&#039;il diffuse poss\u00e8de une brillance in\u00e9galable. Les d\u00e9corations vives avec des pellicules adh\u00e9sives color\u00e9es garantissent la meilleure visibilit\u00e9 aussi pendant le jour. Le ch\u00e2ssis est r\u00e9alis\u00e9 enti\u00e8rement en aluminium verni pour \u00eatre solide mais l\u00e9ger et parce qu&#039;il ne produit pas de rouille. Il est fourni complet, avec des fixations r\u00e9glables en longueur, pour le fixer au mur.  Dimensions: L.520 x H.900 mm\" \/>\n<meta property=\"og:url\" content=\"https:\/\/nero-luce.com\/fr\/prodotti\/cones-et-coupes-publicitaires\/cone-lumineux-double-face-0751-bn\/\" \/>\n<meta property=\"og:site_name\" content=\"Neroluce\" \/>\n<meta property=\"og:image\" content=\"https:\/\/nero-luce.com\/wp-content\/uploads\/2017\/10\/cono-luminoso-0751-bn.jpg\" \/>\n\t<meta property=\"og:image:width\" content=\"675\" \/>\n\t<meta property=\"og:image:height\" content=\"900\" \/>\n\t<meta property=\"og:image:type\" content=\"image\/jpeg\" \/>\n<meta name=\"twitter:card\" content=\"summary_large_image\" \/>\n<script type=\"application\/ld+json\" class=\"yoast-schema-graph\">{\"@context\":\"https:\/\/schema.org\",\"@graph\":[{\"@type\":\"WebPage\",\"@id\":\"https:\/\/nero-luce.com\/fr\/prodotti\/cones-et-coupes-publicitaires\/cone-lumineux-double-face-0751-bn\/\",\"url\":\"https:\/\/nero-luce.com\/fr\/prodotti\/cones-et-coupes-publicitaires\/cone-lumineux-double-face-0751-bn\/\",\"name\":\"C\u00f4ne lumineux double face - Art.0751\/BN - Neroluce\",\"isPartOf\":{\"@id\":\"https:\/\/nero-luce.com\/it\/#website\"},\"datePublished\":\"2017-10-13T15:53:34+00:00\",\"dateModified\":\"2017-10-13T15:53:34+00:00\",\"breadcrumb\":{\"@id\":\"https:\/\/nero-luce.com\/fr\/prodotti\/cones-et-coupes-publicitaires\/cone-lumineux-double-face-0751-bn\/#breadcrumb\"},\"inLanguage\":\"fr-FR\",\"potentialAction\":[{\"@type\":\"ReadAction\",\"target\":[\"https:\/\/nero-luce.com\/fr\/prodotti\/cones-et-coupes-publicitaires\/cone-lumineux-double-face-0751-bn\/\"]}]},{\"@type\":\"BreadcrumbList\",\"@id\":\"https:\/\/nero-luce.com\/fr\/prodotti\/cones-et-coupes-publicitaires\/cone-lumineux-double-face-0751-bn\/#breadcrumb\",\"itemListElement\":[{\"@type\":\"ListItem\",\"position\":1,\"name\":\"Home\",\"item\":\"https:\/\/nero-luce.com\/fr\/\"},{\"@type\":\"ListItem\",\"position\":2,\"name\":\"Produits\",\"item\":\"https:\/\/nero-luce.com\/fr\/produits\/\"},{\"@type\":\"ListItem\",\"position\":3,\"name\":\"C\u00f4ne lumineux double face &#8211; Art.0751\/BN\"}]},{\"@type\":\"WebSite\",\"@id\":\"https:\/\/nero-luce.com\/it\/#website\",\"url\":\"https:\/\/nero-luce.com\/it\/\",\"name\":\"Neroluce\",\"description\":\"Insegne e accessori per gelaterie\",\"potentialAction\":[{\"@type\":\"SearchAction\",\"target\":{\"@type\":\"EntryPoint\",\"urlTemplate\":\"https:\/\/nero-luce.com\/it\/?s={search_term_string}\"},\"query-input\":\"required name=search_term_string\"}],\"inLanguage\":\"fr-FR\"}]}<\/script>\n<!-- \/ Yoast SEO plugin. -->","yoast_head_json":{"title":"C\u00f4ne lumineux double face - Art.0751\/BN - Neroluce","robots":{"index":"index","follow":"follow","max-snippet":"max-snippet:-1","max-image-preview":"max-image-preview:large","max-video-preview":"max-video-preview:-1"},"canonical":"https:\/\/nero-luce.com\/fr\/prodotti\/cones-et-coupes-publicitaires\/cone-lumineux-double-face-0751-bn\/","og_locale":"fr_FR","og_type":"article","og_title":"C\u00f4ne lumineux double face - Art.0751\/BN - Neroluce","og_description":"C\u00f4ne lumineux \u00e0 fil n\u00e9on, model\u00e9 et double face. L'utilisation du fil n\u00e9on rend ce c\u00f4ne extr\u00eamement visible m\u00eame \u00e0 une grande distance. La lumi\u00e8re qu'il diffuse poss\u00e8de une brillance in\u00e9galable. Les d\u00e9corations vives avec des pellicules adh\u00e9sives color\u00e9es garantissent la meilleure visibilit\u00e9 aussi pendant le jour. Le ch\u00e2ssis est r\u00e9alis\u00e9 enti\u00e8rement en aluminium verni pour \u00eatre solide mais l\u00e9ger et parce qu'il ne produit pas de rouille. Il est fourni complet, avec des fixations r\u00e9glables en longueur, pour le fixer au mur.  Dimensions: L.520 x H.900 mm","og_url":"https:\/\/nero-luce.com\/fr\/prodotti\/cones-et-coupes-publicitaires\/cone-lumineux-double-face-0751-bn\/","og_site_name":"Neroluce","og_image":[{"width":675,"height":900,"url":"https:\/\/nero-luce.com\/wp-content\/uploads\/2017\/10\/cono-luminoso-0751-bn.jpg","type":"image\/jpeg"}],"twitter_card":"summary_large_image","schema":{"@context":"https:\/\/schema.org","@graph":[{"@type":"WebPage","@id":"https:\/\/nero-luce.com\/fr\/prodotti\/cones-et-coupes-publicitaires\/cone-lumineux-double-face-0751-bn\/","url":"https:\/\/nero-luce.com\/fr\/prodotti\/cones-et-coupes-publicitaires\/cone-lumineux-double-face-0751-bn\/","name":"C\u00f4ne lumineux double face - Art.0751\/BN - Neroluce","isPartOf":{"@id":"https:\/\/nero-luce.com\/it\/#website"},"datePublished":"2017-10-13T15:53:34+00:00","dateModified":"2017-10-13T15:53:34+00:00","breadcrumb":{"@id":"https:\/\/nero-luce.com\/fr\/prodotti\/cones-et-coupes-publicitaires\/cone-lumineux-double-face-0751-bn\/#breadcrumb"},"inLanguage":"fr-FR","potentialAction":[{"@type":"ReadAction","target":["https:\/\/nero-luce.com\/fr\/prodotti\/cones-et-coupes-publicitaires\/cone-lumineux-double-face-0751-bn\/"]}]},{"@type":"BreadcrumbList","@id":"https:\/\/nero-luce.com\/fr\/prodotti\/cones-et-coupes-publicitaires\/cone-lumineux-double-face-0751-bn\/#breadcrumb","itemListElement":[{"@type":"ListItem","position":1,"name":"Home","item":"https:\/\/nero-luce.com\/fr\/"},{"@type":"ListItem","position":2,"name":"Produits","item":"https:\/\/nero-luce.com\/fr\/produits\/"},{"@type":"ListItem","position":3,"name":"C\u00f4ne lumineux double face &#8211; Art.0751\/BN"}]},{"@type":"WebSite","@id":"https:\/\/nero-luce.com\/it\/#website","url":"https:\/\/nero-luce.com\/it\/","name":"Neroluce","description":"Insegne e accessori per gelaterie","potentialAction":[{"@type":"SearchAction","target":{"@type":"EntryPoint","urlTemplate":"https:\/\/nero-luce.com\/it\/?s={search_term_string}"},"query-input":"required name=search_term_string"}],"inLanguage":"fr-FR"}]}},"acf":[],"_links":{"self":[{"href":"https:\/\/nero-luce.com\/fr\/wp-json\/wp\/v2\/product\/8962"}],"collection":[{"href":"https:\/\/nero-luce.com\/fr\/wp-json\/wp\/v2\/product"}],"about":[{"href":"https:\/\/nero-luce.com\/fr\/wp-json\/wp\/v2\/types\/product"}],"replies":[{"embeddable":true,"href":"https:\/\/nero-luce.com\/fr\/wp-json\/wp\/v2\/comments?post=8962"}],"wp:featuredmedia":[{"embeddable":true,"href":"https:\/\/nero-luce.com\/fr\/wp-json\/wp\/v2\/media\/7739"}],"wp:attachment":[{"href":"https:\/\/nero-luce.com\/fr\/wp-json\/wp\/v2\/media?parent=8962"}],"wp:term":[{"taxonomy":"product_cat","embeddable":true,"href":"https:\/\/nero-luce.com\/fr\/wp-json\/wp\/v2\/product_cat?post=8962"},{"taxonomy":"product_tag","embeddable":true,"href":"https:\/\/nero-luce.com\/fr\/wp-json\/wp\/v2\/product_tag?post=8962"}],"curies":[{"name":"wp","href":"https:\/\/api.w.org\/{rel}","templated":true}]}}