{"id":8961,"date":"2017-10-13T15:53:56","date_gmt":"2017-10-13T15:53:56","guid":{"rendered":"https:\/\/nero-luce.com\/prodotto\/cone-lumineux-double-face-0750-px\/"},"modified":"2017-10-13T15:53:56","modified_gmt":"2017-10-13T15:53:56","slug":"cone-lumineux-double-face-0750-px","status":"publish","type":"product","link":"https:\/\/nero-luce.com\/fr\/prodotti\/cones-et-coupes-publicitaires\/cone-lumineux-double-face-0750-px\/","title":{"rendered":"C\u00f4ne lumineux double face &#8211; Art.0750\/PX"},"content":{"rendered":"","protected":false},"excerpt":{"rendered":"<p>C\u00f4ne lumineux avec faces en m\u00e9thacrylate d\u00e9cor\u00e9, model\u00e9 et double face.<br \/>\nLes faces en m\u00e9thacrylate sont d\u00e9cor\u00e9es avec une pellicule adh\u00e9sive color\u00e9e r\u00e9tro-\u00e9clairable et pour cette raison le c\u00f4ne est extr\u00eamement visible le jour et la nuit, m\u00eame \u00e0 une grande distance.<br \/>\nIl est fourni complet, avec des fixations r\u00e9glables en longueur, pour le fixer au mur.<\/p>\n<p>Dimensions: L.700 x  H.1200 mm<\/p>\n","protected":false},"featured_media":7749,"comment_status":"closed","ping_status":"closed","template":"","meta":[],"product_cat":[306,304],"product_tag":[],"yoast_head":"<!-- This site is optimized with the Yoast SEO plugin v20.2.1 - https:\/\/yoast.com\/wordpress\/plugins\/seo\/ -->\n<title>C\u00f4ne lumineux double face - Art.0750\/PX - Neroluce<\/title>\n<meta name=\"robots\" content=\"index, follow, max-snippet:-1, max-image-preview:large, max-video-preview:-1\" \/>\n<link rel=\"canonical\" href=\"https:\/\/nero-luce.com\/fr\/prodotti\/cones-et-coupes-publicitaires\/cone-lumineux-double-face-0750-px\/\" \/>\n<meta property=\"og:locale\" content=\"fr_FR\" \/>\n<meta property=\"og:type\" content=\"article\" \/>\n<meta property=\"og:title\" content=\"C\u00f4ne lumineux double face - Art.0750\/PX - Neroluce\" \/>\n<meta property=\"og:description\" content=\"C\u00f4ne lumineux avec faces en m\u00e9thacrylate d\u00e9cor\u00e9, model\u00e9 et double face. Les faces en m\u00e9thacrylate sont d\u00e9cor\u00e9es avec une pellicule adh\u00e9sive color\u00e9e r\u00e9tro-\u00e9clairable et pour cette raison le c\u00f4ne est extr\u00eamement visible le jour et la nuit, m\u00eame \u00e0 une grande distance. Il est fourni complet, avec des fixations r\u00e9glables en longueur, pour le fixer au mur.  Dimensions: L.700 x H.1200 mm\" \/>\n<meta property=\"og:url\" content=\"https:\/\/nero-luce.com\/fr\/prodotti\/cones-et-coupes-publicitaires\/cone-lumineux-double-face-0750-px\/\" \/>\n<meta property=\"og:site_name\" content=\"Neroluce\" \/>\n<meta property=\"og:image\" content=\"https:\/\/nero-luce.com\/wp-content\/uploads\/2017\/10\/cono-luminoso-0750-px.jpg\" \/>\n\t<meta property=\"og:image:width\" content=\"675\" \/>\n\t<meta property=\"og:image:height\" content=\"900\" \/>\n\t<meta property=\"og:image:type\" content=\"image\/jpeg\" \/>\n<meta name=\"twitter:card\" content=\"summary_large_image\" \/>\n<script type=\"application\/ld+json\" class=\"yoast-schema-graph\">{\"@context\":\"https:\/\/schema.org\",\"@graph\":[{\"@type\":\"WebPage\",\"@id\":\"https:\/\/nero-luce.com\/fr\/prodotti\/cones-et-coupes-publicitaires\/cone-lumineux-double-face-0750-px\/\",\"url\":\"https:\/\/nero-luce.com\/fr\/prodotti\/cones-et-coupes-publicitaires\/cone-lumineux-double-face-0750-px\/\",\"name\":\"C\u00f4ne lumineux double face - Art.0750\/PX - Neroluce\",\"isPartOf\":{\"@id\":\"https:\/\/nero-luce.com\/it\/#website\"},\"datePublished\":\"2017-10-13T15:53:56+00:00\",\"dateModified\":\"2017-10-13T15:53:56+00:00\",\"breadcrumb\":{\"@id\":\"https:\/\/nero-luce.com\/fr\/prodotti\/cones-et-coupes-publicitaires\/cone-lumineux-double-face-0750-px\/#breadcrumb\"},\"inLanguage\":\"fr-FR\",\"potentialAction\":[{\"@type\":\"ReadAction\",\"target\":[\"https:\/\/nero-luce.com\/fr\/prodotti\/cones-et-coupes-publicitaires\/cone-lumineux-double-face-0750-px\/\"]}]},{\"@type\":\"BreadcrumbList\",\"@id\":\"https:\/\/nero-luce.com\/fr\/prodotti\/cones-et-coupes-publicitaires\/cone-lumineux-double-face-0750-px\/#breadcrumb\",\"itemListElement\":[{\"@type\":\"ListItem\",\"position\":1,\"name\":\"Home\",\"item\":\"https:\/\/nero-luce.com\/fr\/\"},{\"@type\":\"ListItem\",\"position\":2,\"name\":\"Produits\",\"item\":\"https:\/\/nero-luce.com\/fr\/produits\/\"},{\"@type\":\"ListItem\",\"position\":3,\"name\":\"C\u00f4ne lumineux double face &#8211; Art.0750\/PX\"}]},{\"@type\":\"WebSite\",\"@id\":\"https:\/\/nero-luce.com\/it\/#website\",\"url\":\"https:\/\/nero-luce.com\/it\/\",\"name\":\"Neroluce\",\"description\":\"Insegne e accessori per gelaterie\",\"potentialAction\":[{\"@type\":\"SearchAction\",\"target\":{\"@type\":\"EntryPoint\",\"urlTemplate\":\"https:\/\/nero-luce.com\/it\/?s={search_term_string}\"},\"query-input\":\"required name=search_term_string\"}],\"inLanguage\":\"fr-FR\"}]}<\/script>\n<!-- \/ Yoast SEO plugin. -->","yoast_head_json":{"title":"C\u00f4ne lumineux double face - Art.0750\/PX - Neroluce","robots":{"index":"index","follow":"follow","max-snippet":"max-snippet:-1","max-image-preview":"max-image-preview:large","max-video-preview":"max-video-preview:-1"},"canonical":"https:\/\/nero-luce.com\/fr\/prodotti\/cones-et-coupes-publicitaires\/cone-lumineux-double-face-0750-px\/","og_locale":"fr_FR","og_type":"article","og_title":"C\u00f4ne lumineux double face - Art.0750\/PX - Neroluce","og_description":"C\u00f4ne lumineux avec faces en m\u00e9thacrylate d\u00e9cor\u00e9, model\u00e9 et double face. Les faces en m\u00e9thacrylate sont d\u00e9cor\u00e9es avec une pellicule adh\u00e9sive color\u00e9e r\u00e9tro-\u00e9clairable et pour cette raison le c\u00f4ne est extr\u00eamement visible le jour et la nuit, m\u00eame \u00e0 une grande distance. Il est fourni complet, avec des fixations r\u00e9glables en longueur, pour le fixer au mur.  Dimensions: L.700 x H.1200 mm","og_url":"https:\/\/nero-luce.com\/fr\/prodotti\/cones-et-coupes-publicitaires\/cone-lumineux-double-face-0750-px\/","og_site_name":"Neroluce","og_image":[{"width":675,"height":900,"url":"https:\/\/nero-luce.com\/wp-content\/uploads\/2017\/10\/cono-luminoso-0750-px.jpg","type":"image\/jpeg"}],"twitter_card":"summary_large_image","schema":{"@context":"https:\/\/schema.org","@graph":[{"@type":"WebPage","@id":"https:\/\/nero-luce.com\/fr\/prodotti\/cones-et-coupes-publicitaires\/cone-lumineux-double-face-0750-px\/","url":"https:\/\/nero-luce.com\/fr\/prodotti\/cones-et-coupes-publicitaires\/cone-lumineux-double-face-0750-px\/","name":"C\u00f4ne lumineux double face - Art.0750\/PX - Neroluce","isPartOf":{"@id":"https:\/\/nero-luce.com\/it\/#website"},"datePublished":"2017-10-13T15:53:56+00:00","dateModified":"2017-10-13T15:53:56+00:00","breadcrumb":{"@id":"https:\/\/nero-luce.com\/fr\/prodotti\/cones-et-coupes-publicitaires\/cone-lumineux-double-face-0750-px\/#breadcrumb"},"inLanguage":"fr-FR","potentialAction":[{"@type":"ReadAction","target":["https:\/\/nero-luce.com\/fr\/prodotti\/cones-et-coupes-publicitaires\/cone-lumineux-double-face-0750-px\/"]}]},{"@type":"BreadcrumbList","@id":"https:\/\/nero-luce.com\/fr\/prodotti\/cones-et-coupes-publicitaires\/cone-lumineux-double-face-0750-px\/#breadcrumb","itemListElement":[{"@type":"ListItem","position":1,"name":"Home","item":"https:\/\/nero-luce.com\/fr\/"},{"@type":"ListItem","position":2,"name":"Produits","item":"https:\/\/nero-luce.com\/fr\/produits\/"},{"@type":"ListItem","position":3,"name":"C\u00f4ne lumineux double face &#8211; Art.0750\/PX"}]},{"@type":"WebSite","@id":"https:\/\/nero-luce.com\/it\/#website","url":"https:\/\/nero-luce.com\/it\/","name":"Neroluce","description":"Insegne e accessori per gelaterie","potentialAction":[{"@type":"SearchAction","target":{"@type":"EntryPoint","urlTemplate":"https:\/\/nero-luce.com\/it\/?s={search_term_string}"},"query-input":"required name=search_term_string"}],"inLanguage":"fr-FR"}]}},"acf":[],"_links":{"self":[{"href":"https:\/\/nero-luce.com\/fr\/wp-json\/wp\/v2\/product\/8961"}],"collection":[{"href":"https:\/\/nero-luce.com\/fr\/wp-json\/wp\/v2\/product"}],"about":[{"href":"https:\/\/nero-luce.com\/fr\/wp-json\/wp\/v2\/types\/product"}],"replies":[{"embeddable":true,"href":"https:\/\/nero-luce.com\/fr\/wp-json\/wp\/v2\/comments?post=8961"}],"wp:featuredmedia":[{"embeddable":true,"href":"https:\/\/nero-luce.com\/fr\/wp-json\/wp\/v2\/media\/7749"}],"wp:attachment":[{"href":"https:\/\/nero-luce.com\/fr\/wp-json\/wp\/v2\/media?parent=8961"}],"wp:term":[{"taxonomy":"product_cat","embeddable":true,"href":"https:\/\/nero-luce.com\/fr\/wp-json\/wp\/v2\/product_cat?post=8961"},{"taxonomy":"product_tag","embeddable":true,"href":"https:\/\/nero-luce.com\/fr\/wp-json\/wp\/v2\/product_tag?post=8961"}],"curies":[{"name":"wp","href":"https:\/\/api.w.org\/{rel}","templated":true}]}}