{"id":8960,"date":"2017-10-13T15:53:08","date_gmt":"2017-10-13T15:53:08","guid":{"rendered":"https:\/\/nero-luce.com\/prodotto\/coupe-papier-0970\/"},"modified":"2017-10-13T15:53:08","modified_gmt":"2017-10-13T15:53:08","slug":"coupe-papier-0970","status":"publish","type":"product","link":"https:\/\/nero-luce.com\/fr\/prodotti\/accessoires-et-complements\/coupe-papier\/coupe-papier-0970\/","title":{"rendered":"Coupe-papier &#8211; Art.0970"},"content":{"rendered":"","protected":false},"excerpt":{"rendered":"<p>Coupe-papier confortable, fonctionnel et solide. Flancs en plexiglas de 10mm, structure en mat\u00e9riel composite extr\u00eamement solide et lame en acier inox.<br \/>\nIl est \u00e9quip\u00e9 pour la fixation \u00e0 mur ou pour \u00eatre appuy\u00e9 sur un plan de travail.<br \/>\nLe c\u00f4t\u00e9 sup\u00e9rieur est con\u00e7u pour l&rsquo;insertion des r\u00e9cipients multifonction art. 0921 et\/ou art. 0924 (optionnel).<\/p>\n<p>Dimensions: 550x260x230 mm<\/p>\n","protected":false},"featured_media":5948,"comment_status":"closed","ping_status":"closed","template":"","meta":[],"product_cat":[320],"product_tag":[],"yoast_head":"<!-- This site is optimized with the Yoast SEO plugin v20.2.1 - https:\/\/yoast.com\/wordpress\/plugins\/seo\/ -->\n<title>Coupe-papier - Art.0970 - Neroluce<\/title>\n<meta name=\"robots\" content=\"index, follow, max-snippet:-1, max-image-preview:large, max-video-preview:-1\" \/>\n<link rel=\"canonical\" href=\"https:\/\/nero-luce.com\/fr\/prodotti\/accessoires-et-complements\/coupe-papier\/coupe-papier-0970\/\" \/>\n<meta property=\"og:locale\" content=\"fr_FR\" \/>\n<meta property=\"og:type\" content=\"article\" \/>\n<meta property=\"og:title\" content=\"Coupe-papier - Art.0970 - Neroluce\" \/>\n<meta property=\"og:description\" content=\"Coupe-papier confortable, fonctionnel et solide. Flancs en plexiglas de 10mm, structure en mat\u00e9riel composite extr\u00eamement solide et lame en acier inox. Il est \u00e9quip\u00e9 pour la fixation \u00e0 mur ou pour \u00eatre appuy\u00e9 sur un plan de travail. Le c\u00f4t\u00e9 sup\u00e9rieur est con\u00e7u pour l&#039;insertion des r\u00e9cipients multifonction art. 0921 et\/ou art. 0924 (optionnel).  Dimensions: 550x260x230 mm\" \/>\n<meta property=\"og:url\" content=\"https:\/\/nero-luce.com\/fr\/prodotti\/accessoires-et-complements\/coupe-papier\/coupe-papier-0970\/\" \/>\n<meta property=\"og:site_name\" content=\"Neroluce\" \/>\n<meta property=\"og:image\" content=\"https:\/\/nero-luce.com\/wp-content\/uploads\/2017\/10\/taglia-carta-0970.jpg\" \/>\n\t<meta property=\"og:image:width\" content=\"675\" \/>\n\t<meta property=\"og:image:height\" content=\"900\" \/>\n\t<meta property=\"og:image:type\" content=\"image\/jpeg\" \/>\n<meta name=\"twitter:card\" content=\"summary_large_image\" \/>\n<script type=\"application\/ld+json\" class=\"yoast-schema-graph\">{\"@context\":\"https:\/\/schema.org\",\"@graph\":[{\"@type\":\"WebPage\",\"@id\":\"https:\/\/nero-luce.com\/fr\/prodotti\/accessoires-et-complements\/coupe-papier\/coupe-papier-0970\/\",\"url\":\"https:\/\/nero-luce.com\/fr\/prodotti\/accessoires-et-complements\/coupe-papier\/coupe-papier-0970\/\",\"name\":\"Coupe-papier - Art.0970 - Neroluce\",\"isPartOf\":{\"@id\":\"https:\/\/nero-luce.com\/it\/#website\"},\"datePublished\":\"2017-10-13T15:53:08+00:00\",\"dateModified\":\"2017-10-13T15:53:08+00:00\",\"breadcrumb\":{\"@id\":\"https:\/\/nero-luce.com\/fr\/prodotti\/accessoires-et-complements\/coupe-papier\/coupe-papier-0970\/#breadcrumb\"},\"inLanguage\":\"fr-FR\",\"potentialAction\":[{\"@type\":\"ReadAction\",\"target\":[\"https:\/\/nero-luce.com\/fr\/prodotti\/accessoires-et-complements\/coupe-papier\/coupe-papier-0970\/\"]}]},{\"@type\":\"BreadcrumbList\",\"@id\":\"https:\/\/nero-luce.com\/fr\/prodotti\/accessoires-et-complements\/coupe-papier\/coupe-papier-0970\/#breadcrumb\",\"itemListElement\":[{\"@type\":\"ListItem\",\"position\":1,\"name\":\"Home\",\"item\":\"https:\/\/nero-luce.com\/fr\/\"},{\"@type\":\"ListItem\",\"position\":2,\"name\":\"Produits\",\"item\":\"https:\/\/nero-luce.com\/fr\/produits\/\"},{\"@type\":\"ListItem\",\"position\":3,\"name\":\"Coupe-papier &#8211; Art.0970\"}]},{\"@type\":\"WebSite\",\"@id\":\"https:\/\/nero-luce.com\/it\/#website\",\"url\":\"https:\/\/nero-luce.com\/it\/\",\"name\":\"Neroluce\",\"description\":\"Insegne e accessori per gelaterie\",\"potentialAction\":[{\"@type\":\"SearchAction\",\"target\":{\"@type\":\"EntryPoint\",\"urlTemplate\":\"https:\/\/nero-luce.com\/it\/?s={search_term_string}\"},\"query-input\":\"required name=search_term_string\"}],\"inLanguage\":\"fr-FR\"}]}<\/script>\n<!-- \/ Yoast SEO plugin. -->","yoast_head_json":{"title":"Coupe-papier - Art.0970 - Neroluce","robots":{"index":"index","follow":"follow","max-snippet":"max-snippet:-1","max-image-preview":"max-image-preview:large","max-video-preview":"max-video-preview:-1"},"canonical":"https:\/\/nero-luce.com\/fr\/prodotti\/accessoires-et-complements\/coupe-papier\/coupe-papier-0970\/","og_locale":"fr_FR","og_type":"article","og_title":"Coupe-papier - Art.0970 - Neroluce","og_description":"Coupe-papier confortable, fonctionnel et solide. Flancs en plexiglas de 10mm, structure en mat\u00e9riel composite extr\u00eamement solide et lame en acier inox. Il est \u00e9quip\u00e9 pour la fixation \u00e0 mur ou pour \u00eatre appuy\u00e9 sur un plan de travail. Le c\u00f4t\u00e9 sup\u00e9rieur est con\u00e7u pour l'insertion des r\u00e9cipients multifonction art. 0921 et\/ou art. 0924 (optionnel).  Dimensions: 550x260x230 mm","og_url":"https:\/\/nero-luce.com\/fr\/prodotti\/accessoires-et-complements\/coupe-papier\/coupe-papier-0970\/","og_site_name":"Neroluce","og_image":[{"width":675,"height":900,"url":"https:\/\/nero-luce.com\/wp-content\/uploads\/2017\/10\/taglia-carta-0970.jpg","type":"image\/jpeg"}],"twitter_card":"summary_large_image","schema":{"@context":"https:\/\/schema.org","@graph":[{"@type":"WebPage","@id":"https:\/\/nero-luce.com\/fr\/prodotti\/accessoires-et-complements\/coupe-papier\/coupe-papier-0970\/","url":"https:\/\/nero-luce.com\/fr\/prodotti\/accessoires-et-complements\/coupe-papier\/coupe-papier-0970\/","name":"Coupe-papier - Art.0970 - Neroluce","isPartOf":{"@id":"https:\/\/nero-luce.com\/it\/#website"},"datePublished":"2017-10-13T15:53:08+00:00","dateModified":"2017-10-13T15:53:08+00:00","breadcrumb":{"@id":"https:\/\/nero-luce.com\/fr\/prodotti\/accessoires-et-complements\/coupe-papier\/coupe-papier-0970\/#breadcrumb"},"inLanguage":"fr-FR","potentialAction":[{"@type":"ReadAction","target":["https:\/\/nero-luce.com\/fr\/prodotti\/accessoires-et-complements\/coupe-papier\/coupe-papier-0970\/"]}]},{"@type":"BreadcrumbList","@id":"https:\/\/nero-luce.com\/fr\/prodotti\/accessoires-et-complements\/coupe-papier\/coupe-papier-0970\/#breadcrumb","itemListElement":[{"@type":"ListItem","position":1,"name":"Home","item":"https:\/\/nero-luce.com\/fr\/"},{"@type":"ListItem","position":2,"name":"Produits","item":"https:\/\/nero-luce.com\/fr\/produits\/"},{"@type":"ListItem","position":3,"name":"Coupe-papier &#8211; Art.0970"}]},{"@type":"WebSite","@id":"https:\/\/nero-luce.com\/it\/#website","url":"https:\/\/nero-luce.com\/it\/","name":"Neroluce","description":"Insegne e accessori per gelaterie","potentialAction":[{"@type":"SearchAction","target":{"@type":"EntryPoint","urlTemplate":"https:\/\/nero-luce.com\/it\/?s={search_term_string}"},"query-input":"required name=search_term_string"}],"inLanguage":"fr-FR"}]}},"acf":[],"_links":{"self":[{"href":"https:\/\/nero-luce.com\/fr\/wp-json\/wp\/v2\/product\/8960"}],"collection":[{"href":"https:\/\/nero-luce.com\/fr\/wp-json\/wp\/v2\/product"}],"about":[{"href":"https:\/\/nero-luce.com\/fr\/wp-json\/wp\/v2\/types\/product"}],"replies":[{"embeddable":true,"href":"https:\/\/nero-luce.com\/fr\/wp-json\/wp\/v2\/comments?post=8960"}],"wp:featuredmedia":[{"embeddable":true,"href":"https:\/\/nero-luce.com\/fr\/wp-json\/wp\/v2\/media\/5948"}],"wp:attachment":[{"href":"https:\/\/nero-luce.com\/fr\/wp-json\/wp\/v2\/media?parent=8960"}],"wp:term":[{"taxonomy":"product_cat","embeddable":true,"href":"https:\/\/nero-luce.com\/fr\/wp-json\/wp\/v2\/product_cat?post=8960"},{"taxonomy":"product_tag","embeddable":true,"href":"https:\/\/nero-luce.com\/fr\/wp-json\/wp\/v2\/product_tag?post=8960"}],"curies":[{"name":"wp","href":"https:\/\/api.w.org\/{rel}","templated":true}]}}