{"id":8937,"date":"2017-10-13T15:53:38","date_gmt":"2017-10-13T15:53:38","guid":{"rendered":"https:\/\/nero-luce.com\/prodotto\/porte-dechets-double-face-pvc-0767-1\/"},"modified":"2017-10-13T15:53:38","modified_gmt":"2017-10-13T15:53:38","slug":"porte-dechets-double-face-pvc-0767-1","status":"publish","type":"product","link":"https:\/\/nero-luce.com\/fr\/prodotti\/accessoires-et-complements\/porte-dechets\/porte-dechets-double-face-pvc-0767-1\/","title":{"rendered":"Porte-d\u00e9chets double face PVC &#8211; Art. 0767\/1"},"content":{"rendered":"","protected":false},"excerpt":{"rendered":"<p>Porte-d\u00e9chets double face \u00e0 forme de c\u00f4ne soft.<br \/>\nIl unit le pouvoir d&rsquo;attirance de la graphique captivante et bariol\u00e9e \u00e0 l&rsquo;utilit\u00e9 de la fonction de porte-d\u00e9chets.<br \/>\nL&rsquo;objet est enti\u00e8rement r\u00e9alis\u00e9 en PVC 10mm: mat\u00e9riel pour l&rsquo;ext\u00e9rieur durable dans le temps.<br \/>\nL&rsquo;acc\u00e8s \u00e0 l&rsquo;int\u00e9rieur est possible \u00e0 travers le couvercle amovible.<\/p>\n<p>Dimensions: 700x340xH1600mm<\/p>\n","protected":false},"featured_media":13714,"comment_status":"closed","ping_status":"closed","template":"","meta":[],"product_cat":[312],"product_tag":[],"yoast_head":"<!-- This site is optimized with the Yoast SEO plugin v20.2.1 - https:\/\/yoast.com\/wordpress\/plugins\/seo\/ -->\n<title>Porte-d\u00e9chets double face PVC - Art. 0767\/1 - Neroluce<\/title>\n<meta name=\"robots\" content=\"index, follow, max-snippet:-1, max-image-preview:large, max-video-preview:-1\" \/>\n<link rel=\"canonical\" href=\"https:\/\/nero-luce.com\/fr\/prodotti\/accessoires-et-complements\/porte-dechets\/porte-dechets-double-face-pvc-0767-1\/\" \/>\n<meta property=\"og:locale\" content=\"fr_FR\" \/>\n<meta property=\"og:type\" content=\"article\" \/>\n<meta property=\"og:title\" content=\"Porte-d\u00e9chets double face PVC - Art. 0767\/1 - Neroluce\" \/>\n<meta property=\"og:description\" content=\"Porte-d\u00e9chets double face \u00e0 forme de c\u00f4ne soft. Il unit le pouvoir d&#039;attirance de la graphique captivante et bariol\u00e9e \u00e0 l&#039;utilit\u00e9 de la fonction de porte-d\u00e9chets. L&#039;objet est enti\u00e8rement r\u00e9alis\u00e9 en PVC 10mm: mat\u00e9riel pour l&#039;ext\u00e9rieur durable dans le temps. L&#039;acc\u00e8s \u00e0 l&#039;int\u00e9rieur est possible \u00e0 travers le couvercle amovible.  Dimensions: 700x340xH1600mm\" \/>\n<meta property=\"og:url\" content=\"https:\/\/nero-luce.com\/fr\/prodotti\/accessoires-et-complements\/porte-dechets\/porte-dechets-double-face-pvc-0767-1\/\" \/>\n<meta property=\"og:site_name\" content=\"Neroluce\" \/>\n<meta property=\"og:image\" content=\"https:\/\/nero-luce.com\/wp-content\/uploads\/2017\/10\/portarifiuti-0767.jpg\" \/>\n\t<meta property=\"og:image:width\" content=\"675\" \/>\n\t<meta property=\"og:image:height\" content=\"900\" \/>\n\t<meta property=\"og:image:type\" content=\"image\/jpeg\" \/>\n<meta name=\"twitter:card\" content=\"summary_large_image\" \/>\n<script type=\"application\/ld+json\" class=\"yoast-schema-graph\">{\"@context\":\"https:\/\/schema.org\",\"@graph\":[{\"@type\":\"WebPage\",\"@id\":\"https:\/\/nero-luce.com\/fr\/prodotti\/accessoires-et-complements\/porte-dechets\/porte-dechets-double-face-pvc-0767-1\/\",\"url\":\"https:\/\/nero-luce.com\/fr\/prodotti\/accessoires-et-complements\/porte-dechets\/porte-dechets-double-face-pvc-0767-1\/\",\"name\":\"Porte-d\u00e9chets double face PVC - Art. 0767\/1 - Neroluce\",\"isPartOf\":{\"@id\":\"https:\/\/nero-luce.com\/it\/#website\"},\"datePublished\":\"2017-10-13T15:53:38+00:00\",\"dateModified\":\"2017-10-13T15:53:38+00:00\",\"breadcrumb\":{\"@id\":\"https:\/\/nero-luce.com\/fr\/prodotti\/accessoires-et-complements\/porte-dechets\/porte-dechets-double-face-pvc-0767-1\/#breadcrumb\"},\"inLanguage\":\"fr-FR\",\"potentialAction\":[{\"@type\":\"ReadAction\",\"target\":[\"https:\/\/nero-luce.com\/fr\/prodotti\/accessoires-et-complements\/porte-dechets\/porte-dechets-double-face-pvc-0767-1\/\"]}]},{\"@type\":\"BreadcrumbList\",\"@id\":\"https:\/\/nero-luce.com\/fr\/prodotti\/accessoires-et-complements\/porte-dechets\/porte-dechets-double-face-pvc-0767-1\/#breadcrumb\",\"itemListElement\":[{\"@type\":\"ListItem\",\"position\":1,\"name\":\"Home\",\"item\":\"https:\/\/nero-luce.com\/fr\/\"},{\"@type\":\"ListItem\",\"position\":2,\"name\":\"Produits\",\"item\":\"https:\/\/nero-luce.com\/fr\/produits\/\"},{\"@type\":\"ListItem\",\"position\":3,\"name\":\"Porte-d\u00e9chets double face PVC &#8211; Art. 0767\/1\"}]},{\"@type\":\"WebSite\",\"@id\":\"https:\/\/nero-luce.com\/it\/#website\",\"url\":\"https:\/\/nero-luce.com\/it\/\",\"name\":\"Neroluce\",\"description\":\"Insegne e accessori per gelaterie\",\"potentialAction\":[{\"@type\":\"SearchAction\",\"target\":{\"@type\":\"EntryPoint\",\"urlTemplate\":\"https:\/\/nero-luce.com\/it\/?s={search_term_string}\"},\"query-input\":\"required name=search_term_string\"}],\"inLanguage\":\"fr-FR\"}]}<\/script>\n<!-- \/ Yoast SEO plugin. -->","yoast_head_json":{"title":"Porte-d\u00e9chets double face PVC - Art. 0767\/1 - Neroluce","robots":{"index":"index","follow":"follow","max-snippet":"max-snippet:-1","max-image-preview":"max-image-preview:large","max-video-preview":"max-video-preview:-1"},"canonical":"https:\/\/nero-luce.com\/fr\/prodotti\/accessoires-et-complements\/porte-dechets\/porte-dechets-double-face-pvc-0767-1\/","og_locale":"fr_FR","og_type":"article","og_title":"Porte-d\u00e9chets double face PVC - Art. 0767\/1 - Neroluce","og_description":"Porte-d\u00e9chets double face \u00e0 forme de c\u00f4ne soft. Il unit le pouvoir d'attirance de la graphique captivante et bariol\u00e9e \u00e0 l'utilit\u00e9 de la fonction de porte-d\u00e9chets. L'objet est enti\u00e8rement r\u00e9alis\u00e9 en PVC 10mm: mat\u00e9riel pour l'ext\u00e9rieur durable dans le temps. L'acc\u00e8s \u00e0 l'int\u00e9rieur est possible \u00e0 travers le couvercle amovible.  Dimensions: 700x340xH1600mm","og_url":"https:\/\/nero-luce.com\/fr\/prodotti\/accessoires-et-complements\/porte-dechets\/porte-dechets-double-face-pvc-0767-1\/","og_site_name":"Neroluce","og_image":[{"width":675,"height":900,"url":"https:\/\/nero-luce.com\/wp-content\/uploads\/2017\/10\/portarifiuti-0767.jpg","type":"image\/jpeg"}],"twitter_card":"summary_large_image","schema":{"@context":"https:\/\/schema.org","@graph":[{"@type":"WebPage","@id":"https:\/\/nero-luce.com\/fr\/prodotti\/accessoires-et-complements\/porte-dechets\/porte-dechets-double-face-pvc-0767-1\/","url":"https:\/\/nero-luce.com\/fr\/prodotti\/accessoires-et-complements\/porte-dechets\/porte-dechets-double-face-pvc-0767-1\/","name":"Porte-d\u00e9chets double face PVC - Art. 0767\/1 - Neroluce","isPartOf":{"@id":"https:\/\/nero-luce.com\/it\/#website"},"datePublished":"2017-10-13T15:53:38+00:00","dateModified":"2017-10-13T15:53:38+00:00","breadcrumb":{"@id":"https:\/\/nero-luce.com\/fr\/prodotti\/accessoires-et-complements\/porte-dechets\/porte-dechets-double-face-pvc-0767-1\/#breadcrumb"},"inLanguage":"fr-FR","potentialAction":[{"@type":"ReadAction","target":["https:\/\/nero-luce.com\/fr\/prodotti\/accessoires-et-complements\/porte-dechets\/porte-dechets-double-face-pvc-0767-1\/"]}]},{"@type":"BreadcrumbList","@id":"https:\/\/nero-luce.com\/fr\/prodotti\/accessoires-et-complements\/porte-dechets\/porte-dechets-double-face-pvc-0767-1\/#breadcrumb","itemListElement":[{"@type":"ListItem","position":1,"name":"Home","item":"https:\/\/nero-luce.com\/fr\/"},{"@type":"ListItem","position":2,"name":"Produits","item":"https:\/\/nero-luce.com\/fr\/produits\/"},{"@type":"ListItem","position":3,"name":"Porte-d\u00e9chets double face PVC &#8211; Art. 0767\/1"}]},{"@type":"WebSite","@id":"https:\/\/nero-luce.com\/it\/#website","url":"https:\/\/nero-luce.com\/it\/","name":"Neroluce","description":"Insegne e accessori per gelaterie","potentialAction":[{"@type":"SearchAction","target":{"@type":"EntryPoint","urlTemplate":"https:\/\/nero-luce.com\/it\/?s={search_term_string}"},"query-input":"required name=search_term_string"}],"inLanguage":"fr-FR"}]}},"acf":[],"_links":{"self":[{"href":"https:\/\/nero-luce.com\/fr\/wp-json\/wp\/v2\/product\/8937"}],"collection":[{"href":"https:\/\/nero-luce.com\/fr\/wp-json\/wp\/v2\/product"}],"about":[{"href":"https:\/\/nero-luce.com\/fr\/wp-json\/wp\/v2\/types\/product"}],"replies":[{"embeddable":true,"href":"https:\/\/nero-luce.com\/fr\/wp-json\/wp\/v2\/comments?post=8937"}],"wp:featuredmedia":[{"embeddable":true,"href":"https:\/\/nero-luce.com\/fr\/wp-json\/wp\/v2\/media\/13714"}],"wp:attachment":[{"href":"https:\/\/nero-luce.com\/fr\/wp-json\/wp\/v2\/media?parent=8937"}],"wp:term":[{"taxonomy":"product_cat","embeddable":true,"href":"https:\/\/nero-luce.com\/fr\/wp-json\/wp\/v2\/product_cat?post=8937"},{"taxonomy":"product_tag","embeddable":true,"href":"https:\/\/nero-luce.com\/fr\/wp-json\/wp\/v2\/product_tag?post=8937"}],"curies":[{"name":"wp","href":"https:\/\/api.w.org\/{rel}","templated":true}]}}