{"id":8933,"date":"2017-10-13T15:53:42","date_gmt":"2017-10-13T15:53:42","guid":{"rendered":"https:\/\/nero-luce.com\/prodotto\/cone-porte-dechets-en-fibre-de-verre-0763\/"},"modified":"2017-10-13T15:53:42","modified_gmt":"2017-10-13T15:53:42","slug":"cone-porte-dechets-en-fibre-de-verre-0763","status":"publish","type":"product","link":"https:\/\/nero-luce.com\/fr\/prodotti\/accessoires-et-complements\/porte-dechets\/cone-porte-dechets-en-fibre-de-verre-0763\/","title":{"rendered":"C\u00f4ne porte-d\u00e9chets en fibre de verre &#8211; Art.0763"},"content":{"rendered":"","protected":false},"excerpt":{"rendered":"<p>Bel c\u00f4ne tridimensionnel pour l&rsquo;ext\u00e9rieur en fibre de verre, avec fonction de porte-d\u00e9chets et verni des couleurs vives et attrayantes.<br \/>\nAspect d&rsquo;impact visuel. Ce c\u00f4ne est en fibre de verre r\u00e9alis\u00e9 en deux pi\u00e8ces, de mani\u00e8re \u00e0 remplir la partie inf\u00e9rieure pour la rendre lourde dans le cas de vent fort et pour pouvoir enlever\/mettre le sac pour les d\u00e9chets.<\/p>\n<p>Dimensions: H=1650mm<\/p>\n","protected":false},"featured_media":7496,"comment_status":"closed","ping_status":"closed","template":"","meta":[],"product_cat":[305,312],"product_tag":[],"yoast_head":"<!-- This site is optimized with the Yoast SEO plugin v20.2.1 - https:\/\/yoast.com\/wordpress\/plugins\/seo\/ -->\n<title>C\u00f4ne porte-d\u00e9chets en fibre de verre - Art.0763 - Neroluce<\/title>\n<meta name=\"robots\" content=\"index, follow, max-snippet:-1, max-image-preview:large, max-video-preview:-1\" \/>\n<link rel=\"canonical\" href=\"https:\/\/nero-luce.com\/fr\/prodotti\/accessoires-et-complements\/porte-dechets\/cone-porte-dechets-en-fibre-de-verre-0763\/\" \/>\n<meta property=\"og:locale\" content=\"fr_FR\" \/>\n<meta property=\"og:type\" content=\"article\" \/>\n<meta property=\"og:title\" content=\"C\u00f4ne porte-d\u00e9chets en fibre de verre - Art.0763 - Neroluce\" \/>\n<meta property=\"og:description\" content=\"Bel c\u00f4ne tridimensionnel pour l&#039;ext\u00e9rieur en fibre de verre, avec fonction de porte-d\u00e9chets et verni des couleurs vives et attrayantes. Aspect d&#039;impact visuel. Ce c\u00f4ne est en fibre de verre r\u00e9alis\u00e9 en deux pi\u00e8ces, de mani\u00e8re \u00e0 remplir la partie inf\u00e9rieure pour la rendre lourde dans le cas de vent fort et pour pouvoir enlever\/mettre le sac pour les d\u00e9chets.  Dimensions: H=1650mm\" \/>\n<meta property=\"og:url\" content=\"https:\/\/nero-luce.com\/fr\/prodotti\/accessoires-et-complements\/porte-dechets\/cone-porte-dechets-en-fibre-de-verre-0763\/\" \/>\n<meta property=\"og:site_name\" content=\"Neroluce\" \/>\n<meta property=\"og:image\" content=\"https:\/\/nero-luce.com\/wp-content\/uploads\/2017\/10\/portarifiuti-0763.jpg\" \/>\n\t<meta property=\"og:image:width\" content=\"675\" \/>\n\t<meta property=\"og:image:height\" content=\"900\" \/>\n\t<meta property=\"og:image:type\" content=\"image\/jpeg\" \/>\n<meta name=\"twitter:card\" content=\"summary_large_image\" \/>\n<script type=\"application\/ld+json\" class=\"yoast-schema-graph\">{\"@context\":\"https:\/\/schema.org\",\"@graph\":[{\"@type\":\"WebPage\",\"@id\":\"https:\/\/nero-luce.com\/fr\/prodotti\/accessoires-et-complements\/porte-dechets\/cone-porte-dechets-en-fibre-de-verre-0763\/\",\"url\":\"https:\/\/nero-luce.com\/fr\/prodotti\/accessoires-et-complements\/porte-dechets\/cone-porte-dechets-en-fibre-de-verre-0763\/\",\"name\":\"C\u00f4ne porte-d\u00e9chets en fibre de verre - Art.0763 - Neroluce\",\"isPartOf\":{\"@id\":\"https:\/\/nero-luce.com\/it\/#website\"},\"datePublished\":\"2017-10-13T15:53:42+00:00\",\"dateModified\":\"2017-10-13T15:53:42+00:00\",\"breadcrumb\":{\"@id\":\"https:\/\/nero-luce.com\/fr\/prodotti\/accessoires-et-complements\/porte-dechets\/cone-porte-dechets-en-fibre-de-verre-0763\/#breadcrumb\"},\"inLanguage\":\"fr-FR\",\"potentialAction\":[{\"@type\":\"ReadAction\",\"target\":[\"https:\/\/nero-luce.com\/fr\/prodotti\/accessoires-et-complements\/porte-dechets\/cone-porte-dechets-en-fibre-de-verre-0763\/\"]}]},{\"@type\":\"BreadcrumbList\",\"@id\":\"https:\/\/nero-luce.com\/fr\/prodotti\/accessoires-et-complements\/porte-dechets\/cone-porte-dechets-en-fibre-de-verre-0763\/#breadcrumb\",\"itemListElement\":[{\"@type\":\"ListItem\",\"position\":1,\"name\":\"Home\",\"item\":\"https:\/\/nero-luce.com\/fr\/\"},{\"@type\":\"ListItem\",\"position\":2,\"name\":\"Produits\",\"item\":\"https:\/\/nero-luce.com\/fr\/produits\/\"},{\"@type\":\"ListItem\",\"position\":3,\"name\":\"C\u00f4ne porte-d\u00e9chets en fibre de verre &#8211; Art.0763\"}]},{\"@type\":\"WebSite\",\"@id\":\"https:\/\/nero-luce.com\/it\/#website\",\"url\":\"https:\/\/nero-luce.com\/it\/\",\"name\":\"Neroluce\",\"description\":\"Insegne e accessori per gelaterie\",\"potentialAction\":[{\"@type\":\"SearchAction\",\"target\":{\"@type\":\"EntryPoint\",\"urlTemplate\":\"https:\/\/nero-luce.com\/it\/?s={search_term_string}\"},\"query-input\":\"required name=search_term_string\"}],\"inLanguage\":\"fr-FR\"}]}<\/script>\n<!-- \/ Yoast SEO plugin. -->","yoast_head_json":{"title":"C\u00f4ne porte-d\u00e9chets en fibre de verre - Art.0763 - Neroluce","robots":{"index":"index","follow":"follow","max-snippet":"max-snippet:-1","max-image-preview":"max-image-preview:large","max-video-preview":"max-video-preview:-1"},"canonical":"https:\/\/nero-luce.com\/fr\/prodotti\/accessoires-et-complements\/porte-dechets\/cone-porte-dechets-en-fibre-de-verre-0763\/","og_locale":"fr_FR","og_type":"article","og_title":"C\u00f4ne porte-d\u00e9chets en fibre de verre - Art.0763 - Neroluce","og_description":"Bel c\u00f4ne tridimensionnel pour l'ext\u00e9rieur en fibre de verre, avec fonction de porte-d\u00e9chets et verni des couleurs vives et attrayantes. Aspect d'impact visuel. Ce c\u00f4ne est en fibre de verre r\u00e9alis\u00e9 en deux pi\u00e8ces, de mani\u00e8re \u00e0 remplir la partie inf\u00e9rieure pour la rendre lourde dans le cas de vent fort et pour pouvoir enlever\/mettre le sac pour les d\u00e9chets.  Dimensions: H=1650mm","og_url":"https:\/\/nero-luce.com\/fr\/prodotti\/accessoires-et-complements\/porte-dechets\/cone-porte-dechets-en-fibre-de-verre-0763\/","og_site_name":"Neroluce","og_image":[{"width":675,"height":900,"url":"https:\/\/nero-luce.com\/wp-content\/uploads\/2017\/10\/portarifiuti-0763.jpg","type":"image\/jpeg"}],"twitter_card":"summary_large_image","schema":{"@context":"https:\/\/schema.org","@graph":[{"@type":"WebPage","@id":"https:\/\/nero-luce.com\/fr\/prodotti\/accessoires-et-complements\/porte-dechets\/cone-porte-dechets-en-fibre-de-verre-0763\/","url":"https:\/\/nero-luce.com\/fr\/prodotti\/accessoires-et-complements\/porte-dechets\/cone-porte-dechets-en-fibre-de-verre-0763\/","name":"C\u00f4ne porte-d\u00e9chets en fibre de verre - Art.0763 - Neroluce","isPartOf":{"@id":"https:\/\/nero-luce.com\/it\/#website"},"datePublished":"2017-10-13T15:53:42+00:00","dateModified":"2017-10-13T15:53:42+00:00","breadcrumb":{"@id":"https:\/\/nero-luce.com\/fr\/prodotti\/accessoires-et-complements\/porte-dechets\/cone-porte-dechets-en-fibre-de-verre-0763\/#breadcrumb"},"inLanguage":"fr-FR","potentialAction":[{"@type":"ReadAction","target":["https:\/\/nero-luce.com\/fr\/prodotti\/accessoires-et-complements\/porte-dechets\/cone-porte-dechets-en-fibre-de-verre-0763\/"]}]},{"@type":"BreadcrumbList","@id":"https:\/\/nero-luce.com\/fr\/prodotti\/accessoires-et-complements\/porte-dechets\/cone-porte-dechets-en-fibre-de-verre-0763\/#breadcrumb","itemListElement":[{"@type":"ListItem","position":1,"name":"Home","item":"https:\/\/nero-luce.com\/fr\/"},{"@type":"ListItem","position":2,"name":"Produits","item":"https:\/\/nero-luce.com\/fr\/produits\/"},{"@type":"ListItem","position":3,"name":"C\u00f4ne porte-d\u00e9chets en fibre de verre &#8211; Art.0763"}]},{"@type":"WebSite","@id":"https:\/\/nero-luce.com\/it\/#website","url":"https:\/\/nero-luce.com\/it\/","name":"Neroluce","description":"Insegne e accessori per gelaterie","potentialAction":[{"@type":"SearchAction","target":{"@type":"EntryPoint","urlTemplate":"https:\/\/nero-luce.com\/it\/?s={search_term_string}"},"query-input":"required name=search_term_string"}],"inLanguage":"fr-FR"}]}},"acf":[],"_links":{"self":[{"href":"https:\/\/nero-luce.com\/fr\/wp-json\/wp\/v2\/product\/8933"}],"collection":[{"href":"https:\/\/nero-luce.com\/fr\/wp-json\/wp\/v2\/product"}],"about":[{"href":"https:\/\/nero-luce.com\/fr\/wp-json\/wp\/v2\/types\/product"}],"replies":[{"embeddable":true,"href":"https:\/\/nero-luce.com\/fr\/wp-json\/wp\/v2\/comments?post=8933"}],"wp:featuredmedia":[{"embeddable":true,"href":"https:\/\/nero-luce.com\/fr\/wp-json\/wp\/v2\/media\/7496"}],"wp:attachment":[{"href":"https:\/\/nero-luce.com\/fr\/wp-json\/wp\/v2\/media?parent=8933"}],"wp:term":[{"taxonomy":"product_cat","embeddable":true,"href":"https:\/\/nero-luce.com\/fr\/wp-json\/wp\/v2\/product_cat?post=8933"},{"taxonomy":"product_tag","embeddable":true,"href":"https:\/\/nero-luce.com\/fr\/wp-json\/wp\/v2\/product_tag?post=8933"}],"curies":[{"name":"wp","href":"https:\/\/api.w.org\/{rel}","templated":true}]}}