{"id":8918,"date":"2017-10-13T15:53:29","date_gmt":"2017-10-13T15:53:29","guid":{"rendered":"https:\/\/nero-luce.com\/prodotto\/porte-dechets-a-deux-faces-baby-avec-couvercle-art-0776c\/"},"modified":"2017-11-22T11:33:18","modified_gmt":"2017-11-22T11:33:18","slug":"porte-dechets-double-face-baby-avec-couvercle-0776-c","status":"publish","type":"product","link":"https:\/\/nero-luce.com\/fr\/prodotti\/accessoires-et-complements\/porte-dechets\/porte-dechets-baby\/porte-dechets-double-face-baby-avec-couvercle-0776-c\/","title":{"rendered":"Porte-d\u00e9chets double face baby avec couvercle &#8211; Art. 0776\/C"},"content":{"rendered":"","protected":false},"excerpt":{"rendered":"<p>Porte-d\u00e9chets \u00e0 deux faces de petite taille.<br \/>\nComplet avec couvercle oscillant et amovible.<br \/>\nIl unit le pouvoir attirant de la graphique captivante et bariol\u00e9e \u00e0 l&rsquo;indispensable utilit\u00e9 de la fonction de porte-d\u00e9chets. L&rsquo;objet est enti\u00e8rement r\u00e9alis\u00e9 en PVC 10mm: mat\u00e9riel pour l&rsquo;ext\u00e9rieur durable dans le temps.<\/p>\n<p>H=800mm<\/p>\n","protected":false},"featured_media":7176,"comment_status":"closed","ping_status":"closed","template":"","meta":[],"product_cat":[312,314],"product_tag":[],"yoast_head":"<!-- This site is optimized with the Yoast SEO plugin v20.2.1 - https:\/\/yoast.com\/wordpress\/plugins\/seo\/ -->\n<title>Porte-d\u00e9chets double face baby avec couvercle - Art. 0776\/C - Neroluce<\/title>\n<meta name=\"robots\" content=\"index, follow, max-snippet:-1, max-image-preview:large, max-video-preview:-1\" \/>\n<link rel=\"canonical\" href=\"https:\/\/nero-luce.com\/fr\/prodotti\/accessoires-et-complements\/porte-dechets\/porte-dechets-baby\/porte-dechets-double-face-baby-avec-couvercle-0776-c\/\" \/>\n<meta property=\"og:locale\" content=\"fr_FR\" \/>\n<meta property=\"og:type\" content=\"article\" \/>\n<meta property=\"og:title\" content=\"Porte-d\u00e9chets double face baby avec couvercle - Art. 0776\/C - Neroluce\" \/>\n<meta property=\"og:description\" content=\"Porte-d\u00e9chets \u00e0 deux faces de petite taille. Complet avec couvercle oscillant et amovible. Il unit le pouvoir attirant de la graphique captivante et bariol\u00e9e \u00e0 l&#039;indispensable utilit\u00e9 de la fonction de porte-d\u00e9chets. L&#039;objet est enti\u00e8rement r\u00e9alis\u00e9 en PVC 10mm: mat\u00e9riel pour l&#039;ext\u00e9rieur durable dans le temps.  H=800mm\" \/>\n<meta property=\"og:url\" content=\"https:\/\/nero-luce.com\/fr\/prodotti\/accessoires-et-complements\/porte-dechets\/porte-dechets-baby\/porte-dechets-double-face-baby-avec-couvercle-0776-c\/\" \/>\n<meta property=\"og:site_name\" content=\"Neroluce\" \/>\n<meta property=\"article:modified_time\" content=\"2017-11-22T11:33:18+00:00\" \/>\n<meta property=\"og:image\" content=\"https:\/\/nero-luce.com\/wp-content\/uploads\/2017\/10\/portarifiuti-baby-0776-c.jpg\" \/>\n\t<meta property=\"og:image:width\" content=\"675\" \/>\n\t<meta property=\"og:image:height\" content=\"900\" \/>\n\t<meta property=\"og:image:type\" content=\"image\/jpeg\" \/>\n<meta name=\"twitter:card\" content=\"summary_large_image\" \/>\n<script type=\"application\/ld+json\" class=\"yoast-schema-graph\">{\"@context\":\"https:\/\/schema.org\",\"@graph\":[{\"@type\":\"WebPage\",\"@id\":\"https:\/\/nero-luce.com\/fr\/prodotti\/accessoires-et-complements\/porte-dechets\/porte-dechets-baby\/porte-dechets-double-face-baby-avec-couvercle-0776-c\/\",\"url\":\"https:\/\/nero-luce.com\/fr\/prodotti\/accessoires-et-complements\/porte-dechets\/porte-dechets-baby\/porte-dechets-double-face-baby-avec-couvercle-0776-c\/\",\"name\":\"Porte-d\u00e9chets double face baby avec couvercle - Art. 0776\/C - Neroluce\",\"isPartOf\":{\"@id\":\"https:\/\/nero-luce.com\/it\/#website\"},\"datePublished\":\"2017-10-13T15:53:29+00:00\",\"dateModified\":\"2017-11-22T11:33:18+00:00\",\"breadcrumb\":{\"@id\":\"https:\/\/nero-luce.com\/fr\/prodotti\/accessoires-et-complements\/porte-dechets\/porte-dechets-baby\/porte-dechets-double-face-baby-avec-couvercle-0776-c\/#breadcrumb\"},\"inLanguage\":\"fr-FR\",\"potentialAction\":[{\"@type\":\"ReadAction\",\"target\":[\"https:\/\/nero-luce.com\/fr\/prodotti\/accessoires-et-complements\/porte-dechets\/porte-dechets-baby\/porte-dechets-double-face-baby-avec-couvercle-0776-c\/\"]}]},{\"@type\":\"BreadcrumbList\",\"@id\":\"https:\/\/nero-luce.com\/fr\/prodotti\/accessoires-et-complements\/porte-dechets\/porte-dechets-baby\/porte-dechets-double-face-baby-avec-couvercle-0776-c\/#breadcrumb\",\"itemListElement\":[{\"@type\":\"ListItem\",\"position\":1,\"name\":\"Home\",\"item\":\"https:\/\/nero-luce.com\/fr\/\"},{\"@type\":\"ListItem\",\"position\":2,\"name\":\"Produits\",\"item\":\"https:\/\/nero-luce.com\/fr\/produits\/\"},{\"@type\":\"ListItem\",\"position\":3,\"name\":\"Porte-d\u00e9chets double face baby avec couvercle &#8211; Art. 0776\/C\"}]},{\"@type\":\"WebSite\",\"@id\":\"https:\/\/nero-luce.com\/it\/#website\",\"url\":\"https:\/\/nero-luce.com\/it\/\",\"name\":\"Neroluce\",\"description\":\"Insegne e accessori per gelaterie\",\"potentialAction\":[{\"@type\":\"SearchAction\",\"target\":{\"@type\":\"EntryPoint\",\"urlTemplate\":\"https:\/\/nero-luce.com\/it\/?s={search_term_string}\"},\"query-input\":\"required name=search_term_string\"}],\"inLanguage\":\"fr-FR\"}]}<\/script>\n<!-- \/ Yoast SEO plugin. -->","yoast_head_json":{"title":"Porte-d\u00e9chets double face baby avec couvercle - Art. 0776\/C - Neroluce","robots":{"index":"index","follow":"follow","max-snippet":"max-snippet:-1","max-image-preview":"max-image-preview:large","max-video-preview":"max-video-preview:-1"},"canonical":"https:\/\/nero-luce.com\/fr\/prodotti\/accessoires-et-complements\/porte-dechets\/porte-dechets-baby\/porte-dechets-double-face-baby-avec-couvercle-0776-c\/","og_locale":"fr_FR","og_type":"article","og_title":"Porte-d\u00e9chets double face baby avec couvercle - Art. 0776\/C - Neroluce","og_description":"Porte-d\u00e9chets \u00e0 deux faces de petite taille. Complet avec couvercle oscillant et amovible. Il unit le pouvoir attirant de la graphique captivante et bariol\u00e9e \u00e0 l'indispensable utilit\u00e9 de la fonction de porte-d\u00e9chets. L'objet est enti\u00e8rement r\u00e9alis\u00e9 en PVC 10mm: mat\u00e9riel pour l'ext\u00e9rieur durable dans le temps.  H=800mm","og_url":"https:\/\/nero-luce.com\/fr\/prodotti\/accessoires-et-complements\/porte-dechets\/porte-dechets-baby\/porte-dechets-double-face-baby-avec-couvercle-0776-c\/","og_site_name":"Neroluce","article_modified_time":"2017-11-22T11:33:18+00:00","og_image":[{"width":675,"height":900,"url":"https:\/\/nero-luce.com\/wp-content\/uploads\/2017\/10\/portarifiuti-baby-0776-c.jpg","type":"image\/jpeg"}],"twitter_card":"summary_large_image","schema":{"@context":"https:\/\/schema.org","@graph":[{"@type":"WebPage","@id":"https:\/\/nero-luce.com\/fr\/prodotti\/accessoires-et-complements\/porte-dechets\/porte-dechets-baby\/porte-dechets-double-face-baby-avec-couvercle-0776-c\/","url":"https:\/\/nero-luce.com\/fr\/prodotti\/accessoires-et-complements\/porte-dechets\/porte-dechets-baby\/porte-dechets-double-face-baby-avec-couvercle-0776-c\/","name":"Porte-d\u00e9chets double face baby avec couvercle - Art. 0776\/C - Neroluce","isPartOf":{"@id":"https:\/\/nero-luce.com\/it\/#website"},"datePublished":"2017-10-13T15:53:29+00:00","dateModified":"2017-11-22T11:33:18+00:00","breadcrumb":{"@id":"https:\/\/nero-luce.com\/fr\/prodotti\/accessoires-et-complements\/porte-dechets\/porte-dechets-baby\/porte-dechets-double-face-baby-avec-couvercle-0776-c\/#breadcrumb"},"inLanguage":"fr-FR","potentialAction":[{"@type":"ReadAction","target":["https:\/\/nero-luce.com\/fr\/prodotti\/accessoires-et-complements\/porte-dechets\/porte-dechets-baby\/porte-dechets-double-face-baby-avec-couvercle-0776-c\/"]}]},{"@type":"BreadcrumbList","@id":"https:\/\/nero-luce.com\/fr\/prodotti\/accessoires-et-complements\/porte-dechets\/porte-dechets-baby\/porte-dechets-double-face-baby-avec-couvercle-0776-c\/#breadcrumb","itemListElement":[{"@type":"ListItem","position":1,"name":"Home","item":"https:\/\/nero-luce.com\/fr\/"},{"@type":"ListItem","position":2,"name":"Produits","item":"https:\/\/nero-luce.com\/fr\/produits\/"},{"@type":"ListItem","position":3,"name":"Porte-d\u00e9chets double face baby avec couvercle &#8211; Art. 0776\/C"}]},{"@type":"WebSite","@id":"https:\/\/nero-luce.com\/it\/#website","url":"https:\/\/nero-luce.com\/it\/","name":"Neroluce","description":"Insegne e accessori per gelaterie","potentialAction":[{"@type":"SearchAction","target":{"@type":"EntryPoint","urlTemplate":"https:\/\/nero-luce.com\/it\/?s={search_term_string}"},"query-input":"required name=search_term_string"}],"inLanguage":"fr-FR"}]}},"acf":[],"_links":{"self":[{"href":"https:\/\/nero-luce.com\/fr\/wp-json\/wp\/v2\/product\/8918"}],"collection":[{"href":"https:\/\/nero-luce.com\/fr\/wp-json\/wp\/v2\/product"}],"about":[{"href":"https:\/\/nero-luce.com\/fr\/wp-json\/wp\/v2\/types\/product"}],"replies":[{"embeddable":true,"href":"https:\/\/nero-luce.com\/fr\/wp-json\/wp\/v2\/comments?post=8918"}],"wp:featuredmedia":[{"embeddable":true,"href":"https:\/\/nero-luce.com\/fr\/wp-json\/wp\/v2\/media\/7176"}],"wp:attachment":[{"href":"https:\/\/nero-luce.com\/fr\/wp-json\/wp\/v2\/media?parent=8918"}],"wp:term":[{"taxonomy":"product_cat","embeddable":true,"href":"https:\/\/nero-luce.com\/fr\/wp-json\/wp\/v2\/product_cat?post=8918"},{"taxonomy":"product_tag","embeddable":true,"href":"https:\/\/nero-luce.com\/fr\/wp-json\/wp\/v2\/product_tag?post=8918"}],"curies":[{"name":"wp","href":"https:\/\/api.w.org\/{rel}","templated":true}]}}