{"id":8898,"date":"2017-10-13T15:53:08","date_gmt":"2017-10-13T15:53:08","guid":{"rendered":"https:\/\/nero-luce.com\/prodotto\/cone-soft-baby-led-0551\/"},"modified":"2017-10-13T15:53:08","modified_gmt":"2017-10-13T15:53:08","slug":"cone-soft-baby-led-0551","status":"publish","type":"product","link":"https:\/\/nero-luce.com\/fr\/prodotti\/accessoires-et-complements\/baby-led-accessoires-et-complements\/cone-soft-baby-led-0551\/","title":{"rendered":"C\u00f4ne soft baby LED &#8211; Art. 0551"},"content":{"rendered":"","protected":false},"excerpt":{"rendered":"<p>C\u00f4ne \u00ab\u00a0SOFT\u00a0\u00bb lumineux uni-face, model\u00e9, avec LED \u00e0 vue.<br \/>\nCe c\u00f4ne \u00ab\u00a0SOFT\u00a0\u00bb constitue une nouveaut\u00e9 absolue dans l&rsquo;utilisation des LED. En effet nous avons r\u00e9ussi \u00e0 utiliser des bandes particuli\u00e8res de LED color\u00e9s pour \u00ab\u00a0dessiner\u00a0\u00bb le contour et les formes du c\u00f4ne \u00ab\u00a0SOFT\u00a0\u00bb en profitant de l&rsquo;extraordinaire brillance lumineuse de ces exceptionnels LED. Chaque bande de LED est prot\u00e9g\u00e9e par une membrane en silicone contre la poussi\u00e8re et contre \u00e9ventuelles gicl\u00e9es.<br \/>\nLa base d&rsquo;appui incluse dans la fourniture et les dimensions r\u00e9duites de ce c\u00f4ne \u00ab\u00a0SOFT\u00a0\u00bb le rendent un objet qui peut \u00eatre positionn\u00e9 en n&rsquo;importe quel endroit, mais avec un impact visuel tr\u00e8s \u00e9lev\u00e9.<br \/>\nIl ne peut pas manquer dans votre boutique.<\/p>\n<p>H= 400 mm<\/p>\n","protected":false},"featured_media":7501,"comment_status":"closed","ping_status":"closed","template":"","meta":[],"product_cat":[303],"product_tag":[],"yoast_head":"<!-- This site is optimized with the Yoast SEO plugin v20.2.1 - https:\/\/yoast.com\/wordpress\/plugins\/seo\/ -->\n<title>C\u00f4ne soft baby LED - Art. 0551 - Neroluce<\/title>\n<meta name=\"robots\" content=\"index, follow, max-snippet:-1, max-image-preview:large, max-video-preview:-1\" \/>\n<link rel=\"canonical\" href=\"https:\/\/nero-luce.com\/fr\/prodotti\/accessoires-et-complements\/baby-led-accessoires-et-complements\/cone-soft-baby-led-0551\/\" \/>\n<meta property=\"og:locale\" content=\"fr_FR\" \/>\n<meta property=\"og:type\" content=\"article\" \/>\n<meta property=\"og:title\" content=\"C\u00f4ne soft baby LED - Art. 0551 - Neroluce\" \/>\n<meta property=\"og:description\" content=\"C\u00f4ne &quot;SOFT&quot; lumineux uni-face, model\u00e9, avec LED \u00e0 vue. Ce c\u00f4ne &quot;SOFT&quot; constitue une nouveaut\u00e9 absolue dans l&#039;utilisation des LED. En effet nous avons r\u00e9ussi \u00e0 utiliser des bandes particuli\u00e8res de LED color\u00e9s pour &quot;dessiner&quot; le contour et les formes du c\u00f4ne &quot;SOFT&quot; en profitant de l&#039;extraordinaire brillance lumineuse de ces exceptionnels LED. Chaque bande de LED est prot\u00e9g\u00e9e par une membrane en silicone contre la poussi\u00e8re et contre \u00e9ventuelles gicl\u00e9es. La base d&#039;appui incluse dans la fourniture et les dimensions r\u00e9duites de ce c\u00f4ne &quot;SOFT&quot; le rendent un objet qui peut \u00eatre positionn\u00e9 en n&#039;importe quel endroit, mais avec un impact visuel tr\u00e8s \u00e9lev\u00e9. Il ne peut pas manquer dans votre boutique.  H= 400 mm\" \/>\n<meta property=\"og:url\" content=\"https:\/\/nero-luce.com\/fr\/prodotti\/accessoires-et-complements\/baby-led-accessoires-et-complements\/cone-soft-baby-led-0551\/\" \/>\n<meta property=\"og:site_name\" content=\"Neroluce\" \/>\n<meta property=\"og:image\" content=\"https:\/\/nero-luce.com\/wp-content\/uploads\/2017\/10\/baby-led-cono-soft-0551.jpg\" \/>\n\t<meta property=\"og:image:width\" content=\"675\" \/>\n\t<meta property=\"og:image:height\" content=\"900\" \/>\n\t<meta property=\"og:image:type\" content=\"image\/jpeg\" \/>\n<meta name=\"twitter:card\" content=\"summary_large_image\" \/>\n<script type=\"application\/ld+json\" class=\"yoast-schema-graph\">{\"@context\":\"https:\/\/schema.org\",\"@graph\":[{\"@type\":\"WebPage\",\"@id\":\"https:\/\/nero-luce.com\/fr\/prodotti\/accessoires-et-complements\/baby-led-accessoires-et-complements\/cone-soft-baby-led-0551\/\",\"url\":\"https:\/\/nero-luce.com\/fr\/prodotti\/accessoires-et-complements\/baby-led-accessoires-et-complements\/cone-soft-baby-led-0551\/\",\"name\":\"C\u00f4ne soft baby LED - Art. 0551 - Neroluce\",\"isPartOf\":{\"@id\":\"https:\/\/nero-luce.com\/it\/#website\"},\"datePublished\":\"2017-10-13T15:53:08+00:00\",\"dateModified\":\"2017-10-13T15:53:08+00:00\",\"breadcrumb\":{\"@id\":\"https:\/\/nero-luce.com\/fr\/prodotti\/accessoires-et-complements\/baby-led-accessoires-et-complements\/cone-soft-baby-led-0551\/#breadcrumb\"},\"inLanguage\":\"fr-FR\",\"potentialAction\":[{\"@type\":\"ReadAction\",\"target\":[\"https:\/\/nero-luce.com\/fr\/prodotti\/accessoires-et-complements\/baby-led-accessoires-et-complements\/cone-soft-baby-led-0551\/\"]}]},{\"@type\":\"BreadcrumbList\",\"@id\":\"https:\/\/nero-luce.com\/fr\/prodotti\/accessoires-et-complements\/baby-led-accessoires-et-complements\/cone-soft-baby-led-0551\/#breadcrumb\",\"itemListElement\":[{\"@type\":\"ListItem\",\"position\":1,\"name\":\"Home\",\"item\":\"https:\/\/nero-luce.com\/fr\/\"},{\"@type\":\"ListItem\",\"position\":2,\"name\":\"Produits\",\"item\":\"https:\/\/nero-luce.com\/fr\/produits\/\"},{\"@type\":\"ListItem\",\"position\":3,\"name\":\"C\u00f4ne soft baby LED &#8211; Art. 0551\"}]},{\"@type\":\"WebSite\",\"@id\":\"https:\/\/nero-luce.com\/it\/#website\",\"url\":\"https:\/\/nero-luce.com\/it\/\",\"name\":\"Neroluce\",\"description\":\"Insegne e accessori per gelaterie\",\"potentialAction\":[{\"@type\":\"SearchAction\",\"target\":{\"@type\":\"EntryPoint\",\"urlTemplate\":\"https:\/\/nero-luce.com\/it\/?s={search_term_string}\"},\"query-input\":\"required name=search_term_string\"}],\"inLanguage\":\"fr-FR\"}]}<\/script>\n<!-- \/ Yoast SEO plugin. -->","yoast_head_json":{"title":"C\u00f4ne soft baby LED - Art. 0551 - Neroluce","robots":{"index":"index","follow":"follow","max-snippet":"max-snippet:-1","max-image-preview":"max-image-preview:large","max-video-preview":"max-video-preview:-1"},"canonical":"https:\/\/nero-luce.com\/fr\/prodotti\/accessoires-et-complements\/baby-led-accessoires-et-complements\/cone-soft-baby-led-0551\/","og_locale":"fr_FR","og_type":"article","og_title":"C\u00f4ne soft baby LED - Art. 0551 - Neroluce","og_description":"C\u00f4ne \"SOFT\" lumineux uni-face, model\u00e9, avec LED \u00e0 vue. Ce c\u00f4ne \"SOFT\" constitue une nouveaut\u00e9 absolue dans l'utilisation des LED. En effet nous avons r\u00e9ussi \u00e0 utiliser des bandes particuli\u00e8res de LED color\u00e9s pour \"dessiner\" le contour et les formes du c\u00f4ne \"SOFT\" en profitant de l'extraordinaire brillance lumineuse de ces exceptionnels LED. Chaque bande de LED est prot\u00e9g\u00e9e par une membrane en silicone contre la poussi\u00e8re et contre \u00e9ventuelles gicl\u00e9es. La base d'appui incluse dans la fourniture et les dimensions r\u00e9duites de ce c\u00f4ne \"SOFT\" le rendent un objet qui peut \u00eatre positionn\u00e9 en n'importe quel endroit, mais avec un impact visuel tr\u00e8s \u00e9lev\u00e9. Il ne peut pas manquer dans votre boutique.  H= 400 mm","og_url":"https:\/\/nero-luce.com\/fr\/prodotti\/accessoires-et-complements\/baby-led-accessoires-et-complements\/cone-soft-baby-led-0551\/","og_site_name":"Neroluce","og_image":[{"width":675,"height":900,"url":"https:\/\/nero-luce.com\/wp-content\/uploads\/2017\/10\/baby-led-cono-soft-0551.jpg","type":"image\/jpeg"}],"twitter_card":"summary_large_image","schema":{"@context":"https:\/\/schema.org","@graph":[{"@type":"WebPage","@id":"https:\/\/nero-luce.com\/fr\/prodotti\/accessoires-et-complements\/baby-led-accessoires-et-complements\/cone-soft-baby-led-0551\/","url":"https:\/\/nero-luce.com\/fr\/prodotti\/accessoires-et-complements\/baby-led-accessoires-et-complements\/cone-soft-baby-led-0551\/","name":"C\u00f4ne soft baby LED - Art. 0551 - Neroluce","isPartOf":{"@id":"https:\/\/nero-luce.com\/it\/#website"},"datePublished":"2017-10-13T15:53:08+00:00","dateModified":"2017-10-13T15:53:08+00:00","breadcrumb":{"@id":"https:\/\/nero-luce.com\/fr\/prodotti\/accessoires-et-complements\/baby-led-accessoires-et-complements\/cone-soft-baby-led-0551\/#breadcrumb"},"inLanguage":"fr-FR","potentialAction":[{"@type":"ReadAction","target":["https:\/\/nero-luce.com\/fr\/prodotti\/accessoires-et-complements\/baby-led-accessoires-et-complements\/cone-soft-baby-led-0551\/"]}]},{"@type":"BreadcrumbList","@id":"https:\/\/nero-luce.com\/fr\/prodotti\/accessoires-et-complements\/baby-led-accessoires-et-complements\/cone-soft-baby-led-0551\/#breadcrumb","itemListElement":[{"@type":"ListItem","position":1,"name":"Home","item":"https:\/\/nero-luce.com\/fr\/"},{"@type":"ListItem","position":2,"name":"Produits","item":"https:\/\/nero-luce.com\/fr\/produits\/"},{"@type":"ListItem","position":3,"name":"C\u00f4ne soft baby LED &#8211; Art. 0551"}]},{"@type":"WebSite","@id":"https:\/\/nero-luce.com\/it\/#website","url":"https:\/\/nero-luce.com\/it\/","name":"Neroluce","description":"Insegne e accessori per gelaterie","potentialAction":[{"@type":"SearchAction","target":{"@type":"EntryPoint","urlTemplate":"https:\/\/nero-luce.com\/it\/?s={search_term_string}"},"query-input":"required name=search_term_string"}],"inLanguage":"fr-FR"}]}},"acf":[],"_links":{"self":[{"href":"https:\/\/nero-luce.com\/fr\/wp-json\/wp\/v2\/product\/8898"}],"collection":[{"href":"https:\/\/nero-luce.com\/fr\/wp-json\/wp\/v2\/product"}],"about":[{"href":"https:\/\/nero-luce.com\/fr\/wp-json\/wp\/v2\/types\/product"}],"replies":[{"embeddable":true,"href":"https:\/\/nero-luce.com\/fr\/wp-json\/wp\/v2\/comments?post=8898"}],"wp:featuredmedia":[{"embeddable":true,"href":"https:\/\/nero-luce.com\/fr\/wp-json\/wp\/v2\/media\/7501"}],"wp:attachment":[{"href":"https:\/\/nero-luce.com\/fr\/wp-json\/wp\/v2\/media?parent=8898"}],"wp:term":[{"taxonomy":"product_cat","embeddable":true,"href":"https:\/\/nero-luce.com\/fr\/wp-json\/wp\/v2\/product_cat?post=8898"},{"taxonomy":"product_tag","embeddable":true,"href":"https:\/\/nero-luce.com\/fr\/wp-json\/wp\/v2\/product_tag?post=8898"}],"curies":[{"name":"wp","href":"https:\/\/api.w.org\/{rel}","templated":true}]}}