{"id":8890,"date":"2017-10-13T15:53:42","date_gmt":"2017-10-13T15:53:42","guid":{"rendered":"https:\/\/nero-luce.com\/prodotto\/tasse-de-cafe-baby-led-0555-4\/"},"modified":"2017-10-13T15:53:42","modified_gmt":"2017-10-13T15:53:42","slug":"tasse-de-cafe-baby-led-0555-4","status":"publish","type":"product","link":"https:\/\/nero-luce.com\/fr\/prodotti\/accessoires-et-complements\/baby-led-accessoires-et-complements\/tasse-de-cafe-baby-led-0555-4\/","title":{"rendered":"Tasse de caf\u00e9 baby LED &#8211; Art. 0555\/4"},"content":{"rendered":"","protected":false},"excerpt":{"rendered":"<p>Tasse de caf\u00e9 lumineuse uni-face, model\u00e9e, avec LED en vue.<br \/>\nCette tasse de caf\u00e9 est une nouveaut\u00e9 absolue dans l&rsquo;utilisation des LED. Nous avons \u00e9t\u00e9 en mesure d&rsquo;utiliser des bandes sp\u00e9ciales de LED en couleur pour \u00ab\u00a0dessiner\u00a0\u00bb le contour et la forme de la tasse de caf\u00e9 avec l&rsquo;\u00e9clat extraordinaire de ces LED exceptionnels. Chaque bande de LED est prot\u00e9g\u00e9e par une membrane en silicone contre la poussi\u00e8re et les \u00e9claboussures.<br \/>\nLa base de support inclus et la petite taille de cette tasse de caf\u00e9 en font un objet qui peut \u00eatre plac\u00e9 en n&rsquo;importe quel endroit, mais avec un tr\u00e8s fort impact visuel.<br \/>\nElle ne peut pas manquer dans votre boutique.<\/p>\n<p>Dimensions: H=370 mm<\/p>\n","protected":false},"featured_media":7558,"comment_status":"closed","ping_status":"closed","template":"","meta":[],"product_cat":[303],"product_tag":[],"yoast_head":"<!-- This site is optimized with the Yoast SEO plugin v20.2.1 - https:\/\/yoast.com\/wordpress\/plugins\/seo\/ -->\n<title>Tasse de caf\u00e9 baby LED - Art. 0555\/4 - Neroluce<\/title>\n<meta name=\"robots\" content=\"index, follow, max-snippet:-1, max-image-preview:large, max-video-preview:-1\" \/>\n<link rel=\"canonical\" href=\"https:\/\/nero-luce.com\/fr\/prodotti\/accessoires-et-complements\/baby-led-accessoires-et-complements\/tasse-de-cafe-baby-led-0555-4\/\" \/>\n<meta property=\"og:locale\" content=\"fr_FR\" \/>\n<meta property=\"og:type\" content=\"article\" \/>\n<meta property=\"og:title\" content=\"Tasse de caf\u00e9 baby LED - Art. 0555\/4 - Neroluce\" \/>\n<meta property=\"og:description\" content=\"Tasse de caf\u00e9 lumineuse uni-face, model\u00e9e, avec LED en vue. Cette tasse de caf\u00e9 est une nouveaut\u00e9 absolue dans l&#039;utilisation des LED. Nous avons \u00e9t\u00e9 en mesure d&#039;utiliser des bandes sp\u00e9ciales de LED en couleur pour &quot;dessiner&quot; le contour et la forme de la tasse de caf\u00e9 avec l&#039;\u00e9clat extraordinaire de ces LED exceptionnels. Chaque bande de LED est prot\u00e9g\u00e9e par une membrane en silicone contre la poussi\u00e8re et les \u00e9claboussures. La base de support inclus et la petite taille de cette tasse de caf\u00e9 en font un objet qui peut \u00eatre plac\u00e9 en n&#039;importe quel endroit, mais avec un tr\u00e8s fort impact visuel. Elle ne peut pas manquer dans votre boutique.  Dimensions: H=370 mm\" \/>\n<meta property=\"og:url\" content=\"https:\/\/nero-luce.com\/fr\/prodotti\/accessoires-et-complements\/baby-led-accessoires-et-complements\/tasse-de-cafe-baby-led-0555-4\/\" \/>\n<meta property=\"og:site_name\" content=\"Neroluce\" \/>\n<meta property=\"og:image\" content=\"https:\/\/nero-luce.com\/wp-content\/uploads\/2017\/10\/baby-led-tazzina-caffe-0555-4.jpg\" \/>\n\t<meta property=\"og:image:width\" content=\"675\" \/>\n\t<meta property=\"og:image:height\" content=\"900\" \/>\n\t<meta property=\"og:image:type\" content=\"image\/jpeg\" \/>\n<meta name=\"twitter:card\" content=\"summary_large_image\" \/>\n<script type=\"application\/ld+json\" class=\"yoast-schema-graph\">{\"@context\":\"https:\/\/schema.org\",\"@graph\":[{\"@type\":\"WebPage\",\"@id\":\"https:\/\/nero-luce.com\/fr\/prodotti\/accessoires-et-complements\/baby-led-accessoires-et-complements\/tasse-de-cafe-baby-led-0555-4\/\",\"url\":\"https:\/\/nero-luce.com\/fr\/prodotti\/accessoires-et-complements\/baby-led-accessoires-et-complements\/tasse-de-cafe-baby-led-0555-4\/\",\"name\":\"Tasse de caf\u00e9 baby LED - Art. 0555\/4 - Neroluce\",\"isPartOf\":{\"@id\":\"https:\/\/nero-luce.com\/it\/#website\"},\"datePublished\":\"2017-10-13T15:53:42+00:00\",\"dateModified\":\"2017-10-13T15:53:42+00:00\",\"breadcrumb\":{\"@id\":\"https:\/\/nero-luce.com\/fr\/prodotti\/accessoires-et-complements\/baby-led-accessoires-et-complements\/tasse-de-cafe-baby-led-0555-4\/#breadcrumb\"},\"inLanguage\":\"fr-FR\",\"potentialAction\":[{\"@type\":\"ReadAction\",\"target\":[\"https:\/\/nero-luce.com\/fr\/prodotti\/accessoires-et-complements\/baby-led-accessoires-et-complements\/tasse-de-cafe-baby-led-0555-4\/\"]}]},{\"@type\":\"BreadcrumbList\",\"@id\":\"https:\/\/nero-luce.com\/fr\/prodotti\/accessoires-et-complements\/baby-led-accessoires-et-complements\/tasse-de-cafe-baby-led-0555-4\/#breadcrumb\",\"itemListElement\":[{\"@type\":\"ListItem\",\"position\":1,\"name\":\"Home\",\"item\":\"https:\/\/nero-luce.com\/fr\/\"},{\"@type\":\"ListItem\",\"position\":2,\"name\":\"Produits\",\"item\":\"https:\/\/nero-luce.com\/fr\/produits\/\"},{\"@type\":\"ListItem\",\"position\":3,\"name\":\"Tasse de caf\u00e9 baby LED &#8211; Art. 0555\/4\"}]},{\"@type\":\"WebSite\",\"@id\":\"https:\/\/nero-luce.com\/it\/#website\",\"url\":\"https:\/\/nero-luce.com\/it\/\",\"name\":\"Neroluce\",\"description\":\"Insegne e accessori per gelaterie\",\"potentialAction\":[{\"@type\":\"SearchAction\",\"target\":{\"@type\":\"EntryPoint\",\"urlTemplate\":\"https:\/\/nero-luce.com\/it\/?s={search_term_string}\"},\"query-input\":\"required name=search_term_string\"}],\"inLanguage\":\"fr-FR\"}]}<\/script>\n<!-- \/ Yoast SEO plugin. -->","yoast_head_json":{"title":"Tasse de caf\u00e9 baby LED - Art. 0555\/4 - Neroluce","robots":{"index":"index","follow":"follow","max-snippet":"max-snippet:-1","max-image-preview":"max-image-preview:large","max-video-preview":"max-video-preview:-1"},"canonical":"https:\/\/nero-luce.com\/fr\/prodotti\/accessoires-et-complements\/baby-led-accessoires-et-complements\/tasse-de-cafe-baby-led-0555-4\/","og_locale":"fr_FR","og_type":"article","og_title":"Tasse de caf\u00e9 baby LED - Art. 0555\/4 - Neroluce","og_description":"Tasse de caf\u00e9 lumineuse uni-face, model\u00e9e, avec LED en vue. Cette tasse de caf\u00e9 est une nouveaut\u00e9 absolue dans l'utilisation des LED. Nous avons \u00e9t\u00e9 en mesure d'utiliser des bandes sp\u00e9ciales de LED en couleur pour \"dessiner\" le contour et la forme de la tasse de caf\u00e9 avec l'\u00e9clat extraordinaire de ces LED exceptionnels. Chaque bande de LED est prot\u00e9g\u00e9e par une membrane en silicone contre la poussi\u00e8re et les \u00e9claboussures. La base de support inclus et la petite taille de cette tasse de caf\u00e9 en font un objet qui peut \u00eatre plac\u00e9 en n'importe quel endroit, mais avec un tr\u00e8s fort impact visuel. Elle ne peut pas manquer dans votre boutique.  Dimensions: H=370 mm","og_url":"https:\/\/nero-luce.com\/fr\/prodotti\/accessoires-et-complements\/baby-led-accessoires-et-complements\/tasse-de-cafe-baby-led-0555-4\/","og_site_name":"Neroluce","og_image":[{"width":675,"height":900,"url":"https:\/\/nero-luce.com\/wp-content\/uploads\/2017\/10\/baby-led-tazzina-caffe-0555-4.jpg","type":"image\/jpeg"}],"twitter_card":"summary_large_image","schema":{"@context":"https:\/\/schema.org","@graph":[{"@type":"WebPage","@id":"https:\/\/nero-luce.com\/fr\/prodotti\/accessoires-et-complements\/baby-led-accessoires-et-complements\/tasse-de-cafe-baby-led-0555-4\/","url":"https:\/\/nero-luce.com\/fr\/prodotti\/accessoires-et-complements\/baby-led-accessoires-et-complements\/tasse-de-cafe-baby-led-0555-4\/","name":"Tasse de caf\u00e9 baby LED - Art. 0555\/4 - Neroluce","isPartOf":{"@id":"https:\/\/nero-luce.com\/it\/#website"},"datePublished":"2017-10-13T15:53:42+00:00","dateModified":"2017-10-13T15:53:42+00:00","breadcrumb":{"@id":"https:\/\/nero-luce.com\/fr\/prodotti\/accessoires-et-complements\/baby-led-accessoires-et-complements\/tasse-de-cafe-baby-led-0555-4\/#breadcrumb"},"inLanguage":"fr-FR","potentialAction":[{"@type":"ReadAction","target":["https:\/\/nero-luce.com\/fr\/prodotti\/accessoires-et-complements\/baby-led-accessoires-et-complements\/tasse-de-cafe-baby-led-0555-4\/"]}]},{"@type":"BreadcrumbList","@id":"https:\/\/nero-luce.com\/fr\/prodotti\/accessoires-et-complements\/baby-led-accessoires-et-complements\/tasse-de-cafe-baby-led-0555-4\/#breadcrumb","itemListElement":[{"@type":"ListItem","position":1,"name":"Home","item":"https:\/\/nero-luce.com\/fr\/"},{"@type":"ListItem","position":2,"name":"Produits","item":"https:\/\/nero-luce.com\/fr\/produits\/"},{"@type":"ListItem","position":3,"name":"Tasse de caf\u00e9 baby LED &#8211; Art. 0555\/4"}]},{"@type":"WebSite","@id":"https:\/\/nero-luce.com\/it\/#website","url":"https:\/\/nero-luce.com\/it\/","name":"Neroluce","description":"Insegne e accessori per gelaterie","potentialAction":[{"@type":"SearchAction","target":{"@type":"EntryPoint","urlTemplate":"https:\/\/nero-luce.com\/it\/?s={search_term_string}"},"query-input":"required name=search_term_string"}],"inLanguage":"fr-FR"}]}},"acf":[],"_links":{"self":[{"href":"https:\/\/nero-luce.com\/fr\/wp-json\/wp\/v2\/product\/8890"}],"collection":[{"href":"https:\/\/nero-luce.com\/fr\/wp-json\/wp\/v2\/product"}],"about":[{"href":"https:\/\/nero-luce.com\/fr\/wp-json\/wp\/v2\/types\/product"}],"replies":[{"embeddable":true,"href":"https:\/\/nero-luce.com\/fr\/wp-json\/wp\/v2\/comments?post=8890"}],"wp:featuredmedia":[{"embeddable":true,"href":"https:\/\/nero-luce.com\/fr\/wp-json\/wp\/v2\/media\/7558"}],"wp:attachment":[{"href":"https:\/\/nero-luce.com\/fr\/wp-json\/wp\/v2\/media?parent=8890"}],"wp:term":[{"taxonomy":"product_cat","embeddable":true,"href":"https:\/\/nero-luce.com\/fr\/wp-json\/wp\/v2\/product_cat?post=8890"},{"taxonomy":"product_tag","embeddable":true,"href":"https:\/\/nero-luce.com\/fr\/wp-json\/wp\/v2\/product_tag?post=8890"}],"curies":[{"name":"wp","href":"https:\/\/api.w.org\/{rel}","templated":true}]}}