{"id":8881,"date":"2017-10-13T15:53:22","date_gmt":"2017-10-13T15:53:22","guid":{"rendered":"https:\/\/nero-luce.com\/prodotto\/coupe-de-glace-led-a-vue-0740\/"},"modified":"2017-10-13T15:53:22","modified_gmt":"2017-10-13T15:53:22","slug":"coupe-de-glace-led-a-vue-0740","status":"publish","type":"product","link":"https:\/\/nero-luce.com\/fr\/prodotti\/led-a-vue\/coupe-de-glace-led-a-vue-0740\/","title":{"rendered":"Coupe de glace LED \u00e0 vue &#8211; Art. 0740"},"content":{"rendered":"","protected":false},"excerpt":{"rendered":"<p>Coupe de glace double face, model\u00e9e, avec LED \u00e0 vue.<br \/>\nCette coupe de glace constitue une nouveaut\u00e9 absolue dans l&rsquo;utilisation des LED. En effet nous utilisons des LED simples color\u00e9s pour \u00ab\u00a0dessiner\u00a0\u00bb le contour et les formes de la coupe en profitant de la lumi\u00e8re directe de ces exceptionnels LED. Chaque particulier LED est prot\u00e9g\u00e9 par une membrane en silicone pour l&rsquo;exposition \u00e0 l&rsquo;ext\u00e9rieur. La brillance de ces LED vous surprendra m\u00eame en les regardant de loin.<br \/>\nLes 2 faces accoupl\u00e9es sont r\u00e9alis\u00e9es en PVC de 20mm (mat\u00e9riel adapt\u00e9 pour l&rsquo;usage ext\u00e9rieur) d\u00e9cor\u00e9es avec des pellicules adh\u00e9sives color\u00e9es qui garantissent la meilleure visibilit\u00e9 aussi pendant le jour.<br \/>\nLa fixation \u00e0 mur, incluse dans la fourniture, est r\u00e9alis\u00e9e enti\u00e8rement en acier INOX.<\/p>\n<p>Dimensions: L.800 x H.1220 mm<\/p>\n","protected":false},"featured_media":7643,"comment_status":"closed","ping_status":"closed","template":"","meta":[],"product_cat":[306,304,308],"product_tag":[],"yoast_head":"<!-- This site is optimized with the Yoast SEO plugin v20.2.1 - https:\/\/yoast.com\/wordpress\/plugins\/seo\/ -->\n<title>Coupe de glace LED \u00e0 vue - Art. 0740 - Neroluce<\/title>\n<meta name=\"robots\" content=\"index, follow, max-snippet:-1, max-image-preview:large, max-video-preview:-1\" \/>\n<link rel=\"canonical\" href=\"https:\/\/nero-luce.com\/fr\/prodotti\/led-a-vue\/coupe-de-glace-led-a-vue-0740\/\" \/>\n<meta property=\"og:locale\" content=\"fr_FR\" \/>\n<meta property=\"og:type\" content=\"article\" \/>\n<meta property=\"og:title\" content=\"Coupe de glace LED \u00e0 vue - Art. 0740 - Neroluce\" \/>\n<meta property=\"og:description\" content=\"Coupe de glace double face, model\u00e9e, avec LED \u00e0 vue. Cette coupe de glace constitue une nouveaut\u00e9 absolue dans l&#039;utilisation des LED. En effet nous utilisons des LED simples color\u00e9s pour &quot;dessiner&quot; le contour et les formes de la coupe en profitant de la lumi\u00e8re directe de ces exceptionnels LED. Chaque particulier LED est prot\u00e9g\u00e9 par une membrane en silicone pour l&#039;exposition \u00e0 l&#039;ext\u00e9rieur. La brillance de ces LED vous surprendra m\u00eame en les regardant de loin. Les 2 faces accoupl\u00e9es sont r\u00e9alis\u00e9es en PVC de 20mm (mat\u00e9riel adapt\u00e9 pour l&#039;usage ext\u00e9rieur) d\u00e9cor\u00e9es avec des pellicules adh\u00e9sives color\u00e9es qui garantissent la meilleure visibilit\u00e9 aussi pendant le jour. La fixation \u00e0 mur, incluse dans la fourniture, est r\u00e9alis\u00e9e enti\u00e8rement en acier INOX.  Dimensions: L.800 x H.1220 mm\" \/>\n<meta property=\"og:url\" content=\"https:\/\/nero-luce.com\/fr\/prodotti\/led-a-vue\/coupe-de-glace-led-a-vue-0740\/\" \/>\n<meta property=\"og:site_name\" content=\"Neroluce\" \/>\n<meta property=\"og:image\" content=\"https:\/\/nero-luce.com\/wp-content\/uploads\/2017\/10\/led-a-vista-coppa-gelato-0740.jpg\" \/>\n\t<meta property=\"og:image:width\" content=\"675\" \/>\n\t<meta property=\"og:image:height\" content=\"900\" \/>\n\t<meta property=\"og:image:type\" content=\"image\/jpeg\" \/>\n<meta name=\"twitter:card\" content=\"summary_large_image\" \/>\n<script type=\"application\/ld+json\" class=\"yoast-schema-graph\">{\"@context\":\"https:\/\/schema.org\",\"@graph\":[{\"@type\":\"WebPage\",\"@id\":\"https:\/\/nero-luce.com\/fr\/prodotti\/led-a-vue\/coupe-de-glace-led-a-vue-0740\/\",\"url\":\"https:\/\/nero-luce.com\/fr\/prodotti\/led-a-vue\/coupe-de-glace-led-a-vue-0740\/\",\"name\":\"Coupe de glace LED \u00e0 vue - Art. 0740 - Neroluce\",\"isPartOf\":{\"@id\":\"https:\/\/nero-luce.com\/it\/#website\"},\"datePublished\":\"2017-10-13T15:53:22+00:00\",\"dateModified\":\"2017-10-13T15:53:22+00:00\",\"breadcrumb\":{\"@id\":\"https:\/\/nero-luce.com\/fr\/prodotti\/led-a-vue\/coupe-de-glace-led-a-vue-0740\/#breadcrumb\"},\"inLanguage\":\"fr-FR\",\"potentialAction\":[{\"@type\":\"ReadAction\",\"target\":[\"https:\/\/nero-luce.com\/fr\/prodotti\/led-a-vue\/coupe-de-glace-led-a-vue-0740\/\"]}]},{\"@type\":\"BreadcrumbList\",\"@id\":\"https:\/\/nero-luce.com\/fr\/prodotti\/led-a-vue\/coupe-de-glace-led-a-vue-0740\/#breadcrumb\",\"itemListElement\":[{\"@type\":\"ListItem\",\"position\":1,\"name\":\"Home\",\"item\":\"https:\/\/nero-luce.com\/fr\/\"},{\"@type\":\"ListItem\",\"position\":2,\"name\":\"Produits\",\"item\":\"https:\/\/nero-luce.com\/fr\/produits\/\"},{\"@type\":\"ListItem\",\"position\":3,\"name\":\"Coupe de glace LED \u00e0 vue &#8211; Art. 0740\"}]},{\"@type\":\"WebSite\",\"@id\":\"https:\/\/nero-luce.com\/it\/#website\",\"url\":\"https:\/\/nero-luce.com\/it\/\",\"name\":\"Neroluce\",\"description\":\"Insegne e accessori per gelaterie\",\"potentialAction\":[{\"@type\":\"SearchAction\",\"target\":{\"@type\":\"EntryPoint\",\"urlTemplate\":\"https:\/\/nero-luce.com\/it\/?s={search_term_string}\"},\"query-input\":\"required name=search_term_string\"}],\"inLanguage\":\"fr-FR\"}]}<\/script>\n<!-- \/ Yoast SEO plugin. -->","yoast_head_json":{"title":"Coupe de glace LED \u00e0 vue - Art. 0740 - Neroluce","robots":{"index":"index","follow":"follow","max-snippet":"max-snippet:-1","max-image-preview":"max-image-preview:large","max-video-preview":"max-video-preview:-1"},"canonical":"https:\/\/nero-luce.com\/fr\/prodotti\/led-a-vue\/coupe-de-glace-led-a-vue-0740\/","og_locale":"fr_FR","og_type":"article","og_title":"Coupe de glace LED \u00e0 vue - Art. 0740 - Neroluce","og_description":"Coupe de glace double face, model\u00e9e, avec LED \u00e0 vue. Cette coupe de glace constitue une nouveaut\u00e9 absolue dans l'utilisation des LED. En effet nous utilisons des LED simples color\u00e9s pour \"dessiner\" le contour et les formes de la coupe en profitant de la lumi\u00e8re directe de ces exceptionnels LED. Chaque particulier LED est prot\u00e9g\u00e9 par une membrane en silicone pour l'exposition \u00e0 l'ext\u00e9rieur. La brillance de ces LED vous surprendra m\u00eame en les regardant de loin. Les 2 faces accoupl\u00e9es sont r\u00e9alis\u00e9es en PVC de 20mm (mat\u00e9riel adapt\u00e9 pour l'usage ext\u00e9rieur) d\u00e9cor\u00e9es avec des pellicules adh\u00e9sives color\u00e9es qui garantissent la meilleure visibilit\u00e9 aussi pendant le jour. La fixation \u00e0 mur, incluse dans la fourniture, est r\u00e9alis\u00e9e enti\u00e8rement en acier INOX.  Dimensions: L.800 x H.1220 mm","og_url":"https:\/\/nero-luce.com\/fr\/prodotti\/led-a-vue\/coupe-de-glace-led-a-vue-0740\/","og_site_name":"Neroluce","og_image":[{"width":675,"height":900,"url":"https:\/\/nero-luce.com\/wp-content\/uploads\/2017\/10\/led-a-vista-coppa-gelato-0740.jpg","type":"image\/jpeg"}],"twitter_card":"summary_large_image","schema":{"@context":"https:\/\/schema.org","@graph":[{"@type":"WebPage","@id":"https:\/\/nero-luce.com\/fr\/prodotti\/led-a-vue\/coupe-de-glace-led-a-vue-0740\/","url":"https:\/\/nero-luce.com\/fr\/prodotti\/led-a-vue\/coupe-de-glace-led-a-vue-0740\/","name":"Coupe de glace LED \u00e0 vue - Art. 0740 - Neroluce","isPartOf":{"@id":"https:\/\/nero-luce.com\/it\/#website"},"datePublished":"2017-10-13T15:53:22+00:00","dateModified":"2017-10-13T15:53:22+00:00","breadcrumb":{"@id":"https:\/\/nero-luce.com\/fr\/prodotti\/led-a-vue\/coupe-de-glace-led-a-vue-0740\/#breadcrumb"},"inLanguage":"fr-FR","potentialAction":[{"@type":"ReadAction","target":["https:\/\/nero-luce.com\/fr\/prodotti\/led-a-vue\/coupe-de-glace-led-a-vue-0740\/"]}]},{"@type":"BreadcrumbList","@id":"https:\/\/nero-luce.com\/fr\/prodotti\/led-a-vue\/coupe-de-glace-led-a-vue-0740\/#breadcrumb","itemListElement":[{"@type":"ListItem","position":1,"name":"Home","item":"https:\/\/nero-luce.com\/fr\/"},{"@type":"ListItem","position":2,"name":"Produits","item":"https:\/\/nero-luce.com\/fr\/produits\/"},{"@type":"ListItem","position":3,"name":"Coupe de glace LED \u00e0 vue &#8211; Art. 0740"}]},{"@type":"WebSite","@id":"https:\/\/nero-luce.com\/it\/#website","url":"https:\/\/nero-luce.com\/it\/","name":"Neroluce","description":"Insegne e accessori per gelaterie","potentialAction":[{"@type":"SearchAction","target":{"@type":"EntryPoint","urlTemplate":"https:\/\/nero-luce.com\/it\/?s={search_term_string}"},"query-input":"required name=search_term_string"}],"inLanguage":"fr-FR"}]}},"acf":[],"_links":{"self":[{"href":"https:\/\/nero-luce.com\/fr\/wp-json\/wp\/v2\/product\/8881"}],"collection":[{"href":"https:\/\/nero-luce.com\/fr\/wp-json\/wp\/v2\/product"}],"about":[{"href":"https:\/\/nero-luce.com\/fr\/wp-json\/wp\/v2\/types\/product"}],"replies":[{"embeddable":true,"href":"https:\/\/nero-luce.com\/fr\/wp-json\/wp\/v2\/comments?post=8881"}],"wp:featuredmedia":[{"embeddable":true,"href":"https:\/\/nero-luce.com\/fr\/wp-json\/wp\/v2\/media\/7643"}],"wp:attachment":[{"href":"https:\/\/nero-luce.com\/fr\/wp-json\/wp\/v2\/media?parent=8881"}],"wp:term":[{"taxonomy":"product_cat","embeddable":true,"href":"https:\/\/nero-luce.com\/fr\/wp-json\/wp\/v2\/product_cat?post=8881"},{"taxonomy":"product_tag","embeddable":true,"href":"https:\/\/nero-luce.com\/fr\/wp-json\/wp\/v2\/product_tag?post=8881"}],"curies":[{"name":"wp","href":"https:\/\/api.w.org\/{rel}","templated":true}]}}