{"id":8862,"date":"2017-10-13T15:53:08","date_gmt":"2017-10-13T15:53:08","guid":{"rendered":"https:\/\/nero-luce.com\/prodotto\/double-recipient-multifonction-0922\/"},"modified":"2017-10-13T15:53:08","modified_gmt":"2017-10-13T15:53:08","slug":"double-recipient-multifonction-0922","status":"publish","type":"product","link":"https:\/\/nero-luce.com\/fr\/prodotti\/accessoires-et-complements\/des-recipients\/double-recipient-multifonction-0922\/","title":{"rendered":"Double r\u00e9cipient multifonction &#8211; Art.0922"},"content":{"rendered":"","protected":false},"excerpt":{"rendered":"<p>Double r\u00e9cipient multifonction en plexiglas transparent avec couvercles escamotables.<br \/>\nIl peut \u00eatre utilis\u00e9 pour garder les petites cuill\u00e8res, la gaufrette, les noisettes pil\u00e9es, les d\u00e9corations, les biscuits, les bonbons, les fruits-secs, les chocolats, etc.<br \/>\nL&rsquo;\u00e9tag\u00e8re sup\u00e9rieure est munie de flancs \u00e9lev\u00e9s de fa\u00e7on de l&rsquo;utiliser comme plan d&rsquo;appui.<\/p>\n<p>Dimensions: 250x250x320 mm<\/p>\n","protected":false},"featured_media":6000,"comment_status":"closed","ping_status":"closed","template":"","meta":[],"product_cat":[307],"product_tag":[],"yoast_head":"<!-- This site is optimized with the Yoast SEO plugin v20.2.1 - https:\/\/yoast.com\/wordpress\/plugins\/seo\/ -->\n<title>Double r\u00e9cipient multifonction - Art.0922 - Neroluce<\/title>\n<meta name=\"robots\" content=\"index, follow, max-snippet:-1, max-image-preview:large, max-video-preview:-1\" \/>\n<link rel=\"canonical\" href=\"https:\/\/nero-luce.com\/fr\/prodotti\/accessoires-et-complements\/des-recipients\/double-recipient-multifonction-0922\/\" \/>\n<meta property=\"og:locale\" content=\"fr_FR\" \/>\n<meta property=\"og:type\" content=\"article\" \/>\n<meta property=\"og:title\" content=\"Double r\u00e9cipient multifonction - Art.0922 - Neroluce\" \/>\n<meta property=\"og:description\" content=\"Double r\u00e9cipient multifonction en plexiglas transparent avec couvercles escamotables. Il peut \u00eatre utilis\u00e9 pour garder les petites cuill\u00e8res, la gaufrette, les noisettes pil\u00e9es, les d\u00e9corations, les biscuits, les bonbons, les fruits-secs, les chocolats, etc. L&#039;\u00e9tag\u00e8re sup\u00e9rieure est munie de flancs \u00e9lev\u00e9s de fa\u00e7on de l&#039;utiliser comme plan d&#039;appui.  Dimensions: 250x250x320 mm\" \/>\n<meta property=\"og:url\" content=\"https:\/\/nero-luce.com\/fr\/prodotti\/accessoires-et-complements\/des-recipients\/double-recipient-multifonction-0922\/\" \/>\n<meta property=\"og:site_name\" content=\"Neroluce\" \/>\n<meta property=\"og:image\" content=\"https:\/\/nero-luce.com\/wp-content\/uploads\/2017\/10\/contenitore-multiuso-0922.jpg\" \/>\n\t<meta property=\"og:image:width\" content=\"675\" \/>\n\t<meta property=\"og:image:height\" content=\"900\" \/>\n\t<meta property=\"og:image:type\" content=\"image\/jpeg\" \/>\n<meta name=\"twitter:card\" content=\"summary_large_image\" \/>\n<script type=\"application\/ld+json\" class=\"yoast-schema-graph\">{\"@context\":\"https:\/\/schema.org\",\"@graph\":[{\"@type\":\"WebPage\",\"@id\":\"https:\/\/nero-luce.com\/fr\/prodotti\/accessoires-et-complements\/des-recipients\/double-recipient-multifonction-0922\/\",\"url\":\"https:\/\/nero-luce.com\/fr\/prodotti\/accessoires-et-complements\/des-recipients\/double-recipient-multifonction-0922\/\",\"name\":\"Double r\u00e9cipient multifonction - Art.0922 - Neroluce\",\"isPartOf\":{\"@id\":\"https:\/\/nero-luce.com\/it\/#website\"},\"datePublished\":\"2017-10-13T15:53:08+00:00\",\"dateModified\":\"2017-10-13T15:53:08+00:00\",\"breadcrumb\":{\"@id\":\"https:\/\/nero-luce.com\/fr\/prodotti\/accessoires-et-complements\/des-recipients\/double-recipient-multifonction-0922\/#breadcrumb\"},\"inLanguage\":\"fr-FR\",\"potentialAction\":[{\"@type\":\"ReadAction\",\"target\":[\"https:\/\/nero-luce.com\/fr\/prodotti\/accessoires-et-complements\/des-recipients\/double-recipient-multifonction-0922\/\"]}]},{\"@type\":\"BreadcrumbList\",\"@id\":\"https:\/\/nero-luce.com\/fr\/prodotti\/accessoires-et-complements\/des-recipients\/double-recipient-multifonction-0922\/#breadcrumb\",\"itemListElement\":[{\"@type\":\"ListItem\",\"position\":1,\"name\":\"Home\",\"item\":\"https:\/\/nero-luce.com\/fr\/\"},{\"@type\":\"ListItem\",\"position\":2,\"name\":\"Produits\",\"item\":\"https:\/\/nero-luce.com\/fr\/produits\/\"},{\"@type\":\"ListItem\",\"position\":3,\"name\":\"Double r\u00e9cipient multifonction &#8211; Art.0922\"}]},{\"@type\":\"WebSite\",\"@id\":\"https:\/\/nero-luce.com\/it\/#website\",\"url\":\"https:\/\/nero-luce.com\/it\/\",\"name\":\"Neroluce\",\"description\":\"Insegne e accessori per gelaterie\",\"potentialAction\":[{\"@type\":\"SearchAction\",\"target\":{\"@type\":\"EntryPoint\",\"urlTemplate\":\"https:\/\/nero-luce.com\/it\/?s={search_term_string}\"},\"query-input\":\"required name=search_term_string\"}],\"inLanguage\":\"fr-FR\"}]}<\/script>\n<!-- \/ Yoast SEO plugin. -->","yoast_head_json":{"title":"Double r\u00e9cipient multifonction - Art.0922 - Neroluce","robots":{"index":"index","follow":"follow","max-snippet":"max-snippet:-1","max-image-preview":"max-image-preview:large","max-video-preview":"max-video-preview:-1"},"canonical":"https:\/\/nero-luce.com\/fr\/prodotti\/accessoires-et-complements\/des-recipients\/double-recipient-multifonction-0922\/","og_locale":"fr_FR","og_type":"article","og_title":"Double r\u00e9cipient multifonction - Art.0922 - Neroluce","og_description":"Double r\u00e9cipient multifonction en plexiglas transparent avec couvercles escamotables. Il peut \u00eatre utilis\u00e9 pour garder les petites cuill\u00e8res, la gaufrette, les noisettes pil\u00e9es, les d\u00e9corations, les biscuits, les bonbons, les fruits-secs, les chocolats, etc. L'\u00e9tag\u00e8re sup\u00e9rieure est munie de flancs \u00e9lev\u00e9s de fa\u00e7on de l'utiliser comme plan d'appui.  Dimensions: 250x250x320 mm","og_url":"https:\/\/nero-luce.com\/fr\/prodotti\/accessoires-et-complements\/des-recipients\/double-recipient-multifonction-0922\/","og_site_name":"Neroluce","og_image":[{"width":675,"height":900,"url":"https:\/\/nero-luce.com\/wp-content\/uploads\/2017\/10\/contenitore-multiuso-0922.jpg","type":"image\/jpeg"}],"twitter_card":"summary_large_image","schema":{"@context":"https:\/\/schema.org","@graph":[{"@type":"WebPage","@id":"https:\/\/nero-luce.com\/fr\/prodotti\/accessoires-et-complements\/des-recipients\/double-recipient-multifonction-0922\/","url":"https:\/\/nero-luce.com\/fr\/prodotti\/accessoires-et-complements\/des-recipients\/double-recipient-multifonction-0922\/","name":"Double r\u00e9cipient multifonction - Art.0922 - Neroluce","isPartOf":{"@id":"https:\/\/nero-luce.com\/it\/#website"},"datePublished":"2017-10-13T15:53:08+00:00","dateModified":"2017-10-13T15:53:08+00:00","breadcrumb":{"@id":"https:\/\/nero-luce.com\/fr\/prodotti\/accessoires-et-complements\/des-recipients\/double-recipient-multifonction-0922\/#breadcrumb"},"inLanguage":"fr-FR","potentialAction":[{"@type":"ReadAction","target":["https:\/\/nero-luce.com\/fr\/prodotti\/accessoires-et-complements\/des-recipients\/double-recipient-multifonction-0922\/"]}]},{"@type":"BreadcrumbList","@id":"https:\/\/nero-luce.com\/fr\/prodotti\/accessoires-et-complements\/des-recipients\/double-recipient-multifonction-0922\/#breadcrumb","itemListElement":[{"@type":"ListItem","position":1,"name":"Home","item":"https:\/\/nero-luce.com\/fr\/"},{"@type":"ListItem","position":2,"name":"Produits","item":"https:\/\/nero-luce.com\/fr\/produits\/"},{"@type":"ListItem","position":3,"name":"Double r\u00e9cipient multifonction &#8211; Art.0922"}]},{"@type":"WebSite","@id":"https:\/\/nero-luce.com\/it\/#website","url":"https:\/\/nero-luce.com\/it\/","name":"Neroluce","description":"Insegne e accessori per gelaterie","potentialAction":[{"@type":"SearchAction","target":{"@type":"EntryPoint","urlTemplate":"https:\/\/nero-luce.com\/it\/?s={search_term_string}"},"query-input":"required name=search_term_string"}],"inLanguage":"fr-FR"}]}},"acf":[],"_links":{"self":[{"href":"https:\/\/nero-luce.com\/fr\/wp-json\/wp\/v2\/product\/8862"}],"collection":[{"href":"https:\/\/nero-luce.com\/fr\/wp-json\/wp\/v2\/product"}],"about":[{"href":"https:\/\/nero-luce.com\/fr\/wp-json\/wp\/v2\/types\/product"}],"replies":[{"embeddable":true,"href":"https:\/\/nero-luce.com\/fr\/wp-json\/wp\/v2\/comments?post=8862"}],"wp:featuredmedia":[{"embeddable":true,"href":"https:\/\/nero-luce.com\/fr\/wp-json\/wp\/v2\/media\/6000"}],"wp:attachment":[{"href":"https:\/\/nero-luce.com\/fr\/wp-json\/wp\/v2\/media?parent=8862"}],"wp:term":[{"taxonomy":"product_cat","embeddable":true,"href":"https:\/\/nero-luce.com\/fr\/wp-json\/wp\/v2\/product_cat?post=8862"},{"taxonomy":"product_tag","embeddable":true,"href":"https:\/\/nero-luce.com\/fr\/wp-json\/wp\/v2\/product_tag?post=8862"}],"curies":[{"name":"wp","href":"https:\/\/api.w.org\/{rel}","templated":true}]}}