{"id":8855,"date":"2017-10-13T15:53:34","date_gmt":"2017-10-13T15:53:34","guid":{"rendered":"https:\/\/nero-luce.com\/prodotto\/composition-de-recipients-multifonction-0921-31\/"},"modified":"2017-10-13T15:53:34","modified_gmt":"2017-10-13T15:53:34","slug":"composition-de-recipients-multifonction-0921-31","status":"publish","type":"product","link":"https:\/\/nero-luce.com\/fr\/prodotti\/accessoires-et-complements\/des-recipients\/composition-de-recipients-multifonction-0921-31\/","title":{"rendered":"Composition de r\u00e9cipients multifonction &#8211; Art.0921\/31"},"content":{"rendered":"","protected":false},"excerpt":{"rendered":"<p>Composition d&rsquo;1 r\u00e9cipient multifonction art.0921+1 r\u00e9cipient multifonction art.0924, tous les deux en plexiglas transparent avec couvercle \u00e0 abattant.<br \/>\nLa composition inclut une base d&rsquo;appui en plexiglas satin\u00e9 sur laquelle ins\u00e9rer les r\u00e9cipients.<br \/>\nElle peut \u00eatre utilis\u00e9e pour garder les petites cuill\u00e8res, la gaufrette, les noisettes pil\u00e9es, les d\u00e9corations, les biscuits, les bonbons, les fruits-secs, les chocolats, etc.<\/p>\n","protected":false},"featured_media":6023,"comment_status":"closed","ping_status":"closed","template":"","meta":[],"product_cat":[307],"product_tag":[],"yoast_head":"<!-- This site is optimized with the Yoast SEO plugin v20.2.1 - https:\/\/yoast.com\/wordpress\/plugins\/seo\/ -->\n<title>Composition de r\u00e9cipients multifonction - Art.0921\/31 - Neroluce<\/title>\n<meta name=\"robots\" content=\"index, follow, max-snippet:-1, max-image-preview:large, max-video-preview:-1\" \/>\n<link rel=\"canonical\" href=\"https:\/\/nero-luce.com\/fr\/prodotti\/accessoires-et-complements\/des-recipients\/composition-de-recipients-multifonction-0921-31\/\" \/>\n<meta property=\"og:locale\" content=\"fr_FR\" \/>\n<meta property=\"og:type\" content=\"article\" \/>\n<meta property=\"og:title\" content=\"Composition de r\u00e9cipients multifonction - Art.0921\/31 - Neroluce\" \/>\n<meta property=\"og:description\" content=\"Composition d&#039;1 r\u00e9cipient multifonction art.0921+1 r\u00e9cipient multifonction art.0924, tous les deux en plexiglas transparent avec couvercle \u00e0 abattant. La composition inclut une base d&#039;appui en plexiglas satin\u00e9 sur laquelle ins\u00e9rer les r\u00e9cipients. Elle peut \u00eatre utilis\u00e9e pour garder les petites cuill\u00e8res, la gaufrette, les noisettes pil\u00e9es, les d\u00e9corations, les biscuits, les bonbons, les fruits-secs, les chocolats, etc.\" \/>\n<meta property=\"og:url\" content=\"https:\/\/nero-luce.com\/fr\/prodotti\/accessoires-et-complements\/des-recipients\/composition-de-recipients-multifonction-0921-31\/\" \/>\n<meta property=\"og:site_name\" content=\"Neroluce\" \/>\n<meta property=\"og:image\" content=\"https:\/\/nero-luce.com\/wp-content\/uploads\/2017\/10\/contenitore-multiuso-0921-31.jpg\" \/>\n\t<meta property=\"og:image:width\" content=\"675\" \/>\n\t<meta property=\"og:image:height\" content=\"900\" \/>\n\t<meta property=\"og:image:type\" content=\"image\/jpeg\" \/>\n<meta name=\"twitter:card\" content=\"summary_large_image\" \/>\n<script type=\"application\/ld+json\" class=\"yoast-schema-graph\">{\"@context\":\"https:\/\/schema.org\",\"@graph\":[{\"@type\":\"WebPage\",\"@id\":\"https:\/\/nero-luce.com\/fr\/prodotti\/accessoires-et-complements\/des-recipients\/composition-de-recipients-multifonction-0921-31\/\",\"url\":\"https:\/\/nero-luce.com\/fr\/prodotti\/accessoires-et-complements\/des-recipients\/composition-de-recipients-multifonction-0921-31\/\",\"name\":\"Composition de r\u00e9cipients multifonction - Art.0921\/31 - Neroluce\",\"isPartOf\":{\"@id\":\"https:\/\/nero-luce.com\/it\/#website\"},\"datePublished\":\"2017-10-13T15:53:34+00:00\",\"dateModified\":\"2017-10-13T15:53:34+00:00\",\"breadcrumb\":{\"@id\":\"https:\/\/nero-luce.com\/fr\/prodotti\/accessoires-et-complements\/des-recipients\/composition-de-recipients-multifonction-0921-31\/#breadcrumb\"},\"inLanguage\":\"fr-FR\",\"potentialAction\":[{\"@type\":\"ReadAction\",\"target\":[\"https:\/\/nero-luce.com\/fr\/prodotti\/accessoires-et-complements\/des-recipients\/composition-de-recipients-multifonction-0921-31\/\"]}]},{\"@type\":\"BreadcrumbList\",\"@id\":\"https:\/\/nero-luce.com\/fr\/prodotti\/accessoires-et-complements\/des-recipients\/composition-de-recipients-multifonction-0921-31\/#breadcrumb\",\"itemListElement\":[{\"@type\":\"ListItem\",\"position\":1,\"name\":\"Home\",\"item\":\"https:\/\/nero-luce.com\/fr\/\"},{\"@type\":\"ListItem\",\"position\":2,\"name\":\"Produits\",\"item\":\"https:\/\/nero-luce.com\/fr\/produits\/\"},{\"@type\":\"ListItem\",\"position\":3,\"name\":\"Composition de r\u00e9cipients multifonction &#8211; Art.0921\/31\"}]},{\"@type\":\"WebSite\",\"@id\":\"https:\/\/nero-luce.com\/it\/#website\",\"url\":\"https:\/\/nero-luce.com\/it\/\",\"name\":\"Neroluce\",\"description\":\"Insegne e accessori per gelaterie\",\"potentialAction\":[{\"@type\":\"SearchAction\",\"target\":{\"@type\":\"EntryPoint\",\"urlTemplate\":\"https:\/\/nero-luce.com\/it\/?s={search_term_string}\"},\"query-input\":\"required name=search_term_string\"}],\"inLanguage\":\"fr-FR\"}]}<\/script>\n<!-- \/ Yoast SEO plugin. -->","yoast_head_json":{"title":"Composition de r\u00e9cipients multifonction - Art.0921\/31 - Neroluce","robots":{"index":"index","follow":"follow","max-snippet":"max-snippet:-1","max-image-preview":"max-image-preview:large","max-video-preview":"max-video-preview:-1"},"canonical":"https:\/\/nero-luce.com\/fr\/prodotti\/accessoires-et-complements\/des-recipients\/composition-de-recipients-multifonction-0921-31\/","og_locale":"fr_FR","og_type":"article","og_title":"Composition de r\u00e9cipients multifonction - Art.0921\/31 - Neroluce","og_description":"Composition d'1 r\u00e9cipient multifonction art.0921+1 r\u00e9cipient multifonction art.0924, tous les deux en plexiglas transparent avec couvercle \u00e0 abattant. La composition inclut une base d'appui en plexiglas satin\u00e9 sur laquelle ins\u00e9rer les r\u00e9cipients. Elle peut \u00eatre utilis\u00e9e pour garder les petites cuill\u00e8res, la gaufrette, les noisettes pil\u00e9es, les d\u00e9corations, les biscuits, les bonbons, les fruits-secs, les chocolats, etc.","og_url":"https:\/\/nero-luce.com\/fr\/prodotti\/accessoires-et-complements\/des-recipients\/composition-de-recipients-multifonction-0921-31\/","og_site_name":"Neroluce","og_image":[{"width":675,"height":900,"url":"https:\/\/nero-luce.com\/wp-content\/uploads\/2017\/10\/contenitore-multiuso-0921-31.jpg","type":"image\/jpeg"}],"twitter_card":"summary_large_image","schema":{"@context":"https:\/\/schema.org","@graph":[{"@type":"WebPage","@id":"https:\/\/nero-luce.com\/fr\/prodotti\/accessoires-et-complements\/des-recipients\/composition-de-recipients-multifonction-0921-31\/","url":"https:\/\/nero-luce.com\/fr\/prodotti\/accessoires-et-complements\/des-recipients\/composition-de-recipients-multifonction-0921-31\/","name":"Composition de r\u00e9cipients multifonction - Art.0921\/31 - Neroluce","isPartOf":{"@id":"https:\/\/nero-luce.com\/it\/#website"},"datePublished":"2017-10-13T15:53:34+00:00","dateModified":"2017-10-13T15:53:34+00:00","breadcrumb":{"@id":"https:\/\/nero-luce.com\/fr\/prodotti\/accessoires-et-complements\/des-recipients\/composition-de-recipients-multifonction-0921-31\/#breadcrumb"},"inLanguage":"fr-FR","potentialAction":[{"@type":"ReadAction","target":["https:\/\/nero-luce.com\/fr\/prodotti\/accessoires-et-complements\/des-recipients\/composition-de-recipients-multifonction-0921-31\/"]}]},{"@type":"BreadcrumbList","@id":"https:\/\/nero-luce.com\/fr\/prodotti\/accessoires-et-complements\/des-recipients\/composition-de-recipients-multifonction-0921-31\/#breadcrumb","itemListElement":[{"@type":"ListItem","position":1,"name":"Home","item":"https:\/\/nero-luce.com\/fr\/"},{"@type":"ListItem","position":2,"name":"Produits","item":"https:\/\/nero-luce.com\/fr\/produits\/"},{"@type":"ListItem","position":3,"name":"Composition de r\u00e9cipients multifonction &#8211; Art.0921\/31"}]},{"@type":"WebSite","@id":"https:\/\/nero-luce.com\/it\/#website","url":"https:\/\/nero-luce.com\/it\/","name":"Neroluce","description":"Insegne e accessori per gelaterie","potentialAction":[{"@type":"SearchAction","target":{"@type":"EntryPoint","urlTemplate":"https:\/\/nero-luce.com\/it\/?s={search_term_string}"},"query-input":"required name=search_term_string"}],"inLanguage":"fr-FR"}]}},"acf":[],"_links":{"self":[{"href":"https:\/\/nero-luce.com\/fr\/wp-json\/wp\/v2\/product\/8855"}],"collection":[{"href":"https:\/\/nero-luce.com\/fr\/wp-json\/wp\/v2\/product"}],"about":[{"href":"https:\/\/nero-luce.com\/fr\/wp-json\/wp\/v2\/types\/product"}],"replies":[{"embeddable":true,"href":"https:\/\/nero-luce.com\/fr\/wp-json\/wp\/v2\/comments?post=8855"}],"wp:featuredmedia":[{"embeddable":true,"href":"https:\/\/nero-luce.com\/fr\/wp-json\/wp\/v2\/media\/6023"}],"wp:attachment":[{"href":"https:\/\/nero-luce.com\/fr\/wp-json\/wp\/v2\/media?parent=8855"}],"wp:term":[{"taxonomy":"product_cat","embeddable":true,"href":"https:\/\/nero-luce.com\/fr\/wp-json\/wp\/v2\/product_cat?post=8855"},{"taxonomy":"product_tag","embeddable":true,"href":"https:\/\/nero-luce.com\/fr\/wp-json\/wp\/v2\/product_tag?post=8855"}],"curies":[{"name":"wp","href":"https:\/\/api.w.org\/{rel}","templated":true}]}}