{"id":8849,"date":"2017-10-13T15:53:51","date_gmt":"2017-10-13T15:53:51","guid":{"rendered":"https:\/\/nero-luce.com\/prodotto\/composition-de-6-recipients-multifonction-0921-6\/"},"modified":"2017-10-13T15:53:51","modified_gmt":"2017-10-13T15:53:51","slug":"composition-de-6-recipients-multifonction-0921-6","status":"publish","type":"product","link":"https:\/\/nero-luce.com\/fr\/prodotti\/accessoires-et-complements\/des-recipients\/composition-de-6-recipients-multifonction-0921-6\/","title":{"rendered":"Composition de 6 r\u00e9cipients multifonction &#8211; Art.0921\/6"},"content":{"rendered":"","protected":false},"excerpt":{"rendered":"<p>Composition de 6 r\u00e9cipients multifonction en plexiglas transparent avec couvercle \u00e0 abattant.<br \/>\nLa composition est r\u00e9alis\u00e9e sur 2 niveaux et inclut deux bases d&rsquo;appui en plexiglas satin\u00e9 sur lesquelles ins\u00e9rer les 6 r\u00e9cipients (3 pour chaque base) et les 3 relatifs supports (pour le niveau sup\u00e9rieur).<br \/>\nElle peut \u00eatre utilis\u00e9e pour garder les petites cuill\u00e8res, la gaufrette, les noisettes pil\u00e9es, les d\u00e9corations, les biscuits, les bonbons, les fruits-secs, les chocolats, etc.<\/p>\n<p>Dimensions: 425x140x400 mm<\/p>\n","protected":false},"featured_media":6018,"comment_status":"closed","ping_status":"closed","template":"","meta":[],"product_cat":[307],"product_tag":[],"yoast_head":"<!-- This site is optimized with the Yoast SEO plugin v20.2.1 - https:\/\/yoast.com\/wordpress\/plugins\/seo\/ -->\n<title>Composition de 6 r\u00e9cipients multifonction - Art.0921\/6 - Neroluce<\/title>\n<meta name=\"robots\" content=\"index, follow, max-snippet:-1, max-image-preview:large, max-video-preview:-1\" \/>\n<link rel=\"canonical\" href=\"https:\/\/nero-luce.com\/fr\/prodotti\/accessoires-et-complements\/des-recipients\/composition-de-6-recipients-multifonction-0921-6\/\" \/>\n<meta property=\"og:locale\" content=\"fr_FR\" \/>\n<meta property=\"og:type\" content=\"article\" \/>\n<meta property=\"og:title\" content=\"Composition de 6 r\u00e9cipients multifonction - Art.0921\/6 - Neroluce\" \/>\n<meta property=\"og:description\" content=\"Composition de 6 r\u00e9cipients multifonction en plexiglas transparent avec couvercle \u00e0 abattant. La composition est r\u00e9alis\u00e9e sur 2 niveaux et inclut deux bases d&#039;appui en plexiglas satin\u00e9 sur lesquelles ins\u00e9rer les 6 r\u00e9cipients (3 pour chaque base) et les 3 relatifs supports (pour le niveau sup\u00e9rieur). Elle peut \u00eatre utilis\u00e9e pour garder les petites cuill\u00e8res, la gaufrette, les noisettes pil\u00e9es, les d\u00e9corations, les biscuits, les bonbons, les fruits-secs, les chocolats, etc.  Dimensions: 425x140x400 mm\" \/>\n<meta property=\"og:url\" content=\"https:\/\/nero-luce.com\/fr\/prodotti\/accessoires-et-complements\/des-recipients\/composition-de-6-recipients-multifonction-0921-6\/\" \/>\n<meta property=\"og:site_name\" content=\"Neroluce\" \/>\n<meta property=\"og:image\" content=\"https:\/\/nero-luce.com\/wp-content\/uploads\/2017\/10\/contenitore-multiuso-0921-6.jpg\" \/>\n\t<meta property=\"og:image:width\" content=\"675\" \/>\n\t<meta property=\"og:image:height\" content=\"900\" \/>\n\t<meta property=\"og:image:type\" content=\"image\/jpeg\" \/>\n<meta name=\"twitter:card\" content=\"summary_large_image\" \/>\n<script type=\"application\/ld+json\" class=\"yoast-schema-graph\">{\"@context\":\"https:\/\/schema.org\",\"@graph\":[{\"@type\":\"WebPage\",\"@id\":\"https:\/\/nero-luce.com\/fr\/prodotti\/accessoires-et-complements\/des-recipients\/composition-de-6-recipients-multifonction-0921-6\/\",\"url\":\"https:\/\/nero-luce.com\/fr\/prodotti\/accessoires-et-complements\/des-recipients\/composition-de-6-recipients-multifonction-0921-6\/\",\"name\":\"Composition de 6 r\u00e9cipients multifonction - Art.0921\/6 - Neroluce\",\"isPartOf\":{\"@id\":\"https:\/\/nero-luce.com\/it\/#website\"},\"datePublished\":\"2017-10-13T15:53:51+00:00\",\"dateModified\":\"2017-10-13T15:53:51+00:00\",\"breadcrumb\":{\"@id\":\"https:\/\/nero-luce.com\/fr\/prodotti\/accessoires-et-complements\/des-recipients\/composition-de-6-recipients-multifonction-0921-6\/#breadcrumb\"},\"inLanguage\":\"fr-FR\",\"potentialAction\":[{\"@type\":\"ReadAction\",\"target\":[\"https:\/\/nero-luce.com\/fr\/prodotti\/accessoires-et-complements\/des-recipients\/composition-de-6-recipients-multifonction-0921-6\/\"]}]},{\"@type\":\"BreadcrumbList\",\"@id\":\"https:\/\/nero-luce.com\/fr\/prodotti\/accessoires-et-complements\/des-recipients\/composition-de-6-recipients-multifonction-0921-6\/#breadcrumb\",\"itemListElement\":[{\"@type\":\"ListItem\",\"position\":1,\"name\":\"Home\",\"item\":\"https:\/\/nero-luce.com\/fr\/\"},{\"@type\":\"ListItem\",\"position\":2,\"name\":\"Produits\",\"item\":\"https:\/\/nero-luce.com\/fr\/produits\/\"},{\"@type\":\"ListItem\",\"position\":3,\"name\":\"Composition de 6 r\u00e9cipients multifonction &#8211; Art.0921\/6\"}]},{\"@type\":\"WebSite\",\"@id\":\"https:\/\/nero-luce.com\/it\/#website\",\"url\":\"https:\/\/nero-luce.com\/it\/\",\"name\":\"Neroluce\",\"description\":\"Insegne e accessori per gelaterie\",\"potentialAction\":[{\"@type\":\"SearchAction\",\"target\":{\"@type\":\"EntryPoint\",\"urlTemplate\":\"https:\/\/nero-luce.com\/it\/?s={search_term_string}\"},\"query-input\":\"required name=search_term_string\"}],\"inLanguage\":\"fr-FR\"}]}<\/script>\n<!-- \/ Yoast SEO plugin. -->","yoast_head_json":{"title":"Composition de 6 r\u00e9cipients multifonction - Art.0921\/6 - Neroluce","robots":{"index":"index","follow":"follow","max-snippet":"max-snippet:-1","max-image-preview":"max-image-preview:large","max-video-preview":"max-video-preview:-1"},"canonical":"https:\/\/nero-luce.com\/fr\/prodotti\/accessoires-et-complements\/des-recipients\/composition-de-6-recipients-multifonction-0921-6\/","og_locale":"fr_FR","og_type":"article","og_title":"Composition de 6 r\u00e9cipients multifonction - Art.0921\/6 - Neroluce","og_description":"Composition de 6 r\u00e9cipients multifonction en plexiglas transparent avec couvercle \u00e0 abattant. La composition est r\u00e9alis\u00e9e sur 2 niveaux et inclut deux bases d'appui en plexiglas satin\u00e9 sur lesquelles ins\u00e9rer les 6 r\u00e9cipients (3 pour chaque base) et les 3 relatifs supports (pour le niveau sup\u00e9rieur). Elle peut \u00eatre utilis\u00e9e pour garder les petites cuill\u00e8res, la gaufrette, les noisettes pil\u00e9es, les d\u00e9corations, les biscuits, les bonbons, les fruits-secs, les chocolats, etc.  Dimensions: 425x140x400 mm","og_url":"https:\/\/nero-luce.com\/fr\/prodotti\/accessoires-et-complements\/des-recipients\/composition-de-6-recipients-multifonction-0921-6\/","og_site_name":"Neroluce","og_image":[{"width":675,"height":900,"url":"https:\/\/nero-luce.com\/wp-content\/uploads\/2017\/10\/contenitore-multiuso-0921-6.jpg","type":"image\/jpeg"}],"twitter_card":"summary_large_image","schema":{"@context":"https:\/\/schema.org","@graph":[{"@type":"WebPage","@id":"https:\/\/nero-luce.com\/fr\/prodotti\/accessoires-et-complements\/des-recipients\/composition-de-6-recipients-multifonction-0921-6\/","url":"https:\/\/nero-luce.com\/fr\/prodotti\/accessoires-et-complements\/des-recipients\/composition-de-6-recipients-multifonction-0921-6\/","name":"Composition de 6 r\u00e9cipients multifonction - Art.0921\/6 - Neroluce","isPartOf":{"@id":"https:\/\/nero-luce.com\/it\/#website"},"datePublished":"2017-10-13T15:53:51+00:00","dateModified":"2017-10-13T15:53:51+00:00","breadcrumb":{"@id":"https:\/\/nero-luce.com\/fr\/prodotti\/accessoires-et-complements\/des-recipients\/composition-de-6-recipients-multifonction-0921-6\/#breadcrumb"},"inLanguage":"fr-FR","potentialAction":[{"@type":"ReadAction","target":["https:\/\/nero-luce.com\/fr\/prodotti\/accessoires-et-complements\/des-recipients\/composition-de-6-recipients-multifonction-0921-6\/"]}]},{"@type":"BreadcrumbList","@id":"https:\/\/nero-luce.com\/fr\/prodotti\/accessoires-et-complements\/des-recipients\/composition-de-6-recipients-multifonction-0921-6\/#breadcrumb","itemListElement":[{"@type":"ListItem","position":1,"name":"Home","item":"https:\/\/nero-luce.com\/fr\/"},{"@type":"ListItem","position":2,"name":"Produits","item":"https:\/\/nero-luce.com\/fr\/produits\/"},{"@type":"ListItem","position":3,"name":"Composition de 6 r\u00e9cipients multifonction &#8211; Art.0921\/6"}]},{"@type":"WebSite","@id":"https:\/\/nero-luce.com\/it\/#website","url":"https:\/\/nero-luce.com\/it\/","name":"Neroluce","description":"Insegne e accessori per gelaterie","potentialAction":[{"@type":"SearchAction","target":{"@type":"EntryPoint","urlTemplate":"https:\/\/nero-luce.com\/it\/?s={search_term_string}"},"query-input":"required name=search_term_string"}],"inLanguage":"fr-FR"}]}},"acf":[],"_links":{"self":[{"href":"https:\/\/nero-luce.com\/fr\/wp-json\/wp\/v2\/product\/8849"}],"collection":[{"href":"https:\/\/nero-luce.com\/fr\/wp-json\/wp\/v2\/product"}],"about":[{"href":"https:\/\/nero-luce.com\/fr\/wp-json\/wp\/v2\/types\/product"}],"replies":[{"embeddable":true,"href":"https:\/\/nero-luce.com\/fr\/wp-json\/wp\/v2\/comments?post=8849"}],"wp:featuredmedia":[{"embeddable":true,"href":"https:\/\/nero-luce.com\/fr\/wp-json\/wp\/v2\/media\/6018"}],"wp:attachment":[{"href":"https:\/\/nero-luce.com\/fr\/wp-json\/wp\/v2\/media?parent=8849"}],"wp:term":[{"taxonomy":"product_cat","embeddable":true,"href":"https:\/\/nero-luce.com\/fr\/wp-json\/wp\/v2\/product_cat?post=8849"},{"taxonomy":"product_tag","embeddable":true,"href":"https:\/\/nero-luce.com\/fr\/wp-json\/wp\/v2\/product_tag?post=8849"}],"curies":[{"name":"wp","href":"https:\/\/api.w.org\/{rel}","templated":true}]}}