{"id":8798,"date":"2017-10-13T15:53:25","date_gmt":"2017-10-13T15:53:25","guid":{"rendered":"https:\/\/nero-luce.com\/prodotto\/porte-cones-0901-l\/"},"modified":"2017-10-13T15:53:25","modified_gmt":"2017-10-13T15:53:25","slug":"porte-cones-0901-l","status":"publish","type":"product","link":"https:\/\/nero-luce.com\/fr\/prodotti\/accessoires-et-complements\/porte-cones\/porte-cones-0901-l\/","title":{"rendered":"Porte-c\u00f4nes &#8211; Art.0901\/L"},"content":{"rendered":"","protected":false},"excerpt":{"rendered":"<p>Porte-c\u00f4nes en plexiglas transparent avec front convexe muni de d\u00e9coration lumineuse et de petites plaques amovibles pour l&rsquo;exposition des parfums: rappelez-vous de nous communiquer avec une e-mail ou un fax votre liste des parfums parce que les plaques sont r\u00e9alis\u00e9es expr\u00e8s pour vous.<br \/>\nCouvercle amovible.<br \/>\nIl est muni de 15 trous pour c\u00f4nes standard et de 2 pour c\u00f4nes-maxi.<br \/>\nLes \u00e9tag\u00e8res sont ais\u00e9ment amovibles pour faciliter le nettoyage et elles peuvent \u00eatre positionn\u00e9es sur 2 niveaux diff\u00e9rents.<\/p>\n<p>Dimensions: 460x290x600 mm<\/p>\n","protected":false},"featured_media":7364,"comment_status":"closed","ping_status":"closed","template":"","meta":[],"product_cat":[309],"product_tag":[],"yoast_head":"<!-- This site is optimized with the Yoast SEO plugin v20.2.1 - https:\/\/yoast.com\/wordpress\/plugins\/seo\/ -->\n<title>Porte-c\u00f4nes - Art.0901\/L - Neroluce<\/title>\n<meta name=\"robots\" content=\"index, follow, max-snippet:-1, max-image-preview:large, max-video-preview:-1\" \/>\n<link rel=\"canonical\" href=\"https:\/\/nero-luce.com\/fr\/prodotti\/accessoires-et-complements\/porte-cones\/porte-cones-0901-l\/\" \/>\n<meta property=\"og:locale\" content=\"fr_FR\" \/>\n<meta property=\"og:type\" content=\"article\" \/>\n<meta property=\"og:title\" content=\"Porte-c\u00f4nes - Art.0901\/L - Neroluce\" \/>\n<meta property=\"og:description\" content=\"Porte-c\u00f4nes en plexiglas transparent avec front convexe muni de d\u00e9coration lumineuse et de petites plaques amovibles pour l&#039;exposition des parfums: rappelez-vous de nous communiquer avec une e-mail ou un fax votre liste des parfums parce que les plaques sont r\u00e9alis\u00e9es expr\u00e8s pour vous. Couvercle amovible. Il est muni de 15 trous pour c\u00f4nes standard et de 2 pour c\u00f4nes-maxi. Les \u00e9tag\u00e8res sont ais\u00e9ment amovibles pour faciliter le nettoyage et elles peuvent \u00eatre positionn\u00e9es sur 2 niveaux diff\u00e9rents.  Dimensions: 460x290x600 mm\" \/>\n<meta property=\"og:url\" content=\"https:\/\/nero-luce.com\/fr\/prodotti\/accessoires-et-complements\/porte-cones\/porte-cones-0901-l\/\" \/>\n<meta property=\"og:site_name\" content=\"Neroluce\" \/>\n<meta property=\"og:image\" content=\"https:\/\/nero-luce.com\/wp-content\/uploads\/2017\/10\/portaconi-0901-l.jpg\" \/>\n\t<meta property=\"og:image:width\" content=\"675\" \/>\n\t<meta property=\"og:image:height\" content=\"900\" \/>\n\t<meta property=\"og:image:type\" content=\"image\/jpeg\" \/>\n<meta name=\"twitter:card\" content=\"summary_large_image\" \/>\n<script type=\"application\/ld+json\" class=\"yoast-schema-graph\">{\"@context\":\"https:\/\/schema.org\",\"@graph\":[{\"@type\":\"WebPage\",\"@id\":\"https:\/\/nero-luce.com\/fr\/prodotti\/accessoires-et-complements\/porte-cones\/porte-cones-0901-l\/\",\"url\":\"https:\/\/nero-luce.com\/fr\/prodotti\/accessoires-et-complements\/porte-cones\/porte-cones-0901-l\/\",\"name\":\"Porte-c\u00f4nes - Art.0901\/L - Neroluce\",\"isPartOf\":{\"@id\":\"https:\/\/nero-luce.com\/it\/#website\"},\"datePublished\":\"2017-10-13T15:53:25+00:00\",\"dateModified\":\"2017-10-13T15:53:25+00:00\",\"breadcrumb\":{\"@id\":\"https:\/\/nero-luce.com\/fr\/prodotti\/accessoires-et-complements\/porte-cones\/porte-cones-0901-l\/#breadcrumb\"},\"inLanguage\":\"fr-FR\",\"potentialAction\":[{\"@type\":\"ReadAction\",\"target\":[\"https:\/\/nero-luce.com\/fr\/prodotti\/accessoires-et-complements\/porte-cones\/porte-cones-0901-l\/\"]}]},{\"@type\":\"BreadcrumbList\",\"@id\":\"https:\/\/nero-luce.com\/fr\/prodotti\/accessoires-et-complements\/porte-cones\/porte-cones-0901-l\/#breadcrumb\",\"itemListElement\":[{\"@type\":\"ListItem\",\"position\":1,\"name\":\"Home\",\"item\":\"https:\/\/nero-luce.com\/fr\/\"},{\"@type\":\"ListItem\",\"position\":2,\"name\":\"Produits\",\"item\":\"https:\/\/nero-luce.com\/fr\/produits\/\"},{\"@type\":\"ListItem\",\"position\":3,\"name\":\"Porte-c\u00f4nes &#8211; Art.0901\/L\"}]},{\"@type\":\"WebSite\",\"@id\":\"https:\/\/nero-luce.com\/it\/#website\",\"url\":\"https:\/\/nero-luce.com\/it\/\",\"name\":\"Neroluce\",\"description\":\"Insegne e accessori per gelaterie\",\"potentialAction\":[{\"@type\":\"SearchAction\",\"target\":{\"@type\":\"EntryPoint\",\"urlTemplate\":\"https:\/\/nero-luce.com\/it\/?s={search_term_string}\"},\"query-input\":\"required name=search_term_string\"}],\"inLanguage\":\"fr-FR\"}]}<\/script>\n<!-- \/ Yoast SEO plugin. -->","yoast_head_json":{"title":"Porte-c\u00f4nes - Art.0901\/L - Neroluce","robots":{"index":"index","follow":"follow","max-snippet":"max-snippet:-1","max-image-preview":"max-image-preview:large","max-video-preview":"max-video-preview:-1"},"canonical":"https:\/\/nero-luce.com\/fr\/prodotti\/accessoires-et-complements\/porte-cones\/porte-cones-0901-l\/","og_locale":"fr_FR","og_type":"article","og_title":"Porte-c\u00f4nes - Art.0901\/L - Neroluce","og_description":"Porte-c\u00f4nes en plexiglas transparent avec front convexe muni de d\u00e9coration lumineuse et de petites plaques amovibles pour l'exposition des parfums: rappelez-vous de nous communiquer avec une e-mail ou un fax votre liste des parfums parce que les plaques sont r\u00e9alis\u00e9es expr\u00e8s pour vous. Couvercle amovible. Il est muni de 15 trous pour c\u00f4nes standard et de 2 pour c\u00f4nes-maxi. Les \u00e9tag\u00e8res sont ais\u00e9ment amovibles pour faciliter le nettoyage et elles peuvent \u00eatre positionn\u00e9es sur 2 niveaux diff\u00e9rents.  Dimensions: 460x290x600 mm","og_url":"https:\/\/nero-luce.com\/fr\/prodotti\/accessoires-et-complements\/porte-cones\/porte-cones-0901-l\/","og_site_name":"Neroluce","og_image":[{"width":675,"height":900,"url":"https:\/\/nero-luce.com\/wp-content\/uploads\/2017\/10\/portaconi-0901-l.jpg","type":"image\/jpeg"}],"twitter_card":"summary_large_image","schema":{"@context":"https:\/\/schema.org","@graph":[{"@type":"WebPage","@id":"https:\/\/nero-luce.com\/fr\/prodotti\/accessoires-et-complements\/porte-cones\/porte-cones-0901-l\/","url":"https:\/\/nero-luce.com\/fr\/prodotti\/accessoires-et-complements\/porte-cones\/porte-cones-0901-l\/","name":"Porte-c\u00f4nes - Art.0901\/L - Neroluce","isPartOf":{"@id":"https:\/\/nero-luce.com\/it\/#website"},"datePublished":"2017-10-13T15:53:25+00:00","dateModified":"2017-10-13T15:53:25+00:00","breadcrumb":{"@id":"https:\/\/nero-luce.com\/fr\/prodotti\/accessoires-et-complements\/porte-cones\/porte-cones-0901-l\/#breadcrumb"},"inLanguage":"fr-FR","potentialAction":[{"@type":"ReadAction","target":["https:\/\/nero-luce.com\/fr\/prodotti\/accessoires-et-complements\/porte-cones\/porte-cones-0901-l\/"]}]},{"@type":"BreadcrumbList","@id":"https:\/\/nero-luce.com\/fr\/prodotti\/accessoires-et-complements\/porte-cones\/porte-cones-0901-l\/#breadcrumb","itemListElement":[{"@type":"ListItem","position":1,"name":"Home","item":"https:\/\/nero-luce.com\/fr\/"},{"@type":"ListItem","position":2,"name":"Produits","item":"https:\/\/nero-luce.com\/fr\/produits\/"},{"@type":"ListItem","position":3,"name":"Porte-c\u00f4nes &#8211; Art.0901\/L"}]},{"@type":"WebSite","@id":"https:\/\/nero-luce.com\/it\/#website","url":"https:\/\/nero-luce.com\/it\/","name":"Neroluce","description":"Insegne e accessori per gelaterie","potentialAction":[{"@type":"SearchAction","target":{"@type":"EntryPoint","urlTemplate":"https:\/\/nero-luce.com\/it\/?s={search_term_string}"},"query-input":"required name=search_term_string"}],"inLanguage":"fr-FR"}]}},"acf":[],"_links":{"self":[{"href":"https:\/\/nero-luce.com\/fr\/wp-json\/wp\/v2\/product\/8798"}],"collection":[{"href":"https:\/\/nero-luce.com\/fr\/wp-json\/wp\/v2\/product"}],"about":[{"href":"https:\/\/nero-luce.com\/fr\/wp-json\/wp\/v2\/types\/product"}],"replies":[{"embeddable":true,"href":"https:\/\/nero-luce.com\/fr\/wp-json\/wp\/v2\/comments?post=8798"}],"wp:featuredmedia":[{"embeddable":true,"href":"https:\/\/nero-luce.com\/fr\/wp-json\/wp\/v2\/media\/7364"}],"wp:attachment":[{"href":"https:\/\/nero-luce.com\/fr\/wp-json\/wp\/v2\/media?parent=8798"}],"wp:term":[{"taxonomy":"product_cat","embeddable":true,"href":"https:\/\/nero-luce.com\/fr\/wp-json\/wp\/v2\/product_cat?post=8798"},{"taxonomy":"product_tag","embeddable":true,"href":"https:\/\/nero-luce.com\/fr\/wp-json\/wp\/v2\/product_tag?post=8798"}],"curies":[{"name":"wp","href":"https:\/\/api.w.org\/{rel}","templated":true}]}}