{"id":8780,"date":"2017-10-13T15:53:34","date_gmt":"2017-10-13T15:53:34","guid":{"rendered":"https:\/\/nero-luce.com\/prodotto\/porte-cones-0965\/"},"modified":"2017-10-13T15:53:34","modified_gmt":"2017-10-13T15:53:34","slug":"porte-cones-0965","status":"publish","type":"product","link":"https:\/\/nero-luce.com\/fr\/prodotti\/accessoires-et-complements\/porte-cones\/porte-cones-0965\/","title":{"rendered":"Porte-c\u00f4nes &#8211; Art. 0965"},"content":{"rendered":"","protected":false},"excerpt":{"rendered":"<p>Tr\u00e8s utile porte-c\u00f4nes \u00e0 fixation murale, avec extraction et insertion des c\u00f4nes du fond.<br \/>\nIl est r\u00e9alis\u00e9 en plexiglas transparent<br \/>\nIl est muni d&rsquo;1 tuyau pour contenir les c\u00f4nes.<br \/>\nLe tuyau est compl\u00e8tement ferm\u00e9 pour garantir l&rsquo;hygi\u00e8ne, mais il est ouvrant du font pour permettre un nettoyage facile.<\/p>\n<p>Dimensions: 140x140xH.500 mm<\/p>\n","protected":false},"featured_media":7423,"comment_status":"closed","ping_status":"closed","template":"","meta":[],"product_cat":[309],"product_tag":[],"yoast_head":"<!-- This site is optimized with the Yoast SEO plugin v20.2.1 - https:\/\/yoast.com\/wordpress\/plugins\/seo\/ -->\n<title>Porte-c\u00f4nes - Art. 0965 - Neroluce<\/title>\n<meta name=\"robots\" content=\"index, follow, max-snippet:-1, max-image-preview:large, max-video-preview:-1\" \/>\n<link rel=\"canonical\" href=\"https:\/\/nero-luce.com\/fr\/prodotti\/accessoires-et-complements\/porte-cones\/porte-cones-0965\/\" \/>\n<meta property=\"og:locale\" content=\"fr_FR\" \/>\n<meta property=\"og:type\" content=\"article\" \/>\n<meta property=\"og:title\" content=\"Porte-c\u00f4nes - Art. 0965 - Neroluce\" \/>\n<meta property=\"og:description\" content=\"Tr\u00e8s utile porte-c\u00f4nes \u00e0 fixation murale, avec extraction et insertion des c\u00f4nes du fond. Il est r\u00e9alis\u00e9 en plexiglas transparent Il est muni d&#039;1 tuyau pour contenir les c\u00f4nes. Le tuyau est compl\u00e8tement ferm\u00e9 pour garantir l&#039;hygi\u00e8ne, mais il est ouvrant du font pour permettre un nettoyage facile.  Dimensions: 140x140xH.500 mm\" \/>\n<meta property=\"og:url\" content=\"https:\/\/nero-luce.com\/fr\/prodotti\/accessoires-et-complements\/porte-cones\/porte-cones-0965\/\" \/>\n<meta property=\"og:site_name\" content=\"Neroluce\" \/>\n<meta property=\"og:image\" content=\"https:\/\/nero-luce.com\/wp-content\/uploads\/2017\/10\/portaconi-0965.jpg\" \/>\n\t<meta property=\"og:image:width\" content=\"675\" \/>\n\t<meta property=\"og:image:height\" content=\"900\" \/>\n\t<meta property=\"og:image:type\" content=\"image\/jpeg\" \/>\n<meta name=\"twitter:card\" content=\"summary_large_image\" \/>\n<script type=\"application\/ld+json\" class=\"yoast-schema-graph\">{\"@context\":\"https:\/\/schema.org\",\"@graph\":[{\"@type\":\"WebPage\",\"@id\":\"https:\/\/nero-luce.com\/fr\/prodotti\/accessoires-et-complements\/porte-cones\/porte-cones-0965\/\",\"url\":\"https:\/\/nero-luce.com\/fr\/prodotti\/accessoires-et-complements\/porte-cones\/porte-cones-0965\/\",\"name\":\"Porte-c\u00f4nes - Art. 0965 - Neroluce\",\"isPartOf\":{\"@id\":\"https:\/\/nero-luce.com\/it\/#website\"},\"datePublished\":\"2017-10-13T15:53:34+00:00\",\"dateModified\":\"2017-10-13T15:53:34+00:00\",\"breadcrumb\":{\"@id\":\"https:\/\/nero-luce.com\/fr\/prodotti\/accessoires-et-complements\/porte-cones\/porte-cones-0965\/#breadcrumb\"},\"inLanguage\":\"fr-FR\",\"potentialAction\":[{\"@type\":\"ReadAction\",\"target\":[\"https:\/\/nero-luce.com\/fr\/prodotti\/accessoires-et-complements\/porte-cones\/porte-cones-0965\/\"]}]},{\"@type\":\"BreadcrumbList\",\"@id\":\"https:\/\/nero-luce.com\/fr\/prodotti\/accessoires-et-complements\/porte-cones\/porte-cones-0965\/#breadcrumb\",\"itemListElement\":[{\"@type\":\"ListItem\",\"position\":1,\"name\":\"Home\",\"item\":\"https:\/\/nero-luce.com\/fr\/\"},{\"@type\":\"ListItem\",\"position\":2,\"name\":\"Produits\",\"item\":\"https:\/\/nero-luce.com\/fr\/produits\/\"},{\"@type\":\"ListItem\",\"position\":3,\"name\":\"Porte-c\u00f4nes &#8211; Art. 0965\"}]},{\"@type\":\"WebSite\",\"@id\":\"https:\/\/nero-luce.com\/it\/#website\",\"url\":\"https:\/\/nero-luce.com\/it\/\",\"name\":\"Neroluce\",\"description\":\"Insegne e accessori per gelaterie\",\"potentialAction\":[{\"@type\":\"SearchAction\",\"target\":{\"@type\":\"EntryPoint\",\"urlTemplate\":\"https:\/\/nero-luce.com\/it\/?s={search_term_string}\"},\"query-input\":\"required name=search_term_string\"}],\"inLanguage\":\"fr-FR\"}]}<\/script>\n<!-- \/ Yoast SEO plugin. -->","yoast_head_json":{"title":"Porte-c\u00f4nes - Art. 0965 - Neroluce","robots":{"index":"index","follow":"follow","max-snippet":"max-snippet:-1","max-image-preview":"max-image-preview:large","max-video-preview":"max-video-preview:-1"},"canonical":"https:\/\/nero-luce.com\/fr\/prodotti\/accessoires-et-complements\/porte-cones\/porte-cones-0965\/","og_locale":"fr_FR","og_type":"article","og_title":"Porte-c\u00f4nes - Art. 0965 - Neroluce","og_description":"Tr\u00e8s utile porte-c\u00f4nes \u00e0 fixation murale, avec extraction et insertion des c\u00f4nes du fond. Il est r\u00e9alis\u00e9 en plexiglas transparent Il est muni d'1 tuyau pour contenir les c\u00f4nes. Le tuyau est compl\u00e8tement ferm\u00e9 pour garantir l'hygi\u00e8ne, mais il est ouvrant du font pour permettre un nettoyage facile.  Dimensions: 140x140xH.500 mm","og_url":"https:\/\/nero-luce.com\/fr\/prodotti\/accessoires-et-complements\/porte-cones\/porte-cones-0965\/","og_site_name":"Neroluce","og_image":[{"width":675,"height":900,"url":"https:\/\/nero-luce.com\/wp-content\/uploads\/2017\/10\/portaconi-0965.jpg","type":"image\/jpeg"}],"twitter_card":"summary_large_image","schema":{"@context":"https:\/\/schema.org","@graph":[{"@type":"WebPage","@id":"https:\/\/nero-luce.com\/fr\/prodotti\/accessoires-et-complements\/porte-cones\/porte-cones-0965\/","url":"https:\/\/nero-luce.com\/fr\/prodotti\/accessoires-et-complements\/porte-cones\/porte-cones-0965\/","name":"Porte-c\u00f4nes - Art. 0965 - Neroluce","isPartOf":{"@id":"https:\/\/nero-luce.com\/it\/#website"},"datePublished":"2017-10-13T15:53:34+00:00","dateModified":"2017-10-13T15:53:34+00:00","breadcrumb":{"@id":"https:\/\/nero-luce.com\/fr\/prodotti\/accessoires-et-complements\/porte-cones\/porte-cones-0965\/#breadcrumb"},"inLanguage":"fr-FR","potentialAction":[{"@type":"ReadAction","target":["https:\/\/nero-luce.com\/fr\/prodotti\/accessoires-et-complements\/porte-cones\/porte-cones-0965\/"]}]},{"@type":"BreadcrumbList","@id":"https:\/\/nero-luce.com\/fr\/prodotti\/accessoires-et-complements\/porte-cones\/porte-cones-0965\/#breadcrumb","itemListElement":[{"@type":"ListItem","position":1,"name":"Home","item":"https:\/\/nero-luce.com\/fr\/"},{"@type":"ListItem","position":2,"name":"Produits","item":"https:\/\/nero-luce.com\/fr\/produits\/"},{"@type":"ListItem","position":3,"name":"Porte-c\u00f4nes &#8211; Art. 0965"}]},{"@type":"WebSite","@id":"https:\/\/nero-luce.com\/it\/#website","url":"https:\/\/nero-luce.com\/it\/","name":"Neroluce","description":"Insegne e accessori per gelaterie","potentialAction":[{"@type":"SearchAction","target":{"@type":"EntryPoint","urlTemplate":"https:\/\/nero-luce.com\/it\/?s={search_term_string}"},"query-input":"required name=search_term_string"}],"inLanguage":"fr-FR"}]}},"acf":[],"_links":{"self":[{"href":"https:\/\/nero-luce.com\/fr\/wp-json\/wp\/v2\/product\/8780"}],"collection":[{"href":"https:\/\/nero-luce.com\/fr\/wp-json\/wp\/v2\/product"}],"about":[{"href":"https:\/\/nero-luce.com\/fr\/wp-json\/wp\/v2\/types\/product"}],"replies":[{"embeddable":true,"href":"https:\/\/nero-luce.com\/fr\/wp-json\/wp\/v2\/comments?post=8780"}],"wp:featuredmedia":[{"embeddable":true,"href":"https:\/\/nero-luce.com\/fr\/wp-json\/wp\/v2\/media\/7423"}],"wp:attachment":[{"href":"https:\/\/nero-luce.com\/fr\/wp-json\/wp\/v2\/media?parent=8780"}],"wp:term":[{"taxonomy":"product_cat","embeddable":true,"href":"https:\/\/nero-luce.com\/fr\/wp-json\/wp\/v2\/product_cat?post=8780"},{"taxonomy":"product_tag","embeddable":true,"href":"https:\/\/nero-luce.com\/fr\/wp-json\/wp\/v2\/product_tag?post=8780"}],"curies":[{"name":"wp","href":"https:\/\/api.w.org\/{rel}","templated":true}]}}