{"id":8639,"date":"2017-10-13T15:53:13","date_gmt":"2017-10-13T15:53:13","guid":{"rendered":"https:\/\/nero-luce.com\/prodotto\/porte-garniture-0985\/"},"modified":"2017-10-13T15:53:13","modified_gmt":"2017-10-13T15:53:13","slug":"porte-garniture-0985","status":"publish","type":"product","link":"https:\/\/nero-luce.com\/fr\/prodotti\/accessoires-et-complements\/porte-garnitures\/porte-garniture-0985\/","title":{"rendered":"Porte-garniture &#8211; Art.0985"},"content":{"rendered":"","protected":false},"excerpt":{"rendered":"<p>\u00c9l\u00e9ment porte-garniture vertical en plexiglas transparent pour 3 bouteilles.<br \/>\nLes bouteilles des garnitures peuvent \u00eatre ins\u00e9r\u00e9es \u00e9galement avec le bouchon adress\u00e9 en haut ou en bas.<br \/>\nLa position inclin\u00e9e des bouteilles facilite la prise et leur utilisation.<br \/>\nL&rsquo;art. 0985 peut \u00eatre combin\u00e9 avec les art.s 0986 et 0987.<\/p>\n<p>Dimensions: 110x180xH385 mm<\/p>\n","protected":false},"featured_media":5916,"comment_status":"closed","ping_status":"closed","template":"","meta":[],"product_cat":[315],"product_tag":[],"yoast_head":"<!-- This site is optimized with the Yoast SEO plugin v20.2.1 - https:\/\/yoast.com\/wordpress\/plugins\/seo\/ -->\n<title>Porte-garniture - Art.0985 - Neroluce<\/title>\n<meta name=\"robots\" content=\"index, follow, max-snippet:-1, max-image-preview:large, max-video-preview:-1\" \/>\n<link rel=\"canonical\" href=\"https:\/\/nero-luce.com\/fr\/prodotti\/accessoires-et-complements\/porte-garnitures\/porte-garniture-0985\/\" \/>\n<meta property=\"og:locale\" content=\"fr_FR\" \/>\n<meta property=\"og:type\" content=\"article\" \/>\n<meta property=\"og:title\" content=\"Porte-garniture - Art.0985 - Neroluce\" \/>\n<meta property=\"og:description\" content=\"\u00c9l\u00e9ment porte-garniture vertical en plexiglas transparent pour 3 bouteilles. Les bouteilles des garnitures peuvent \u00eatre ins\u00e9r\u00e9es \u00e9galement avec le bouchon adress\u00e9 en haut ou en bas. La position inclin\u00e9e des bouteilles facilite la prise et leur utilisation. L&#039;art. 0985 peut \u00eatre combin\u00e9 avec les art.s 0986 et 0987.  Dimensions: 110x180xH385 mm\" \/>\n<meta property=\"og:url\" content=\"https:\/\/nero-luce.com\/fr\/prodotti\/accessoires-et-complements\/porte-garnitures\/porte-garniture-0985\/\" \/>\n<meta property=\"og:site_name\" content=\"Neroluce\" \/>\n<meta property=\"og:image\" content=\"https:\/\/nero-luce.com\/wp-content\/uploads\/2017\/10\/portatopping-0985.jpg\" \/>\n\t<meta property=\"og:image:width\" content=\"675\" \/>\n\t<meta property=\"og:image:height\" content=\"900\" \/>\n\t<meta property=\"og:image:type\" content=\"image\/jpeg\" \/>\n<meta name=\"twitter:card\" content=\"summary_large_image\" \/>\n<script type=\"application\/ld+json\" class=\"yoast-schema-graph\">{\"@context\":\"https:\/\/schema.org\",\"@graph\":[{\"@type\":\"WebPage\",\"@id\":\"https:\/\/nero-luce.com\/fr\/prodotti\/accessoires-et-complements\/porte-garnitures\/porte-garniture-0985\/\",\"url\":\"https:\/\/nero-luce.com\/fr\/prodotti\/accessoires-et-complements\/porte-garnitures\/porte-garniture-0985\/\",\"name\":\"Porte-garniture - Art.0985 - Neroluce\",\"isPartOf\":{\"@id\":\"https:\/\/nero-luce.com\/it\/#website\"},\"datePublished\":\"2017-10-13T15:53:13+00:00\",\"dateModified\":\"2017-10-13T15:53:13+00:00\",\"breadcrumb\":{\"@id\":\"https:\/\/nero-luce.com\/fr\/prodotti\/accessoires-et-complements\/porte-garnitures\/porte-garniture-0985\/#breadcrumb\"},\"inLanguage\":\"fr-FR\",\"potentialAction\":[{\"@type\":\"ReadAction\",\"target\":[\"https:\/\/nero-luce.com\/fr\/prodotti\/accessoires-et-complements\/porte-garnitures\/porte-garniture-0985\/\"]}]},{\"@type\":\"BreadcrumbList\",\"@id\":\"https:\/\/nero-luce.com\/fr\/prodotti\/accessoires-et-complements\/porte-garnitures\/porte-garniture-0985\/#breadcrumb\",\"itemListElement\":[{\"@type\":\"ListItem\",\"position\":1,\"name\":\"Home\",\"item\":\"https:\/\/nero-luce.com\/fr\/\"},{\"@type\":\"ListItem\",\"position\":2,\"name\":\"Produits\",\"item\":\"https:\/\/nero-luce.com\/fr\/produits\/\"},{\"@type\":\"ListItem\",\"position\":3,\"name\":\"Porte-garniture &#8211; Art.0985\"}]},{\"@type\":\"WebSite\",\"@id\":\"https:\/\/nero-luce.com\/it\/#website\",\"url\":\"https:\/\/nero-luce.com\/it\/\",\"name\":\"Neroluce\",\"description\":\"Insegne e accessori per gelaterie\",\"potentialAction\":[{\"@type\":\"SearchAction\",\"target\":{\"@type\":\"EntryPoint\",\"urlTemplate\":\"https:\/\/nero-luce.com\/it\/?s={search_term_string}\"},\"query-input\":\"required name=search_term_string\"}],\"inLanguage\":\"fr-FR\"}]}<\/script>\n<!-- \/ Yoast SEO plugin. -->","yoast_head_json":{"title":"Porte-garniture - Art.0985 - Neroluce","robots":{"index":"index","follow":"follow","max-snippet":"max-snippet:-1","max-image-preview":"max-image-preview:large","max-video-preview":"max-video-preview:-1"},"canonical":"https:\/\/nero-luce.com\/fr\/prodotti\/accessoires-et-complements\/porte-garnitures\/porte-garniture-0985\/","og_locale":"fr_FR","og_type":"article","og_title":"Porte-garniture - Art.0985 - Neroluce","og_description":"\u00c9l\u00e9ment porte-garniture vertical en plexiglas transparent pour 3 bouteilles. Les bouteilles des garnitures peuvent \u00eatre ins\u00e9r\u00e9es \u00e9galement avec le bouchon adress\u00e9 en haut ou en bas. La position inclin\u00e9e des bouteilles facilite la prise et leur utilisation. L'art. 0985 peut \u00eatre combin\u00e9 avec les art.s 0986 et 0987.  Dimensions: 110x180xH385 mm","og_url":"https:\/\/nero-luce.com\/fr\/prodotti\/accessoires-et-complements\/porte-garnitures\/porte-garniture-0985\/","og_site_name":"Neroluce","og_image":[{"width":675,"height":900,"url":"https:\/\/nero-luce.com\/wp-content\/uploads\/2017\/10\/portatopping-0985.jpg","type":"image\/jpeg"}],"twitter_card":"summary_large_image","schema":{"@context":"https:\/\/schema.org","@graph":[{"@type":"WebPage","@id":"https:\/\/nero-luce.com\/fr\/prodotti\/accessoires-et-complements\/porte-garnitures\/porte-garniture-0985\/","url":"https:\/\/nero-luce.com\/fr\/prodotti\/accessoires-et-complements\/porte-garnitures\/porte-garniture-0985\/","name":"Porte-garniture - Art.0985 - Neroluce","isPartOf":{"@id":"https:\/\/nero-luce.com\/it\/#website"},"datePublished":"2017-10-13T15:53:13+00:00","dateModified":"2017-10-13T15:53:13+00:00","breadcrumb":{"@id":"https:\/\/nero-luce.com\/fr\/prodotti\/accessoires-et-complements\/porte-garnitures\/porte-garniture-0985\/#breadcrumb"},"inLanguage":"fr-FR","potentialAction":[{"@type":"ReadAction","target":["https:\/\/nero-luce.com\/fr\/prodotti\/accessoires-et-complements\/porte-garnitures\/porte-garniture-0985\/"]}]},{"@type":"BreadcrumbList","@id":"https:\/\/nero-luce.com\/fr\/prodotti\/accessoires-et-complements\/porte-garnitures\/porte-garniture-0985\/#breadcrumb","itemListElement":[{"@type":"ListItem","position":1,"name":"Home","item":"https:\/\/nero-luce.com\/fr\/"},{"@type":"ListItem","position":2,"name":"Produits","item":"https:\/\/nero-luce.com\/fr\/produits\/"},{"@type":"ListItem","position":3,"name":"Porte-garniture &#8211; Art.0985"}]},{"@type":"WebSite","@id":"https:\/\/nero-luce.com\/it\/#website","url":"https:\/\/nero-luce.com\/it\/","name":"Neroluce","description":"Insegne e accessori per gelaterie","potentialAction":[{"@type":"SearchAction","target":{"@type":"EntryPoint","urlTemplate":"https:\/\/nero-luce.com\/it\/?s={search_term_string}"},"query-input":"required name=search_term_string"}],"inLanguage":"fr-FR"}]}},"acf":[],"_links":{"self":[{"href":"https:\/\/nero-luce.com\/fr\/wp-json\/wp\/v2\/product\/8639"}],"collection":[{"href":"https:\/\/nero-luce.com\/fr\/wp-json\/wp\/v2\/product"}],"about":[{"href":"https:\/\/nero-luce.com\/fr\/wp-json\/wp\/v2\/types\/product"}],"replies":[{"embeddable":true,"href":"https:\/\/nero-luce.com\/fr\/wp-json\/wp\/v2\/comments?post=8639"}],"wp:featuredmedia":[{"embeddable":true,"href":"https:\/\/nero-luce.com\/fr\/wp-json\/wp\/v2\/media\/5916"}],"wp:attachment":[{"href":"https:\/\/nero-luce.com\/fr\/wp-json\/wp\/v2\/media?parent=8639"}],"wp:term":[{"taxonomy":"product_cat","embeddable":true,"href":"https:\/\/nero-luce.com\/fr\/wp-json\/wp\/v2\/product_cat?post=8639"},{"taxonomy":"product_tag","embeddable":true,"href":"https:\/\/nero-luce.com\/fr\/wp-json\/wp\/v2\/product_tag?post=8639"}],"curies":[{"name":"wp","href":"https:\/\/api.w.org\/{rel}","templated":true}]}}