{"id":8625,"date":"2017-10-13T15:53:25","date_gmt":"2017-10-13T15:53:25","guid":{"rendered":"https:\/\/nero-luce.com\/prodotto\/liste-de-prix-03541-w\/"},"modified":"2017-10-13T15:53:25","modified_gmt":"2017-10-13T15:53:25","slug":"liste-de-prix-03541-w","status":"publish","type":"product","link":"https:\/\/nero-luce.com\/fr\/prodotti\/accessoires-et-complements\/listes-de-prix\/liste-de-prix-03541-w\/","title":{"rendered":"Liste de prix &#8211; Art.0354\/1W"},"content":{"rendered":"","protected":false},"excerpt":{"rendered":"<p>Tableau des prix\/panneau extr\u00eamement attirant et vif.<br \/>\nEssentiel pour l&rsquo;exposition des prix des c\u00f4nes, des coupes, de la cr\u00e8me fouett\u00e9e et du maxi-c\u00f4ne, il est un tableau des prix dont aucun glacier ne peut se passer.<br \/>\nElles sont comprises plusieurs chiffres autocollantes pour composer les diff\u00e9rents prix.<br \/>\nOn peut le choisir de la couleur d\u00e9sir\u00e9e parmi celles qui sont disponibles.<\/p>\n<p>Dimensions: 750&#215;400 mm<\/p>\n","protected":false},"featured_media":5614,"comment_status":"closed","ping_status":"closed","template":"","meta":[],"product_cat":[317],"product_tag":[],"yoast_head":"<!-- This site is optimized with the Yoast SEO plugin v20.2.1 - https:\/\/yoast.com\/wordpress\/plugins\/seo\/ -->\n<title>Liste de prix - Art.0354\/1W - Neroluce<\/title>\n<meta name=\"robots\" content=\"index, follow, max-snippet:-1, max-image-preview:large, max-video-preview:-1\" \/>\n<link rel=\"canonical\" href=\"https:\/\/nero-luce.com\/fr\/prodotti\/accessoires-et-complements\/listes-de-prix\/liste-de-prix-03541-w\/\" \/>\n<meta property=\"og:locale\" content=\"fr_FR\" \/>\n<meta property=\"og:type\" content=\"article\" \/>\n<meta property=\"og:title\" content=\"Liste de prix - Art.0354\/1W - Neroluce\" \/>\n<meta property=\"og:description\" content=\"Tableau des prix\/panneau extr\u00eamement attirant et vif. Essentiel pour l&#039;exposition des prix des c\u00f4nes, des coupes, de la cr\u00e8me fouett\u00e9e et du maxi-c\u00f4ne, il est un tableau des prix dont aucun glacier ne peut se passer. Elles sont comprises plusieurs chiffres autocollantes pour composer les diff\u00e9rents prix. On peut le choisir de la couleur d\u00e9sir\u00e9e parmi celles qui sont disponibles.  Dimensions: 750x400 mm\" \/>\n<meta property=\"og:url\" content=\"https:\/\/nero-luce.com\/fr\/prodotti\/accessoires-et-complements\/listes-de-prix\/liste-de-prix-03541-w\/\" \/>\n<meta property=\"og:site_name\" content=\"Neroluce\" \/>\n<meta property=\"og:image\" content=\"https:\/\/nero-luce.com\/wp-content\/uploads\/2017\/10\/prezzario-0354-1w.jpg\" \/>\n\t<meta property=\"og:image:width\" content=\"675\" \/>\n\t<meta property=\"og:image:height\" content=\"900\" \/>\n\t<meta property=\"og:image:type\" content=\"image\/jpeg\" \/>\n<meta name=\"twitter:card\" content=\"summary_large_image\" \/>\n<script type=\"application\/ld+json\" class=\"yoast-schema-graph\">{\"@context\":\"https:\/\/schema.org\",\"@graph\":[{\"@type\":\"WebPage\",\"@id\":\"https:\/\/nero-luce.com\/fr\/prodotti\/accessoires-et-complements\/listes-de-prix\/liste-de-prix-03541-w\/\",\"url\":\"https:\/\/nero-luce.com\/fr\/prodotti\/accessoires-et-complements\/listes-de-prix\/liste-de-prix-03541-w\/\",\"name\":\"Liste de prix - Art.0354\/1W - Neroluce\",\"isPartOf\":{\"@id\":\"https:\/\/nero-luce.com\/it\/#website\"},\"datePublished\":\"2017-10-13T15:53:25+00:00\",\"dateModified\":\"2017-10-13T15:53:25+00:00\",\"breadcrumb\":{\"@id\":\"https:\/\/nero-luce.com\/fr\/prodotti\/accessoires-et-complements\/listes-de-prix\/liste-de-prix-03541-w\/#breadcrumb\"},\"inLanguage\":\"fr-FR\",\"potentialAction\":[{\"@type\":\"ReadAction\",\"target\":[\"https:\/\/nero-luce.com\/fr\/prodotti\/accessoires-et-complements\/listes-de-prix\/liste-de-prix-03541-w\/\"]}]},{\"@type\":\"BreadcrumbList\",\"@id\":\"https:\/\/nero-luce.com\/fr\/prodotti\/accessoires-et-complements\/listes-de-prix\/liste-de-prix-03541-w\/#breadcrumb\",\"itemListElement\":[{\"@type\":\"ListItem\",\"position\":1,\"name\":\"Home\",\"item\":\"https:\/\/nero-luce.com\/fr\/\"},{\"@type\":\"ListItem\",\"position\":2,\"name\":\"Produits\",\"item\":\"https:\/\/nero-luce.com\/fr\/produits\/\"},{\"@type\":\"ListItem\",\"position\":3,\"name\":\"Liste de prix &#8211; Art.0354\/1W\"}]},{\"@type\":\"WebSite\",\"@id\":\"https:\/\/nero-luce.com\/it\/#website\",\"url\":\"https:\/\/nero-luce.com\/it\/\",\"name\":\"Neroluce\",\"description\":\"Insegne e accessori per gelaterie\",\"potentialAction\":[{\"@type\":\"SearchAction\",\"target\":{\"@type\":\"EntryPoint\",\"urlTemplate\":\"https:\/\/nero-luce.com\/it\/?s={search_term_string}\"},\"query-input\":\"required name=search_term_string\"}],\"inLanguage\":\"fr-FR\"}]}<\/script>\n<!-- \/ Yoast SEO plugin. -->","yoast_head_json":{"title":"Liste de prix - Art.0354\/1W - Neroluce","robots":{"index":"index","follow":"follow","max-snippet":"max-snippet:-1","max-image-preview":"max-image-preview:large","max-video-preview":"max-video-preview:-1"},"canonical":"https:\/\/nero-luce.com\/fr\/prodotti\/accessoires-et-complements\/listes-de-prix\/liste-de-prix-03541-w\/","og_locale":"fr_FR","og_type":"article","og_title":"Liste de prix - Art.0354\/1W - Neroluce","og_description":"Tableau des prix\/panneau extr\u00eamement attirant et vif. Essentiel pour l'exposition des prix des c\u00f4nes, des coupes, de la cr\u00e8me fouett\u00e9e et du maxi-c\u00f4ne, il est un tableau des prix dont aucun glacier ne peut se passer. Elles sont comprises plusieurs chiffres autocollantes pour composer les diff\u00e9rents prix. On peut le choisir de la couleur d\u00e9sir\u00e9e parmi celles qui sont disponibles.  Dimensions: 750x400 mm","og_url":"https:\/\/nero-luce.com\/fr\/prodotti\/accessoires-et-complements\/listes-de-prix\/liste-de-prix-03541-w\/","og_site_name":"Neroluce","og_image":[{"width":675,"height":900,"url":"https:\/\/nero-luce.com\/wp-content\/uploads\/2017\/10\/prezzario-0354-1w.jpg","type":"image\/jpeg"}],"twitter_card":"summary_large_image","schema":{"@context":"https:\/\/schema.org","@graph":[{"@type":"WebPage","@id":"https:\/\/nero-luce.com\/fr\/prodotti\/accessoires-et-complements\/listes-de-prix\/liste-de-prix-03541-w\/","url":"https:\/\/nero-luce.com\/fr\/prodotti\/accessoires-et-complements\/listes-de-prix\/liste-de-prix-03541-w\/","name":"Liste de prix - Art.0354\/1W - Neroluce","isPartOf":{"@id":"https:\/\/nero-luce.com\/it\/#website"},"datePublished":"2017-10-13T15:53:25+00:00","dateModified":"2017-10-13T15:53:25+00:00","breadcrumb":{"@id":"https:\/\/nero-luce.com\/fr\/prodotti\/accessoires-et-complements\/listes-de-prix\/liste-de-prix-03541-w\/#breadcrumb"},"inLanguage":"fr-FR","potentialAction":[{"@type":"ReadAction","target":["https:\/\/nero-luce.com\/fr\/prodotti\/accessoires-et-complements\/listes-de-prix\/liste-de-prix-03541-w\/"]}]},{"@type":"BreadcrumbList","@id":"https:\/\/nero-luce.com\/fr\/prodotti\/accessoires-et-complements\/listes-de-prix\/liste-de-prix-03541-w\/#breadcrumb","itemListElement":[{"@type":"ListItem","position":1,"name":"Home","item":"https:\/\/nero-luce.com\/fr\/"},{"@type":"ListItem","position":2,"name":"Produits","item":"https:\/\/nero-luce.com\/fr\/produits\/"},{"@type":"ListItem","position":3,"name":"Liste de prix &#8211; Art.0354\/1W"}]},{"@type":"WebSite","@id":"https:\/\/nero-luce.com\/it\/#website","url":"https:\/\/nero-luce.com\/it\/","name":"Neroluce","description":"Insegne e accessori per gelaterie","potentialAction":[{"@type":"SearchAction","target":{"@type":"EntryPoint","urlTemplate":"https:\/\/nero-luce.com\/it\/?s={search_term_string}"},"query-input":"required name=search_term_string"}],"inLanguage":"fr-FR"}]}},"acf":[],"_links":{"self":[{"href":"https:\/\/nero-luce.com\/fr\/wp-json\/wp\/v2\/product\/8625"}],"collection":[{"href":"https:\/\/nero-luce.com\/fr\/wp-json\/wp\/v2\/product"}],"about":[{"href":"https:\/\/nero-luce.com\/fr\/wp-json\/wp\/v2\/types\/product"}],"replies":[{"embeddable":true,"href":"https:\/\/nero-luce.com\/fr\/wp-json\/wp\/v2\/comments?post=8625"}],"wp:featuredmedia":[{"embeddable":true,"href":"https:\/\/nero-luce.com\/fr\/wp-json\/wp\/v2\/media\/5614"}],"wp:attachment":[{"href":"https:\/\/nero-luce.com\/fr\/wp-json\/wp\/v2\/media?parent=8625"}],"wp:term":[{"taxonomy":"product_cat","embeddable":true,"href":"https:\/\/nero-luce.com\/fr\/wp-json\/wp\/v2\/product_cat?post=8625"},{"taxonomy":"product_tag","embeddable":true,"href":"https:\/\/nero-luce.com\/fr\/wp-json\/wp\/v2\/product_tag?post=8625"}],"curies":[{"name":"wp","href":"https:\/\/api.w.org\/{rel}","templated":true}]}}