{"id":8404,"date":"2017-10-13T15:53:18","date_gmt":"2017-10-13T15:53:18","guid":{"rendered":"https:\/\/nero-luce.com\/prodotto\/poster-de-bureau-0360-12\/"},"modified":"2017-10-13T15:53:18","modified_gmt":"2017-10-13T15:53:18","slug":"poster-de-bureau-0360-12","status":"publish","type":"product","link":"https:\/\/nero-luce.com\/fr\/prodotti\/accessoires-et-complements\/posters-de-bureau\/poster-de-bureau-0360-12\/","title":{"rendered":"Poster de bureau &#8211; Art.0360\/12"},"content":{"rendered":"","protected":false},"excerpt":{"rendered":"<p>Tableau des prix extr\u00eamement attirant et vif.<br \/>\nIl est muni d&rsquo;un support pour l&rsquo;appui qui le rend un essentiel poster de bureau pour l&rsquo;exposition des prix des granit\u00e9s siciliennes.<br \/>\nElles sont comprises plusieurs chiffres autocollantes pour composer les diff\u00e9rents prix.<br \/>\nOn peut le choisir de la couleur d\u00e9sir\u00e9e parmi celles qui sont disponibles.<\/p>\n","protected":false},"featured_media":5735,"comment_status":"closed","ping_status":"closed","template":"","meta":[],"product_cat":[316],"product_tag":[],"yoast_head":"<!-- This site is optimized with the Yoast SEO plugin v20.2.1 - https:\/\/yoast.com\/wordpress\/plugins\/seo\/ -->\n<title>Poster de bureau - Art.0360\/12 - Neroluce<\/title>\n<meta name=\"robots\" content=\"index, follow, max-snippet:-1, max-image-preview:large, max-video-preview:-1\" \/>\n<link rel=\"canonical\" href=\"https:\/\/nero-luce.com\/fr\/prodotti\/accessoires-et-complements\/posters-de-bureau\/poster-de-bureau-0360-12\/\" \/>\n<meta property=\"og:locale\" content=\"fr_FR\" \/>\n<meta property=\"og:type\" content=\"article\" \/>\n<meta property=\"og:title\" content=\"Poster de bureau - Art.0360\/12 - Neroluce\" \/>\n<meta property=\"og:description\" content=\"Tableau des prix extr\u00eamement attirant et vif. Il est muni d&#039;un support pour l&#039;appui qui le rend un essentiel poster de bureau pour l&#039;exposition des prix des granit\u00e9s siciliennes. Elles sont comprises plusieurs chiffres autocollantes pour composer les diff\u00e9rents prix. On peut le choisir de la couleur d\u00e9sir\u00e9e parmi celles qui sont disponibles.\" \/>\n<meta property=\"og:url\" content=\"https:\/\/nero-luce.com\/fr\/prodotti\/accessoires-et-complements\/posters-de-bureau\/poster-de-bureau-0360-12\/\" \/>\n<meta property=\"og:site_name\" content=\"Neroluce\" \/>\n<meta property=\"og:image\" content=\"https:\/\/nero-luce.com\/wp-content\/uploads\/2017\/10\/poster-da-tavolo-0360-12.jpg\" \/>\n\t<meta property=\"og:image:width\" content=\"675\" \/>\n\t<meta property=\"og:image:height\" content=\"900\" \/>\n\t<meta property=\"og:image:type\" content=\"image\/jpeg\" \/>\n<meta name=\"twitter:card\" content=\"summary_large_image\" \/>\n<script type=\"application\/ld+json\" class=\"yoast-schema-graph\">{\"@context\":\"https:\/\/schema.org\",\"@graph\":[{\"@type\":\"WebPage\",\"@id\":\"https:\/\/nero-luce.com\/fr\/prodotti\/accessoires-et-complements\/posters-de-bureau\/poster-de-bureau-0360-12\/\",\"url\":\"https:\/\/nero-luce.com\/fr\/prodotti\/accessoires-et-complements\/posters-de-bureau\/poster-de-bureau-0360-12\/\",\"name\":\"Poster de bureau - Art.0360\/12 - Neroluce\",\"isPartOf\":{\"@id\":\"https:\/\/nero-luce.com\/it\/#website\"},\"datePublished\":\"2017-10-13T15:53:18+00:00\",\"dateModified\":\"2017-10-13T15:53:18+00:00\",\"breadcrumb\":{\"@id\":\"https:\/\/nero-luce.com\/fr\/prodotti\/accessoires-et-complements\/posters-de-bureau\/poster-de-bureau-0360-12\/#breadcrumb\"},\"inLanguage\":\"fr-FR\",\"potentialAction\":[{\"@type\":\"ReadAction\",\"target\":[\"https:\/\/nero-luce.com\/fr\/prodotti\/accessoires-et-complements\/posters-de-bureau\/poster-de-bureau-0360-12\/\"]}]},{\"@type\":\"BreadcrumbList\",\"@id\":\"https:\/\/nero-luce.com\/fr\/prodotti\/accessoires-et-complements\/posters-de-bureau\/poster-de-bureau-0360-12\/#breadcrumb\",\"itemListElement\":[{\"@type\":\"ListItem\",\"position\":1,\"name\":\"Home\",\"item\":\"https:\/\/nero-luce.com\/fr\/\"},{\"@type\":\"ListItem\",\"position\":2,\"name\":\"Produits\",\"item\":\"https:\/\/nero-luce.com\/fr\/produits\/\"},{\"@type\":\"ListItem\",\"position\":3,\"name\":\"Poster de bureau &#8211; Art.0360\/12\"}]},{\"@type\":\"WebSite\",\"@id\":\"https:\/\/nero-luce.com\/it\/#website\",\"url\":\"https:\/\/nero-luce.com\/it\/\",\"name\":\"Neroluce\",\"description\":\"Insegne e accessori per gelaterie\",\"potentialAction\":[{\"@type\":\"SearchAction\",\"target\":{\"@type\":\"EntryPoint\",\"urlTemplate\":\"https:\/\/nero-luce.com\/it\/?s={search_term_string}\"},\"query-input\":\"required name=search_term_string\"}],\"inLanguage\":\"fr-FR\"}]}<\/script>\n<!-- \/ Yoast SEO plugin. -->","yoast_head_json":{"title":"Poster de bureau - Art.0360\/12 - Neroluce","robots":{"index":"index","follow":"follow","max-snippet":"max-snippet:-1","max-image-preview":"max-image-preview:large","max-video-preview":"max-video-preview:-1"},"canonical":"https:\/\/nero-luce.com\/fr\/prodotti\/accessoires-et-complements\/posters-de-bureau\/poster-de-bureau-0360-12\/","og_locale":"fr_FR","og_type":"article","og_title":"Poster de bureau - Art.0360\/12 - Neroluce","og_description":"Tableau des prix extr\u00eamement attirant et vif. Il est muni d'un support pour l'appui qui le rend un essentiel poster de bureau pour l'exposition des prix des granit\u00e9s siciliennes. Elles sont comprises plusieurs chiffres autocollantes pour composer les diff\u00e9rents prix. On peut le choisir de la couleur d\u00e9sir\u00e9e parmi celles qui sont disponibles.","og_url":"https:\/\/nero-luce.com\/fr\/prodotti\/accessoires-et-complements\/posters-de-bureau\/poster-de-bureau-0360-12\/","og_site_name":"Neroluce","og_image":[{"width":675,"height":900,"url":"https:\/\/nero-luce.com\/wp-content\/uploads\/2017\/10\/poster-da-tavolo-0360-12.jpg","type":"image\/jpeg"}],"twitter_card":"summary_large_image","schema":{"@context":"https:\/\/schema.org","@graph":[{"@type":"WebPage","@id":"https:\/\/nero-luce.com\/fr\/prodotti\/accessoires-et-complements\/posters-de-bureau\/poster-de-bureau-0360-12\/","url":"https:\/\/nero-luce.com\/fr\/prodotti\/accessoires-et-complements\/posters-de-bureau\/poster-de-bureau-0360-12\/","name":"Poster de bureau - Art.0360\/12 - Neroluce","isPartOf":{"@id":"https:\/\/nero-luce.com\/it\/#website"},"datePublished":"2017-10-13T15:53:18+00:00","dateModified":"2017-10-13T15:53:18+00:00","breadcrumb":{"@id":"https:\/\/nero-luce.com\/fr\/prodotti\/accessoires-et-complements\/posters-de-bureau\/poster-de-bureau-0360-12\/#breadcrumb"},"inLanguage":"fr-FR","potentialAction":[{"@type":"ReadAction","target":["https:\/\/nero-luce.com\/fr\/prodotti\/accessoires-et-complements\/posters-de-bureau\/poster-de-bureau-0360-12\/"]}]},{"@type":"BreadcrumbList","@id":"https:\/\/nero-luce.com\/fr\/prodotti\/accessoires-et-complements\/posters-de-bureau\/poster-de-bureau-0360-12\/#breadcrumb","itemListElement":[{"@type":"ListItem","position":1,"name":"Home","item":"https:\/\/nero-luce.com\/fr\/"},{"@type":"ListItem","position":2,"name":"Produits","item":"https:\/\/nero-luce.com\/fr\/produits\/"},{"@type":"ListItem","position":3,"name":"Poster de bureau &#8211; Art.0360\/12"}]},{"@type":"WebSite","@id":"https:\/\/nero-luce.com\/it\/#website","url":"https:\/\/nero-luce.com\/it\/","name":"Neroluce","description":"Insegne e accessori per gelaterie","potentialAction":[{"@type":"SearchAction","target":{"@type":"EntryPoint","urlTemplate":"https:\/\/nero-luce.com\/it\/?s={search_term_string}"},"query-input":"required name=search_term_string"}],"inLanguage":"fr-FR"}]}},"acf":[],"_links":{"self":[{"href":"https:\/\/nero-luce.com\/fr\/wp-json\/wp\/v2\/product\/8404"}],"collection":[{"href":"https:\/\/nero-luce.com\/fr\/wp-json\/wp\/v2\/product"}],"about":[{"href":"https:\/\/nero-luce.com\/fr\/wp-json\/wp\/v2\/types\/product"}],"replies":[{"embeddable":true,"href":"https:\/\/nero-luce.com\/fr\/wp-json\/wp\/v2\/comments?post=8404"}],"wp:featuredmedia":[{"embeddable":true,"href":"https:\/\/nero-luce.com\/fr\/wp-json\/wp\/v2\/media\/5735"}],"wp:attachment":[{"href":"https:\/\/nero-luce.com\/fr\/wp-json\/wp\/v2\/media?parent=8404"}],"wp:term":[{"taxonomy":"product_cat","embeddable":true,"href":"https:\/\/nero-luce.com\/fr\/wp-json\/wp\/v2\/product_cat?post=8404"},{"taxonomy":"product_tag","embeddable":true,"href":"https:\/\/nero-luce.com\/fr\/wp-json\/wp\/v2\/product_tag?post=8404"}],"curies":[{"name":"wp","href":"https:\/\/api.w.org\/{rel}","templated":true}]}}