{"id":7779,"date":"2017-11-13T11:41:59","date_gmt":"2017-11-13T11:41:59","guid":{"rendered":"https:\/\/nero-luce.com\/prodotto\/coupe-de-glace-led-a-vue-0552-1\/"},"modified":"2018-03-12T09:16:57","modified_gmt":"2018-03-12T09:16:57","slug":"coupe-de-glace-led-a-vue-0552-1","status":"publish","type":"product","link":"https:\/\/nero-luce.com\/fr\/prodotti\/accessoires-et-complements\/baby-led-accessoires-et-complements\/coupe-de-glace-led-a-vue-0552-1\/","title":{"rendered":"Coupe de glace LED \u00e0 vue &#8211; Art.0552\/1"},"content":{"rendered":"","protected":false},"excerpt":{"rendered":"<p>Coupe de glace lumineuse uni-face, model\u00e9e, avec LED \u00e0 vue.<\/p>\n<p>Cette coupe constitue une nouveaut\u00e9 absolue dans l&#039;utilisation des LED. En effet nous avons r\u00e9ussi \u00e0 utiliser des bandes particuli\u00e8res de LED color\u00e9s pour \u00ab\u00a0dessiner\u00a0\u00bb le contour et les formes de la coupe de glace en profitant de l&#039;extraordinaire brillance lumineuse de ces exceptionnels LED. Chaque bande de LED est prot\u00e9g\u00e9e par une membrane en silicone contre la poussi\u00e8re et contre \u00e9ventuelles gicl\u00e9es.<br \/>\nLa base d&#039;appui incluse dans la fourniture et les dimensions r\u00e9duites de cette coupe de glace la rendent un objet qui peut \u00eatre positionn\u00e9 en n&#039;importe quel endroit, mais avec un impact visuel tr\u00e8s \u00e9lev\u00e9.<br \/>\nIl ne peut pas manquer dans votre boutique.<\/p>\n","protected":false},"featured_media":7460,"comment_status":"closed","ping_status":"closed","template":"","meta":[],"product_cat":[303],"product_tag":[],"yoast_head":"<!-- This site is optimized with the Yoast SEO plugin v20.2.1 - https:\/\/yoast.com\/wordpress\/plugins\/seo\/ -->\n<title>Coupe de glace LED \u00e0 vue - Art.0552\/1 - Neroluce<\/title>\n<meta name=\"robots\" content=\"index, follow, max-snippet:-1, max-image-preview:large, max-video-preview:-1\" \/>\n<link rel=\"canonical\" href=\"https:\/\/nero-luce.com\/fr\/prodotti\/accessoires-et-complements\/baby-led-accessoires-et-complements\/coupe-de-glace-led-a-vue-0552-1\/\" \/>\n<meta property=\"og:locale\" content=\"fr_FR\" \/>\n<meta property=\"og:type\" content=\"article\" \/>\n<meta property=\"og:title\" content=\"Coupe de glace LED \u00e0 vue - Art.0552\/1 - Neroluce\" \/>\n<meta property=\"og:description\" content=\"Coupe de glace lumineuse uni-face, model\u00e9e, avec LED \u00e0 vue.  Cette coupe constitue une nouveaut\u00e9 absolue dans l&#039;utilisation des LED. En effet nous avons r\u00e9ussi \u00e0 utiliser des bandes particuli\u00e8res de LED color\u00e9s pour &quot;dessiner&quot; le contour et les formes de la coupe de glace en profitant de l&#039;extraordinaire brillance lumineuse de ces exceptionnels LED. Chaque bande de LED est prot\u00e9g\u00e9e par une membrane en silicone contre la poussi\u00e8re et contre \u00e9ventuelles gicl\u00e9es. La base d&#039;appui incluse dans la fourniture et les dimensions r\u00e9duites de cette coupe de glace la rendent un objet qui peut \u00eatre positionn\u00e9 en n&#039;importe quel endroit, mais avec un impact visuel tr\u00e8s \u00e9lev\u00e9. Il ne peut pas manquer dans votre boutique.\" \/>\n<meta property=\"og:url\" content=\"https:\/\/nero-luce.com\/fr\/prodotti\/accessoires-et-complements\/baby-led-accessoires-et-complements\/coupe-de-glace-led-a-vue-0552-1\/\" \/>\n<meta property=\"og:site_name\" content=\"Neroluce\" \/>\n<meta property=\"article:modified_time\" content=\"2018-03-12T09:16:57+00:00\" \/>\n<meta property=\"og:image\" content=\"https:\/\/nero-luce.com\/wp-content\/uploads\/2017\/11\/baby-led-coppa-gelato-0552-1.jpg\" \/>\n\t<meta property=\"og:image:width\" content=\"675\" \/>\n\t<meta property=\"og:image:height\" content=\"900\" \/>\n\t<meta property=\"og:image:type\" content=\"image\/jpeg\" \/>\n<meta name=\"twitter:card\" content=\"summary_large_image\" \/>\n<script type=\"application\/ld+json\" class=\"yoast-schema-graph\">{\"@context\":\"https:\/\/schema.org\",\"@graph\":[{\"@type\":\"WebPage\",\"@id\":\"https:\/\/nero-luce.com\/fr\/prodotti\/accessoires-et-complements\/baby-led-accessoires-et-complements\/coupe-de-glace-led-a-vue-0552-1\/\",\"url\":\"https:\/\/nero-luce.com\/fr\/prodotti\/accessoires-et-complements\/baby-led-accessoires-et-complements\/coupe-de-glace-led-a-vue-0552-1\/\",\"name\":\"Coupe de glace LED \u00e0 vue - Art.0552\/1 - Neroluce\",\"isPartOf\":{\"@id\":\"https:\/\/nero-luce.com\/it\/#website\"},\"datePublished\":\"2017-11-13T11:41:59+00:00\",\"dateModified\":\"2018-03-12T09:16:57+00:00\",\"breadcrumb\":{\"@id\":\"https:\/\/nero-luce.com\/fr\/prodotti\/accessoires-et-complements\/baby-led-accessoires-et-complements\/coupe-de-glace-led-a-vue-0552-1\/#breadcrumb\"},\"inLanguage\":\"fr-FR\",\"potentialAction\":[{\"@type\":\"ReadAction\",\"target\":[\"https:\/\/nero-luce.com\/fr\/prodotti\/accessoires-et-complements\/baby-led-accessoires-et-complements\/coupe-de-glace-led-a-vue-0552-1\/\"]}]},{\"@type\":\"BreadcrumbList\",\"@id\":\"https:\/\/nero-luce.com\/fr\/prodotti\/accessoires-et-complements\/baby-led-accessoires-et-complements\/coupe-de-glace-led-a-vue-0552-1\/#breadcrumb\",\"itemListElement\":[{\"@type\":\"ListItem\",\"position\":1,\"name\":\"Home\",\"item\":\"https:\/\/nero-luce.com\/fr\/\"},{\"@type\":\"ListItem\",\"position\":2,\"name\":\"Produits\",\"item\":\"https:\/\/nero-luce.com\/fr\/produits\/\"},{\"@type\":\"ListItem\",\"position\":3,\"name\":\"Coupe de glace LED \u00e0 vue &#8211; Art.0552\/1\"}]},{\"@type\":\"WebSite\",\"@id\":\"https:\/\/nero-luce.com\/it\/#website\",\"url\":\"https:\/\/nero-luce.com\/it\/\",\"name\":\"Neroluce\",\"description\":\"Insegne e accessori per gelaterie\",\"potentialAction\":[{\"@type\":\"SearchAction\",\"target\":{\"@type\":\"EntryPoint\",\"urlTemplate\":\"https:\/\/nero-luce.com\/it\/?s={search_term_string}\"},\"query-input\":\"required name=search_term_string\"}],\"inLanguage\":\"fr-FR\"}]}<\/script>\n<!-- \/ Yoast SEO plugin. -->","yoast_head_json":{"title":"Coupe de glace LED \u00e0 vue - Art.0552\/1 - Neroluce","robots":{"index":"index","follow":"follow","max-snippet":"max-snippet:-1","max-image-preview":"max-image-preview:large","max-video-preview":"max-video-preview:-1"},"canonical":"https:\/\/nero-luce.com\/fr\/prodotti\/accessoires-et-complements\/baby-led-accessoires-et-complements\/coupe-de-glace-led-a-vue-0552-1\/","og_locale":"fr_FR","og_type":"article","og_title":"Coupe de glace LED \u00e0 vue - Art.0552\/1 - Neroluce","og_description":"Coupe de glace lumineuse uni-face, model\u00e9e, avec LED \u00e0 vue.  Cette coupe constitue une nouveaut\u00e9 absolue dans l&#039;utilisation des LED. En effet nous avons r\u00e9ussi \u00e0 utiliser des bandes particuli\u00e8res de LED color\u00e9s pour \"dessiner\" le contour et les formes de la coupe de glace en profitant de l&#039;extraordinaire brillance lumineuse de ces exceptionnels LED. Chaque bande de LED est prot\u00e9g\u00e9e par une membrane en silicone contre la poussi\u00e8re et contre \u00e9ventuelles gicl\u00e9es. La base d&#039;appui incluse dans la fourniture et les dimensions r\u00e9duites de cette coupe de glace la rendent un objet qui peut \u00eatre positionn\u00e9 en n&#039;importe quel endroit, mais avec un impact visuel tr\u00e8s \u00e9lev\u00e9. Il ne peut pas manquer dans votre boutique.","og_url":"https:\/\/nero-luce.com\/fr\/prodotti\/accessoires-et-complements\/baby-led-accessoires-et-complements\/coupe-de-glace-led-a-vue-0552-1\/","og_site_name":"Neroluce","article_modified_time":"2018-03-12T09:16:57+00:00","og_image":[{"width":675,"height":900,"url":"https:\/\/nero-luce.com\/wp-content\/uploads\/2017\/11\/baby-led-coppa-gelato-0552-1.jpg","type":"image\/jpeg"}],"twitter_card":"summary_large_image","schema":{"@context":"https:\/\/schema.org","@graph":[{"@type":"WebPage","@id":"https:\/\/nero-luce.com\/fr\/prodotti\/accessoires-et-complements\/baby-led-accessoires-et-complements\/coupe-de-glace-led-a-vue-0552-1\/","url":"https:\/\/nero-luce.com\/fr\/prodotti\/accessoires-et-complements\/baby-led-accessoires-et-complements\/coupe-de-glace-led-a-vue-0552-1\/","name":"Coupe de glace LED \u00e0 vue - Art.0552\/1 - Neroluce","isPartOf":{"@id":"https:\/\/nero-luce.com\/it\/#website"},"datePublished":"2017-11-13T11:41:59+00:00","dateModified":"2018-03-12T09:16:57+00:00","breadcrumb":{"@id":"https:\/\/nero-luce.com\/fr\/prodotti\/accessoires-et-complements\/baby-led-accessoires-et-complements\/coupe-de-glace-led-a-vue-0552-1\/#breadcrumb"},"inLanguage":"fr-FR","potentialAction":[{"@type":"ReadAction","target":["https:\/\/nero-luce.com\/fr\/prodotti\/accessoires-et-complements\/baby-led-accessoires-et-complements\/coupe-de-glace-led-a-vue-0552-1\/"]}]},{"@type":"BreadcrumbList","@id":"https:\/\/nero-luce.com\/fr\/prodotti\/accessoires-et-complements\/baby-led-accessoires-et-complements\/coupe-de-glace-led-a-vue-0552-1\/#breadcrumb","itemListElement":[{"@type":"ListItem","position":1,"name":"Home","item":"https:\/\/nero-luce.com\/fr\/"},{"@type":"ListItem","position":2,"name":"Produits","item":"https:\/\/nero-luce.com\/fr\/produits\/"},{"@type":"ListItem","position":3,"name":"Coupe de glace LED \u00e0 vue &#8211; Art.0552\/1"}]},{"@type":"WebSite","@id":"https:\/\/nero-luce.com\/it\/#website","url":"https:\/\/nero-luce.com\/it\/","name":"Neroluce","description":"Insegne e accessori per gelaterie","potentialAction":[{"@type":"SearchAction","target":{"@type":"EntryPoint","urlTemplate":"https:\/\/nero-luce.com\/it\/?s={search_term_string}"},"query-input":"required name=search_term_string"}],"inLanguage":"fr-FR"}]}},"acf":[],"_links":{"self":[{"href":"https:\/\/nero-luce.com\/fr\/wp-json\/wp\/v2\/product\/7779"}],"collection":[{"href":"https:\/\/nero-luce.com\/fr\/wp-json\/wp\/v2\/product"}],"about":[{"href":"https:\/\/nero-luce.com\/fr\/wp-json\/wp\/v2\/types\/product"}],"replies":[{"embeddable":true,"href":"https:\/\/nero-luce.com\/fr\/wp-json\/wp\/v2\/comments?post=7779"}],"wp:featuredmedia":[{"embeddable":true,"href":"https:\/\/nero-luce.com\/fr\/wp-json\/wp\/v2\/media\/7460"}],"wp:attachment":[{"href":"https:\/\/nero-luce.com\/fr\/wp-json\/wp\/v2\/media?parent=7779"}],"wp:term":[{"taxonomy":"product_cat","embeddable":true,"href":"https:\/\/nero-luce.com\/fr\/wp-json\/wp\/v2\/product_cat?post=7779"},{"taxonomy":"product_tag","embeddable":true,"href":"https:\/\/nero-luce.com\/fr\/wp-json\/wp\/v2\/product_tag?post=7779"}],"curies":[{"name":"wp","href":"https:\/\/api.w.org\/{rel}","templated":true}]}}