{"id":9734,"date":"2017-10-13T15:54:00","date_gmt":"2017-10-13T15:54:00","guid":{"rendered":"https:\/\/nero-luce.com\/prodotto\/doppelseitiger-mulleimer-baby-0775\/"},"modified":"2017-10-13T15:54:00","modified_gmt":"2017-10-13T15:54:00","slug":"doppelseitiger-mulleimer-baby-0775","status":"publish","type":"product","link":"https:\/\/nero-luce.com\/de\/prodotti\/zubehor-und-ersatzteile\/muelleimer\/muelleimer-baby\/doppelseitiger-mulleimer-baby-0775\/","title":{"rendered":"Doppelseitiger M\u00fclleimer Baby &#8211; Art. 0775"},"content":{"rendered":"","protected":false},"excerpt":{"rendered":"<p>Kleiner, doppelseitiger M\u00fclleimer in Form einer klassischen T\u00fcte.<br \/>\nDas Ganze verbindet gleichzeitig die starke Anziehungskraft der farbigen Grafik mit der notwendigen Verwendung dieses M\u00fclleimers.<br \/>\nDieser Artikel wird ganz aus PVC 10 mm hergestellt: geeignetes Material f\u00fcr au\u00dfen, in der Zeit widerstandsf\u00e4hig und witterungsbest\u00e4ndig.<\/p>\n<p>Gr\u00f6\u00dfe: 400x320xH800mm<\/p>\n","protected":false},"featured_media":7173,"comment_status":"closed","ping_status":"closed","template":"","meta":[],"product_cat":[347,348],"product_tag":[],"yoast_head":"<!-- This site is optimized with the Yoast SEO plugin v20.2.1 - https:\/\/yoast.com\/wordpress\/plugins\/seo\/ -->\n<title>Doppelseitiger M\u00fclleimer Baby - Art. 0775 - Neroluce<\/title>\n<meta name=\"robots\" content=\"index, follow, max-snippet:-1, max-image-preview:large, max-video-preview:-1\" \/>\n<link rel=\"canonical\" href=\"https:\/\/nero-luce.com\/de\/prodotti\/zubehor-und-ersatzteile\/muelleimer\/muelleimer-baby\/doppelseitiger-mulleimer-baby-0775\/\" \/>\n<meta property=\"og:locale\" content=\"de_DE\" \/>\n<meta property=\"og:type\" content=\"article\" \/>\n<meta property=\"og:title\" content=\"Doppelseitiger M\u00fclleimer Baby - Art. 0775 - Neroluce\" \/>\n<meta property=\"og:description\" content=\"Kleiner, doppelseitiger M\u00fclleimer in Form einer klassischen T\u00fcte. Das Ganze verbindet gleichzeitig die starke Anziehungskraft der farbigen Grafik mit der notwendigen Verwendung dieses M\u00fclleimers. Dieser Artikel wird ganz aus PVC 10 mm hergestellt: geeignetes Material f\u00fcr au\u00dfen, in der Zeit widerstandsf\u00e4hig und witterungsbest\u00e4ndig.  Gr\u00f6\u00dfe: 400x320xH800mm\" \/>\n<meta property=\"og:url\" content=\"https:\/\/nero-luce.com\/de\/prodotti\/zubehor-und-ersatzteile\/muelleimer\/muelleimer-baby\/doppelseitiger-mulleimer-baby-0775\/\" \/>\n<meta property=\"og:site_name\" content=\"Neroluce\" \/>\n<meta property=\"og:image\" content=\"https:\/\/nero-luce.com\/wp-content\/uploads\/2017\/10\/portarifiuti-baby-art-0775.jpg\" \/>\n\t<meta property=\"og:image:width\" content=\"675\" \/>\n\t<meta property=\"og:image:height\" content=\"900\" \/>\n\t<meta property=\"og:image:type\" content=\"image\/jpeg\" \/>\n<meta name=\"twitter:card\" content=\"summary_large_image\" \/>\n<script type=\"application\/ld+json\" class=\"yoast-schema-graph\">{\"@context\":\"https:\/\/schema.org\",\"@graph\":[{\"@type\":\"WebPage\",\"@id\":\"https:\/\/nero-luce.com\/de\/prodotti\/zubehor-und-ersatzteile\/muelleimer\/muelleimer-baby\/doppelseitiger-mulleimer-baby-0775\/\",\"url\":\"https:\/\/nero-luce.com\/de\/prodotti\/zubehor-und-ersatzteile\/muelleimer\/muelleimer-baby\/doppelseitiger-mulleimer-baby-0775\/\",\"name\":\"Doppelseitiger M\u00fclleimer Baby - Art. 0775 - Neroluce\",\"isPartOf\":{\"@id\":\"https:\/\/nero-luce.com\/it\/#website\"},\"datePublished\":\"2017-10-13T15:54:00+00:00\",\"dateModified\":\"2017-10-13T15:54:00+00:00\",\"breadcrumb\":{\"@id\":\"https:\/\/nero-luce.com\/de\/prodotti\/zubehor-und-ersatzteile\/muelleimer\/muelleimer-baby\/doppelseitiger-mulleimer-baby-0775\/#breadcrumb\"},\"inLanguage\":\"de-DE\",\"potentialAction\":[{\"@type\":\"ReadAction\",\"target\":[\"https:\/\/nero-luce.com\/de\/prodotti\/zubehor-und-ersatzteile\/muelleimer\/muelleimer-baby\/doppelseitiger-mulleimer-baby-0775\/\"]}]},{\"@type\":\"BreadcrumbList\",\"@id\":\"https:\/\/nero-luce.com\/de\/prodotti\/zubehor-und-ersatzteile\/muelleimer\/muelleimer-baby\/doppelseitiger-mulleimer-baby-0775\/#breadcrumb\",\"itemListElement\":[{\"@type\":\"ListItem\",\"position\":1,\"name\":\"Home\",\"item\":\"https:\/\/nero-luce.com\/de\/\"},{\"@type\":\"ListItem\",\"position\":2,\"name\":\"Produkte\",\"item\":\"https:\/\/nero-luce.com\/de\/produkte\/\"},{\"@type\":\"ListItem\",\"position\":3,\"name\":\"Doppelseitiger M\u00fclleimer Baby &#8211; Art. 0775\"}]},{\"@type\":\"WebSite\",\"@id\":\"https:\/\/nero-luce.com\/it\/#website\",\"url\":\"https:\/\/nero-luce.com\/it\/\",\"name\":\"Neroluce\",\"description\":\"Insegne e accessori per gelaterie\",\"potentialAction\":[{\"@type\":\"SearchAction\",\"target\":{\"@type\":\"EntryPoint\",\"urlTemplate\":\"https:\/\/nero-luce.com\/it\/?s={search_term_string}\"},\"query-input\":\"required name=search_term_string\"}],\"inLanguage\":\"de-DE\"}]}<\/script>\n<!-- \/ Yoast SEO plugin. -->","yoast_head_json":{"title":"Doppelseitiger M\u00fclleimer Baby - Art. 0775 - Neroluce","robots":{"index":"index","follow":"follow","max-snippet":"max-snippet:-1","max-image-preview":"max-image-preview:large","max-video-preview":"max-video-preview:-1"},"canonical":"https:\/\/nero-luce.com\/de\/prodotti\/zubehor-und-ersatzteile\/muelleimer\/muelleimer-baby\/doppelseitiger-mulleimer-baby-0775\/","og_locale":"de_DE","og_type":"article","og_title":"Doppelseitiger M\u00fclleimer Baby - Art. 0775 - Neroluce","og_description":"Kleiner, doppelseitiger M\u00fclleimer in Form einer klassischen T\u00fcte. Das Ganze verbindet gleichzeitig die starke Anziehungskraft der farbigen Grafik mit der notwendigen Verwendung dieses M\u00fclleimers. Dieser Artikel wird ganz aus PVC 10 mm hergestellt: geeignetes Material f\u00fcr au\u00dfen, in der Zeit widerstandsf\u00e4hig und witterungsbest\u00e4ndig.  Gr\u00f6\u00dfe: 400x320xH800mm","og_url":"https:\/\/nero-luce.com\/de\/prodotti\/zubehor-und-ersatzteile\/muelleimer\/muelleimer-baby\/doppelseitiger-mulleimer-baby-0775\/","og_site_name":"Neroluce","og_image":[{"width":675,"height":900,"url":"https:\/\/nero-luce.com\/wp-content\/uploads\/2017\/10\/portarifiuti-baby-art-0775.jpg","type":"image\/jpeg"}],"twitter_card":"summary_large_image","schema":{"@context":"https:\/\/schema.org","@graph":[{"@type":"WebPage","@id":"https:\/\/nero-luce.com\/de\/prodotti\/zubehor-und-ersatzteile\/muelleimer\/muelleimer-baby\/doppelseitiger-mulleimer-baby-0775\/","url":"https:\/\/nero-luce.com\/de\/prodotti\/zubehor-und-ersatzteile\/muelleimer\/muelleimer-baby\/doppelseitiger-mulleimer-baby-0775\/","name":"Doppelseitiger M\u00fclleimer Baby - Art. 0775 - Neroluce","isPartOf":{"@id":"https:\/\/nero-luce.com\/it\/#website"},"datePublished":"2017-10-13T15:54:00+00:00","dateModified":"2017-10-13T15:54:00+00:00","breadcrumb":{"@id":"https:\/\/nero-luce.com\/de\/prodotti\/zubehor-und-ersatzteile\/muelleimer\/muelleimer-baby\/doppelseitiger-mulleimer-baby-0775\/#breadcrumb"},"inLanguage":"de-DE","potentialAction":[{"@type":"ReadAction","target":["https:\/\/nero-luce.com\/de\/prodotti\/zubehor-und-ersatzteile\/muelleimer\/muelleimer-baby\/doppelseitiger-mulleimer-baby-0775\/"]}]},{"@type":"BreadcrumbList","@id":"https:\/\/nero-luce.com\/de\/prodotti\/zubehor-und-ersatzteile\/muelleimer\/muelleimer-baby\/doppelseitiger-mulleimer-baby-0775\/#breadcrumb","itemListElement":[{"@type":"ListItem","position":1,"name":"Home","item":"https:\/\/nero-luce.com\/de\/"},{"@type":"ListItem","position":2,"name":"Produkte","item":"https:\/\/nero-luce.com\/de\/produkte\/"},{"@type":"ListItem","position":3,"name":"Doppelseitiger M\u00fclleimer Baby &#8211; Art. 0775"}]},{"@type":"WebSite","@id":"https:\/\/nero-luce.com\/it\/#website","url":"https:\/\/nero-luce.com\/it\/","name":"Neroluce","description":"Insegne e accessori per gelaterie","potentialAction":[{"@type":"SearchAction","target":{"@type":"EntryPoint","urlTemplate":"https:\/\/nero-luce.com\/it\/?s={search_term_string}"},"query-input":"required name=search_term_string"}],"inLanguage":"de-DE"}]}},"acf":[],"_links":{"self":[{"href":"https:\/\/nero-luce.com\/de\/wp-json\/wp\/v2\/product\/9734"}],"collection":[{"href":"https:\/\/nero-luce.com\/de\/wp-json\/wp\/v2\/product"}],"about":[{"href":"https:\/\/nero-luce.com\/de\/wp-json\/wp\/v2\/types\/product"}],"replies":[{"embeddable":true,"href":"https:\/\/nero-luce.com\/de\/wp-json\/wp\/v2\/comments?post=9734"}],"wp:featuredmedia":[{"embeddable":true,"href":"https:\/\/nero-luce.com\/de\/wp-json\/wp\/v2\/media\/7173"}],"wp:attachment":[{"href":"https:\/\/nero-luce.com\/de\/wp-json\/wp\/v2\/media?parent=9734"}],"wp:term":[{"taxonomy":"product_cat","embeddable":true,"href":"https:\/\/nero-luce.com\/de\/wp-json\/wp\/v2\/product_cat?post=9734"},{"taxonomy":"product_tag","embeddable":true,"href":"https:\/\/nero-luce.com\/de\/wp-json\/wp\/v2\/product_tag?post=9734"}],"curies":[{"name":"wp","href":"https:\/\/api.w.org\/{rel}","templated":true}]}}