{"id":9725,"date":"2017-10-13T15:53:56","date_gmt":"2017-10-13T15:53:56","guid":{"rendered":"https:\/\/nero-luce.com\/prodotto\/beleuchtete-tute-mit-neondraht-0750-px\/"},"modified":"2017-10-13T15:53:56","modified_gmt":"2017-10-13T15:53:56","slug":"beleuchtete-tute-mit-neondraht-0750-px","status":"publish","type":"product","link":"https:\/\/nero-luce.com\/de\/prodotti\/tueten-und-becher-als-werbematerial\/beleuchtete-tute-mit-neondraht-0750-px\/","title":{"rendered":"Beleuchtete T\u00fcte mit Neondraht &#8211; Art.0750\/PX"},"content":{"rendered":"","protected":false},"excerpt":{"rendered":"<p>Doppelseitig, geformte Leuchtt\u00fcte aus Methacrylat dekoriert.<br \/>\nDie Seiten aus Methacrylat sind mit farbig, klebender Schicht dekoriert, r\u00fcckseitige Beleuchtung. Aus diesem Grund ist die T\u00fcte bei Tag und bei Nacht auch bei betr\u00e4chtlicher Entfernung \u00e4u\u00dferst sichtbar.<\/p>\n<p>Das Gestell ist komplett aus Aluminium lackiert hergestellt, widerstandsf\u00e4hig aber leicht und rostfrei.<\/p>\n<p>Das Teil wird komplett mit regulierbarem Befestigungsb\u00fcgel in der L\u00e4nge geliefert.<\/p>\n<p>Gr\u00f6\u00dfe: L.700 x  H.1200 mm<\/p>\n","protected":false},"featured_media":7750,"comment_status":"closed","ping_status":"closed","template":"","meta":[],"product_cat":[340,338],"product_tag":[],"yoast_head":"<!-- This site is optimized with the Yoast SEO plugin v20.2.1 - https:\/\/yoast.com\/wordpress\/plugins\/seo\/ -->\n<title>Beleuchtete T\u00fcte mit Neondraht - Art.0750\/PX - Neroluce<\/title>\n<meta name=\"robots\" content=\"index, follow, max-snippet:-1, max-image-preview:large, max-video-preview:-1\" \/>\n<link rel=\"canonical\" href=\"https:\/\/nero-luce.com\/de\/prodotti\/tueten-und-becher-als-werbematerial\/beleuchtete-tute-mit-neondraht-0750-px\/\" \/>\n<meta property=\"og:locale\" content=\"de_DE\" \/>\n<meta property=\"og:type\" content=\"article\" \/>\n<meta property=\"og:title\" content=\"Beleuchtete T\u00fcte mit Neondraht - Art.0750\/PX - Neroluce\" \/>\n<meta property=\"og:description\" content=\"Doppelseitig, geformte Leuchtt\u00fcte aus Methacrylat dekoriert. Die Seiten aus Methacrylat sind mit farbig, klebender Schicht dekoriert, r\u00fcckseitige Beleuchtung. Aus diesem Grund ist die T\u00fcte bei Tag und bei Nacht auch bei betr\u00e4chtlicher Entfernung \u00e4u\u00dferst sichtbar.  Das Gestell ist komplett aus Aluminium lackiert hergestellt, widerstandsf\u00e4hig aber leicht und rostfrei.  Das Teil wird komplett mit regulierbarem Befestigungsb\u00fcgel in der L\u00e4nge geliefert.  Gr\u00f6\u00dfe: L.700 x H.1200 mm\" \/>\n<meta property=\"og:url\" content=\"https:\/\/nero-luce.com\/de\/prodotti\/tueten-und-becher-als-werbematerial\/beleuchtete-tute-mit-neondraht-0750-px\/\" \/>\n<meta property=\"og:site_name\" content=\"Neroluce\" \/>\n<meta property=\"og:image\" content=\"https:\/\/nero-luce.com\/wp-content\/uploads\/2017\/10\/cono-luminoso-0750-px.jpg\" \/>\n\t<meta property=\"og:image:width\" content=\"675\" \/>\n\t<meta property=\"og:image:height\" content=\"900\" \/>\n\t<meta property=\"og:image:type\" content=\"image\/jpeg\" \/>\n<meta name=\"twitter:card\" content=\"summary_large_image\" \/>\n<script type=\"application\/ld+json\" class=\"yoast-schema-graph\">{\"@context\":\"https:\/\/schema.org\",\"@graph\":[{\"@type\":\"WebPage\",\"@id\":\"https:\/\/nero-luce.com\/de\/prodotti\/tueten-und-becher-als-werbematerial\/beleuchtete-tute-mit-neondraht-0750-px\/\",\"url\":\"https:\/\/nero-luce.com\/de\/prodotti\/tueten-und-becher-als-werbematerial\/beleuchtete-tute-mit-neondraht-0750-px\/\",\"name\":\"Beleuchtete T\u00fcte mit Neondraht - Art.0750\/PX - Neroluce\",\"isPartOf\":{\"@id\":\"https:\/\/nero-luce.com\/it\/#website\"},\"datePublished\":\"2017-10-13T15:53:56+00:00\",\"dateModified\":\"2017-10-13T15:53:56+00:00\",\"breadcrumb\":{\"@id\":\"https:\/\/nero-luce.com\/de\/prodotti\/tueten-und-becher-als-werbematerial\/beleuchtete-tute-mit-neondraht-0750-px\/#breadcrumb\"},\"inLanguage\":\"de-DE\",\"potentialAction\":[{\"@type\":\"ReadAction\",\"target\":[\"https:\/\/nero-luce.com\/de\/prodotti\/tueten-und-becher-als-werbematerial\/beleuchtete-tute-mit-neondraht-0750-px\/\"]}]},{\"@type\":\"BreadcrumbList\",\"@id\":\"https:\/\/nero-luce.com\/de\/prodotti\/tueten-und-becher-als-werbematerial\/beleuchtete-tute-mit-neondraht-0750-px\/#breadcrumb\",\"itemListElement\":[{\"@type\":\"ListItem\",\"position\":1,\"name\":\"Home\",\"item\":\"https:\/\/nero-luce.com\/de\/\"},{\"@type\":\"ListItem\",\"position\":2,\"name\":\"Produkte\",\"item\":\"https:\/\/nero-luce.com\/de\/produkte\/\"},{\"@type\":\"ListItem\",\"position\":3,\"name\":\"Beleuchtete T\u00fcte mit Neondraht &#8211; Art.0750\/PX\"}]},{\"@type\":\"WebSite\",\"@id\":\"https:\/\/nero-luce.com\/it\/#website\",\"url\":\"https:\/\/nero-luce.com\/it\/\",\"name\":\"Neroluce\",\"description\":\"Insegne e accessori per gelaterie\",\"potentialAction\":[{\"@type\":\"SearchAction\",\"target\":{\"@type\":\"EntryPoint\",\"urlTemplate\":\"https:\/\/nero-luce.com\/it\/?s={search_term_string}\"},\"query-input\":\"required name=search_term_string\"}],\"inLanguage\":\"de-DE\"}]}<\/script>\n<!-- \/ Yoast SEO plugin. -->","yoast_head_json":{"title":"Beleuchtete T\u00fcte mit Neondraht - Art.0750\/PX - Neroluce","robots":{"index":"index","follow":"follow","max-snippet":"max-snippet:-1","max-image-preview":"max-image-preview:large","max-video-preview":"max-video-preview:-1"},"canonical":"https:\/\/nero-luce.com\/de\/prodotti\/tueten-und-becher-als-werbematerial\/beleuchtete-tute-mit-neondraht-0750-px\/","og_locale":"de_DE","og_type":"article","og_title":"Beleuchtete T\u00fcte mit Neondraht - Art.0750\/PX - Neroluce","og_description":"Doppelseitig, geformte Leuchtt\u00fcte aus Methacrylat dekoriert. Die Seiten aus Methacrylat sind mit farbig, klebender Schicht dekoriert, r\u00fcckseitige Beleuchtung. Aus diesem Grund ist die T\u00fcte bei Tag und bei Nacht auch bei betr\u00e4chtlicher Entfernung \u00e4u\u00dferst sichtbar.  Das Gestell ist komplett aus Aluminium lackiert hergestellt, widerstandsf\u00e4hig aber leicht und rostfrei.  Das Teil wird komplett mit regulierbarem Befestigungsb\u00fcgel in der L\u00e4nge geliefert.  Gr\u00f6\u00dfe: L.700 x H.1200 mm","og_url":"https:\/\/nero-luce.com\/de\/prodotti\/tueten-und-becher-als-werbematerial\/beleuchtete-tute-mit-neondraht-0750-px\/","og_site_name":"Neroluce","og_image":[{"width":675,"height":900,"url":"https:\/\/nero-luce.com\/wp-content\/uploads\/2017\/10\/cono-luminoso-0750-px.jpg","type":"image\/jpeg"}],"twitter_card":"summary_large_image","schema":{"@context":"https:\/\/schema.org","@graph":[{"@type":"WebPage","@id":"https:\/\/nero-luce.com\/de\/prodotti\/tueten-und-becher-als-werbematerial\/beleuchtete-tute-mit-neondraht-0750-px\/","url":"https:\/\/nero-luce.com\/de\/prodotti\/tueten-und-becher-als-werbematerial\/beleuchtete-tute-mit-neondraht-0750-px\/","name":"Beleuchtete T\u00fcte mit Neondraht - Art.0750\/PX - Neroluce","isPartOf":{"@id":"https:\/\/nero-luce.com\/it\/#website"},"datePublished":"2017-10-13T15:53:56+00:00","dateModified":"2017-10-13T15:53:56+00:00","breadcrumb":{"@id":"https:\/\/nero-luce.com\/de\/prodotti\/tueten-und-becher-als-werbematerial\/beleuchtete-tute-mit-neondraht-0750-px\/#breadcrumb"},"inLanguage":"de-DE","potentialAction":[{"@type":"ReadAction","target":["https:\/\/nero-luce.com\/de\/prodotti\/tueten-und-becher-als-werbematerial\/beleuchtete-tute-mit-neondraht-0750-px\/"]}]},{"@type":"BreadcrumbList","@id":"https:\/\/nero-luce.com\/de\/prodotti\/tueten-und-becher-als-werbematerial\/beleuchtete-tute-mit-neondraht-0750-px\/#breadcrumb","itemListElement":[{"@type":"ListItem","position":1,"name":"Home","item":"https:\/\/nero-luce.com\/de\/"},{"@type":"ListItem","position":2,"name":"Produkte","item":"https:\/\/nero-luce.com\/de\/produkte\/"},{"@type":"ListItem","position":3,"name":"Beleuchtete T\u00fcte mit Neondraht &#8211; Art.0750\/PX"}]},{"@type":"WebSite","@id":"https:\/\/nero-luce.com\/it\/#website","url":"https:\/\/nero-luce.com\/it\/","name":"Neroluce","description":"Insegne e accessori per gelaterie","potentialAction":[{"@type":"SearchAction","target":{"@type":"EntryPoint","urlTemplate":"https:\/\/nero-luce.com\/it\/?s={search_term_string}"},"query-input":"required name=search_term_string"}],"inLanguage":"de-DE"}]}},"acf":[],"_links":{"self":[{"href":"https:\/\/nero-luce.com\/de\/wp-json\/wp\/v2\/product\/9725"}],"collection":[{"href":"https:\/\/nero-luce.com\/de\/wp-json\/wp\/v2\/product"}],"about":[{"href":"https:\/\/nero-luce.com\/de\/wp-json\/wp\/v2\/types\/product"}],"replies":[{"embeddable":true,"href":"https:\/\/nero-luce.com\/de\/wp-json\/wp\/v2\/comments?post=9725"}],"wp:featuredmedia":[{"embeddable":true,"href":"https:\/\/nero-luce.com\/de\/wp-json\/wp\/v2\/media\/7750"}],"wp:attachment":[{"href":"https:\/\/nero-luce.com\/de\/wp-json\/wp\/v2\/media?parent=9725"}],"wp:term":[{"taxonomy":"product_cat","embeddable":true,"href":"https:\/\/nero-luce.com\/de\/wp-json\/wp\/v2\/product_cat?post=9725"},{"taxonomy":"product_tag","embeddable":true,"href":"https:\/\/nero-luce.com\/de\/wp-json\/wp\/v2\/product_tag?post=9725"}],"curies":[{"name":"wp","href":"https:\/\/api.w.org\/{rel}","templated":true}]}}