{"id":9723,"date":"2017-10-13T15:53:34","date_gmt":"2017-10-13T15:53:34","guid":{"rendered":"https:\/\/nero-luce.com\/prodotto\/beleuchtete-tute-mit-neondraht-0751-bn\/"},"modified":"2017-10-13T15:53:34","modified_gmt":"2017-10-13T15:53:34","slug":"beleuchtete-tute-mit-neondraht-0751-bn","status":"publish","type":"product","link":"https:\/\/nero-luce.com\/de\/prodotti\/tueten-und-becher-als-werbematerial\/beleuchtete-tute-mit-neondraht-0751-bn\/","title":{"rendered":"Beleuchtete T\u00fcte mit Neondraht &#8211; Art.0751\/BN"},"content":{"rendered":"","protected":false},"excerpt":{"rendered":"<p>Doppelseitig, geformte und mit Neondraht beleuchtete T\u00fcte.<br \/>\nDie Anwendung dieses Neondrahtes macht diese T\u00fcte bereits von betr\u00e4chtlicher Entfernung sichtbar. Das ausstrahlende Licht besitzt einen unvergleichbaren Glanz . Die lebhaften Dekorationen mit farbig-klebender Schicht gew\u00e4hrleisten auch tags\u00fcber die maximale Sichtbarkeit.<\/p>\n<p>Das Gestell ist vollst\u00e4ndig aus Aluminium lackiert hergestellt, widerstandsf\u00e4hig aber leicht und rostfrei.<\/p>\n<p>Das Teil wird komplett mit regulierbarem Befestigungsb\u00fcgel in der L\u00e4nge geliefert.<\/p>\n<p>Gr\u00f6\u00dfe: L.520 x  H.900 mm<\/p>\n","protected":false},"featured_media":7740,"comment_status":"closed","ping_status":"closed","template":"","meta":[],"product_cat":[340,338],"product_tag":[],"yoast_head":"<!-- This site is optimized with the Yoast SEO plugin v20.2.1 - https:\/\/yoast.com\/wordpress\/plugins\/seo\/ -->\n<title>Beleuchtete T\u00fcte mit Neondraht - Art.0751\/BN - Neroluce<\/title>\n<meta name=\"robots\" content=\"index, follow, max-snippet:-1, max-image-preview:large, max-video-preview:-1\" \/>\n<link rel=\"canonical\" href=\"https:\/\/nero-luce.com\/de\/prodotti\/tueten-und-becher-als-werbematerial\/beleuchtete-tute-mit-neondraht-0751-bn\/\" \/>\n<meta property=\"og:locale\" content=\"de_DE\" \/>\n<meta property=\"og:type\" content=\"article\" \/>\n<meta property=\"og:title\" content=\"Beleuchtete T\u00fcte mit Neondraht - Art.0751\/BN - Neroluce\" \/>\n<meta property=\"og:description\" content=\"Doppelseitig, geformte und mit Neondraht beleuchtete T\u00fcte. Die Anwendung dieses Neondrahtes macht diese T\u00fcte bereits von betr\u00e4chtlicher Entfernung sichtbar. Das ausstrahlende Licht besitzt einen unvergleichbaren Glanz . Die lebhaften Dekorationen mit farbig-klebender Schicht gew\u00e4hrleisten auch tags\u00fcber die maximale Sichtbarkeit.  Das Gestell ist vollst\u00e4ndig aus Aluminium lackiert hergestellt, widerstandsf\u00e4hig aber leicht und rostfrei.  Das Teil wird komplett mit regulierbarem Befestigungsb\u00fcgel in der L\u00e4nge geliefert.  Gr\u00f6\u00dfe: L.520 x H.900 mm\" \/>\n<meta property=\"og:url\" content=\"https:\/\/nero-luce.com\/de\/prodotti\/tueten-und-becher-als-werbematerial\/beleuchtete-tute-mit-neondraht-0751-bn\/\" \/>\n<meta property=\"og:site_name\" content=\"Neroluce\" \/>\n<meta property=\"og:image\" content=\"https:\/\/nero-luce.com\/wp-content\/uploads\/2017\/10\/cono-luminoso-0751-bn.jpg\" \/>\n\t<meta property=\"og:image:width\" content=\"675\" \/>\n\t<meta property=\"og:image:height\" content=\"900\" \/>\n\t<meta property=\"og:image:type\" content=\"image\/jpeg\" \/>\n<meta name=\"twitter:card\" content=\"summary_large_image\" \/>\n<script type=\"application\/ld+json\" class=\"yoast-schema-graph\">{\"@context\":\"https:\/\/schema.org\",\"@graph\":[{\"@type\":\"WebPage\",\"@id\":\"https:\/\/nero-luce.com\/de\/prodotti\/tueten-und-becher-als-werbematerial\/beleuchtete-tute-mit-neondraht-0751-bn\/\",\"url\":\"https:\/\/nero-luce.com\/de\/prodotti\/tueten-und-becher-als-werbematerial\/beleuchtete-tute-mit-neondraht-0751-bn\/\",\"name\":\"Beleuchtete T\u00fcte mit Neondraht - Art.0751\/BN - Neroluce\",\"isPartOf\":{\"@id\":\"https:\/\/nero-luce.com\/it\/#website\"},\"datePublished\":\"2017-10-13T15:53:34+00:00\",\"dateModified\":\"2017-10-13T15:53:34+00:00\",\"breadcrumb\":{\"@id\":\"https:\/\/nero-luce.com\/de\/prodotti\/tueten-und-becher-als-werbematerial\/beleuchtete-tute-mit-neondraht-0751-bn\/#breadcrumb\"},\"inLanguage\":\"de-DE\",\"potentialAction\":[{\"@type\":\"ReadAction\",\"target\":[\"https:\/\/nero-luce.com\/de\/prodotti\/tueten-und-becher-als-werbematerial\/beleuchtete-tute-mit-neondraht-0751-bn\/\"]}]},{\"@type\":\"BreadcrumbList\",\"@id\":\"https:\/\/nero-luce.com\/de\/prodotti\/tueten-und-becher-als-werbematerial\/beleuchtete-tute-mit-neondraht-0751-bn\/#breadcrumb\",\"itemListElement\":[{\"@type\":\"ListItem\",\"position\":1,\"name\":\"Home\",\"item\":\"https:\/\/nero-luce.com\/de\/\"},{\"@type\":\"ListItem\",\"position\":2,\"name\":\"Produkte\",\"item\":\"https:\/\/nero-luce.com\/de\/produkte\/\"},{\"@type\":\"ListItem\",\"position\":3,\"name\":\"Beleuchtete T\u00fcte mit Neondraht &#8211; Art.0751\/BN\"}]},{\"@type\":\"WebSite\",\"@id\":\"https:\/\/nero-luce.com\/it\/#website\",\"url\":\"https:\/\/nero-luce.com\/it\/\",\"name\":\"Neroluce\",\"description\":\"Insegne e accessori per gelaterie\",\"potentialAction\":[{\"@type\":\"SearchAction\",\"target\":{\"@type\":\"EntryPoint\",\"urlTemplate\":\"https:\/\/nero-luce.com\/it\/?s={search_term_string}\"},\"query-input\":\"required name=search_term_string\"}],\"inLanguage\":\"de-DE\"}]}<\/script>\n<!-- \/ Yoast SEO plugin. -->","yoast_head_json":{"title":"Beleuchtete T\u00fcte mit Neondraht - Art.0751\/BN - Neroluce","robots":{"index":"index","follow":"follow","max-snippet":"max-snippet:-1","max-image-preview":"max-image-preview:large","max-video-preview":"max-video-preview:-1"},"canonical":"https:\/\/nero-luce.com\/de\/prodotti\/tueten-und-becher-als-werbematerial\/beleuchtete-tute-mit-neondraht-0751-bn\/","og_locale":"de_DE","og_type":"article","og_title":"Beleuchtete T\u00fcte mit Neondraht - Art.0751\/BN - Neroluce","og_description":"Doppelseitig, geformte und mit Neondraht beleuchtete T\u00fcte. Die Anwendung dieses Neondrahtes macht diese T\u00fcte bereits von betr\u00e4chtlicher Entfernung sichtbar. Das ausstrahlende Licht besitzt einen unvergleichbaren Glanz . Die lebhaften Dekorationen mit farbig-klebender Schicht gew\u00e4hrleisten auch tags\u00fcber die maximale Sichtbarkeit.  Das Gestell ist vollst\u00e4ndig aus Aluminium lackiert hergestellt, widerstandsf\u00e4hig aber leicht und rostfrei.  Das Teil wird komplett mit regulierbarem Befestigungsb\u00fcgel in der L\u00e4nge geliefert.  Gr\u00f6\u00dfe: L.520 x H.900 mm","og_url":"https:\/\/nero-luce.com\/de\/prodotti\/tueten-und-becher-als-werbematerial\/beleuchtete-tute-mit-neondraht-0751-bn\/","og_site_name":"Neroluce","og_image":[{"width":675,"height":900,"url":"https:\/\/nero-luce.com\/wp-content\/uploads\/2017\/10\/cono-luminoso-0751-bn.jpg","type":"image\/jpeg"}],"twitter_card":"summary_large_image","schema":{"@context":"https:\/\/schema.org","@graph":[{"@type":"WebPage","@id":"https:\/\/nero-luce.com\/de\/prodotti\/tueten-und-becher-als-werbematerial\/beleuchtete-tute-mit-neondraht-0751-bn\/","url":"https:\/\/nero-luce.com\/de\/prodotti\/tueten-und-becher-als-werbematerial\/beleuchtete-tute-mit-neondraht-0751-bn\/","name":"Beleuchtete T\u00fcte mit Neondraht - Art.0751\/BN - Neroluce","isPartOf":{"@id":"https:\/\/nero-luce.com\/it\/#website"},"datePublished":"2017-10-13T15:53:34+00:00","dateModified":"2017-10-13T15:53:34+00:00","breadcrumb":{"@id":"https:\/\/nero-luce.com\/de\/prodotti\/tueten-und-becher-als-werbematerial\/beleuchtete-tute-mit-neondraht-0751-bn\/#breadcrumb"},"inLanguage":"de-DE","potentialAction":[{"@type":"ReadAction","target":["https:\/\/nero-luce.com\/de\/prodotti\/tueten-und-becher-als-werbematerial\/beleuchtete-tute-mit-neondraht-0751-bn\/"]}]},{"@type":"BreadcrumbList","@id":"https:\/\/nero-luce.com\/de\/prodotti\/tueten-und-becher-als-werbematerial\/beleuchtete-tute-mit-neondraht-0751-bn\/#breadcrumb","itemListElement":[{"@type":"ListItem","position":1,"name":"Home","item":"https:\/\/nero-luce.com\/de\/"},{"@type":"ListItem","position":2,"name":"Produkte","item":"https:\/\/nero-luce.com\/de\/produkte\/"},{"@type":"ListItem","position":3,"name":"Beleuchtete T\u00fcte mit Neondraht &#8211; Art.0751\/BN"}]},{"@type":"WebSite","@id":"https:\/\/nero-luce.com\/it\/#website","url":"https:\/\/nero-luce.com\/it\/","name":"Neroluce","description":"Insegne e accessori per gelaterie","potentialAction":[{"@type":"SearchAction","target":{"@type":"EntryPoint","urlTemplate":"https:\/\/nero-luce.com\/it\/?s={search_term_string}"},"query-input":"required name=search_term_string"}],"inLanguage":"de-DE"}]}},"acf":[],"_links":{"self":[{"href":"https:\/\/nero-luce.com\/de\/wp-json\/wp\/v2\/product\/9723"}],"collection":[{"href":"https:\/\/nero-luce.com\/de\/wp-json\/wp\/v2\/product"}],"about":[{"href":"https:\/\/nero-luce.com\/de\/wp-json\/wp\/v2\/types\/product"}],"replies":[{"embeddable":true,"href":"https:\/\/nero-luce.com\/de\/wp-json\/wp\/v2\/comments?post=9723"}],"wp:featuredmedia":[{"embeddable":true,"href":"https:\/\/nero-luce.com\/de\/wp-json\/wp\/v2\/media\/7740"}],"wp:attachment":[{"href":"https:\/\/nero-luce.com\/de\/wp-json\/wp\/v2\/media?parent=9723"}],"wp:term":[{"taxonomy":"product_cat","embeddable":true,"href":"https:\/\/nero-luce.com\/de\/wp-json\/wp\/v2\/product_cat?post=9723"},{"taxonomy":"product_tag","embeddable":true,"href":"https:\/\/nero-luce.com\/de\/wp-json\/wp\/v2\/product_tag?post=9723"}],"curies":[{"name":"wp","href":"https:\/\/api.w.org\/{rel}","templated":true}]}}