{"id":9700,"date":"2017-11-13T11:38:55","date_gmt":"2017-11-13T11:38:55","guid":{"rendered":"https:\/\/nero-luce.com\/prodotto\/leuchttute-mit-baby-led-0550-1\/"},"modified":"2017-11-13T11:38:55","modified_gmt":"2017-11-13T11:38:55","slug":"leuchttute-mit-baby-led-0550-1","status":"publish","type":"product","link":"https:\/\/nero-luce.com\/de\/prodotti\/zubehor-und-ersatzteile\/baby-led-zubehor-und-ersatzteile\/leuchttute-mit-baby-led-0550-1\/","title":{"rendered":"Leuchtt\u00fcte mit baby LED &#8211; Art. 0550\/1"},"content":{"rendered":"","protected":false},"excerpt":{"rendered":"<p>Einseitig geformte Leuchtt\u00fcte mit sichtbarer LED.<br \/>\nDiese T\u00fcte stellt eine absolute Neuheit in der Verwendung von LED dar. Die Verwendung von besonders farbigen LED-Streifen hat uns die M\u00f6glichkeit gegeben die Form sowie die Umrisslinie zu \u201czeichnen\u201d und somit den au\u00dferordentlichen Glanz dieser besonderen LED zu nutzen. Jeder LED-Streifen wird mit einer Silikon-Schutzh\u00fclle gegen Schmutz und eventuellen Wasserspritzer gesch\u00fctzt.<br \/>\nDie beiliegende Ablagefl\u00e4che sowie die geringe Gr\u00f6\u00dfe dieser T\u00fcte erm\u00f6glichen Ihnen diesen Artikel \u00fcberall mit hoher Sichtwirkung abzustellen.<br \/>\nKann in Ihrer Eisdiele nicht fehlen! <\/p>\n<p>Gr\u00f6\u00dfe: H=370mm<\/p>\n","protected":false},"featured_media":7486,"comment_status":"closed","ping_status":"closed","template":"","meta":[],"product_cat":[336],"product_tag":[],"yoast_head":"<!-- This site is optimized with the Yoast SEO plugin v20.2.1 - https:\/\/yoast.com\/wordpress\/plugins\/seo\/ -->\n<title>Leuchtt\u00fcte mit baby LED - Art. 0550\/1 - Neroluce<\/title>\n<meta name=\"robots\" content=\"index, follow, max-snippet:-1, max-image-preview:large, max-video-preview:-1\" \/>\n<link rel=\"canonical\" href=\"https:\/\/nero-luce.com\/de\/prodotti\/zubehor-und-ersatzteile\/baby-led-zubehor-und-ersatzteile\/leuchttute-mit-baby-led-0550-1\/\" \/>\n<meta property=\"og:locale\" content=\"de_DE\" \/>\n<meta property=\"og:type\" content=\"article\" \/>\n<meta property=\"og:title\" content=\"Leuchtt\u00fcte mit baby LED - Art. 0550\/1 - Neroluce\" \/>\n<meta property=\"og:description\" content=\"Einseitig geformte Leuchtt\u00fcte mit sichtbarer LED. Diese T\u00fcte stellt eine absolute Neuheit in der Verwendung von LED dar. Die Verwendung von besonders farbigen LED-Streifen hat uns die M\u00f6glichkeit gegeben die Form sowie die Umrisslinie zu \u201czeichnen\u201d und somit den au\u00dferordentlichen Glanz dieser besonderen LED zu nutzen. Jeder LED-Streifen wird mit einer Silikon-Schutzh\u00fclle gegen Schmutz und eventuellen Wasserspritzer gesch\u00fctzt. Die beiliegende Ablagefl\u00e4che sowie die geringe Gr\u00f6\u00dfe dieser T\u00fcte erm\u00f6glichen Ihnen diesen Artikel \u00fcberall mit hoher Sichtwirkung abzustellen. Kann in Ihrer Eisdiele nicht fehlen!   Gr\u00f6\u00dfe: H=370mm\" \/>\n<meta property=\"og:url\" content=\"https:\/\/nero-luce.com\/de\/prodotti\/zubehor-und-ersatzteile\/baby-led-zubehor-und-ersatzteile\/leuchttute-mit-baby-led-0550-1\/\" \/>\n<meta property=\"og:site_name\" content=\"Neroluce\" \/>\n<meta property=\"og:image\" content=\"https:\/\/nero-luce.com\/wp-content\/uploads\/2017\/11\/baby-led-cono-0550-1.jpg\" \/>\n\t<meta property=\"og:image:width\" content=\"675\" \/>\n\t<meta property=\"og:image:height\" content=\"900\" \/>\n\t<meta property=\"og:image:type\" content=\"image\/jpeg\" \/>\n<meta name=\"twitter:card\" content=\"summary_large_image\" \/>\n<script type=\"application\/ld+json\" class=\"yoast-schema-graph\">{\"@context\":\"https:\/\/schema.org\",\"@graph\":[{\"@type\":\"WebPage\",\"@id\":\"https:\/\/nero-luce.com\/de\/prodotti\/zubehor-und-ersatzteile\/baby-led-zubehor-und-ersatzteile\/leuchttute-mit-baby-led-0550-1\/\",\"url\":\"https:\/\/nero-luce.com\/de\/prodotti\/zubehor-und-ersatzteile\/baby-led-zubehor-und-ersatzteile\/leuchttute-mit-baby-led-0550-1\/\",\"name\":\"Leuchtt\u00fcte mit baby LED - Art. 0550\/1 - Neroluce\",\"isPartOf\":{\"@id\":\"https:\/\/nero-luce.com\/it\/#website\"},\"datePublished\":\"2017-11-13T11:38:55+00:00\",\"dateModified\":\"2017-11-13T11:38:55+00:00\",\"breadcrumb\":{\"@id\":\"https:\/\/nero-luce.com\/de\/prodotti\/zubehor-und-ersatzteile\/baby-led-zubehor-und-ersatzteile\/leuchttute-mit-baby-led-0550-1\/#breadcrumb\"},\"inLanguage\":\"de-DE\",\"potentialAction\":[{\"@type\":\"ReadAction\",\"target\":[\"https:\/\/nero-luce.com\/de\/prodotti\/zubehor-und-ersatzteile\/baby-led-zubehor-und-ersatzteile\/leuchttute-mit-baby-led-0550-1\/\"]}]},{\"@type\":\"BreadcrumbList\",\"@id\":\"https:\/\/nero-luce.com\/de\/prodotti\/zubehor-und-ersatzteile\/baby-led-zubehor-und-ersatzteile\/leuchttute-mit-baby-led-0550-1\/#breadcrumb\",\"itemListElement\":[{\"@type\":\"ListItem\",\"position\":1,\"name\":\"Home\",\"item\":\"https:\/\/nero-luce.com\/de\/\"},{\"@type\":\"ListItem\",\"position\":2,\"name\":\"Produkte\",\"item\":\"https:\/\/nero-luce.com\/de\/produkte\/\"},{\"@type\":\"ListItem\",\"position\":3,\"name\":\"Leuchtt\u00fcte mit baby LED &#8211; Art. 0550\/1\"}]},{\"@type\":\"WebSite\",\"@id\":\"https:\/\/nero-luce.com\/it\/#website\",\"url\":\"https:\/\/nero-luce.com\/it\/\",\"name\":\"Neroluce\",\"description\":\"Insegne e accessori per gelaterie\",\"potentialAction\":[{\"@type\":\"SearchAction\",\"target\":{\"@type\":\"EntryPoint\",\"urlTemplate\":\"https:\/\/nero-luce.com\/it\/?s={search_term_string}\"},\"query-input\":\"required name=search_term_string\"}],\"inLanguage\":\"de-DE\"}]}<\/script>\n<!-- \/ Yoast SEO plugin. -->","yoast_head_json":{"title":"Leuchtt\u00fcte mit baby LED - Art. 0550\/1 - Neroluce","robots":{"index":"index","follow":"follow","max-snippet":"max-snippet:-1","max-image-preview":"max-image-preview:large","max-video-preview":"max-video-preview:-1"},"canonical":"https:\/\/nero-luce.com\/de\/prodotti\/zubehor-und-ersatzteile\/baby-led-zubehor-und-ersatzteile\/leuchttute-mit-baby-led-0550-1\/","og_locale":"de_DE","og_type":"article","og_title":"Leuchtt\u00fcte mit baby LED - Art. 0550\/1 - Neroluce","og_description":"Einseitig geformte Leuchtt\u00fcte mit sichtbarer LED. Diese T\u00fcte stellt eine absolute Neuheit in der Verwendung von LED dar. Die Verwendung von besonders farbigen LED-Streifen hat uns die M\u00f6glichkeit gegeben die Form sowie die Umrisslinie zu \u201czeichnen\u201d und somit den au\u00dferordentlichen Glanz dieser besonderen LED zu nutzen. Jeder LED-Streifen wird mit einer Silikon-Schutzh\u00fclle gegen Schmutz und eventuellen Wasserspritzer gesch\u00fctzt. Die beiliegende Ablagefl\u00e4che sowie die geringe Gr\u00f6\u00dfe dieser T\u00fcte erm\u00f6glichen Ihnen diesen Artikel \u00fcberall mit hoher Sichtwirkung abzustellen. Kann in Ihrer Eisdiele nicht fehlen!   Gr\u00f6\u00dfe: H=370mm","og_url":"https:\/\/nero-luce.com\/de\/prodotti\/zubehor-und-ersatzteile\/baby-led-zubehor-und-ersatzteile\/leuchttute-mit-baby-led-0550-1\/","og_site_name":"Neroluce","og_image":[{"width":675,"height":900,"url":"https:\/\/nero-luce.com\/wp-content\/uploads\/2017\/11\/baby-led-cono-0550-1.jpg","type":"image\/jpeg"}],"twitter_card":"summary_large_image","schema":{"@context":"https:\/\/schema.org","@graph":[{"@type":"WebPage","@id":"https:\/\/nero-luce.com\/de\/prodotti\/zubehor-und-ersatzteile\/baby-led-zubehor-und-ersatzteile\/leuchttute-mit-baby-led-0550-1\/","url":"https:\/\/nero-luce.com\/de\/prodotti\/zubehor-und-ersatzteile\/baby-led-zubehor-und-ersatzteile\/leuchttute-mit-baby-led-0550-1\/","name":"Leuchtt\u00fcte mit baby LED - Art. 0550\/1 - Neroluce","isPartOf":{"@id":"https:\/\/nero-luce.com\/it\/#website"},"datePublished":"2017-11-13T11:38:55+00:00","dateModified":"2017-11-13T11:38:55+00:00","breadcrumb":{"@id":"https:\/\/nero-luce.com\/de\/prodotti\/zubehor-und-ersatzteile\/baby-led-zubehor-und-ersatzteile\/leuchttute-mit-baby-led-0550-1\/#breadcrumb"},"inLanguage":"de-DE","potentialAction":[{"@type":"ReadAction","target":["https:\/\/nero-luce.com\/de\/prodotti\/zubehor-und-ersatzteile\/baby-led-zubehor-und-ersatzteile\/leuchttute-mit-baby-led-0550-1\/"]}]},{"@type":"BreadcrumbList","@id":"https:\/\/nero-luce.com\/de\/prodotti\/zubehor-und-ersatzteile\/baby-led-zubehor-und-ersatzteile\/leuchttute-mit-baby-led-0550-1\/#breadcrumb","itemListElement":[{"@type":"ListItem","position":1,"name":"Home","item":"https:\/\/nero-luce.com\/de\/"},{"@type":"ListItem","position":2,"name":"Produkte","item":"https:\/\/nero-luce.com\/de\/produkte\/"},{"@type":"ListItem","position":3,"name":"Leuchtt\u00fcte mit baby LED &#8211; Art. 0550\/1"}]},{"@type":"WebSite","@id":"https:\/\/nero-luce.com\/it\/#website","url":"https:\/\/nero-luce.com\/it\/","name":"Neroluce","description":"Insegne e accessori per gelaterie","potentialAction":[{"@type":"SearchAction","target":{"@type":"EntryPoint","urlTemplate":"https:\/\/nero-luce.com\/it\/?s={search_term_string}"},"query-input":"required name=search_term_string"}],"inLanguage":"de-DE"}]}},"acf":[],"_links":{"self":[{"href":"https:\/\/nero-luce.com\/de\/wp-json\/wp\/v2\/product\/9700"}],"collection":[{"href":"https:\/\/nero-luce.com\/de\/wp-json\/wp\/v2\/product"}],"about":[{"href":"https:\/\/nero-luce.com\/de\/wp-json\/wp\/v2\/types\/product"}],"replies":[{"embeddable":true,"href":"https:\/\/nero-luce.com\/de\/wp-json\/wp\/v2\/comments?post=9700"}],"wp:featuredmedia":[{"embeddable":true,"href":"https:\/\/nero-luce.com\/de\/wp-json\/wp\/v2\/media\/7486"}],"wp:attachment":[{"href":"https:\/\/nero-luce.com\/de\/wp-json\/wp\/v2\/media?parent=9700"}],"wp:term":[{"taxonomy":"product_cat","embeddable":true,"href":"https:\/\/nero-luce.com\/de\/wp-json\/wp\/v2\/product_cat?post=9700"},{"taxonomy":"product_tag","embeddable":true,"href":"https:\/\/nero-luce.com\/de\/wp-json\/wp\/v2\/product_tag?post=9700"}],"curies":[{"name":"wp","href":"https:\/\/api.w.org\/{rel}","templated":true}]}}