{"id":9685,"date":"2017-10-13T15:53:42","date_gmt":"2017-10-13T15:53:42","guid":{"rendered":"https:\/\/nero-luce.com\/prodotto\/bierkrug-mit-sichtbarer-led-0725\/"},"modified":"2017-10-13T15:53:42","modified_gmt":"2017-10-13T15:53:42","slug":"bierkrug-mit-sichtbarer-led-0725","status":"publish","type":"product","link":"https:\/\/nero-luce.com\/de\/prodotti\/sichtbarer-led\/bierkrug-mit-sichtbarer-led-0725\/","title":{"rendered":"Bierkrug mit sichtbarer LED &#8211; Art. 0725"},"content":{"rendered":"","protected":false},"excerpt":{"rendered":"<p>Doppelseitig, geformter und beleuchteter Bierkrug mit sichtbarer LED.<br \/>\nDieser Bierkrug stellt eine absolute Neuheit in der Verwendung von LED dar. Wir verwenden n\u00e4mlich einzelne farbige LEDs, Gr\u00f6\u00dfe und Leuchst\u00e4rke  besser als die Norm, die uns erm\u00f6glichen Form und Umrisse des Bechers zu \u201czeichnen\u201d indem wir das direkte LED-Licht n\u00fctzen.  Jede einzelne LED wird mit einer Silikon-Schutzh\u00fclle ummantelt und kann im Freien ausgestellt werden. Der Glanz dieser LED wird Sie bereits von betr\u00e4chtlicher Entfernung \u00fcberraschen.<br \/>\nDie zwei miteinander verbundenden Teile werden aus PVC 20 mm hergestellt (geeignetes Material f\u00fcr au\u00dfen) dekoriert mit farbig-klebender Schicht um Ihnen die maximale Sichtbarkeit tags\u00fcber zu gew\u00e4hrleisten.<br \/>\nDer beiliegende Befestigungsb\u00fcgel wird vollst\u00e4ndig aus Edelstahl hergestellt.<\/p>\n<p>Gr\u00f6\u00dfe: L.940 x H.1200 mm<\/p>\n","protected":false},"featured_media":7657,"comment_status":"closed","ping_status":"closed","template":"","meta":[],"product_cat":[342],"product_tag":[],"yoast_head":"<!-- This site is optimized with the Yoast SEO plugin v20.2.1 - https:\/\/yoast.com\/wordpress\/plugins\/seo\/ -->\n<title>Bierkrug mit sichtbarer LED - Art. 0725 - Neroluce<\/title>\n<meta name=\"robots\" content=\"index, follow, max-snippet:-1, max-image-preview:large, max-video-preview:-1\" \/>\n<link rel=\"canonical\" href=\"https:\/\/nero-luce.com\/de\/prodotti\/sichtbarer-led\/bierkrug-mit-sichtbarer-led-0725\/\" \/>\n<meta property=\"og:locale\" content=\"de_DE\" \/>\n<meta property=\"og:type\" content=\"article\" \/>\n<meta property=\"og:title\" content=\"Bierkrug mit sichtbarer LED - Art. 0725 - Neroluce\" \/>\n<meta property=\"og:description\" content=\"Doppelseitig, geformter und beleuchteter Bierkrug mit sichtbarer LED. Dieser Bierkrug stellt eine absolute Neuheit in der Verwendung von LED dar. Wir verwenden n\u00e4mlich einzelne farbige LEDs, Gr\u00f6\u00dfe und Leuchst\u00e4rke besser als die Norm, die uns erm\u00f6glichen Form und Umrisse des Bechers zu \u201czeichnen\u201d indem wir das direkte LED-Licht n\u00fctzen. Jede einzelne LED wird mit einer Silikon-Schutzh\u00fclle ummantelt und kann im Freien ausgestellt werden. Der Glanz dieser LED wird Sie bereits von betr\u00e4chtlicher Entfernung \u00fcberraschen. Die zwei miteinander verbundenden Teile werden aus PVC 20 mm hergestellt (geeignetes Material f\u00fcr au\u00dfen) dekoriert mit farbig-klebender Schicht um Ihnen die maximale Sichtbarkeit tags\u00fcber zu gew\u00e4hrleisten. Der beiliegende Befestigungsb\u00fcgel wird vollst\u00e4ndig aus Edelstahl hergestellt.  Gr\u00f6\u00dfe: L.940 x H.1200 mm\" \/>\n<meta property=\"og:url\" content=\"https:\/\/nero-luce.com\/de\/prodotti\/sichtbarer-led\/bierkrug-mit-sichtbarer-led-0725\/\" \/>\n<meta property=\"og:site_name\" content=\"Neroluce\" \/>\n<meta property=\"og:image\" content=\"https:\/\/nero-luce.com\/wp-content\/uploads\/2017\/10\/led-a-vista-boccale-birra-0725.jpg\" \/>\n\t<meta property=\"og:image:width\" content=\"675\" \/>\n\t<meta property=\"og:image:height\" content=\"900\" \/>\n\t<meta property=\"og:image:type\" content=\"image\/jpeg\" \/>\n<meta name=\"twitter:card\" content=\"summary_large_image\" \/>\n<script type=\"application\/ld+json\" class=\"yoast-schema-graph\">{\"@context\":\"https:\/\/schema.org\",\"@graph\":[{\"@type\":\"WebPage\",\"@id\":\"https:\/\/nero-luce.com\/de\/prodotti\/sichtbarer-led\/bierkrug-mit-sichtbarer-led-0725\/\",\"url\":\"https:\/\/nero-luce.com\/de\/prodotti\/sichtbarer-led\/bierkrug-mit-sichtbarer-led-0725\/\",\"name\":\"Bierkrug mit sichtbarer LED - Art. 0725 - Neroluce\",\"isPartOf\":{\"@id\":\"https:\/\/nero-luce.com\/it\/#website\"},\"datePublished\":\"2017-10-13T15:53:42+00:00\",\"dateModified\":\"2017-10-13T15:53:42+00:00\",\"breadcrumb\":{\"@id\":\"https:\/\/nero-luce.com\/de\/prodotti\/sichtbarer-led\/bierkrug-mit-sichtbarer-led-0725\/#breadcrumb\"},\"inLanguage\":\"de-DE\",\"potentialAction\":[{\"@type\":\"ReadAction\",\"target\":[\"https:\/\/nero-luce.com\/de\/prodotti\/sichtbarer-led\/bierkrug-mit-sichtbarer-led-0725\/\"]}]},{\"@type\":\"BreadcrumbList\",\"@id\":\"https:\/\/nero-luce.com\/de\/prodotti\/sichtbarer-led\/bierkrug-mit-sichtbarer-led-0725\/#breadcrumb\",\"itemListElement\":[{\"@type\":\"ListItem\",\"position\":1,\"name\":\"Home\",\"item\":\"https:\/\/nero-luce.com\/de\/\"},{\"@type\":\"ListItem\",\"position\":2,\"name\":\"Produkte\",\"item\":\"https:\/\/nero-luce.com\/de\/produkte\/\"},{\"@type\":\"ListItem\",\"position\":3,\"name\":\"Bierkrug mit sichtbarer LED &#8211; Art. 0725\"}]},{\"@type\":\"WebSite\",\"@id\":\"https:\/\/nero-luce.com\/it\/#website\",\"url\":\"https:\/\/nero-luce.com\/it\/\",\"name\":\"Neroluce\",\"description\":\"Insegne e accessori per gelaterie\",\"potentialAction\":[{\"@type\":\"SearchAction\",\"target\":{\"@type\":\"EntryPoint\",\"urlTemplate\":\"https:\/\/nero-luce.com\/it\/?s={search_term_string}\"},\"query-input\":\"required name=search_term_string\"}],\"inLanguage\":\"de-DE\"}]}<\/script>\n<!-- \/ Yoast SEO plugin. -->","yoast_head_json":{"title":"Bierkrug mit sichtbarer LED - Art. 0725 - Neroluce","robots":{"index":"index","follow":"follow","max-snippet":"max-snippet:-1","max-image-preview":"max-image-preview:large","max-video-preview":"max-video-preview:-1"},"canonical":"https:\/\/nero-luce.com\/de\/prodotti\/sichtbarer-led\/bierkrug-mit-sichtbarer-led-0725\/","og_locale":"de_DE","og_type":"article","og_title":"Bierkrug mit sichtbarer LED - Art. 0725 - Neroluce","og_description":"Doppelseitig, geformter und beleuchteter Bierkrug mit sichtbarer LED. Dieser Bierkrug stellt eine absolute Neuheit in der Verwendung von LED dar. Wir verwenden n\u00e4mlich einzelne farbige LEDs, Gr\u00f6\u00dfe und Leuchst\u00e4rke besser als die Norm, die uns erm\u00f6glichen Form und Umrisse des Bechers zu \u201czeichnen\u201d indem wir das direkte LED-Licht n\u00fctzen. Jede einzelne LED wird mit einer Silikon-Schutzh\u00fclle ummantelt und kann im Freien ausgestellt werden. Der Glanz dieser LED wird Sie bereits von betr\u00e4chtlicher Entfernung \u00fcberraschen. Die zwei miteinander verbundenden Teile werden aus PVC 20 mm hergestellt (geeignetes Material f\u00fcr au\u00dfen) dekoriert mit farbig-klebender Schicht um Ihnen die maximale Sichtbarkeit tags\u00fcber zu gew\u00e4hrleisten. Der beiliegende Befestigungsb\u00fcgel wird vollst\u00e4ndig aus Edelstahl hergestellt.  Gr\u00f6\u00dfe: L.940 x H.1200 mm","og_url":"https:\/\/nero-luce.com\/de\/prodotti\/sichtbarer-led\/bierkrug-mit-sichtbarer-led-0725\/","og_site_name":"Neroluce","og_image":[{"width":675,"height":900,"url":"https:\/\/nero-luce.com\/wp-content\/uploads\/2017\/10\/led-a-vista-boccale-birra-0725.jpg","type":"image\/jpeg"}],"twitter_card":"summary_large_image","schema":{"@context":"https:\/\/schema.org","@graph":[{"@type":"WebPage","@id":"https:\/\/nero-luce.com\/de\/prodotti\/sichtbarer-led\/bierkrug-mit-sichtbarer-led-0725\/","url":"https:\/\/nero-luce.com\/de\/prodotti\/sichtbarer-led\/bierkrug-mit-sichtbarer-led-0725\/","name":"Bierkrug mit sichtbarer LED - Art. 0725 - Neroluce","isPartOf":{"@id":"https:\/\/nero-luce.com\/it\/#website"},"datePublished":"2017-10-13T15:53:42+00:00","dateModified":"2017-10-13T15:53:42+00:00","breadcrumb":{"@id":"https:\/\/nero-luce.com\/de\/prodotti\/sichtbarer-led\/bierkrug-mit-sichtbarer-led-0725\/#breadcrumb"},"inLanguage":"de-DE","potentialAction":[{"@type":"ReadAction","target":["https:\/\/nero-luce.com\/de\/prodotti\/sichtbarer-led\/bierkrug-mit-sichtbarer-led-0725\/"]}]},{"@type":"BreadcrumbList","@id":"https:\/\/nero-luce.com\/de\/prodotti\/sichtbarer-led\/bierkrug-mit-sichtbarer-led-0725\/#breadcrumb","itemListElement":[{"@type":"ListItem","position":1,"name":"Home","item":"https:\/\/nero-luce.com\/de\/"},{"@type":"ListItem","position":2,"name":"Produkte","item":"https:\/\/nero-luce.com\/de\/produkte\/"},{"@type":"ListItem","position":3,"name":"Bierkrug mit sichtbarer LED &#8211; Art. 0725"}]},{"@type":"WebSite","@id":"https:\/\/nero-luce.com\/it\/#website","url":"https:\/\/nero-luce.com\/it\/","name":"Neroluce","description":"Insegne e accessori per gelaterie","potentialAction":[{"@type":"SearchAction","target":{"@type":"EntryPoint","urlTemplate":"https:\/\/nero-luce.com\/it\/?s={search_term_string}"},"query-input":"required name=search_term_string"}],"inLanguage":"de-DE"}]}},"acf":[],"_links":{"self":[{"href":"https:\/\/nero-luce.com\/de\/wp-json\/wp\/v2\/product\/9685"}],"collection":[{"href":"https:\/\/nero-luce.com\/de\/wp-json\/wp\/v2\/product"}],"about":[{"href":"https:\/\/nero-luce.com\/de\/wp-json\/wp\/v2\/types\/product"}],"replies":[{"embeddable":true,"href":"https:\/\/nero-luce.com\/de\/wp-json\/wp\/v2\/comments?post=9685"}],"wp:featuredmedia":[{"embeddable":true,"href":"https:\/\/nero-luce.com\/de\/wp-json\/wp\/v2\/media\/7657"}],"wp:attachment":[{"href":"https:\/\/nero-luce.com\/de\/wp-json\/wp\/v2\/media?parent=9685"}],"wp:term":[{"taxonomy":"product_cat","embeddable":true,"href":"https:\/\/nero-luce.com\/de\/wp-json\/wp\/v2\/product_cat?post=9685"},{"taxonomy":"product_tag","embeddable":true,"href":"https:\/\/nero-luce.com\/de\/wp-json\/wp\/v2\/product_tag?post=9685"}],"curies":[{"name":"wp","href":"https:\/\/api.w.org\/{rel}","templated":true}]}}