{"id":9683,"date":"2017-10-13T15:53:42","date_gmt":"2017-10-13T15:53:42","guid":{"rendered":"https:\/\/nero-luce.com\/prodotto\/kaffetasse-mit-sichtbarer-led-0722\/"},"modified":"2017-10-13T15:53:42","modified_gmt":"2017-10-13T15:53:42","slug":"kaffetasse-mit-sichtbarer-led-0722","status":"publish","type":"product","link":"https:\/\/nero-luce.com\/de\/prodotti\/sichtbarer-led\/kaffetasse-mit-sichtbarer-led-0722\/","title":{"rendered":"Kaffetasse mit sichtbarer LED &#8211; Art. 0722"},"content":{"rendered":"","protected":false},"excerpt":{"rendered":"<p>Doppelseitig, geformte und beleuchtete Kaffetasse mit sichtbarer LED.<br \/>\nDiese Kaffetasse stellt eine absolute Neuheit in der Verwendung von LED dar. Wir verwenden n\u00e4mlich einzelne farbige LEDs, Gr\u00f6\u00dfe und Leuchst\u00e4rke  besser als die Norm, die uns erm\u00f6glichen Form und Umrisse des Bechers zu \u201czeichnen\u201d indem wir das direkte LED-Licht n\u00fctzen.  Jede einzelne LED wird mit einer Silikon- Schutzh\u00fclle ummantelt und kann im Freien ausgestellt werden. Der Glanz dieser LED wird Sie bereits von betr\u00e4chtlicher Entfernung \u00fcberraschen.<br \/>\nDie zwei miteinander verbundenen Teile werden aus PVC 20 mm hergestellt (geeignetes Material f\u00fcr au\u00dfen) dekoriert mit farbig-klebender Schicht um Ihnen die maximale Sichtwirkung tags\u00fcber zu gew\u00e4hrleisten.<br \/>\nDer beiliegende Befestigungsb\u00fcgel wird vollst\u00e4ndig aus Edelstahl hergestellt.<\/p>\n<p>Gr\u00f6\u00dfe: L.1020xH.1200mm<\/p>\n","protected":false},"featured_media":7692,"comment_status":"closed","ping_status":"closed","template":"","meta":[],"product_cat":[342],"product_tag":[],"yoast_head":"<!-- This site is optimized with the Yoast SEO plugin v20.2.1 - https:\/\/yoast.com\/wordpress\/plugins\/seo\/ -->\n<title>Kaffetasse mit sichtbarer LED - Art. 0722 - Neroluce<\/title>\n<meta name=\"robots\" content=\"index, follow, max-snippet:-1, max-image-preview:large, max-video-preview:-1\" \/>\n<link rel=\"canonical\" href=\"https:\/\/nero-luce.com\/de\/prodotti\/sichtbarer-led\/kaffetasse-mit-sichtbarer-led-0722\/\" \/>\n<meta property=\"og:locale\" content=\"de_DE\" \/>\n<meta property=\"og:type\" content=\"article\" \/>\n<meta property=\"og:title\" content=\"Kaffetasse mit sichtbarer LED - Art. 0722 - Neroluce\" \/>\n<meta property=\"og:description\" content=\"Doppelseitig, geformte und beleuchtete Kaffetasse mit sichtbarer LED. Diese Kaffetasse stellt eine absolute Neuheit in der Verwendung von LED dar. Wir verwenden n\u00e4mlich einzelne farbige LEDs, Gr\u00f6\u00dfe und Leuchst\u00e4rke besser als die Norm, die uns erm\u00f6glichen Form und Umrisse des Bechers zu \u201czeichnen\u201d indem wir das direkte LED-Licht n\u00fctzen. Jede einzelne LED wird mit einer Silikon- Schutzh\u00fclle ummantelt und kann im Freien ausgestellt werden. Der Glanz dieser LED wird Sie bereits von betr\u00e4chtlicher Entfernung \u00fcberraschen. Die zwei miteinander verbundenen Teile werden aus PVC 20 mm hergestellt (geeignetes Material f\u00fcr au\u00dfen) dekoriert mit farbig-klebender Schicht um Ihnen die maximale Sichtwirkung tags\u00fcber zu gew\u00e4hrleisten. Der beiliegende Befestigungsb\u00fcgel wird vollst\u00e4ndig aus Edelstahl hergestellt.  Gr\u00f6\u00dfe: L.1020xH.1200mm\" \/>\n<meta property=\"og:url\" content=\"https:\/\/nero-luce.com\/de\/prodotti\/sichtbarer-led\/kaffetasse-mit-sichtbarer-led-0722\/\" \/>\n<meta property=\"og:site_name\" content=\"Neroluce\" \/>\n<meta property=\"og:image\" content=\"https:\/\/nero-luce.com\/wp-content\/uploads\/2017\/10\/led-a-vista-tazzina-caffe-0722.jpg\" \/>\n\t<meta property=\"og:image:width\" content=\"675\" \/>\n\t<meta property=\"og:image:height\" content=\"900\" \/>\n\t<meta property=\"og:image:type\" content=\"image\/jpeg\" \/>\n<meta name=\"twitter:card\" content=\"summary_large_image\" \/>\n<script type=\"application\/ld+json\" class=\"yoast-schema-graph\">{\"@context\":\"https:\/\/schema.org\",\"@graph\":[{\"@type\":\"WebPage\",\"@id\":\"https:\/\/nero-luce.com\/de\/prodotti\/sichtbarer-led\/kaffetasse-mit-sichtbarer-led-0722\/\",\"url\":\"https:\/\/nero-luce.com\/de\/prodotti\/sichtbarer-led\/kaffetasse-mit-sichtbarer-led-0722\/\",\"name\":\"Kaffetasse mit sichtbarer LED - Art. 0722 - Neroluce\",\"isPartOf\":{\"@id\":\"https:\/\/nero-luce.com\/it\/#website\"},\"datePublished\":\"2017-10-13T15:53:42+00:00\",\"dateModified\":\"2017-10-13T15:53:42+00:00\",\"breadcrumb\":{\"@id\":\"https:\/\/nero-luce.com\/de\/prodotti\/sichtbarer-led\/kaffetasse-mit-sichtbarer-led-0722\/#breadcrumb\"},\"inLanguage\":\"de-DE\",\"potentialAction\":[{\"@type\":\"ReadAction\",\"target\":[\"https:\/\/nero-luce.com\/de\/prodotti\/sichtbarer-led\/kaffetasse-mit-sichtbarer-led-0722\/\"]}]},{\"@type\":\"BreadcrumbList\",\"@id\":\"https:\/\/nero-luce.com\/de\/prodotti\/sichtbarer-led\/kaffetasse-mit-sichtbarer-led-0722\/#breadcrumb\",\"itemListElement\":[{\"@type\":\"ListItem\",\"position\":1,\"name\":\"Home\",\"item\":\"https:\/\/nero-luce.com\/de\/\"},{\"@type\":\"ListItem\",\"position\":2,\"name\":\"Produkte\",\"item\":\"https:\/\/nero-luce.com\/de\/produkte\/\"},{\"@type\":\"ListItem\",\"position\":3,\"name\":\"Kaffetasse mit sichtbarer LED &#8211; Art. 0722\"}]},{\"@type\":\"WebSite\",\"@id\":\"https:\/\/nero-luce.com\/it\/#website\",\"url\":\"https:\/\/nero-luce.com\/it\/\",\"name\":\"Neroluce\",\"description\":\"Insegne e accessori per gelaterie\",\"potentialAction\":[{\"@type\":\"SearchAction\",\"target\":{\"@type\":\"EntryPoint\",\"urlTemplate\":\"https:\/\/nero-luce.com\/it\/?s={search_term_string}\"},\"query-input\":\"required name=search_term_string\"}],\"inLanguage\":\"de-DE\"}]}<\/script>\n<!-- \/ Yoast SEO plugin. -->","yoast_head_json":{"title":"Kaffetasse mit sichtbarer LED - Art. 0722 - Neroluce","robots":{"index":"index","follow":"follow","max-snippet":"max-snippet:-1","max-image-preview":"max-image-preview:large","max-video-preview":"max-video-preview:-1"},"canonical":"https:\/\/nero-luce.com\/de\/prodotti\/sichtbarer-led\/kaffetasse-mit-sichtbarer-led-0722\/","og_locale":"de_DE","og_type":"article","og_title":"Kaffetasse mit sichtbarer LED - Art. 0722 - Neroluce","og_description":"Doppelseitig, geformte und beleuchtete Kaffetasse mit sichtbarer LED. Diese Kaffetasse stellt eine absolute Neuheit in der Verwendung von LED dar. Wir verwenden n\u00e4mlich einzelne farbige LEDs, Gr\u00f6\u00dfe und Leuchst\u00e4rke besser als die Norm, die uns erm\u00f6glichen Form und Umrisse des Bechers zu \u201czeichnen\u201d indem wir das direkte LED-Licht n\u00fctzen. Jede einzelne LED wird mit einer Silikon- Schutzh\u00fclle ummantelt und kann im Freien ausgestellt werden. Der Glanz dieser LED wird Sie bereits von betr\u00e4chtlicher Entfernung \u00fcberraschen. Die zwei miteinander verbundenen Teile werden aus PVC 20 mm hergestellt (geeignetes Material f\u00fcr au\u00dfen) dekoriert mit farbig-klebender Schicht um Ihnen die maximale Sichtwirkung tags\u00fcber zu gew\u00e4hrleisten. Der beiliegende Befestigungsb\u00fcgel wird vollst\u00e4ndig aus Edelstahl hergestellt.  Gr\u00f6\u00dfe: L.1020xH.1200mm","og_url":"https:\/\/nero-luce.com\/de\/prodotti\/sichtbarer-led\/kaffetasse-mit-sichtbarer-led-0722\/","og_site_name":"Neroluce","og_image":[{"width":675,"height":900,"url":"https:\/\/nero-luce.com\/wp-content\/uploads\/2017\/10\/led-a-vista-tazzina-caffe-0722.jpg","type":"image\/jpeg"}],"twitter_card":"summary_large_image","schema":{"@context":"https:\/\/schema.org","@graph":[{"@type":"WebPage","@id":"https:\/\/nero-luce.com\/de\/prodotti\/sichtbarer-led\/kaffetasse-mit-sichtbarer-led-0722\/","url":"https:\/\/nero-luce.com\/de\/prodotti\/sichtbarer-led\/kaffetasse-mit-sichtbarer-led-0722\/","name":"Kaffetasse mit sichtbarer LED - Art. 0722 - Neroluce","isPartOf":{"@id":"https:\/\/nero-luce.com\/it\/#website"},"datePublished":"2017-10-13T15:53:42+00:00","dateModified":"2017-10-13T15:53:42+00:00","breadcrumb":{"@id":"https:\/\/nero-luce.com\/de\/prodotti\/sichtbarer-led\/kaffetasse-mit-sichtbarer-led-0722\/#breadcrumb"},"inLanguage":"de-DE","potentialAction":[{"@type":"ReadAction","target":["https:\/\/nero-luce.com\/de\/prodotti\/sichtbarer-led\/kaffetasse-mit-sichtbarer-led-0722\/"]}]},{"@type":"BreadcrumbList","@id":"https:\/\/nero-luce.com\/de\/prodotti\/sichtbarer-led\/kaffetasse-mit-sichtbarer-led-0722\/#breadcrumb","itemListElement":[{"@type":"ListItem","position":1,"name":"Home","item":"https:\/\/nero-luce.com\/de\/"},{"@type":"ListItem","position":2,"name":"Produkte","item":"https:\/\/nero-luce.com\/de\/produkte\/"},{"@type":"ListItem","position":3,"name":"Kaffetasse mit sichtbarer LED &#8211; Art. 0722"}]},{"@type":"WebSite","@id":"https:\/\/nero-luce.com\/it\/#website","url":"https:\/\/nero-luce.com\/it\/","name":"Neroluce","description":"Insegne e accessori per gelaterie","potentialAction":[{"@type":"SearchAction","target":{"@type":"EntryPoint","urlTemplate":"https:\/\/nero-luce.com\/it\/?s={search_term_string}"},"query-input":"required name=search_term_string"}],"inLanguage":"de-DE"}]}},"acf":[],"_links":{"self":[{"href":"https:\/\/nero-luce.com\/de\/wp-json\/wp\/v2\/product\/9683"}],"collection":[{"href":"https:\/\/nero-luce.com\/de\/wp-json\/wp\/v2\/product"}],"about":[{"href":"https:\/\/nero-luce.com\/de\/wp-json\/wp\/v2\/types\/product"}],"replies":[{"embeddable":true,"href":"https:\/\/nero-luce.com\/de\/wp-json\/wp\/v2\/comments?post=9683"}],"wp:featuredmedia":[{"embeddable":true,"href":"https:\/\/nero-luce.com\/de\/wp-json\/wp\/v2\/media\/7692"}],"wp:attachment":[{"href":"https:\/\/nero-luce.com\/de\/wp-json\/wp\/v2\/media?parent=9683"}],"wp:term":[{"taxonomy":"product_cat","embeddable":true,"href":"https:\/\/nero-luce.com\/de\/wp-json\/wp\/v2\/product_cat?post=9683"},{"taxonomy":"product_tag","embeddable":true,"href":"https:\/\/nero-luce.com\/de\/wp-json\/wp\/v2\/product_tag?post=9683"}],"curies":[{"name":"wp","href":"https:\/\/api.w.org\/{rel}","templated":true}]}}