{"id":9638,"date":"2017-10-13T15:53:18","date_gmt":"2017-10-13T15:53:18","guid":{"rendered":"https:\/\/nero-luce.com\/prodotto\/zusammenstellung-von-mehrzweckbehaltern-0921-51\/"},"modified":"2017-11-23T15:17:30","modified_gmt":"2017-11-23T15:17:30","slug":"zusammenstellung-von-mehrzweckbehaltern-0921-51","status":"publish","type":"product","link":"https:\/\/nero-luce.com\/de\/prodotti\/zubehor-und-ersatzteile\/behaelter\/zusammenstellung-von-mehrzweckbehaltern-0921-51\/","title":{"rendered":"Zusammenstellung von Mehrzweckbeh\u00e4ltern &#8211; Art.0921\/51"},"content":{"rendered":"","protected":false},"excerpt":{"rendered":"<p>Zusammenstellung von 3  Mehrzweckbeh\u00e4ltern Art. 0921 + 1 Mehrzweckbeh\u00e4lter  Art. 0924, alle aus transparentem Plexiglas mit Klappdeckel.<br \/>\nDiese Zusammenstellung enth\u00e4lt auch eine Abstellfl\u00e4che aus satiniertem Plexiglas auf der die Beh\u00e4lter aufgelegt  werden k\u00f6nnen.<br \/>\nKann f\u00fcr L\u00f6ffelchen, Waffel, Streusel, Dekoration, Kekse, Bonbon, Trockenobst, Schokolade, usw. verwendet werden.<\/p>\n","protected":false},"featured_media":6040,"comment_status":"closed","ping_status":"closed","template":"","meta":[],"product_cat":[341],"product_tag":[],"yoast_head":"<!-- This site is optimized with the Yoast SEO plugin v20.2.1 - https:\/\/yoast.com\/wordpress\/plugins\/seo\/ -->\n<title>Zusammenstellung von Mehrzweckbeh\u00e4ltern - Art.0921\/51 - Neroluce<\/title>\n<meta name=\"robots\" content=\"index, follow, max-snippet:-1, max-image-preview:large, max-video-preview:-1\" \/>\n<link rel=\"canonical\" href=\"https:\/\/nero-luce.com\/de\/prodotti\/zubehor-und-ersatzteile\/behaelter\/zusammenstellung-von-mehrzweckbehaltern-0921-51\/\" \/>\n<meta property=\"og:locale\" content=\"de_DE\" \/>\n<meta property=\"og:type\" content=\"article\" \/>\n<meta property=\"og:title\" content=\"Zusammenstellung von Mehrzweckbeh\u00e4ltern - Art.0921\/51 - Neroluce\" \/>\n<meta property=\"og:description\" content=\"Zusammenstellung von 3 Mehrzweckbeh\u00e4ltern Art. 0921 + 1 Mehrzweckbeh\u00e4lter Art. 0924, alle aus transparentem Plexiglas mit Klappdeckel. Diese Zusammenstellung enth\u00e4lt auch eine Abstellfl\u00e4che aus satiniertem Plexiglas auf der die Beh\u00e4lter aufgelegt werden k\u00f6nnen. Kann f\u00fcr L\u00f6ffelchen, Waffel, Streusel, Dekoration, Kekse, Bonbon, Trockenobst, Schokolade, usw. verwendet werden.\" \/>\n<meta property=\"og:url\" content=\"https:\/\/nero-luce.com\/de\/prodotti\/zubehor-und-ersatzteile\/behaelter\/zusammenstellung-von-mehrzweckbehaltern-0921-51\/\" \/>\n<meta property=\"og:site_name\" content=\"Neroluce\" \/>\n<meta property=\"article:modified_time\" content=\"2017-11-23T15:17:30+00:00\" \/>\n<meta property=\"og:image\" content=\"https:\/\/nero-luce.com\/wp-content\/uploads\/2017\/10\/contenitore-multiuso-0921-51.jpg\" \/>\n\t<meta property=\"og:image:width\" content=\"675\" \/>\n\t<meta property=\"og:image:height\" content=\"900\" \/>\n\t<meta property=\"og:image:type\" content=\"image\/jpeg\" \/>\n<meta name=\"twitter:card\" content=\"summary_large_image\" \/>\n<script type=\"application\/ld+json\" class=\"yoast-schema-graph\">{\"@context\":\"https:\/\/schema.org\",\"@graph\":[{\"@type\":\"WebPage\",\"@id\":\"https:\/\/nero-luce.com\/de\/prodotti\/zubehor-und-ersatzteile\/behaelter\/zusammenstellung-von-mehrzweckbehaltern-0921-51\/\",\"url\":\"https:\/\/nero-luce.com\/de\/prodotti\/zubehor-und-ersatzteile\/behaelter\/zusammenstellung-von-mehrzweckbehaltern-0921-51\/\",\"name\":\"Zusammenstellung von Mehrzweckbeh\u00e4ltern - Art.0921\/51 - Neroluce\",\"isPartOf\":{\"@id\":\"https:\/\/nero-luce.com\/it\/#website\"},\"datePublished\":\"2017-10-13T15:53:18+00:00\",\"dateModified\":\"2017-11-23T15:17:30+00:00\",\"breadcrumb\":{\"@id\":\"https:\/\/nero-luce.com\/de\/prodotti\/zubehor-und-ersatzteile\/behaelter\/zusammenstellung-von-mehrzweckbehaltern-0921-51\/#breadcrumb\"},\"inLanguage\":\"de-DE\",\"potentialAction\":[{\"@type\":\"ReadAction\",\"target\":[\"https:\/\/nero-luce.com\/de\/prodotti\/zubehor-und-ersatzteile\/behaelter\/zusammenstellung-von-mehrzweckbehaltern-0921-51\/\"]}]},{\"@type\":\"BreadcrumbList\",\"@id\":\"https:\/\/nero-luce.com\/de\/prodotti\/zubehor-und-ersatzteile\/behaelter\/zusammenstellung-von-mehrzweckbehaltern-0921-51\/#breadcrumb\",\"itemListElement\":[{\"@type\":\"ListItem\",\"position\":1,\"name\":\"Home\",\"item\":\"https:\/\/nero-luce.com\/de\/\"},{\"@type\":\"ListItem\",\"position\":2,\"name\":\"Produkte\",\"item\":\"https:\/\/nero-luce.com\/de\/produkte\/\"},{\"@type\":\"ListItem\",\"position\":3,\"name\":\"Zusammenstellung von Mehrzweckbeh\u00e4ltern &#8211; Art.0921\/51\"}]},{\"@type\":\"WebSite\",\"@id\":\"https:\/\/nero-luce.com\/it\/#website\",\"url\":\"https:\/\/nero-luce.com\/it\/\",\"name\":\"Neroluce\",\"description\":\"Insegne e accessori per gelaterie\",\"potentialAction\":[{\"@type\":\"SearchAction\",\"target\":{\"@type\":\"EntryPoint\",\"urlTemplate\":\"https:\/\/nero-luce.com\/it\/?s={search_term_string}\"},\"query-input\":\"required name=search_term_string\"}],\"inLanguage\":\"de-DE\"}]}<\/script>\n<!-- \/ Yoast SEO plugin. -->","yoast_head_json":{"title":"Zusammenstellung von Mehrzweckbeh\u00e4ltern - Art.0921\/51 - Neroluce","robots":{"index":"index","follow":"follow","max-snippet":"max-snippet:-1","max-image-preview":"max-image-preview:large","max-video-preview":"max-video-preview:-1"},"canonical":"https:\/\/nero-luce.com\/de\/prodotti\/zubehor-und-ersatzteile\/behaelter\/zusammenstellung-von-mehrzweckbehaltern-0921-51\/","og_locale":"de_DE","og_type":"article","og_title":"Zusammenstellung von Mehrzweckbeh\u00e4ltern - Art.0921\/51 - Neroluce","og_description":"Zusammenstellung von 3 Mehrzweckbeh\u00e4ltern Art. 0921 + 1 Mehrzweckbeh\u00e4lter Art. 0924, alle aus transparentem Plexiglas mit Klappdeckel. Diese Zusammenstellung enth\u00e4lt auch eine Abstellfl\u00e4che aus satiniertem Plexiglas auf der die Beh\u00e4lter aufgelegt werden k\u00f6nnen. Kann f\u00fcr L\u00f6ffelchen, Waffel, Streusel, Dekoration, Kekse, Bonbon, Trockenobst, Schokolade, usw. verwendet werden.","og_url":"https:\/\/nero-luce.com\/de\/prodotti\/zubehor-und-ersatzteile\/behaelter\/zusammenstellung-von-mehrzweckbehaltern-0921-51\/","og_site_name":"Neroluce","article_modified_time":"2017-11-23T15:17:30+00:00","og_image":[{"width":675,"height":900,"url":"https:\/\/nero-luce.com\/wp-content\/uploads\/2017\/10\/contenitore-multiuso-0921-51.jpg","type":"image\/jpeg"}],"twitter_card":"summary_large_image","schema":{"@context":"https:\/\/schema.org","@graph":[{"@type":"WebPage","@id":"https:\/\/nero-luce.com\/de\/prodotti\/zubehor-und-ersatzteile\/behaelter\/zusammenstellung-von-mehrzweckbehaltern-0921-51\/","url":"https:\/\/nero-luce.com\/de\/prodotti\/zubehor-und-ersatzteile\/behaelter\/zusammenstellung-von-mehrzweckbehaltern-0921-51\/","name":"Zusammenstellung von Mehrzweckbeh\u00e4ltern - Art.0921\/51 - Neroluce","isPartOf":{"@id":"https:\/\/nero-luce.com\/it\/#website"},"datePublished":"2017-10-13T15:53:18+00:00","dateModified":"2017-11-23T15:17:30+00:00","breadcrumb":{"@id":"https:\/\/nero-luce.com\/de\/prodotti\/zubehor-und-ersatzteile\/behaelter\/zusammenstellung-von-mehrzweckbehaltern-0921-51\/#breadcrumb"},"inLanguage":"de-DE","potentialAction":[{"@type":"ReadAction","target":["https:\/\/nero-luce.com\/de\/prodotti\/zubehor-und-ersatzteile\/behaelter\/zusammenstellung-von-mehrzweckbehaltern-0921-51\/"]}]},{"@type":"BreadcrumbList","@id":"https:\/\/nero-luce.com\/de\/prodotti\/zubehor-und-ersatzteile\/behaelter\/zusammenstellung-von-mehrzweckbehaltern-0921-51\/#breadcrumb","itemListElement":[{"@type":"ListItem","position":1,"name":"Home","item":"https:\/\/nero-luce.com\/de\/"},{"@type":"ListItem","position":2,"name":"Produkte","item":"https:\/\/nero-luce.com\/de\/produkte\/"},{"@type":"ListItem","position":3,"name":"Zusammenstellung von Mehrzweckbeh\u00e4ltern &#8211; Art.0921\/51"}]},{"@type":"WebSite","@id":"https:\/\/nero-luce.com\/it\/#website","url":"https:\/\/nero-luce.com\/it\/","name":"Neroluce","description":"Insegne e accessori per gelaterie","potentialAction":[{"@type":"SearchAction","target":{"@type":"EntryPoint","urlTemplate":"https:\/\/nero-luce.com\/it\/?s={search_term_string}"},"query-input":"required name=search_term_string"}],"inLanguage":"de-DE"}]}},"acf":[],"_links":{"self":[{"href":"https:\/\/nero-luce.com\/de\/wp-json\/wp\/v2\/product\/9638"}],"collection":[{"href":"https:\/\/nero-luce.com\/de\/wp-json\/wp\/v2\/product"}],"about":[{"href":"https:\/\/nero-luce.com\/de\/wp-json\/wp\/v2\/types\/product"}],"replies":[{"embeddable":true,"href":"https:\/\/nero-luce.com\/de\/wp-json\/wp\/v2\/comments?post=9638"}],"wp:featuredmedia":[{"embeddable":true,"href":"https:\/\/nero-luce.com\/de\/wp-json\/wp\/v2\/media\/6040"}],"wp:attachment":[{"href":"https:\/\/nero-luce.com\/de\/wp-json\/wp\/v2\/media?parent=9638"}],"wp:term":[{"taxonomy":"product_cat","embeddable":true,"href":"https:\/\/nero-luce.com\/de\/wp-json\/wp\/v2\/product_cat?post=9638"},{"taxonomy":"product_tag","embeddable":true,"href":"https:\/\/nero-luce.com\/de\/wp-json\/wp\/v2\/product_tag?post=9638"}],"curies":[{"name":"wp","href":"https:\/\/api.w.org\/{rel}","templated":true}]}}