{"id":9360,"date":"2017-10-13T15:53:13","date_gmt":"2017-10-13T15:53:13","guid":{"rendered":"https:\/\/nero-luce.com\/prodotto\/toppinghalter-0985\/"},"modified":"2017-10-13T15:53:13","modified_gmt":"2017-10-13T15:53:13","slug":"toppinghalter-0985","status":"publish","type":"product","link":"https:\/\/nero-luce.com\/de\/prodotti\/zubehor-und-ersatzteile\/toppinghalter\/toppinghalter-0985\/","title":{"rendered":"Toppinghalter &#8211; Art.0985"},"content":{"rendered":"","protected":false},"excerpt":{"rendered":"<p>Vertikaler Toppinghalter f\u00fcr 3 Flaschen aus transparentem Plexiglas.<br \/>\nDie Toppingflaschen k\u00f6nnen unterschiedlich mit dem Pfropfen nach oben oder nach unten eingesteckt werden.<br \/>\nDie schr\u00e4ge Position der Flaschen erleichtert den Griff und deren Benutzung.<br \/>\nArt 0985 kann mit Art. 0986 und 0987 kombiniert werden. <\/p>\n<p>Gr\u00f6\u00dfe: 110x180xH385 mm<\/p>\n","protected":false},"featured_media":5917,"comment_status":"closed","ping_status":"closed","template":"","meta":[],"product_cat":[349],"product_tag":[],"yoast_head":"<!-- This site is optimized with the Yoast SEO plugin v20.2.1 - https:\/\/yoast.com\/wordpress\/plugins\/seo\/ -->\n<title>Toppinghalter - Art.0985 - Neroluce<\/title>\n<meta name=\"robots\" content=\"index, follow, max-snippet:-1, max-image-preview:large, max-video-preview:-1\" \/>\n<link rel=\"canonical\" href=\"https:\/\/nero-luce.com\/de\/prodotti\/zubehor-und-ersatzteile\/toppinghalter\/toppinghalter-0985\/\" \/>\n<meta property=\"og:locale\" content=\"de_DE\" \/>\n<meta property=\"og:type\" content=\"article\" \/>\n<meta property=\"og:title\" content=\"Toppinghalter - Art.0985 - Neroluce\" \/>\n<meta property=\"og:description\" content=\"Vertikaler Toppinghalter f\u00fcr 3 Flaschen aus transparentem Plexiglas. Die Toppingflaschen k\u00f6nnen unterschiedlich mit dem Pfropfen nach oben oder nach unten eingesteckt werden. Die schr\u00e4ge Position der Flaschen erleichtert den Griff und deren Benutzung. Art 0985 kann mit Art. 0986 und 0987 kombiniert werden.   Gr\u00f6\u00dfe: 110x180xH385 mm\" \/>\n<meta property=\"og:url\" content=\"https:\/\/nero-luce.com\/de\/prodotti\/zubehor-und-ersatzteile\/toppinghalter\/toppinghalter-0985\/\" \/>\n<meta property=\"og:site_name\" content=\"Neroluce\" \/>\n<meta property=\"og:image\" content=\"https:\/\/nero-luce.com\/wp-content\/uploads\/2017\/10\/portatopping-0985.jpg\" \/>\n\t<meta property=\"og:image:width\" content=\"675\" \/>\n\t<meta property=\"og:image:height\" content=\"900\" \/>\n\t<meta property=\"og:image:type\" content=\"image\/jpeg\" \/>\n<meta name=\"twitter:card\" content=\"summary_large_image\" \/>\n<script type=\"application\/ld+json\" class=\"yoast-schema-graph\">{\"@context\":\"https:\/\/schema.org\",\"@graph\":[{\"@type\":\"WebPage\",\"@id\":\"https:\/\/nero-luce.com\/de\/prodotti\/zubehor-und-ersatzteile\/toppinghalter\/toppinghalter-0985\/\",\"url\":\"https:\/\/nero-luce.com\/de\/prodotti\/zubehor-und-ersatzteile\/toppinghalter\/toppinghalter-0985\/\",\"name\":\"Toppinghalter - Art.0985 - Neroluce\",\"isPartOf\":{\"@id\":\"https:\/\/nero-luce.com\/it\/#website\"},\"datePublished\":\"2017-10-13T15:53:13+00:00\",\"dateModified\":\"2017-10-13T15:53:13+00:00\",\"breadcrumb\":{\"@id\":\"https:\/\/nero-luce.com\/de\/prodotti\/zubehor-und-ersatzteile\/toppinghalter\/toppinghalter-0985\/#breadcrumb\"},\"inLanguage\":\"de-DE\",\"potentialAction\":[{\"@type\":\"ReadAction\",\"target\":[\"https:\/\/nero-luce.com\/de\/prodotti\/zubehor-und-ersatzteile\/toppinghalter\/toppinghalter-0985\/\"]}]},{\"@type\":\"BreadcrumbList\",\"@id\":\"https:\/\/nero-luce.com\/de\/prodotti\/zubehor-und-ersatzteile\/toppinghalter\/toppinghalter-0985\/#breadcrumb\",\"itemListElement\":[{\"@type\":\"ListItem\",\"position\":1,\"name\":\"Home\",\"item\":\"https:\/\/nero-luce.com\/de\/\"},{\"@type\":\"ListItem\",\"position\":2,\"name\":\"Produkte\",\"item\":\"https:\/\/nero-luce.com\/de\/produkte\/\"},{\"@type\":\"ListItem\",\"position\":3,\"name\":\"Toppinghalter &#8211; Art.0985\"}]},{\"@type\":\"WebSite\",\"@id\":\"https:\/\/nero-luce.com\/it\/#website\",\"url\":\"https:\/\/nero-luce.com\/it\/\",\"name\":\"Neroluce\",\"description\":\"Insegne e accessori per gelaterie\",\"potentialAction\":[{\"@type\":\"SearchAction\",\"target\":{\"@type\":\"EntryPoint\",\"urlTemplate\":\"https:\/\/nero-luce.com\/it\/?s={search_term_string}\"},\"query-input\":\"required name=search_term_string\"}],\"inLanguage\":\"de-DE\"}]}<\/script>\n<!-- \/ Yoast SEO plugin. -->","yoast_head_json":{"title":"Toppinghalter - Art.0985 - Neroluce","robots":{"index":"index","follow":"follow","max-snippet":"max-snippet:-1","max-image-preview":"max-image-preview:large","max-video-preview":"max-video-preview:-1"},"canonical":"https:\/\/nero-luce.com\/de\/prodotti\/zubehor-und-ersatzteile\/toppinghalter\/toppinghalter-0985\/","og_locale":"de_DE","og_type":"article","og_title":"Toppinghalter - Art.0985 - Neroluce","og_description":"Vertikaler Toppinghalter f\u00fcr 3 Flaschen aus transparentem Plexiglas. Die Toppingflaschen k\u00f6nnen unterschiedlich mit dem Pfropfen nach oben oder nach unten eingesteckt werden. Die schr\u00e4ge Position der Flaschen erleichtert den Griff und deren Benutzung. Art 0985 kann mit Art. 0986 und 0987 kombiniert werden.   Gr\u00f6\u00dfe: 110x180xH385 mm","og_url":"https:\/\/nero-luce.com\/de\/prodotti\/zubehor-und-ersatzteile\/toppinghalter\/toppinghalter-0985\/","og_site_name":"Neroluce","og_image":[{"width":675,"height":900,"url":"https:\/\/nero-luce.com\/wp-content\/uploads\/2017\/10\/portatopping-0985.jpg","type":"image\/jpeg"}],"twitter_card":"summary_large_image","schema":{"@context":"https:\/\/schema.org","@graph":[{"@type":"WebPage","@id":"https:\/\/nero-luce.com\/de\/prodotti\/zubehor-und-ersatzteile\/toppinghalter\/toppinghalter-0985\/","url":"https:\/\/nero-luce.com\/de\/prodotti\/zubehor-und-ersatzteile\/toppinghalter\/toppinghalter-0985\/","name":"Toppinghalter - Art.0985 - Neroluce","isPartOf":{"@id":"https:\/\/nero-luce.com\/it\/#website"},"datePublished":"2017-10-13T15:53:13+00:00","dateModified":"2017-10-13T15:53:13+00:00","breadcrumb":{"@id":"https:\/\/nero-luce.com\/de\/prodotti\/zubehor-und-ersatzteile\/toppinghalter\/toppinghalter-0985\/#breadcrumb"},"inLanguage":"de-DE","potentialAction":[{"@type":"ReadAction","target":["https:\/\/nero-luce.com\/de\/prodotti\/zubehor-und-ersatzteile\/toppinghalter\/toppinghalter-0985\/"]}]},{"@type":"BreadcrumbList","@id":"https:\/\/nero-luce.com\/de\/prodotti\/zubehor-und-ersatzteile\/toppinghalter\/toppinghalter-0985\/#breadcrumb","itemListElement":[{"@type":"ListItem","position":1,"name":"Home","item":"https:\/\/nero-luce.com\/de\/"},{"@type":"ListItem","position":2,"name":"Produkte","item":"https:\/\/nero-luce.com\/de\/produkte\/"},{"@type":"ListItem","position":3,"name":"Toppinghalter &#8211; Art.0985"}]},{"@type":"WebSite","@id":"https:\/\/nero-luce.com\/it\/#website","url":"https:\/\/nero-luce.com\/it\/","name":"Neroluce","description":"Insegne e accessori per gelaterie","potentialAction":[{"@type":"SearchAction","target":{"@type":"EntryPoint","urlTemplate":"https:\/\/nero-luce.com\/it\/?s={search_term_string}"},"query-input":"required name=search_term_string"}],"inLanguage":"de-DE"}]}},"acf":[],"_links":{"self":[{"href":"https:\/\/nero-luce.com\/de\/wp-json\/wp\/v2\/product\/9360"}],"collection":[{"href":"https:\/\/nero-luce.com\/de\/wp-json\/wp\/v2\/product"}],"about":[{"href":"https:\/\/nero-luce.com\/de\/wp-json\/wp\/v2\/types\/product"}],"replies":[{"embeddable":true,"href":"https:\/\/nero-luce.com\/de\/wp-json\/wp\/v2\/comments?post=9360"}],"wp:featuredmedia":[{"embeddable":true,"href":"https:\/\/nero-luce.com\/de\/wp-json\/wp\/v2\/media\/5917"}],"wp:attachment":[{"href":"https:\/\/nero-luce.com\/de\/wp-json\/wp\/v2\/media?parent=9360"}],"wp:term":[{"taxonomy":"product_cat","embeddable":true,"href":"https:\/\/nero-luce.com\/de\/wp-json\/wp\/v2\/product_cat?post=9360"},{"taxonomy":"product_tag","embeddable":true,"href":"https:\/\/nero-luce.com\/de\/wp-json\/wp\/v2\/product_tag?post=9360"}],"curies":[{"name":"wp","href":"https:\/\/api.w.org\/{rel}","templated":true}]}}