{"id":9358,"date":"2017-10-13T15:53:29","date_gmt":"2017-10-13T15:53:29","guid":{"rendered":"https:\/\/nero-luce.com\/prodotto\/mehrzweckbehalter-0987\/"},"modified":"2017-10-13T15:53:29","modified_gmt":"2017-10-13T15:53:29","slug":"mehrzweckbehalter-0987","status":"publish","type":"product","link":"https:\/\/nero-luce.com\/de\/prodotti\/zubehor-und-ersatzteile\/toppinghalter\/mehrzweckbehalter-0987\/","title":{"rendered":"Mehrzweckbeh\u00e4lter &#8211; Art.0987"},"content":{"rendered":"","protected":false},"excerpt":{"rendered":"<p>Vertikaler Mehrzweckbeh\u00e4lter 3-Fach aus transparentem Plexiglas . Jedes Fach hat seinen eigenen Klappdeckel.<br \/>\nDie Mehrzweckbeh\u00e4lter k\u00f6nnen f\u00fcr L\u00f6ffelchen, Waffel, Streusel, Dekoration, Kekse, Bonbon, Trockenobst, Schokolade, usw. verwendet werden.<br \/>\nArt. 0987 kann mit Art. 0985 und 0986 kombiniert werden.<\/p>\n<p>Gr\u00f6\u00dfe: 110x180xH385 mm<\/p>\n","protected":false},"featured_media":5932,"comment_status":"closed","ping_status":"closed","template":"","meta":[],"product_cat":[341,349],"product_tag":[],"yoast_head":"<!-- This site is optimized with the Yoast SEO plugin v20.2.1 - https:\/\/yoast.com\/wordpress\/plugins\/seo\/ -->\n<title>Mehrzweckbeh\u00e4lter - Art.0987 - Neroluce<\/title>\n<meta name=\"robots\" content=\"index, follow, max-snippet:-1, max-image-preview:large, max-video-preview:-1\" \/>\n<link rel=\"canonical\" href=\"https:\/\/nero-luce.com\/de\/prodotti\/zubehor-und-ersatzteile\/toppinghalter\/mehrzweckbehalter-0987\/\" \/>\n<meta property=\"og:locale\" content=\"de_DE\" \/>\n<meta property=\"og:type\" content=\"article\" \/>\n<meta property=\"og:title\" content=\"Mehrzweckbeh\u00e4lter - Art.0987 - Neroluce\" \/>\n<meta property=\"og:description\" content=\"Vertikaler Mehrzweckbeh\u00e4lter 3-Fach aus transparentem Plexiglas . Jedes Fach hat seinen eigenen Klappdeckel. Die Mehrzweckbeh\u00e4lter k\u00f6nnen f\u00fcr L\u00f6ffelchen, Waffel, Streusel, Dekoration, Kekse, Bonbon, Trockenobst, Schokolade, usw. verwendet werden. Art. 0987 kann mit Art. 0985 und 0986 kombiniert werden.  Gr\u00f6\u00dfe: 110x180xH385 mm\" \/>\n<meta property=\"og:url\" content=\"https:\/\/nero-luce.com\/de\/prodotti\/zubehor-und-ersatzteile\/toppinghalter\/mehrzweckbehalter-0987\/\" \/>\n<meta property=\"og:site_name\" content=\"Neroluce\" \/>\n<meta property=\"og:image\" content=\"https:\/\/nero-luce.com\/wp-content\/uploads\/2017\/10\/contenitore-multiuso-0987.jpg\" \/>\n\t<meta property=\"og:image:width\" content=\"675\" \/>\n\t<meta property=\"og:image:height\" content=\"900\" \/>\n\t<meta property=\"og:image:type\" content=\"image\/jpeg\" \/>\n<meta name=\"twitter:card\" content=\"summary_large_image\" \/>\n<script type=\"application\/ld+json\" class=\"yoast-schema-graph\">{\"@context\":\"https:\/\/schema.org\",\"@graph\":[{\"@type\":\"WebPage\",\"@id\":\"https:\/\/nero-luce.com\/de\/prodotti\/zubehor-und-ersatzteile\/toppinghalter\/mehrzweckbehalter-0987\/\",\"url\":\"https:\/\/nero-luce.com\/de\/prodotti\/zubehor-und-ersatzteile\/toppinghalter\/mehrzweckbehalter-0987\/\",\"name\":\"Mehrzweckbeh\u00e4lter - Art.0987 - Neroluce\",\"isPartOf\":{\"@id\":\"https:\/\/nero-luce.com\/it\/#website\"},\"datePublished\":\"2017-10-13T15:53:29+00:00\",\"dateModified\":\"2017-10-13T15:53:29+00:00\",\"breadcrumb\":{\"@id\":\"https:\/\/nero-luce.com\/de\/prodotti\/zubehor-und-ersatzteile\/toppinghalter\/mehrzweckbehalter-0987\/#breadcrumb\"},\"inLanguage\":\"de-DE\",\"potentialAction\":[{\"@type\":\"ReadAction\",\"target\":[\"https:\/\/nero-luce.com\/de\/prodotti\/zubehor-und-ersatzteile\/toppinghalter\/mehrzweckbehalter-0987\/\"]}]},{\"@type\":\"BreadcrumbList\",\"@id\":\"https:\/\/nero-luce.com\/de\/prodotti\/zubehor-und-ersatzteile\/toppinghalter\/mehrzweckbehalter-0987\/#breadcrumb\",\"itemListElement\":[{\"@type\":\"ListItem\",\"position\":1,\"name\":\"Home\",\"item\":\"https:\/\/nero-luce.com\/de\/\"},{\"@type\":\"ListItem\",\"position\":2,\"name\":\"Produkte\",\"item\":\"https:\/\/nero-luce.com\/de\/produkte\/\"},{\"@type\":\"ListItem\",\"position\":3,\"name\":\"Mehrzweckbeh\u00e4lter &#8211; Art.0987\"}]},{\"@type\":\"WebSite\",\"@id\":\"https:\/\/nero-luce.com\/it\/#website\",\"url\":\"https:\/\/nero-luce.com\/it\/\",\"name\":\"Neroluce\",\"description\":\"Insegne e accessori per gelaterie\",\"potentialAction\":[{\"@type\":\"SearchAction\",\"target\":{\"@type\":\"EntryPoint\",\"urlTemplate\":\"https:\/\/nero-luce.com\/it\/?s={search_term_string}\"},\"query-input\":\"required name=search_term_string\"}],\"inLanguage\":\"de-DE\"}]}<\/script>\n<!-- \/ Yoast SEO plugin. -->","yoast_head_json":{"title":"Mehrzweckbeh\u00e4lter - Art.0987 - Neroluce","robots":{"index":"index","follow":"follow","max-snippet":"max-snippet:-1","max-image-preview":"max-image-preview:large","max-video-preview":"max-video-preview:-1"},"canonical":"https:\/\/nero-luce.com\/de\/prodotti\/zubehor-und-ersatzteile\/toppinghalter\/mehrzweckbehalter-0987\/","og_locale":"de_DE","og_type":"article","og_title":"Mehrzweckbeh\u00e4lter - Art.0987 - Neroluce","og_description":"Vertikaler Mehrzweckbeh\u00e4lter 3-Fach aus transparentem Plexiglas . Jedes Fach hat seinen eigenen Klappdeckel. Die Mehrzweckbeh\u00e4lter k\u00f6nnen f\u00fcr L\u00f6ffelchen, Waffel, Streusel, Dekoration, Kekse, Bonbon, Trockenobst, Schokolade, usw. verwendet werden. Art. 0987 kann mit Art. 0985 und 0986 kombiniert werden.  Gr\u00f6\u00dfe: 110x180xH385 mm","og_url":"https:\/\/nero-luce.com\/de\/prodotti\/zubehor-und-ersatzteile\/toppinghalter\/mehrzweckbehalter-0987\/","og_site_name":"Neroluce","og_image":[{"width":675,"height":900,"url":"https:\/\/nero-luce.com\/wp-content\/uploads\/2017\/10\/contenitore-multiuso-0987.jpg","type":"image\/jpeg"}],"twitter_card":"summary_large_image","schema":{"@context":"https:\/\/schema.org","@graph":[{"@type":"WebPage","@id":"https:\/\/nero-luce.com\/de\/prodotti\/zubehor-und-ersatzteile\/toppinghalter\/mehrzweckbehalter-0987\/","url":"https:\/\/nero-luce.com\/de\/prodotti\/zubehor-und-ersatzteile\/toppinghalter\/mehrzweckbehalter-0987\/","name":"Mehrzweckbeh\u00e4lter - Art.0987 - Neroluce","isPartOf":{"@id":"https:\/\/nero-luce.com\/it\/#website"},"datePublished":"2017-10-13T15:53:29+00:00","dateModified":"2017-10-13T15:53:29+00:00","breadcrumb":{"@id":"https:\/\/nero-luce.com\/de\/prodotti\/zubehor-und-ersatzteile\/toppinghalter\/mehrzweckbehalter-0987\/#breadcrumb"},"inLanguage":"de-DE","potentialAction":[{"@type":"ReadAction","target":["https:\/\/nero-luce.com\/de\/prodotti\/zubehor-und-ersatzteile\/toppinghalter\/mehrzweckbehalter-0987\/"]}]},{"@type":"BreadcrumbList","@id":"https:\/\/nero-luce.com\/de\/prodotti\/zubehor-und-ersatzteile\/toppinghalter\/mehrzweckbehalter-0987\/#breadcrumb","itemListElement":[{"@type":"ListItem","position":1,"name":"Home","item":"https:\/\/nero-luce.com\/de\/"},{"@type":"ListItem","position":2,"name":"Produkte","item":"https:\/\/nero-luce.com\/de\/produkte\/"},{"@type":"ListItem","position":3,"name":"Mehrzweckbeh\u00e4lter &#8211; Art.0987"}]},{"@type":"WebSite","@id":"https:\/\/nero-luce.com\/it\/#website","url":"https:\/\/nero-luce.com\/it\/","name":"Neroluce","description":"Insegne e accessori per gelaterie","potentialAction":[{"@type":"SearchAction","target":{"@type":"EntryPoint","urlTemplate":"https:\/\/nero-luce.com\/it\/?s={search_term_string}"},"query-input":"required name=search_term_string"}],"inLanguage":"de-DE"}]}},"acf":[],"_links":{"self":[{"href":"https:\/\/nero-luce.com\/de\/wp-json\/wp\/v2\/product\/9358"}],"collection":[{"href":"https:\/\/nero-luce.com\/de\/wp-json\/wp\/v2\/product"}],"about":[{"href":"https:\/\/nero-luce.com\/de\/wp-json\/wp\/v2\/types\/product"}],"replies":[{"embeddable":true,"href":"https:\/\/nero-luce.com\/de\/wp-json\/wp\/v2\/comments?post=9358"}],"wp:featuredmedia":[{"embeddable":true,"href":"https:\/\/nero-luce.com\/de\/wp-json\/wp\/v2\/media\/5932"}],"wp:attachment":[{"href":"https:\/\/nero-luce.com\/de\/wp-json\/wp\/v2\/media?parent=9358"}],"wp:term":[{"taxonomy":"product_cat","embeddable":true,"href":"https:\/\/nero-luce.com\/de\/wp-json\/wp\/v2\/product_cat?post=9358"},{"taxonomy":"product_tag","embeddable":true,"href":"https:\/\/nero-luce.com\/de\/wp-json\/wp\/v2\/product_tag?post=9358"}],"curies":[{"name":"wp","href":"https:\/\/api.w.org\/{rel}","templated":true}]}}