{"id":9329,"date":"2017-10-13T15:53:34","date_gmt":"2017-10-13T15:53:34","guid":{"rendered":"https:\/\/nero-luce.com\/prodotto\/tisch-poster-0360-2\/"},"modified":"2017-10-13T15:53:34","modified_gmt":"2017-10-13T15:53:34","slug":"tisch-poster-0360-2","status":"publish","type":"product","link":"https:\/\/nero-luce.com\/de\/prodotti\/zubehor-und-ersatzteile\/tisch-poster\/tisch-poster-0360-2\/","title":{"rendered":"Tisch-Poster &#8211; Art.0360\/2"},"content":{"rendered":"","protected":false},"excerpt":{"rendered":"<p>Preisliste \u00e4u\u00dferst attraktiv und lebhaft.<\/p>\n<p>Wird mit Auflagefl\u00e4che geliefert, dient als unentbehrlicher Tischposter f\u00fcr die Ausstellung der Preise von T\u00fcten, Becher und Sahne.<\/p>\n<p>Eine reichliche Anzahl an Klebeetiketten zur Preisherstellung ist enthalten.<\/p>\n<p>Kann in der gew\u00fcnschten Farbe gew\u00e4hlt werden. <\/p>\n","protected":false},"featured_media":5669,"comment_status":"closed","ping_status":"closed","template":"","meta":[],"product_cat":[350],"product_tag":[],"yoast_head":"<!-- This site is optimized with the Yoast SEO plugin v20.2.1 - https:\/\/yoast.com\/wordpress\/plugins\/seo\/ -->\n<title>Tisch-Poster - Art.0360\/2 - Neroluce<\/title>\n<meta name=\"robots\" content=\"index, follow, max-snippet:-1, max-image-preview:large, max-video-preview:-1\" \/>\n<link rel=\"canonical\" href=\"https:\/\/nero-luce.com\/de\/prodotti\/zubehor-und-ersatzteile\/tisch-poster\/tisch-poster-0360-2\/\" \/>\n<meta property=\"og:locale\" content=\"de_DE\" \/>\n<meta property=\"og:type\" content=\"article\" \/>\n<meta property=\"og:title\" content=\"Tisch-Poster - Art.0360\/2 - Neroluce\" \/>\n<meta property=\"og:description\" content=\"Preisliste \u00e4u\u00dferst attraktiv und lebhaft.  Wird mit Auflagefl\u00e4che geliefert, dient als unentbehrlicher Tischposter f\u00fcr die Ausstellung der Preise von T\u00fcten, Becher und Sahne.  Eine reichliche Anzahl an Klebeetiketten zur Preisherstellung ist enthalten.  Kann in der gew\u00fcnschten Farbe gew\u00e4hlt werden.\" \/>\n<meta property=\"og:url\" content=\"https:\/\/nero-luce.com\/de\/prodotti\/zubehor-und-ersatzteile\/tisch-poster\/tisch-poster-0360-2\/\" \/>\n<meta property=\"og:site_name\" content=\"Neroluce\" \/>\n<meta property=\"og:image\" content=\"https:\/\/nero-luce.com\/wp-content\/uploads\/2017\/10\/poster-da-tavolo-0360-2.jpg\" \/>\n\t<meta property=\"og:image:width\" content=\"675\" \/>\n\t<meta property=\"og:image:height\" content=\"900\" \/>\n\t<meta property=\"og:image:type\" content=\"image\/jpeg\" \/>\n<meta name=\"twitter:card\" content=\"summary_large_image\" \/>\n<script type=\"application\/ld+json\" class=\"yoast-schema-graph\">{\"@context\":\"https:\/\/schema.org\",\"@graph\":[{\"@type\":\"WebPage\",\"@id\":\"https:\/\/nero-luce.com\/de\/prodotti\/zubehor-und-ersatzteile\/tisch-poster\/tisch-poster-0360-2\/\",\"url\":\"https:\/\/nero-luce.com\/de\/prodotti\/zubehor-und-ersatzteile\/tisch-poster\/tisch-poster-0360-2\/\",\"name\":\"Tisch-Poster - Art.0360\/2 - Neroluce\",\"isPartOf\":{\"@id\":\"https:\/\/nero-luce.com\/it\/#website\"},\"datePublished\":\"2017-10-13T15:53:34+00:00\",\"dateModified\":\"2017-10-13T15:53:34+00:00\",\"breadcrumb\":{\"@id\":\"https:\/\/nero-luce.com\/de\/prodotti\/zubehor-und-ersatzteile\/tisch-poster\/tisch-poster-0360-2\/#breadcrumb\"},\"inLanguage\":\"de-DE\",\"potentialAction\":[{\"@type\":\"ReadAction\",\"target\":[\"https:\/\/nero-luce.com\/de\/prodotti\/zubehor-und-ersatzteile\/tisch-poster\/tisch-poster-0360-2\/\"]}]},{\"@type\":\"BreadcrumbList\",\"@id\":\"https:\/\/nero-luce.com\/de\/prodotti\/zubehor-und-ersatzteile\/tisch-poster\/tisch-poster-0360-2\/#breadcrumb\",\"itemListElement\":[{\"@type\":\"ListItem\",\"position\":1,\"name\":\"Home\",\"item\":\"https:\/\/nero-luce.com\/de\/\"},{\"@type\":\"ListItem\",\"position\":2,\"name\":\"Produkte\",\"item\":\"https:\/\/nero-luce.com\/de\/produkte\/\"},{\"@type\":\"ListItem\",\"position\":3,\"name\":\"Tisch-Poster &#8211; Art.0360\/2\"}]},{\"@type\":\"WebSite\",\"@id\":\"https:\/\/nero-luce.com\/it\/#website\",\"url\":\"https:\/\/nero-luce.com\/it\/\",\"name\":\"Neroluce\",\"description\":\"Insegne e accessori per gelaterie\",\"potentialAction\":[{\"@type\":\"SearchAction\",\"target\":{\"@type\":\"EntryPoint\",\"urlTemplate\":\"https:\/\/nero-luce.com\/it\/?s={search_term_string}\"},\"query-input\":\"required name=search_term_string\"}],\"inLanguage\":\"de-DE\"}]}<\/script>\n<!-- \/ Yoast SEO plugin. -->","yoast_head_json":{"title":"Tisch-Poster - Art.0360\/2 - Neroluce","robots":{"index":"index","follow":"follow","max-snippet":"max-snippet:-1","max-image-preview":"max-image-preview:large","max-video-preview":"max-video-preview:-1"},"canonical":"https:\/\/nero-luce.com\/de\/prodotti\/zubehor-und-ersatzteile\/tisch-poster\/tisch-poster-0360-2\/","og_locale":"de_DE","og_type":"article","og_title":"Tisch-Poster - Art.0360\/2 - Neroluce","og_description":"Preisliste \u00e4u\u00dferst attraktiv und lebhaft.  Wird mit Auflagefl\u00e4che geliefert, dient als unentbehrlicher Tischposter f\u00fcr die Ausstellung der Preise von T\u00fcten, Becher und Sahne.  Eine reichliche Anzahl an Klebeetiketten zur Preisherstellung ist enthalten.  Kann in der gew\u00fcnschten Farbe gew\u00e4hlt werden.","og_url":"https:\/\/nero-luce.com\/de\/prodotti\/zubehor-und-ersatzteile\/tisch-poster\/tisch-poster-0360-2\/","og_site_name":"Neroluce","og_image":[{"width":675,"height":900,"url":"https:\/\/nero-luce.com\/wp-content\/uploads\/2017\/10\/poster-da-tavolo-0360-2.jpg","type":"image\/jpeg"}],"twitter_card":"summary_large_image","schema":{"@context":"https:\/\/schema.org","@graph":[{"@type":"WebPage","@id":"https:\/\/nero-luce.com\/de\/prodotti\/zubehor-und-ersatzteile\/tisch-poster\/tisch-poster-0360-2\/","url":"https:\/\/nero-luce.com\/de\/prodotti\/zubehor-und-ersatzteile\/tisch-poster\/tisch-poster-0360-2\/","name":"Tisch-Poster - Art.0360\/2 - Neroluce","isPartOf":{"@id":"https:\/\/nero-luce.com\/it\/#website"},"datePublished":"2017-10-13T15:53:34+00:00","dateModified":"2017-10-13T15:53:34+00:00","breadcrumb":{"@id":"https:\/\/nero-luce.com\/de\/prodotti\/zubehor-und-ersatzteile\/tisch-poster\/tisch-poster-0360-2\/#breadcrumb"},"inLanguage":"de-DE","potentialAction":[{"@type":"ReadAction","target":["https:\/\/nero-luce.com\/de\/prodotti\/zubehor-und-ersatzteile\/tisch-poster\/tisch-poster-0360-2\/"]}]},{"@type":"BreadcrumbList","@id":"https:\/\/nero-luce.com\/de\/prodotti\/zubehor-und-ersatzteile\/tisch-poster\/tisch-poster-0360-2\/#breadcrumb","itemListElement":[{"@type":"ListItem","position":1,"name":"Home","item":"https:\/\/nero-luce.com\/de\/"},{"@type":"ListItem","position":2,"name":"Produkte","item":"https:\/\/nero-luce.com\/de\/produkte\/"},{"@type":"ListItem","position":3,"name":"Tisch-Poster &#8211; Art.0360\/2"}]},{"@type":"WebSite","@id":"https:\/\/nero-luce.com\/it\/#website","url":"https:\/\/nero-luce.com\/it\/","name":"Neroluce","description":"Insegne e accessori per gelaterie","potentialAction":[{"@type":"SearchAction","target":{"@type":"EntryPoint","urlTemplate":"https:\/\/nero-luce.com\/it\/?s={search_term_string}"},"query-input":"required name=search_term_string"}],"inLanguage":"de-DE"}]}},"acf":[],"_links":{"self":[{"href":"https:\/\/nero-luce.com\/de\/wp-json\/wp\/v2\/product\/9329"}],"collection":[{"href":"https:\/\/nero-luce.com\/de\/wp-json\/wp\/v2\/product"}],"about":[{"href":"https:\/\/nero-luce.com\/de\/wp-json\/wp\/v2\/types\/product"}],"replies":[{"embeddable":true,"href":"https:\/\/nero-luce.com\/de\/wp-json\/wp\/v2\/comments?post=9329"}],"wp:featuredmedia":[{"embeddable":true,"href":"https:\/\/nero-luce.com\/de\/wp-json\/wp\/v2\/media\/5669"}],"wp:attachment":[{"href":"https:\/\/nero-luce.com\/de\/wp-json\/wp\/v2\/media?parent=9329"}],"wp:term":[{"taxonomy":"product_cat","embeddable":true,"href":"https:\/\/nero-luce.com\/de\/wp-json\/wp\/v2\/product_cat?post=9329"},{"taxonomy":"product_tag","embeddable":true,"href":"https:\/\/nero-luce.com\/de\/wp-json\/wp\/v2\/product_tag?post=9329"}],"curies":[{"name":"wp","href":"https:\/\/api.w.org\/{rel}","templated":true}]}}