{"id":9322,"date":"2017-10-13T15:52:58","date_gmt":"2017-10-13T15:52:58","guid":{"rendered":"https:\/\/nero-luce.com\/prodotto\/beheizter-tutenhalter-0899-cr\/"},"modified":"2017-10-13T15:52:58","modified_gmt":"2017-10-13T15:52:58","slug":"beheizter-tutenhalter-0899-cr","status":"publish","type":"product","link":"https:\/\/nero-luce.com\/de\/prodotti\/zubehor-und-ersatzteile\/tuetenhalter\/beheizter-tutenhalter-0899-cr\/","title":{"rendered":"Beheizter T\u00fctenhalter &#8211; Art.0899\/CR"},"content":{"rendered":"","protected":false},"excerpt":{"rendered":"<p>T\u00fctenhalter aus transparenten Plexiglas mit Leucht-Dekoration und verstellbarem Deckel.<br \/>\nMit Heizanlage und verschlie\u00dfbarem T\u00fcrchen ausgestattet damit Ihre T\u00fcten auch in \u00fcberm\u00e4\u00dfig feuchten R\u00e4umen immer knusprig und krokant bleiben.<br \/>\nBesonders n\u00fctzlich f\u00fcr Betriebe, die in der N\u00e4he von Seen, Meer oder besonders feuchten Orten Ihre T\u00e4tigkeit aus\u00fcben.<br \/>\nDieser T\u00fctenhalter ist mit 8 \u00d6ffnungen f\u00fcr Standard-T\u00fcten vorgesehen.<br \/>\nDer Artikel wird mit 1 Mehrzweckbeh\u00e4lter mit 2 F\u00e4chern (f\u00fcr L\u00f6ffel, Waffel, K\u00f6rner, Dekorationen usw.) geliefert.<br \/>\nDie F\u00e4cher sind zur Reinigung leicht entfernbar und k\u00f6nnen auf zwei verschiedenen H\u00f6hen verstellt werden.<\/p>\n<p>Gr\u00f6\u00dfe: 270x210xH.600 mm<\/p>\n","protected":false},"featured_media":6723,"comment_status":"closed","ping_status":"closed","template":"","meta":[],"product_cat":[343],"product_tag":[],"yoast_head":"<!-- This site is optimized with the Yoast SEO plugin v20.2.1 - https:\/\/yoast.com\/wordpress\/plugins\/seo\/ -->\n<title>Beheizter T\u00fctenhalter - Art.0899\/CR - Neroluce<\/title>\n<meta name=\"robots\" content=\"index, follow, max-snippet:-1, max-image-preview:large, max-video-preview:-1\" \/>\n<link rel=\"canonical\" href=\"https:\/\/nero-luce.com\/de\/prodotti\/zubehor-und-ersatzteile\/tuetenhalter\/beheizter-tutenhalter-0899-cr\/\" \/>\n<meta property=\"og:locale\" content=\"de_DE\" \/>\n<meta property=\"og:type\" content=\"article\" \/>\n<meta property=\"og:title\" content=\"Beheizter T\u00fctenhalter - Art.0899\/CR - Neroluce\" \/>\n<meta property=\"og:description\" content=\"T\u00fctenhalter aus transparenten Plexiglas mit Leucht-Dekoration und verstellbarem Deckel. Mit Heizanlage und verschlie\u00dfbarem T\u00fcrchen ausgestattet damit Ihre T\u00fcten auch in \u00fcberm\u00e4\u00dfig feuchten R\u00e4umen immer knusprig und krokant bleiben. Besonders n\u00fctzlich f\u00fcr Betriebe, die in der N\u00e4he von Seen, Meer oder besonders feuchten Orten Ihre T\u00e4tigkeit aus\u00fcben. Dieser T\u00fctenhalter ist mit 8 \u00d6ffnungen f\u00fcr Standard-T\u00fcten vorgesehen. Der Artikel wird mit 1 Mehrzweckbeh\u00e4lter mit 2 F\u00e4chern (f\u00fcr L\u00f6ffel, Waffel, K\u00f6rner, Dekorationen usw.) geliefert. Die F\u00e4cher sind zur Reinigung leicht entfernbar und k\u00f6nnen auf zwei verschiedenen H\u00f6hen verstellt werden.  Gr\u00f6\u00dfe: 270x210xH.600 mm\" \/>\n<meta property=\"og:url\" content=\"https:\/\/nero-luce.com\/de\/prodotti\/zubehor-und-ersatzteile\/tuetenhalter\/beheizter-tutenhalter-0899-cr\/\" \/>\n<meta property=\"og:site_name\" content=\"Neroluce\" \/>\n<meta property=\"og:image\" content=\"https:\/\/nero-luce.com\/wp-content\/uploads\/2017\/10\/portaconi-riscaldato-0899-cr.jpg\" \/>\n\t<meta property=\"og:image:width\" content=\"675\" \/>\n\t<meta property=\"og:image:height\" content=\"900\" \/>\n\t<meta property=\"og:image:type\" content=\"image\/jpeg\" \/>\n<meta name=\"twitter:card\" content=\"summary_large_image\" \/>\n<script type=\"application\/ld+json\" class=\"yoast-schema-graph\">{\"@context\":\"https:\/\/schema.org\",\"@graph\":[{\"@type\":\"WebPage\",\"@id\":\"https:\/\/nero-luce.com\/de\/prodotti\/zubehor-und-ersatzteile\/tuetenhalter\/beheizter-tutenhalter-0899-cr\/\",\"url\":\"https:\/\/nero-luce.com\/de\/prodotti\/zubehor-und-ersatzteile\/tuetenhalter\/beheizter-tutenhalter-0899-cr\/\",\"name\":\"Beheizter T\u00fctenhalter - Art.0899\/CR - Neroluce\",\"isPartOf\":{\"@id\":\"https:\/\/nero-luce.com\/it\/#website\"},\"datePublished\":\"2017-10-13T15:52:58+00:00\",\"dateModified\":\"2017-10-13T15:52:58+00:00\",\"breadcrumb\":{\"@id\":\"https:\/\/nero-luce.com\/de\/prodotti\/zubehor-und-ersatzteile\/tuetenhalter\/beheizter-tutenhalter-0899-cr\/#breadcrumb\"},\"inLanguage\":\"de-DE\",\"potentialAction\":[{\"@type\":\"ReadAction\",\"target\":[\"https:\/\/nero-luce.com\/de\/prodotti\/zubehor-und-ersatzteile\/tuetenhalter\/beheizter-tutenhalter-0899-cr\/\"]}]},{\"@type\":\"BreadcrumbList\",\"@id\":\"https:\/\/nero-luce.com\/de\/prodotti\/zubehor-und-ersatzteile\/tuetenhalter\/beheizter-tutenhalter-0899-cr\/#breadcrumb\",\"itemListElement\":[{\"@type\":\"ListItem\",\"position\":1,\"name\":\"Home\",\"item\":\"https:\/\/nero-luce.com\/de\/\"},{\"@type\":\"ListItem\",\"position\":2,\"name\":\"Produkte\",\"item\":\"https:\/\/nero-luce.com\/de\/produkte\/\"},{\"@type\":\"ListItem\",\"position\":3,\"name\":\"Beheizter T\u00fctenhalter &#8211; Art.0899\/CR\"}]},{\"@type\":\"WebSite\",\"@id\":\"https:\/\/nero-luce.com\/it\/#website\",\"url\":\"https:\/\/nero-luce.com\/it\/\",\"name\":\"Neroluce\",\"description\":\"Insegne e accessori per gelaterie\",\"potentialAction\":[{\"@type\":\"SearchAction\",\"target\":{\"@type\":\"EntryPoint\",\"urlTemplate\":\"https:\/\/nero-luce.com\/it\/?s={search_term_string}\"},\"query-input\":\"required name=search_term_string\"}],\"inLanguage\":\"de-DE\"}]}<\/script>\n<!-- \/ Yoast SEO plugin. -->","yoast_head_json":{"title":"Beheizter T\u00fctenhalter - Art.0899\/CR - Neroluce","robots":{"index":"index","follow":"follow","max-snippet":"max-snippet:-1","max-image-preview":"max-image-preview:large","max-video-preview":"max-video-preview:-1"},"canonical":"https:\/\/nero-luce.com\/de\/prodotti\/zubehor-und-ersatzteile\/tuetenhalter\/beheizter-tutenhalter-0899-cr\/","og_locale":"de_DE","og_type":"article","og_title":"Beheizter T\u00fctenhalter - Art.0899\/CR - Neroluce","og_description":"T\u00fctenhalter aus transparenten Plexiglas mit Leucht-Dekoration und verstellbarem Deckel. Mit Heizanlage und verschlie\u00dfbarem T\u00fcrchen ausgestattet damit Ihre T\u00fcten auch in \u00fcberm\u00e4\u00dfig feuchten R\u00e4umen immer knusprig und krokant bleiben. Besonders n\u00fctzlich f\u00fcr Betriebe, die in der N\u00e4he von Seen, Meer oder besonders feuchten Orten Ihre T\u00e4tigkeit aus\u00fcben. Dieser T\u00fctenhalter ist mit 8 \u00d6ffnungen f\u00fcr Standard-T\u00fcten vorgesehen. Der Artikel wird mit 1 Mehrzweckbeh\u00e4lter mit 2 F\u00e4chern (f\u00fcr L\u00f6ffel, Waffel, K\u00f6rner, Dekorationen usw.) geliefert. Die F\u00e4cher sind zur Reinigung leicht entfernbar und k\u00f6nnen auf zwei verschiedenen H\u00f6hen verstellt werden.  Gr\u00f6\u00dfe: 270x210xH.600 mm","og_url":"https:\/\/nero-luce.com\/de\/prodotti\/zubehor-und-ersatzteile\/tuetenhalter\/beheizter-tutenhalter-0899-cr\/","og_site_name":"Neroluce","og_image":[{"width":675,"height":900,"url":"https:\/\/nero-luce.com\/wp-content\/uploads\/2017\/10\/portaconi-riscaldato-0899-cr.jpg","type":"image\/jpeg"}],"twitter_card":"summary_large_image","schema":{"@context":"https:\/\/schema.org","@graph":[{"@type":"WebPage","@id":"https:\/\/nero-luce.com\/de\/prodotti\/zubehor-und-ersatzteile\/tuetenhalter\/beheizter-tutenhalter-0899-cr\/","url":"https:\/\/nero-luce.com\/de\/prodotti\/zubehor-und-ersatzteile\/tuetenhalter\/beheizter-tutenhalter-0899-cr\/","name":"Beheizter T\u00fctenhalter - Art.0899\/CR - Neroluce","isPartOf":{"@id":"https:\/\/nero-luce.com\/it\/#website"},"datePublished":"2017-10-13T15:52:58+00:00","dateModified":"2017-10-13T15:52:58+00:00","breadcrumb":{"@id":"https:\/\/nero-luce.com\/de\/prodotti\/zubehor-und-ersatzteile\/tuetenhalter\/beheizter-tutenhalter-0899-cr\/#breadcrumb"},"inLanguage":"de-DE","potentialAction":[{"@type":"ReadAction","target":["https:\/\/nero-luce.com\/de\/prodotti\/zubehor-und-ersatzteile\/tuetenhalter\/beheizter-tutenhalter-0899-cr\/"]}]},{"@type":"BreadcrumbList","@id":"https:\/\/nero-luce.com\/de\/prodotti\/zubehor-und-ersatzteile\/tuetenhalter\/beheizter-tutenhalter-0899-cr\/#breadcrumb","itemListElement":[{"@type":"ListItem","position":1,"name":"Home","item":"https:\/\/nero-luce.com\/de\/"},{"@type":"ListItem","position":2,"name":"Produkte","item":"https:\/\/nero-luce.com\/de\/produkte\/"},{"@type":"ListItem","position":3,"name":"Beheizter T\u00fctenhalter &#8211; Art.0899\/CR"}]},{"@type":"WebSite","@id":"https:\/\/nero-luce.com\/it\/#website","url":"https:\/\/nero-luce.com\/it\/","name":"Neroluce","description":"Insegne e accessori per gelaterie","potentialAction":[{"@type":"SearchAction","target":{"@type":"EntryPoint","urlTemplate":"https:\/\/nero-luce.com\/it\/?s={search_term_string}"},"query-input":"required name=search_term_string"}],"inLanguage":"de-DE"}]}},"acf":[],"_links":{"self":[{"href":"https:\/\/nero-luce.com\/de\/wp-json\/wp\/v2\/product\/9322"}],"collection":[{"href":"https:\/\/nero-luce.com\/de\/wp-json\/wp\/v2\/product"}],"about":[{"href":"https:\/\/nero-luce.com\/de\/wp-json\/wp\/v2\/types\/product"}],"replies":[{"embeddable":true,"href":"https:\/\/nero-luce.com\/de\/wp-json\/wp\/v2\/comments?post=9322"}],"wp:featuredmedia":[{"embeddable":true,"href":"https:\/\/nero-luce.com\/de\/wp-json\/wp\/v2\/media\/6723"}],"wp:attachment":[{"href":"https:\/\/nero-luce.com\/de\/wp-json\/wp\/v2\/media?parent=9322"}],"wp:term":[{"taxonomy":"product_cat","embeddable":true,"href":"https:\/\/nero-luce.com\/de\/wp-json\/wp\/v2\/product_cat?post=9322"},{"taxonomy":"product_tag","embeddable":true,"href":"https:\/\/nero-luce.com\/de\/wp-json\/wp\/v2\/product_tag?post=9322"}],"curies":[{"name":"wp","href":"https:\/\/api.w.org\/{rel}","templated":true}]}}