{"id":9305,"date":"2017-10-13T15:53:08","date_gmt":"2017-10-13T15:53:08","guid":{"rendered":"https:\/\/nero-luce.com\/prodotto\/beheizter-tutenhalter-0951-r\/"},"modified":"2017-10-13T15:53:08","modified_gmt":"2017-10-13T15:53:08","slug":"beheizter-tutenhalter-0951-r","status":"publish","type":"product","link":"https:\/\/nero-luce.com\/de\/prodotti\/zubehor-und-ersatzteile\/tuetenhalter\/beheizter-tutenhalter-0951-r\/","title":{"rendered":"Beheizter T\u00fctenhalter &#8211; Art.0951\/R"},"content":{"rendered":"","protected":false},"excerpt":{"rendered":"<p>Zylinderf\u00f6rmiger T\u00fctenhalter aus transparentem Plexiglas mit Heizanlage: die  T\u00fcten bleiben auch in sehr feuchten R\u00e4umen immer knusprig und krokant.<br \/>\nBesonders n\u00fctzlich f\u00fcr Betriebe, die in der N\u00e4he von Seen, Meer oder besonders feuchten Orten Ihre T\u00e4tigkeit aus\u00fcben<br \/>\nDieser T\u00fctenhalter gefertigt mit 6 Abteilungen, jeweils 3 \u00d6ffnungen (insgesamt 18 \u00d6ffnungen f\u00fcr Standard-T\u00fcten) und Schiebet\u00fcrchen. Die internen Trennw\u00e4nde auch aus transparentem Plexiglas sind leicht entnehmbar. Das elegante, beheizte Zentralrohr mit eine optimalen W\u00e4rmeverbreitung wird aus satiniertem Alluminium gefertig. Sehr leichte Reinigung des T\u00fctenhalters da es sich um den einzigen T\u00fctenhalter handelt der ohne besonderem Ger\u00e4t komplett zerlegbar ist.<\/p>\n<p>Gr\u00f6\u00dfe: \u00d8315xH.600 mm<\/p>\n","protected":false},"featured_media":6489,"comment_status":"closed","ping_status":"closed","template":"","meta":[],"product_cat":[343],"product_tag":[],"yoast_head":"<!-- This site is optimized with the Yoast SEO plugin v20.2.1 - https:\/\/yoast.com\/wordpress\/plugins\/seo\/ -->\n<title>Beheizter T\u00fctenhalter - Art.0951\/R - Neroluce<\/title>\n<meta name=\"robots\" content=\"index, follow, max-snippet:-1, max-image-preview:large, max-video-preview:-1\" \/>\n<link rel=\"canonical\" href=\"https:\/\/nero-luce.com\/de\/prodotti\/zubehor-und-ersatzteile\/tuetenhalter\/beheizter-tutenhalter-0951-r\/\" \/>\n<meta property=\"og:locale\" content=\"de_DE\" \/>\n<meta property=\"og:type\" content=\"article\" \/>\n<meta property=\"og:title\" content=\"Beheizter T\u00fctenhalter - Art.0951\/R - Neroluce\" \/>\n<meta property=\"og:description\" content=\"Zylinderf\u00f6rmiger T\u00fctenhalter aus transparentem Plexiglas mit Heizanlage: die T\u00fcten bleiben auch in sehr feuchten R\u00e4umen immer knusprig und krokant. Besonders n\u00fctzlich f\u00fcr Betriebe, die in der N\u00e4he von Seen, Meer oder besonders feuchten Orten Ihre T\u00e4tigkeit aus\u00fcben Dieser T\u00fctenhalter gefertigt mit 6 Abteilungen, jeweils 3 \u00d6ffnungen (insgesamt 18 \u00d6ffnungen f\u00fcr Standard-T\u00fcten) und Schiebet\u00fcrchen. Die internen Trennw\u00e4nde auch aus transparentem Plexiglas sind leicht entnehmbar. Das elegante, beheizte Zentralrohr mit eine optimalen W\u00e4rmeverbreitung wird aus satiniertem Alluminium gefertig. Sehr leichte Reinigung des T\u00fctenhalters da es sich um den einzigen T\u00fctenhalter handelt der ohne besonderem Ger\u00e4t komplett zerlegbar ist.  Gr\u00f6\u00dfe: \u00d8315xH.600 mm\" \/>\n<meta property=\"og:url\" content=\"https:\/\/nero-luce.com\/de\/prodotti\/zubehor-und-ersatzteile\/tuetenhalter\/beheizter-tutenhalter-0951-r\/\" \/>\n<meta property=\"og:site_name\" content=\"Neroluce\" \/>\n<meta property=\"og:image\" content=\"https:\/\/nero-luce.com\/wp-content\/uploads\/2017\/10\/portaconi-riscaldato-0951-r-1.jpg\" \/>\n\t<meta property=\"og:image:width\" content=\"675\" \/>\n\t<meta property=\"og:image:height\" content=\"900\" \/>\n\t<meta property=\"og:image:type\" content=\"image\/jpeg\" \/>\n<meta name=\"twitter:card\" content=\"summary_large_image\" \/>\n<script type=\"application\/ld+json\" class=\"yoast-schema-graph\">{\"@context\":\"https:\/\/schema.org\",\"@graph\":[{\"@type\":\"WebPage\",\"@id\":\"https:\/\/nero-luce.com\/de\/prodotti\/zubehor-und-ersatzteile\/tuetenhalter\/beheizter-tutenhalter-0951-r\/\",\"url\":\"https:\/\/nero-luce.com\/de\/prodotti\/zubehor-und-ersatzteile\/tuetenhalter\/beheizter-tutenhalter-0951-r\/\",\"name\":\"Beheizter T\u00fctenhalter - Art.0951\/R - Neroluce\",\"isPartOf\":{\"@id\":\"https:\/\/nero-luce.com\/it\/#website\"},\"datePublished\":\"2017-10-13T15:53:08+00:00\",\"dateModified\":\"2017-10-13T15:53:08+00:00\",\"breadcrumb\":{\"@id\":\"https:\/\/nero-luce.com\/de\/prodotti\/zubehor-und-ersatzteile\/tuetenhalter\/beheizter-tutenhalter-0951-r\/#breadcrumb\"},\"inLanguage\":\"de-DE\",\"potentialAction\":[{\"@type\":\"ReadAction\",\"target\":[\"https:\/\/nero-luce.com\/de\/prodotti\/zubehor-und-ersatzteile\/tuetenhalter\/beheizter-tutenhalter-0951-r\/\"]}]},{\"@type\":\"BreadcrumbList\",\"@id\":\"https:\/\/nero-luce.com\/de\/prodotti\/zubehor-und-ersatzteile\/tuetenhalter\/beheizter-tutenhalter-0951-r\/#breadcrumb\",\"itemListElement\":[{\"@type\":\"ListItem\",\"position\":1,\"name\":\"Home\",\"item\":\"https:\/\/nero-luce.com\/de\/\"},{\"@type\":\"ListItem\",\"position\":2,\"name\":\"Produkte\",\"item\":\"https:\/\/nero-luce.com\/de\/produkte\/\"},{\"@type\":\"ListItem\",\"position\":3,\"name\":\"Beheizter T\u00fctenhalter &#8211; Art.0951\/R\"}]},{\"@type\":\"WebSite\",\"@id\":\"https:\/\/nero-luce.com\/it\/#website\",\"url\":\"https:\/\/nero-luce.com\/it\/\",\"name\":\"Neroluce\",\"description\":\"Insegne e accessori per gelaterie\",\"potentialAction\":[{\"@type\":\"SearchAction\",\"target\":{\"@type\":\"EntryPoint\",\"urlTemplate\":\"https:\/\/nero-luce.com\/it\/?s={search_term_string}\"},\"query-input\":\"required name=search_term_string\"}],\"inLanguage\":\"de-DE\"}]}<\/script>\n<!-- \/ Yoast SEO plugin. -->","yoast_head_json":{"title":"Beheizter T\u00fctenhalter - Art.0951\/R - Neroluce","robots":{"index":"index","follow":"follow","max-snippet":"max-snippet:-1","max-image-preview":"max-image-preview:large","max-video-preview":"max-video-preview:-1"},"canonical":"https:\/\/nero-luce.com\/de\/prodotti\/zubehor-und-ersatzteile\/tuetenhalter\/beheizter-tutenhalter-0951-r\/","og_locale":"de_DE","og_type":"article","og_title":"Beheizter T\u00fctenhalter - Art.0951\/R - Neroluce","og_description":"Zylinderf\u00f6rmiger T\u00fctenhalter aus transparentem Plexiglas mit Heizanlage: die T\u00fcten bleiben auch in sehr feuchten R\u00e4umen immer knusprig und krokant. Besonders n\u00fctzlich f\u00fcr Betriebe, die in der N\u00e4he von Seen, Meer oder besonders feuchten Orten Ihre T\u00e4tigkeit aus\u00fcben Dieser T\u00fctenhalter gefertigt mit 6 Abteilungen, jeweils 3 \u00d6ffnungen (insgesamt 18 \u00d6ffnungen f\u00fcr Standard-T\u00fcten) und Schiebet\u00fcrchen. Die internen Trennw\u00e4nde auch aus transparentem Plexiglas sind leicht entnehmbar. Das elegante, beheizte Zentralrohr mit eine optimalen W\u00e4rmeverbreitung wird aus satiniertem Alluminium gefertig. Sehr leichte Reinigung des T\u00fctenhalters da es sich um den einzigen T\u00fctenhalter handelt der ohne besonderem Ger\u00e4t komplett zerlegbar ist.  Gr\u00f6\u00dfe: \u00d8315xH.600 mm","og_url":"https:\/\/nero-luce.com\/de\/prodotti\/zubehor-und-ersatzteile\/tuetenhalter\/beheizter-tutenhalter-0951-r\/","og_site_name":"Neroluce","og_image":[{"width":675,"height":900,"url":"https:\/\/nero-luce.com\/wp-content\/uploads\/2017\/10\/portaconi-riscaldato-0951-r-1.jpg","type":"image\/jpeg"}],"twitter_card":"summary_large_image","schema":{"@context":"https:\/\/schema.org","@graph":[{"@type":"WebPage","@id":"https:\/\/nero-luce.com\/de\/prodotti\/zubehor-und-ersatzteile\/tuetenhalter\/beheizter-tutenhalter-0951-r\/","url":"https:\/\/nero-luce.com\/de\/prodotti\/zubehor-und-ersatzteile\/tuetenhalter\/beheizter-tutenhalter-0951-r\/","name":"Beheizter T\u00fctenhalter - Art.0951\/R - Neroluce","isPartOf":{"@id":"https:\/\/nero-luce.com\/it\/#website"},"datePublished":"2017-10-13T15:53:08+00:00","dateModified":"2017-10-13T15:53:08+00:00","breadcrumb":{"@id":"https:\/\/nero-luce.com\/de\/prodotti\/zubehor-und-ersatzteile\/tuetenhalter\/beheizter-tutenhalter-0951-r\/#breadcrumb"},"inLanguage":"de-DE","potentialAction":[{"@type":"ReadAction","target":["https:\/\/nero-luce.com\/de\/prodotti\/zubehor-und-ersatzteile\/tuetenhalter\/beheizter-tutenhalter-0951-r\/"]}]},{"@type":"BreadcrumbList","@id":"https:\/\/nero-luce.com\/de\/prodotti\/zubehor-und-ersatzteile\/tuetenhalter\/beheizter-tutenhalter-0951-r\/#breadcrumb","itemListElement":[{"@type":"ListItem","position":1,"name":"Home","item":"https:\/\/nero-luce.com\/de\/"},{"@type":"ListItem","position":2,"name":"Produkte","item":"https:\/\/nero-luce.com\/de\/produkte\/"},{"@type":"ListItem","position":3,"name":"Beheizter T\u00fctenhalter &#8211; Art.0951\/R"}]},{"@type":"WebSite","@id":"https:\/\/nero-luce.com\/it\/#website","url":"https:\/\/nero-luce.com\/it\/","name":"Neroluce","description":"Insegne e accessori per gelaterie","potentialAction":[{"@type":"SearchAction","target":{"@type":"EntryPoint","urlTemplate":"https:\/\/nero-luce.com\/it\/?s={search_term_string}"},"query-input":"required name=search_term_string"}],"inLanguage":"de-DE"}]}},"acf":[],"_links":{"self":[{"href":"https:\/\/nero-luce.com\/de\/wp-json\/wp\/v2\/product\/9305"}],"collection":[{"href":"https:\/\/nero-luce.com\/de\/wp-json\/wp\/v2\/product"}],"about":[{"href":"https:\/\/nero-luce.com\/de\/wp-json\/wp\/v2\/types\/product"}],"replies":[{"embeddable":true,"href":"https:\/\/nero-luce.com\/de\/wp-json\/wp\/v2\/comments?post=9305"}],"wp:featuredmedia":[{"embeddable":true,"href":"https:\/\/nero-luce.com\/de\/wp-json\/wp\/v2\/media\/6489"}],"wp:attachment":[{"href":"https:\/\/nero-luce.com\/de\/wp-json\/wp\/v2\/media?parent=9305"}],"wp:term":[{"taxonomy":"product_cat","embeddable":true,"href":"https:\/\/nero-luce.com\/de\/wp-json\/wp\/v2\/product_cat?post=9305"},{"taxonomy":"product_tag","embeddable":true,"href":"https:\/\/nero-luce.com\/de\/wp-json\/wp\/v2\/product_tag?post=9305"}],"curies":[{"name":"wp","href":"https:\/\/api.w.org\/{rel}","templated":true}]}}