{"id":9291,"date":"2017-10-13T15:53:13","date_gmt":"2017-10-13T15:53:13","guid":{"rendered":"https:\/\/nero-luce.com\/prodotto\/zylinderformiger-maxi-tutenhalter-0935\/"},"modified":"2017-10-13T15:53:13","modified_gmt":"2017-10-13T15:53:13","slug":"zylinderformiger-maxi-tutenhalter-0935","status":"publish","type":"product","link":"https:\/\/nero-luce.com\/de\/prodotti\/zubehor-und-ersatzteile\/tuetenhalter\/zylinderformiger-maxi-tutenhalter-0935\/","title":{"rendered":"Zylinderf\u00f6rmiger Maxi-T\u00fctenhalter &#8211; Art. 0935"},"content":{"rendered":"","protected":false},"excerpt":{"rendered":"<p>Zylinderf\u00f6rmiger Maxi-T\u00fctenhalter.<br \/>\nEinreihiger Maxi-T\u00fctenhalter aus transparentem Plexiglas mit Schiebet\u00fcrchen und T\u00fctenentnahme direkt von der Spitze.<\/p>\n<p>Gr\u00f6\u00dfe: \u00d8190xH.500 mm<\/p>\n","protected":false},"featured_media":7437,"comment_status":"closed","ping_status":"closed","template":"","meta":[],"product_cat":[343],"product_tag":[],"yoast_head":"<!-- This site is optimized with the Yoast SEO plugin v20.2.1 - https:\/\/yoast.com\/wordpress\/plugins\/seo\/ -->\n<title>Zylinderf\u00f6rmiger Maxi-T\u00fctenhalter - Art. 0935 - Neroluce<\/title>\n<meta name=\"robots\" content=\"index, follow, max-snippet:-1, max-image-preview:large, max-video-preview:-1\" \/>\n<link rel=\"canonical\" href=\"https:\/\/nero-luce.com\/de\/prodotti\/zubehor-und-ersatzteile\/tuetenhalter\/zylinderformiger-maxi-tutenhalter-0935\/\" \/>\n<meta property=\"og:locale\" content=\"de_DE\" \/>\n<meta property=\"og:type\" content=\"article\" \/>\n<meta property=\"og:title\" content=\"Zylinderf\u00f6rmiger Maxi-T\u00fctenhalter - Art. 0935 - Neroluce\" \/>\n<meta property=\"og:description\" content=\"Zylinderf\u00f6rmiger Maxi-T\u00fctenhalter. Einreihiger Maxi-T\u00fctenhalter aus transparentem Plexiglas mit Schiebet\u00fcrchen und T\u00fctenentnahme direkt von der Spitze.  Gr\u00f6\u00dfe: \u00d8190xH.500 mm\" \/>\n<meta property=\"og:url\" content=\"https:\/\/nero-luce.com\/de\/prodotti\/zubehor-und-ersatzteile\/tuetenhalter\/zylinderformiger-maxi-tutenhalter-0935\/\" \/>\n<meta property=\"og:site_name\" content=\"Neroluce\" \/>\n<meta property=\"og:image\" content=\"https:\/\/nero-luce.com\/wp-content\/uploads\/2017\/10\/portaconi-0935.jpg\" \/>\n\t<meta property=\"og:image:width\" content=\"675\" \/>\n\t<meta property=\"og:image:height\" content=\"900\" \/>\n\t<meta property=\"og:image:type\" content=\"image\/jpeg\" \/>\n<meta name=\"twitter:card\" content=\"summary_large_image\" \/>\n<script type=\"application\/ld+json\" class=\"yoast-schema-graph\">{\"@context\":\"https:\/\/schema.org\",\"@graph\":[{\"@type\":\"WebPage\",\"@id\":\"https:\/\/nero-luce.com\/de\/prodotti\/zubehor-und-ersatzteile\/tuetenhalter\/zylinderformiger-maxi-tutenhalter-0935\/\",\"url\":\"https:\/\/nero-luce.com\/de\/prodotti\/zubehor-und-ersatzteile\/tuetenhalter\/zylinderformiger-maxi-tutenhalter-0935\/\",\"name\":\"Zylinderf\u00f6rmiger Maxi-T\u00fctenhalter - Art. 0935 - Neroluce\",\"isPartOf\":{\"@id\":\"https:\/\/nero-luce.com\/it\/#website\"},\"datePublished\":\"2017-10-13T15:53:13+00:00\",\"dateModified\":\"2017-10-13T15:53:13+00:00\",\"breadcrumb\":{\"@id\":\"https:\/\/nero-luce.com\/de\/prodotti\/zubehor-und-ersatzteile\/tuetenhalter\/zylinderformiger-maxi-tutenhalter-0935\/#breadcrumb\"},\"inLanguage\":\"de-DE\",\"potentialAction\":[{\"@type\":\"ReadAction\",\"target\":[\"https:\/\/nero-luce.com\/de\/prodotti\/zubehor-und-ersatzteile\/tuetenhalter\/zylinderformiger-maxi-tutenhalter-0935\/\"]}]},{\"@type\":\"BreadcrumbList\",\"@id\":\"https:\/\/nero-luce.com\/de\/prodotti\/zubehor-und-ersatzteile\/tuetenhalter\/zylinderformiger-maxi-tutenhalter-0935\/#breadcrumb\",\"itemListElement\":[{\"@type\":\"ListItem\",\"position\":1,\"name\":\"Home\",\"item\":\"https:\/\/nero-luce.com\/de\/\"},{\"@type\":\"ListItem\",\"position\":2,\"name\":\"Produkte\",\"item\":\"https:\/\/nero-luce.com\/de\/produkte\/\"},{\"@type\":\"ListItem\",\"position\":3,\"name\":\"Zylinderf\u00f6rmiger Maxi-T\u00fctenhalter &#8211; Art. 0935\"}]},{\"@type\":\"WebSite\",\"@id\":\"https:\/\/nero-luce.com\/it\/#website\",\"url\":\"https:\/\/nero-luce.com\/it\/\",\"name\":\"Neroluce\",\"description\":\"Insegne e accessori per gelaterie\",\"potentialAction\":[{\"@type\":\"SearchAction\",\"target\":{\"@type\":\"EntryPoint\",\"urlTemplate\":\"https:\/\/nero-luce.com\/it\/?s={search_term_string}\"},\"query-input\":\"required name=search_term_string\"}],\"inLanguage\":\"de-DE\"}]}<\/script>\n<!-- \/ Yoast SEO plugin. -->","yoast_head_json":{"title":"Zylinderf\u00f6rmiger Maxi-T\u00fctenhalter - Art. 0935 - Neroluce","robots":{"index":"index","follow":"follow","max-snippet":"max-snippet:-1","max-image-preview":"max-image-preview:large","max-video-preview":"max-video-preview:-1"},"canonical":"https:\/\/nero-luce.com\/de\/prodotti\/zubehor-und-ersatzteile\/tuetenhalter\/zylinderformiger-maxi-tutenhalter-0935\/","og_locale":"de_DE","og_type":"article","og_title":"Zylinderf\u00f6rmiger Maxi-T\u00fctenhalter - Art. 0935 - Neroluce","og_description":"Zylinderf\u00f6rmiger Maxi-T\u00fctenhalter. Einreihiger Maxi-T\u00fctenhalter aus transparentem Plexiglas mit Schiebet\u00fcrchen und T\u00fctenentnahme direkt von der Spitze.  Gr\u00f6\u00dfe: \u00d8190xH.500 mm","og_url":"https:\/\/nero-luce.com\/de\/prodotti\/zubehor-und-ersatzteile\/tuetenhalter\/zylinderformiger-maxi-tutenhalter-0935\/","og_site_name":"Neroluce","og_image":[{"width":675,"height":900,"url":"https:\/\/nero-luce.com\/wp-content\/uploads\/2017\/10\/portaconi-0935.jpg","type":"image\/jpeg"}],"twitter_card":"summary_large_image","schema":{"@context":"https:\/\/schema.org","@graph":[{"@type":"WebPage","@id":"https:\/\/nero-luce.com\/de\/prodotti\/zubehor-und-ersatzteile\/tuetenhalter\/zylinderformiger-maxi-tutenhalter-0935\/","url":"https:\/\/nero-luce.com\/de\/prodotti\/zubehor-und-ersatzteile\/tuetenhalter\/zylinderformiger-maxi-tutenhalter-0935\/","name":"Zylinderf\u00f6rmiger Maxi-T\u00fctenhalter - Art. 0935 - Neroluce","isPartOf":{"@id":"https:\/\/nero-luce.com\/it\/#website"},"datePublished":"2017-10-13T15:53:13+00:00","dateModified":"2017-10-13T15:53:13+00:00","breadcrumb":{"@id":"https:\/\/nero-luce.com\/de\/prodotti\/zubehor-und-ersatzteile\/tuetenhalter\/zylinderformiger-maxi-tutenhalter-0935\/#breadcrumb"},"inLanguage":"de-DE","potentialAction":[{"@type":"ReadAction","target":["https:\/\/nero-luce.com\/de\/prodotti\/zubehor-und-ersatzteile\/tuetenhalter\/zylinderformiger-maxi-tutenhalter-0935\/"]}]},{"@type":"BreadcrumbList","@id":"https:\/\/nero-luce.com\/de\/prodotti\/zubehor-und-ersatzteile\/tuetenhalter\/zylinderformiger-maxi-tutenhalter-0935\/#breadcrumb","itemListElement":[{"@type":"ListItem","position":1,"name":"Home","item":"https:\/\/nero-luce.com\/de\/"},{"@type":"ListItem","position":2,"name":"Produkte","item":"https:\/\/nero-luce.com\/de\/produkte\/"},{"@type":"ListItem","position":3,"name":"Zylinderf\u00f6rmiger Maxi-T\u00fctenhalter &#8211; Art. 0935"}]},{"@type":"WebSite","@id":"https:\/\/nero-luce.com\/it\/#website","url":"https:\/\/nero-luce.com\/it\/","name":"Neroluce","description":"Insegne e accessori per gelaterie","potentialAction":[{"@type":"SearchAction","target":{"@type":"EntryPoint","urlTemplate":"https:\/\/nero-luce.com\/it\/?s={search_term_string}"},"query-input":"required name=search_term_string"}],"inLanguage":"de-DE"}]}},"acf":[],"_links":{"self":[{"href":"https:\/\/nero-luce.com\/de\/wp-json\/wp\/v2\/product\/9291"}],"collection":[{"href":"https:\/\/nero-luce.com\/de\/wp-json\/wp\/v2\/product"}],"about":[{"href":"https:\/\/nero-luce.com\/de\/wp-json\/wp\/v2\/types\/product"}],"replies":[{"embeddable":true,"href":"https:\/\/nero-luce.com\/de\/wp-json\/wp\/v2\/comments?post=9291"}],"wp:featuredmedia":[{"embeddable":true,"href":"https:\/\/nero-luce.com\/de\/wp-json\/wp\/v2\/media\/7437"}],"wp:attachment":[{"href":"https:\/\/nero-luce.com\/de\/wp-json\/wp\/v2\/media?parent=9291"}],"wp:term":[{"taxonomy":"product_cat","embeddable":true,"href":"https:\/\/nero-luce.com\/de\/wp-json\/wp\/v2\/product_cat?post=9291"},{"taxonomy":"product_tag","embeddable":true,"href":"https:\/\/nero-luce.com\/de\/wp-json\/wp\/v2\/product_tag?post=9291"}],"curies":[{"name":"wp","href":"https:\/\/api.w.org\/{rel}","templated":true}]}}