{"id":9216,"date":"2017-10-13T15:53:51","date_gmt":"2017-10-13T15:53:51","guid":{"rendered":"https:\/\/nero-luce.com\/prodotto\/tutenhalter-0898-c\/"},"modified":"2017-10-13T15:53:51","modified_gmt":"2017-10-13T15:53:51","slug":"tutenhalter-0898-c","status":"publish","type":"product","link":"https:\/\/nero-luce.com\/de\/prodotti\/zubehor-und-ersatzteile\/tuetenhalter\/tutenhalter-0898-c\/","title":{"rendered":"T\u00fctenhalter &#8211; Art.0898\/C"},"content":{"rendered":"","protected":false},"excerpt":{"rendered":"<p>T\u00fctenhalter aus transparenten Plexiglas mit verstellbarem Deckel.<br \/>\nDieser T\u00fctenhalter ist mit 12 \u00d6ffnungen f\u00fcr Standard-T\u00fcten vorgesehen.<br \/>\nDer Artikel wird mit 1 Mehrzweckbeh\u00e4lter mit 2 F\u00e4chern (f\u00fcr L\u00f6ffel, Waffel, K\u00f6rner, Dekorationen usw.) geliefert.<br \/>\nDie F\u00e4cher sind zur Reinigung leicht entfernbar und k\u00f6nnen auf zwei verschiedenen H\u00f6hen verstellt werden.<\/p>\n<p>Gr\u00f6\u00dfe: 270x210xH.600 mm<\/p>\n","protected":false},"featured_media":6627,"comment_status":"closed","ping_status":"closed","template":"","meta":[],"product_cat":[343],"product_tag":[],"yoast_head":"<!-- This site is optimized with the Yoast SEO plugin v20.2.1 - https:\/\/yoast.com\/wordpress\/plugins\/seo\/ -->\n<title>T\u00fctenhalter - Art.0898\/C - Neroluce<\/title>\n<meta name=\"robots\" content=\"index, follow, max-snippet:-1, max-image-preview:large, max-video-preview:-1\" \/>\n<link rel=\"canonical\" href=\"https:\/\/nero-luce.com\/de\/prodotti\/zubehor-und-ersatzteile\/tuetenhalter\/tutenhalter-0898-c\/\" \/>\n<meta property=\"og:locale\" content=\"de_DE\" \/>\n<meta property=\"og:type\" content=\"article\" \/>\n<meta property=\"og:title\" content=\"T\u00fctenhalter - Art.0898\/C - Neroluce\" \/>\n<meta property=\"og:description\" content=\"T\u00fctenhalter aus transparenten Plexiglas mit verstellbarem Deckel. Dieser T\u00fctenhalter ist mit 12 \u00d6ffnungen f\u00fcr Standard-T\u00fcten vorgesehen. Der Artikel wird mit 1 Mehrzweckbeh\u00e4lter mit 2 F\u00e4chern (f\u00fcr L\u00f6ffel, Waffel, K\u00f6rner, Dekorationen usw.) geliefert. Die F\u00e4cher sind zur Reinigung leicht entfernbar und k\u00f6nnen auf zwei verschiedenen H\u00f6hen verstellt werden.  Gr\u00f6\u00dfe: 270x210xH.600 mm\" \/>\n<meta property=\"og:url\" content=\"https:\/\/nero-luce.com\/de\/prodotti\/zubehor-und-ersatzteile\/tuetenhalter\/tutenhalter-0898-c\/\" \/>\n<meta property=\"og:site_name\" content=\"Neroluce\" \/>\n<meta property=\"og:image\" content=\"https:\/\/nero-luce.com\/wp-content\/uploads\/2017\/10\/portaconi-0898-c.jpg\" \/>\n\t<meta property=\"og:image:width\" content=\"675\" \/>\n\t<meta property=\"og:image:height\" content=\"900\" \/>\n\t<meta property=\"og:image:type\" content=\"image\/jpeg\" \/>\n<meta name=\"twitter:card\" content=\"summary_large_image\" \/>\n<script type=\"application\/ld+json\" class=\"yoast-schema-graph\">{\"@context\":\"https:\/\/schema.org\",\"@graph\":[{\"@type\":\"WebPage\",\"@id\":\"https:\/\/nero-luce.com\/de\/prodotti\/zubehor-und-ersatzteile\/tuetenhalter\/tutenhalter-0898-c\/\",\"url\":\"https:\/\/nero-luce.com\/de\/prodotti\/zubehor-und-ersatzteile\/tuetenhalter\/tutenhalter-0898-c\/\",\"name\":\"T\u00fctenhalter - Art.0898\/C - Neroluce\",\"isPartOf\":{\"@id\":\"https:\/\/nero-luce.com\/it\/#website\"},\"datePublished\":\"2017-10-13T15:53:51+00:00\",\"dateModified\":\"2017-10-13T15:53:51+00:00\",\"breadcrumb\":{\"@id\":\"https:\/\/nero-luce.com\/de\/prodotti\/zubehor-und-ersatzteile\/tuetenhalter\/tutenhalter-0898-c\/#breadcrumb\"},\"inLanguage\":\"de-DE\",\"potentialAction\":[{\"@type\":\"ReadAction\",\"target\":[\"https:\/\/nero-luce.com\/de\/prodotti\/zubehor-und-ersatzteile\/tuetenhalter\/tutenhalter-0898-c\/\"]}]},{\"@type\":\"BreadcrumbList\",\"@id\":\"https:\/\/nero-luce.com\/de\/prodotti\/zubehor-und-ersatzteile\/tuetenhalter\/tutenhalter-0898-c\/#breadcrumb\",\"itemListElement\":[{\"@type\":\"ListItem\",\"position\":1,\"name\":\"Home\",\"item\":\"https:\/\/nero-luce.com\/de\/\"},{\"@type\":\"ListItem\",\"position\":2,\"name\":\"Produkte\",\"item\":\"https:\/\/nero-luce.com\/de\/produkte\/\"},{\"@type\":\"ListItem\",\"position\":3,\"name\":\"T\u00fctenhalter &#8211; Art.0898\/C\"}]},{\"@type\":\"WebSite\",\"@id\":\"https:\/\/nero-luce.com\/it\/#website\",\"url\":\"https:\/\/nero-luce.com\/it\/\",\"name\":\"Neroluce\",\"description\":\"Insegne e accessori per gelaterie\",\"potentialAction\":[{\"@type\":\"SearchAction\",\"target\":{\"@type\":\"EntryPoint\",\"urlTemplate\":\"https:\/\/nero-luce.com\/it\/?s={search_term_string}\"},\"query-input\":\"required name=search_term_string\"}],\"inLanguage\":\"de-DE\"}]}<\/script>\n<!-- \/ Yoast SEO plugin. -->","yoast_head_json":{"title":"T\u00fctenhalter - Art.0898\/C - Neroluce","robots":{"index":"index","follow":"follow","max-snippet":"max-snippet:-1","max-image-preview":"max-image-preview:large","max-video-preview":"max-video-preview:-1"},"canonical":"https:\/\/nero-luce.com\/de\/prodotti\/zubehor-und-ersatzteile\/tuetenhalter\/tutenhalter-0898-c\/","og_locale":"de_DE","og_type":"article","og_title":"T\u00fctenhalter - Art.0898\/C - Neroluce","og_description":"T\u00fctenhalter aus transparenten Plexiglas mit verstellbarem Deckel. Dieser T\u00fctenhalter ist mit 12 \u00d6ffnungen f\u00fcr Standard-T\u00fcten vorgesehen. Der Artikel wird mit 1 Mehrzweckbeh\u00e4lter mit 2 F\u00e4chern (f\u00fcr L\u00f6ffel, Waffel, K\u00f6rner, Dekorationen usw.) geliefert. Die F\u00e4cher sind zur Reinigung leicht entfernbar und k\u00f6nnen auf zwei verschiedenen H\u00f6hen verstellt werden.  Gr\u00f6\u00dfe: 270x210xH.600 mm","og_url":"https:\/\/nero-luce.com\/de\/prodotti\/zubehor-und-ersatzteile\/tuetenhalter\/tutenhalter-0898-c\/","og_site_name":"Neroluce","og_image":[{"width":675,"height":900,"url":"https:\/\/nero-luce.com\/wp-content\/uploads\/2017\/10\/portaconi-0898-c.jpg","type":"image\/jpeg"}],"twitter_card":"summary_large_image","schema":{"@context":"https:\/\/schema.org","@graph":[{"@type":"WebPage","@id":"https:\/\/nero-luce.com\/de\/prodotti\/zubehor-und-ersatzteile\/tuetenhalter\/tutenhalter-0898-c\/","url":"https:\/\/nero-luce.com\/de\/prodotti\/zubehor-und-ersatzteile\/tuetenhalter\/tutenhalter-0898-c\/","name":"T\u00fctenhalter - Art.0898\/C - Neroluce","isPartOf":{"@id":"https:\/\/nero-luce.com\/it\/#website"},"datePublished":"2017-10-13T15:53:51+00:00","dateModified":"2017-10-13T15:53:51+00:00","breadcrumb":{"@id":"https:\/\/nero-luce.com\/de\/prodotti\/zubehor-und-ersatzteile\/tuetenhalter\/tutenhalter-0898-c\/#breadcrumb"},"inLanguage":"de-DE","potentialAction":[{"@type":"ReadAction","target":["https:\/\/nero-luce.com\/de\/prodotti\/zubehor-und-ersatzteile\/tuetenhalter\/tutenhalter-0898-c\/"]}]},{"@type":"BreadcrumbList","@id":"https:\/\/nero-luce.com\/de\/prodotti\/zubehor-und-ersatzteile\/tuetenhalter\/tutenhalter-0898-c\/#breadcrumb","itemListElement":[{"@type":"ListItem","position":1,"name":"Home","item":"https:\/\/nero-luce.com\/de\/"},{"@type":"ListItem","position":2,"name":"Produkte","item":"https:\/\/nero-luce.com\/de\/produkte\/"},{"@type":"ListItem","position":3,"name":"T\u00fctenhalter &#8211; Art.0898\/C"}]},{"@type":"WebSite","@id":"https:\/\/nero-luce.com\/it\/#website","url":"https:\/\/nero-luce.com\/it\/","name":"Neroluce","description":"Insegne e accessori per gelaterie","potentialAction":[{"@type":"SearchAction","target":{"@type":"EntryPoint","urlTemplate":"https:\/\/nero-luce.com\/it\/?s={search_term_string}"},"query-input":"required name=search_term_string"}],"inLanguage":"de-DE"}]}},"acf":[],"_links":{"self":[{"href":"https:\/\/nero-luce.com\/de\/wp-json\/wp\/v2\/product\/9216"}],"collection":[{"href":"https:\/\/nero-luce.com\/de\/wp-json\/wp\/v2\/product"}],"about":[{"href":"https:\/\/nero-luce.com\/de\/wp-json\/wp\/v2\/types\/product"}],"replies":[{"embeddable":true,"href":"https:\/\/nero-luce.com\/de\/wp-json\/wp\/v2\/comments?post=9216"}],"wp:featuredmedia":[{"embeddable":true,"href":"https:\/\/nero-luce.com\/de\/wp-json\/wp\/v2\/media\/6627"}],"wp:attachment":[{"href":"https:\/\/nero-luce.com\/de\/wp-json\/wp\/v2\/media?parent=9216"}],"wp:term":[{"taxonomy":"product_cat","embeddable":true,"href":"https:\/\/nero-luce.com\/de\/wp-json\/wp\/v2\/product_cat?post=9216"},{"taxonomy":"product_tag","embeddable":true,"href":"https:\/\/nero-luce.com\/de\/wp-json\/wp\/v2\/product_tag?post=9216"}],"curies":[{"name":"wp","href":"https:\/\/api.w.org\/{rel}","templated":true}]}}