{"id":11484,"date":"2018-04-05T13:25:08","date_gmt":"2018-04-05T13:25:08","guid":{"rendered":"https:\/\/nero-luce.com\/?post_type=product&#038;p=11484"},"modified":"2018-04-05T13:30:06","modified_gmt":"2018-04-05T13:30:06","slug":"doppelseitiger-mulleimer-aus-pvc-2408-1","status":"publish","type":"product","link":"https:\/\/nero-luce.com\/de\/prodotti\/zubehor-und-ersatzteile\/muelleimer\/doppelseitiger-mulleimer-aus-pvc-2408-1\/","title":{"rendered":"Doppelseitiger M\u00fclleimer aus PVC &#8211; Art. 2408\/1"},"content":{"rendered":"","protected":false},"excerpt":{"rendered":"<p>Dieser Artikel wird ganz aus PVC 10 mm hergestellt: geeignetes Material f\u00fcr au\u00dfen, in der Zeit widerstandsf\u00e4hig und witterungsbest\u00e4ndig.<\/p>\n<p>Gr\u00f6\u00dfe: 795x340xH1380 mm<\/p>\n","protected":false},"featured_media":13765,"comment_status":"closed","ping_status":"closed","template":"","meta":[],"product_cat":[347],"product_tag":[],"yoast_head":"<!-- This site is optimized with the Yoast SEO plugin v20.2.1 - https:\/\/yoast.com\/wordpress\/plugins\/seo\/ -->\n<title>Doppelseitiger M\u00fclleimer aus PVC - Art. 2408\/1 - Neroluce<\/title>\n<meta name=\"robots\" content=\"index, follow, max-snippet:-1, max-image-preview:large, max-video-preview:-1\" \/>\n<link rel=\"canonical\" href=\"https:\/\/nero-luce.com\/de\/prodotti\/zubehor-und-ersatzteile\/muelleimer\/doppelseitiger-mulleimer-aus-pvc-2408-1\/\" \/>\n<meta property=\"og:locale\" content=\"de_DE\" \/>\n<meta property=\"og:type\" content=\"article\" \/>\n<meta property=\"og:title\" content=\"Doppelseitiger M\u00fclleimer aus PVC - Art. 2408\/1 - Neroluce\" \/>\n<meta property=\"og:description\" content=\"Dieser Artikel wird ganz aus PVC 10 mm hergestellt: geeignetes Material f\u00fcr au\u00dfen, in der Zeit widerstandsf\u00e4hig und witterungsbest\u00e4ndig.  Gr\u00f6\u00dfe: 795x340xH1380 mm\" \/>\n<meta property=\"og:url\" content=\"https:\/\/nero-luce.com\/de\/prodotti\/zubehor-und-ersatzteile\/muelleimer\/doppelseitiger-mulleimer-aus-pvc-2408-1\/\" \/>\n<meta property=\"og:site_name\" content=\"Neroluce\" \/>\n<meta property=\"article:modified_time\" content=\"2018-04-05T13:30:06+00:00\" \/>\n<meta property=\"og:image\" content=\"https:\/\/nero-luce.com\/wp-content\/uploads\/2018\/04\/portarifiuti-2408.jpg\" \/>\n\t<meta property=\"og:image:width\" content=\"675\" \/>\n\t<meta property=\"og:image:height\" content=\"900\" \/>\n\t<meta property=\"og:image:type\" content=\"image\/jpeg\" \/>\n<meta name=\"twitter:card\" content=\"summary_large_image\" \/>\n<script type=\"application\/ld+json\" class=\"yoast-schema-graph\">{\"@context\":\"https:\/\/schema.org\",\"@graph\":[{\"@type\":\"WebPage\",\"@id\":\"https:\/\/nero-luce.com\/de\/prodotti\/zubehor-und-ersatzteile\/muelleimer\/doppelseitiger-mulleimer-aus-pvc-2408-1\/\",\"url\":\"https:\/\/nero-luce.com\/de\/prodotti\/zubehor-und-ersatzteile\/muelleimer\/doppelseitiger-mulleimer-aus-pvc-2408-1\/\",\"name\":\"Doppelseitiger M\u00fclleimer aus PVC - Art. 2408\/1 - Neroluce\",\"isPartOf\":{\"@id\":\"https:\/\/nero-luce.com\/it\/#website\"},\"datePublished\":\"2018-04-05T13:25:08+00:00\",\"dateModified\":\"2018-04-05T13:30:06+00:00\",\"breadcrumb\":{\"@id\":\"https:\/\/nero-luce.com\/de\/prodotti\/zubehor-und-ersatzteile\/muelleimer\/doppelseitiger-mulleimer-aus-pvc-2408-1\/#breadcrumb\"},\"inLanguage\":\"de-DE\",\"potentialAction\":[{\"@type\":\"ReadAction\",\"target\":[\"https:\/\/nero-luce.com\/de\/prodotti\/zubehor-und-ersatzteile\/muelleimer\/doppelseitiger-mulleimer-aus-pvc-2408-1\/\"]}]},{\"@type\":\"BreadcrumbList\",\"@id\":\"https:\/\/nero-luce.com\/de\/prodotti\/zubehor-und-ersatzteile\/muelleimer\/doppelseitiger-mulleimer-aus-pvc-2408-1\/#breadcrumb\",\"itemListElement\":[{\"@type\":\"ListItem\",\"position\":1,\"name\":\"Home\",\"item\":\"https:\/\/nero-luce.com\/de\/\"},{\"@type\":\"ListItem\",\"position\":2,\"name\":\"Produkte\",\"item\":\"https:\/\/nero-luce.com\/de\/produkte\/\"},{\"@type\":\"ListItem\",\"position\":3,\"name\":\"Doppelseitiger M\u00fclleimer aus PVC &#8211; Art. 2408\/1\"}]},{\"@type\":\"WebSite\",\"@id\":\"https:\/\/nero-luce.com\/it\/#website\",\"url\":\"https:\/\/nero-luce.com\/it\/\",\"name\":\"Neroluce\",\"description\":\"Insegne e accessori per gelaterie\",\"potentialAction\":[{\"@type\":\"SearchAction\",\"target\":{\"@type\":\"EntryPoint\",\"urlTemplate\":\"https:\/\/nero-luce.com\/it\/?s={search_term_string}\"},\"query-input\":\"required name=search_term_string\"}],\"inLanguage\":\"de-DE\"}]}<\/script>\n<!-- \/ Yoast SEO plugin. -->","yoast_head_json":{"title":"Doppelseitiger M\u00fclleimer aus PVC - Art. 2408\/1 - Neroluce","robots":{"index":"index","follow":"follow","max-snippet":"max-snippet:-1","max-image-preview":"max-image-preview:large","max-video-preview":"max-video-preview:-1"},"canonical":"https:\/\/nero-luce.com\/de\/prodotti\/zubehor-und-ersatzteile\/muelleimer\/doppelseitiger-mulleimer-aus-pvc-2408-1\/","og_locale":"de_DE","og_type":"article","og_title":"Doppelseitiger M\u00fclleimer aus PVC - Art. 2408\/1 - Neroluce","og_description":"Dieser Artikel wird ganz aus PVC 10 mm hergestellt: geeignetes Material f\u00fcr au\u00dfen, in der Zeit widerstandsf\u00e4hig und witterungsbest\u00e4ndig.  Gr\u00f6\u00dfe: 795x340xH1380 mm","og_url":"https:\/\/nero-luce.com\/de\/prodotti\/zubehor-und-ersatzteile\/muelleimer\/doppelseitiger-mulleimer-aus-pvc-2408-1\/","og_site_name":"Neroluce","article_modified_time":"2018-04-05T13:30:06+00:00","og_image":[{"width":675,"height":900,"url":"https:\/\/nero-luce.com\/wp-content\/uploads\/2018\/04\/portarifiuti-2408.jpg","type":"image\/jpeg"}],"twitter_card":"summary_large_image","schema":{"@context":"https:\/\/schema.org","@graph":[{"@type":"WebPage","@id":"https:\/\/nero-luce.com\/de\/prodotti\/zubehor-und-ersatzteile\/muelleimer\/doppelseitiger-mulleimer-aus-pvc-2408-1\/","url":"https:\/\/nero-luce.com\/de\/prodotti\/zubehor-und-ersatzteile\/muelleimer\/doppelseitiger-mulleimer-aus-pvc-2408-1\/","name":"Doppelseitiger M\u00fclleimer aus PVC - Art. 2408\/1 - Neroluce","isPartOf":{"@id":"https:\/\/nero-luce.com\/it\/#website"},"datePublished":"2018-04-05T13:25:08+00:00","dateModified":"2018-04-05T13:30:06+00:00","breadcrumb":{"@id":"https:\/\/nero-luce.com\/de\/prodotti\/zubehor-und-ersatzteile\/muelleimer\/doppelseitiger-mulleimer-aus-pvc-2408-1\/#breadcrumb"},"inLanguage":"de-DE","potentialAction":[{"@type":"ReadAction","target":["https:\/\/nero-luce.com\/de\/prodotti\/zubehor-und-ersatzteile\/muelleimer\/doppelseitiger-mulleimer-aus-pvc-2408-1\/"]}]},{"@type":"BreadcrumbList","@id":"https:\/\/nero-luce.com\/de\/prodotti\/zubehor-und-ersatzteile\/muelleimer\/doppelseitiger-mulleimer-aus-pvc-2408-1\/#breadcrumb","itemListElement":[{"@type":"ListItem","position":1,"name":"Home","item":"https:\/\/nero-luce.com\/de\/"},{"@type":"ListItem","position":2,"name":"Produkte","item":"https:\/\/nero-luce.com\/de\/produkte\/"},{"@type":"ListItem","position":3,"name":"Doppelseitiger M\u00fclleimer aus PVC &#8211; Art. 2408\/1"}]},{"@type":"WebSite","@id":"https:\/\/nero-luce.com\/it\/#website","url":"https:\/\/nero-luce.com\/it\/","name":"Neroluce","description":"Insegne e accessori per gelaterie","potentialAction":[{"@type":"SearchAction","target":{"@type":"EntryPoint","urlTemplate":"https:\/\/nero-luce.com\/it\/?s={search_term_string}"},"query-input":"required name=search_term_string"}],"inLanguage":"de-DE"}]}},"acf":[],"_links":{"self":[{"href":"https:\/\/nero-luce.com\/de\/wp-json\/wp\/v2\/product\/11484"}],"collection":[{"href":"https:\/\/nero-luce.com\/de\/wp-json\/wp\/v2\/product"}],"about":[{"href":"https:\/\/nero-luce.com\/de\/wp-json\/wp\/v2\/types\/product"}],"replies":[{"embeddable":true,"href":"https:\/\/nero-luce.com\/de\/wp-json\/wp\/v2\/comments?post=11484"}],"wp:featuredmedia":[{"embeddable":true,"href":"https:\/\/nero-luce.com\/de\/wp-json\/wp\/v2\/media\/13765"}],"wp:attachment":[{"href":"https:\/\/nero-luce.com\/de\/wp-json\/wp\/v2\/media?parent=11484"}],"wp:term":[{"taxonomy":"product_cat","embeddable":true,"href":"https:\/\/nero-luce.com\/de\/wp-json\/wp\/v2\/product_cat?post=11484"},{"taxonomy":"product_tag","embeddable":true,"href":"https:\/\/nero-luce.com\/de\/wp-json\/wp\/v2\/product_tag?post=11484"}],"curies":[{"name":"wp","href":"https:\/\/api.w.org\/{rel}","templated":true}]}}