{"id":10320,"date":"2016-07-20T07:25:52","date_gmt":"2016-07-20T07:25:52","guid":{"rendered":"https:\/\/nero-luce.com\/chi-siamo\/"},"modified":"2017-11-30T12:13:17","modified_gmt":"2017-11-30T12:13:17","slug":"ueber-uns","status":"publish","type":"page","link":"https:\/\/nero-luce.com\/de\/ueber-uns\/","title":{"rendered":"\u00dcber uns"},"content":{"rendered":"<div class=\"wpb-content-wrapper\"><p>[vc_row content_text_aligment=&#8220;&#8220; use_row_as_full_screen_section=&#8220;no&#8220; css=&#8220;.vc_custom_1473951090424{padding-top: 3px !important;}&#8220;][vc_column]<div class=\"edgtf-separator-holder clearfix  edgtf-separator-full-width edgtf-separator-center\">\n\t<div class=\"edgtf-separator-outer\" style=\"margin-top: 0px\">\n\t\t\t\t\t<div class=\"edgtf-separator\" style=\"border-color: #efefef;border-style: solid;border-bottom-width: 1px\"><\/div>\n\t\t\t<\/div>\n<\/div>[\/vc_column][\/vc_row][vc_row row_content_width=&#8220;grid&#8220; content_text_aligment=&#8220;&#8220; use_row_as_full_screen_section=&#8220;no&#8220; css=&#8220;.vc_custom_1473951936995{padding-top: 20px !important;padding-bottom: 17px !important;}&#8220;][vc_column offset=&#8220;vc_col-lg-6 vc_col-md-6&#8243;][vc_column_text el_class=&#8220;titolo&#8220;]<\/p>\n<h1>Insegne e accessori per gelaterie:<br \/>\npassione per la qualit\u00e0<\/h1>\n<p>[\/vc_column_text][vc_empty_space height=&#8220;28px&#8220;][vc_column_text]<\/p>\n<h2 class=\"testo-normale\">Ideiamo, progettiamo e realizziamo da pi\u00f9 di dieci anni insegne ed accessori per gelaterie.<\/h2>\n<p>Grazie alla continua ricerca nei materiali e nelle lavorazioni, offriamo ai nostri clienti soluzioni innovative e personalizzate, destinate a durare nel tempo.<\/p>\n<ul>\n<li>soluzioni personalizzate per qualsiasi esigenza<\/li>\n<li>ricerca continua nei materiali e nelle lavorazioni<\/li>\n<li>innovazione, funzionalit\u00e0 e durata per prodotti di qualit\u00e0<\/li>\n<\/ul>\n<p>[\/vc_column_text][vc_empty_space height=&#8220;20px&#8220;][vc_column_text]<\/p>\n<h4 style=\"font-size: 22px;\">Passione per la qualit\u00e0 per prodotti di qualit\u00e0<\/h4>\n<p>Ideiamo, progettiamo e realizziamo da pi\u00f9 di dieci anni insegne, espositori luminosi ed accessori per gelaterie, collaborando con i nostri clienti per venire incontro alle loro esigenze.<br \/>\nGrazie alla continua ricerca nei materiali e nelle lavorazioni, possiamo offrire soluzioni innovative e personalizzate, destinate a durare nel tempo.<br \/>\nPer noi infatti un <strong>cliente soddisfatto<\/strong> \u00e8 la maggior gratificazione possibile.<br \/>\nPer questo offriamo ai nostri clienti solo <strong>prodotti di qualit\u00e0<\/strong>: pratici, sicuri, igienici, durevoli e soprattutto belli.<br \/>\nLa nostra riconosciuta capacit\u00e0 di progettare <strong>soluzioni personalizzate<\/strong>, unendo sempre funzionalit\u00e0 ed estetica, ci rende sicuri di poter accontentare qualsiasi richiesta dei nostri clienti. <strong>Spesso dalle nostre idee sono nati prodotti che prima non esistevano<\/strong>.<br \/>\nMateriali innovativi, creativit\u00e0 nel design, estetica originale e soluzioni tecniche semplici ma ingegnose, insieme alla nostra professionalit\u00e0 e seriet\u00e0 nel lavoro e nei rapporti con i clienti, hanno fatto emergere Neroluce come una <strong>realt\u00e0 di primo piano in Italia e all\u2019estero<\/strong>.<br \/>\nMa i risultati raggiunti non ci accontentano: siamo sempre alla ricerca di nuovi modi di soddisfare i nostri clienti e, perch\u00e9 no, anche di stupirli.[\/vc_column_text][vc_empty_space height=&#8220;50&#8243;][\/vc_column][vc_column offset=&#8220;vc_col-lg-6 vc_col-md-6&#8243;][vc_empty_space height=&#8220;40&#8243;][vc_single_image image=&#8220;10830&#8243; img_size=&#8220;full&#8220;][vc_empty_space height=&#8220;10&#8243;][vc_single_image image=&#8220;10834&#8243; img_size=&#8220;full&#8220;][vc_empty_space height=&#8220;10&#8243;][vc_single_image image=&#8220;10826&#8243; img_size=&#8220;full&#8220;][vc_empty_space height=&#8220;50&#8243;][\/vc_column][\/vc_row]<\/p>\n<\/div>","protected":false},"excerpt":{"rendered":"<p>[vc_row content_text_aligment=&#8220;&#8220; use_row_as_full_screen_section=&#8220;no&#8220; css=&#8220;.vc_custom_1473951090424{padding-top: 3px !important;}&#8220;][vc_column][\/vc_column][\/vc_row][vc_row row_content_width=&#8220;grid&#8220; content_text_aligment=&#8220;&#8220; use_row_as_full_screen_section=&#8220;no&#8220; css=&#8220;.vc_custom_1473951936995{padding-top: 20px !important;padding-bottom: 17px !important;}&#8220;][vc_column offset=&#8220;vc_col-lg-6 vc_col-md-6&#8243;][vc_column_text el_class=&#8220;titolo&#8220;] Insegne e accessori per gelaterie: passione per la qualit\u00e0 [\/vc_column_text][vc_empty_space height=&#8220;28px&#8220;][vc_column_text] Ideiamo, progettiamo e realizziamo da pi\u00f9 di dieci anni insegne ed accessori per gelaterie. Grazie alla continua [&hellip;]<\/p>\n","protected":false},"author":1,"featured_media":0,"parent":0,"menu_order":1,"comment_status":"closed","ping_status":"closed","template":"full-width.php","meta":[],"yoast_head":"<!-- This site is optimized with the Yoast SEO plugin v20.2.1 - https:\/\/yoast.com\/wordpress\/plugins\/seo\/ -->\n<title>Accessori per gelaterie - NeroLuce Treviso<\/title>\n<meta name=\"description\" content=\"Siamo un\u2019azienda specializzata nella produzione artigianale e di qualit\u00e0 di accessori per gelaterie: insegne luminose e non, accessori, espositori, listini.\" \/>\n<meta name=\"robots\" content=\"index, follow, max-snippet:-1, max-image-preview:large, max-video-preview:-1\" \/>\n<link rel=\"canonical\" href=\"https:\/\/nero-luce.com\/de\/ueber-uns\/\" \/>\n<meta property=\"og:locale\" content=\"de_DE\" \/>\n<meta property=\"og:type\" content=\"article\" \/>\n<meta property=\"og:title\" content=\"Accessori per gelaterie - NeroLuce Treviso\" \/>\n<meta property=\"og:description\" content=\"Siamo un\u2019azienda specializzata nella produzione artigianale e di qualit\u00e0 di accessori per gelaterie: insegne luminose e non, accessori, espositori, listini.\" \/>\n<meta property=\"og:url\" content=\"https:\/\/nero-luce.com\/de\/ueber-uns\/\" \/>\n<meta property=\"og:site_name\" content=\"Neroluce\" \/>\n<meta property=\"article:modified_time\" content=\"2017-11-30T12:13:17+00:00\" \/>\n<meta name=\"twitter:card\" content=\"summary_large_image\" \/>\n<meta name=\"twitter:label1\" content=\"Gesch\u00e4tzte Lesezeit\" \/>\n\t<meta name=\"twitter:data1\" content=\"2 Minuten\" \/>\n<script type=\"application\/ld+json\" class=\"yoast-schema-graph\">{\"@context\":\"https:\/\/schema.org\",\"@graph\":[{\"@type\":\"WebPage\",\"@id\":\"https:\/\/nero-luce.com\/de\/ueber-uns\/\",\"url\":\"https:\/\/nero-luce.com\/de\/ueber-uns\/\",\"name\":\"Accessori per gelaterie - NeroLuce Treviso\",\"isPartOf\":{\"@id\":\"https:\/\/nero-luce.com\/it\/#website\"},\"datePublished\":\"2016-07-20T07:25:52+00:00\",\"dateModified\":\"2017-11-30T12:13:17+00:00\",\"description\":\"Siamo un\u2019azienda specializzata nella produzione artigianale e di qualit\u00e0 di accessori per gelaterie: insegne luminose e non, accessori, espositori, listini.\",\"breadcrumb\":{\"@id\":\"https:\/\/nero-luce.com\/de\/ueber-uns\/#breadcrumb\"},\"inLanguage\":\"de-DE\",\"potentialAction\":[{\"@type\":\"ReadAction\",\"target\":[\"https:\/\/nero-luce.com\/de\/ueber-uns\/\"]}]},{\"@type\":\"BreadcrumbList\",\"@id\":\"https:\/\/nero-luce.com\/de\/ueber-uns\/#breadcrumb\",\"itemListElement\":[{\"@type\":\"ListItem\",\"position\":1,\"name\":\"Home\",\"item\":\"https:\/\/nero-luce.com\/de\/\"},{\"@type\":\"ListItem\",\"position\":2,\"name\":\"\u00dcber uns\"}]},{\"@type\":\"WebSite\",\"@id\":\"https:\/\/nero-luce.com\/it\/#website\",\"url\":\"https:\/\/nero-luce.com\/it\/\",\"name\":\"Neroluce\",\"description\":\"Insegne e accessori per gelaterie\",\"potentialAction\":[{\"@type\":\"SearchAction\",\"target\":{\"@type\":\"EntryPoint\",\"urlTemplate\":\"https:\/\/nero-luce.com\/it\/?s={search_term_string}\"},\"query-input\":\"required name=search_term_string\"}],\"inLanguage\":\"de-DE\"}]}<\/script>\n<!-- \/ Yoast SEO plugin. -->","yoast_head_json":{"title":"Accessori per gelaterie - NeroLuce Treviso","description":"Siamo un\u2019azienda specializzata nella produzione artigianale e di qualit\u00e0 di accessori per gelaterie: insegne luminose e non, accessori, espositori, listini.","robots":{"index":"index","follow":"follow","max-snippet":"max-snippet:-1","max-image-preview":"max-image-preview:large","max-video-preview":"max-video-preview:-1"},"canonical":"https:\/\/nero-luce.com\/de\/ueber-uns\/","og_locale":"de_DE","og_type":"article","og_title":"Accessori per gelaterie - NeroLuce Treviso","og_description":"Siamo un\u2019azienda specializzata nella produzione artigianale e di qualit\u00e0 di accessori per gelaterie: insegne luminose e non, accessori, espositori, listini.","og_url":"https:\/\/nero-luce.com\/de\/ueber-uns\/","og_site_name":"Neroluce","article_modified_time":"2017-11-30T12:13:17+00:00","twitter_card":"summary_large_image","twitter_misc":{"Gesch\u00e4tzte Lesezeit":"2 Minuten"},"schema":{"@context":"https:\/\/schema.org","@graph":[{"@type":"WebPage","@id":"https:\/\/nero-luce.com\/de\/ueber-uns\/","url":"https:\/\/nero-luce.com\/de\/ueber-uns\/","name":"Accessori per gelaterie - NeroLuce Treviso","isPartOf":{"@id":"https:\/\/nero-luce.com\/it\/#website"},"datePublished":"2016-07-20T07:25:52+00:00","dateModified":"2017-11-30T12:13:17+00:00","description":"Siamo un\u2019azienda specializzata nella produzione artigianale e di qualit\u00e0 di accessori per gelaterie: insegne luminose e non, accessori, espositori, listini.","breadcrumb":{"@id":"https:\/\/nero-luce.com\/de\/ueber-uns\/#breadcrumb"},"inLanguage":"de-DE","potentialAction":[{"@type":"ReadAction","target":["https:\/\/nero-luce.com\/de\/ueber-uns\/"]}]},{"@type":"BreadcrumbList","@id":"https:\/\/nero-luce.com\/de\/ueber-uns\/#breadcrumb","itemListElement":[{"@type":"ListItem","position":1,"name":"Home","item":"https:\/\/nero-luce.com\/de\/"},{"@type":"ListItem","position":2,"name":"\u00dcber uns"}]},{"@type":"WebSite","@id":"https:\/\/nero-luce.com\/it\/#website","url":"https:\/\/nero-luce.com\/it\/","name":"Neroluce","description":"Insegne e accessori per gelaterie","potentialAction":[{"@type":"SearchAction","target":{"@type":"EntryPoint","urlTemplate":"https:\/\/nero-luce.com\/it\/?s={search_term_string}"},"query-input":"required name=search_term_string"}],"inLanguage":"de-DE"}]}},"acf":[],"_links":{"self":[{"href":"https:\/\/nero-luce.com\/de\/wp-json\/wp\/v2\/pages\/10320"}],"collection":[{"href":"https:\/\/nero-luce.com\/de\/wp-json\/wp\/v2\/pages"}],"about":[{"href":"https:\/\/nero-luce.com\/de\/wp-json\/wp\/v2\/types\/page"}],"author":[{"embeddable":true,"href":"https:\/\/nero-luce.com\/de\/wp-json\/wp\/v2\/users\/1"}],"replies":[{"embeddable":true,"href":"https:\/\/nero-luce.com\/de\/wp-json\/wp\/v2\/comments?post=10320"}],"version-history":[{"count":2,"href":"https:\/\/nero-luce.com\/de\/wp-json\/wp\/v2\/pages\/10320\/revisions"}],"predecessor-version":[{"id":10849,"href":"https:\/\/nero-luce.com\/de\/wp-json\/wp\/v2\/pages\/10320\/revisions\/10849"}],"wp:attachment":[{"href":"https:\/\/nero-luce.com\/de\/wp-json\/wp\/v2\/media?parent=10320"}],"curies":[{"name":"wp","href":"https:\/\/api.w.org\/{rel}","templated":true}]}}